{"id":1136,"date":"2019-05-20T09:28:29","date_gmt":"2019-05-20T09:28:29","guid":{"rendered":"http:\/\/sites.ipleiria.pt\/pge\/?page_id=1136"},"modified":"2024-04-07T10:54:25","modified_gmt":"2024-04-07T10:54:25","slug":"ensino-superior","status":"publish","type":"page","link":"https:\/\/sites.ipleiria.pt\/gdip\/ensino-superior\/","title":{"rendered":"Corpus de Portugu\u00eas Acad\u00e9mico (CPA)"},"content":{"rendered":"\n<p>O Corpus de Portugu\u00eas Acad\u00e9mico (CPA) tem como objetivo facultar materiais para investiga\u00e7\u00e3o sobre a comunica\u00e7\u00e3o formal em l\u00edngua portuguesa, feita em contexto acad\u00e9mico. O corpus, recolhido a partir de 2011, \u00e9 constitu\u00eddo atualmente por textos produzidos por estudantes de 1.\u00ba ciclo nas \u00e1reas de Engenharia e Humanidades, em Portugal e em Mo\u00e7ambique. Engloba os seguintes g\u00e9neros:<\/p>\n\n\n\n<ul class=\"wp-block-list\">\n<li>Artigo de divulga\u00e7\u00e3o <\/li>\n\n\n\n<li>Artigo t\u00e9cnico<\/li>\n\n\n\n<li>Carta<\/li>\n\n\n\n<li>Ensaio <\/li>\n\n\n\n<li>Descri\u00e7\u00e3o <\/li>\n\n\n\n<li>Manual de instru\u00e7\u00f5es (excerto)  <\/li>\n\n\n\n<li>Relat\u00f3rio (excerto)  <\/li>\n\n\n\n<li>Sum\u00e1rio \/ Abstract <\/li>\n\n\n\n<li>Resposta de desenvolvimento<\/li>\n<\/ul>\n\n\n\n<p>O corpus permite pesquisas a partir de uma diversidade de categorias, como: \u00e1rea, disciplina, curso, g\u00e9nero de texto, perfil do falante, nacionalidade e pa\u00eds.<\/p>\n\n\n\n<p>O CPA encontra-se alojado no s\u00edtio em linha do CELGA-ILTEC, em regime de acesso livre. Os materiais enquadram-se no \u00e2mbito do projeto \u2013 Texto, g\u00e9neros e conhecimento \u2013 para o mapeamento dos usos disciplinares da l\u00edngua nos diferentes n\u00edveis de ensino. Trata-se de projeto do <strong><a href=\"https:\/\/sites.ipleiria.pt\/pge\/apresentacao\/equipa\/\">grupo de trabalho Discurso e Pr\u00e1ticas Discursivas Acad\u00e9micas<\/a><\/strong>, coordenado atualmente por Paulo Nunes da Silva.   <\/p>\n\n\n\n<div class=\"wp-block-buttons is-layout-flex wp-block-buttons-is-layout-flex\">\n<div class=\"wp-block-button\"><a class=\"wp-block-button__link wp-element-button\" href=\"http:\/\/teitok2.iltec.pt\/cpa\/\" target=\"_blank\" rel=\"noreferrer noopener\">Para consultar o CPA, clique aqui.<\/a><\/div>\n<\/div>\n\n\n\n<p><\/p>\n\n\n\n<figure class=\"wp-block-image size-large\"><img loading=\"lazy\" decoding=\"async\" width=\"1024\" height=\"77\" src=\"http:\/\/sites.ipleiria.pt\/pge\/files\/2020\/04\/barra-logotipos_27abril2020-1024x77.png\" alt=\"\" class=\"wp-image-1430\" srcset=\"https:\/\/sites.ipleiria.pt\/gdip\/files\/2020\/04\/barra-logotipos_27abril2020-1024x77.png 1024w, https:\/\/sites.ipleiria.pt\/gdip\/files\/2020\/04\/barra-logotipos_27abril2020-300x23.png 300w, https:\/\/sites.ipleiria.pt\/gdip\/files\/2020\/04\/barra-logotipos_27abril2020-768x58.png 768w, https:\/\/sites.ipleiria.pt\/gdip\/files\/2020\/04\/barra-logotipos_27abril2020-624x47.png 624w, https:\/\/sites.ipleiria.pt\/gdip\/files\/2020\/04\/barra-logotipos_27abril2020.png 1085w\" sizes=\"auto, (max-width: 1024px) 100vw, 1024px\" \/><\/figure>\n\n\n\n<p><strong>Centro de Estudos de Lingu\u00edstica Geral e Aplicada (CELGA-ILTEC) da Universidade de Coimbra | desde 2018 |\u00a0<\/strong><a href=\"https:\/\/sites.ipleiria.pt\/pge\/apresentacao\/contactos\/\">contactos<\/a><\/p>\n","protected":false},"excerpt":{"rendered":"<p>O Corpus de Portugu\u00eas Acad\u00e9mico (CPA) tem como objetivo facultar materiais para investiga\u00e7\u00e3o sobre a comunica\u00e7\u00e3o formal em l\u00edngua portuguesa, feita em contexto acad\u00e9mico. O corpus, recolhido a partir de 2011, \u00e9 constitu\u00eddo atualmente por textos produzidos por estudantes de 1.\u00ba ciclo nas \u00e1reas de Engenharia e Humanidades, em Portugal e em Mo\u00e7ambique. Engloba os [&hellip;]<\/p>\n","protected":false},"author":3483,"featured_media":0,"parent":0,"menu_order":0,"comment_status":"closed","ping_status":"closed","template":"","meta":{"footnotes":""},"class_list":["post-1136","page","type-page","status-publish","hentry"],"_links":{"self":[{"href":"https:\/\/sites.ipleiria.pt\/gdip\/wp-json\/wp\/v2\/pages\/1136","targetHints":{"allow":["GET"]}}],"collection":[{"href":"https:\/\/sites.ipleiria.pt\/gdip\/wp-json\/wp\/v2\/pages"}],"about":[{"href":"https:\/\/sites.ipleiria.pt\/gdip\/wp-json\/wp\/v2\/types\/page"}],"author":[{"embeddable":true,"href":"https:\/\/sites.ipleiria.pt\/gdip\/wp-json\/wp\/v2\/users\/3483"}],"replies":[{"embeddable":true,"href":"https:\/\/sites.ipleiria.pt\/gdip\/wp-json\/wp\/v2\/comments?post=1136"}],"version-history":[{"count":46,"href":"https:\/\/sites.ipleiria.pt\/gdip\/wp-json\/wp\/v2\/pages\/1136\/revisions"}],"predecessor-version":[{"id":2277,"href":"https:\/\/sites.ipleiria.pt\/gdip\/wp-json\/wp\/v2\/pages\/1136\/revisions\/2277"}],"wp:attachment":[{"href":"https:\/\/sites.ipleiria.pt\/gdip\/wp-json\/wp\/v2\/media?parent=1136"}],"curies":[{"name":"wp","href":"https:\/\/api.w.org\/{rel}","templated":true}]}}