{"id":132,"date":"2017-10-02T16:10:48","date_gmt":"2017-10-02T16:10:48","guid":{"rendered":"http:\/\/sites.ipleiria.pt\/pge\/?page_id=132"},"modified":"2024-07-01T17:42:08","modified_gmt":"2024-07-01T17:42:08","slug":"ligacoes","status":"publish","type":"page","link":"https:\/\/sites.ipleiria.pt\/gdip\/ligacoes\/","title":{"rendered":"Liga\u00e7\u00f5es"},"content":{"rendered":"<p>Um acervo selecionado de v\u00eddeos<strong> sobre pedagogia de g\u00e9nero<\/strong> podem ser encontrados <a href=\"https:\/\/sites.ipleiria.pt\/pge\/2196-2\/\">aqui<\/a>.<\/p>\n<p>Abaixo encontram-se liga\u00e7\u00f5es para iniciativas nacionais e internacionais dedicadas ao estudo dos usos escolares e acad\u00e9micos da l\u00edngua:<\/p>\n<p><strong>Reading to Learn<\/strong> &#8211; Programa integrado de leitura e escrita de g\u00e9neros escolares e acad\u00e9micos, fundamentado nos pressupostos te\u00f3ricos e pedag\u00f3gicos da Escola de Sydney. Designa\u00e7\u00e3o portuguesa:\u00a0<em>Ler para Aprender<\/em>. <span style=\"color: #ff0000\"><a style=\"color: #ff0000\" href=\"https:\/\/www.readingtolearn.com.au\/\" target=\"_blank\" rel=\"noopener noreferrer\">Site oficial<\/a><\/span>.<\/p>\n<p><strong>TeL4ELE<\/strong>\u00a0&#8211; Projeto Comenius, decorrido entre 2011 e 2013, vocacionado para a forma\u00e7\u00e3o de formadores e de professores em Pedagogia de G\u00e9nero e, em particular, no programa\u00a0<em>Reading to Learn. <\/em>Participantes: Portugal, Su\u00e9cia, Dinamarca, Esc\u00f3cia, Espanha, Austr\u00e1lia.<\/p>\n<ul>\n<li><span style=\"color: #ff0000\"><a style=\"color: #ff0000\" href=\"http:\/\/www.eli-net.eu\/good-practice\/examples-of-good-practice\/detail\/project\/teacher-learning-for-european-literacy-education-tel4ele\" target=\"_blank\" rel=\"noopener noreferrer\">Site oficial<\/a><\/span> (em ingl\u00eas)<\/li>\n<li><a href=\"http:\/\/sites.ipleiria.pt\/tel4ele\/\" target=\"_blank\" rel=\"noopener noreferrer\"><span style=\"color: #ff0000\">Site portugu\u00eas<\/span><\/a><\/li>\n<li><a href=\"https:\/\/vimeo.com\/85714210\" target=\"_blank\" rel=\"noopener noreferrer\"><span style=\"color: #ff0000\">V\u00eddeo de apresenta\u00e7\u00e3o<\/span> <\/a>(em ingl\u00eas)<\/li>\n<li><a href=\"https:\/\/webinars.dge.mec.pt\/webinar\/projeto-tel4ele\" target=\"_blank\" rel=\"noopener noreferrer\"><span style=\"color: #ff0000\">V\u00eddeo de apresenta\u00e7\u00e3o<\/span> <\/a>(em portugu\u00eas)<\/li>\n<li><a href=\"http:\/\/sites.ipleiria.pt\/pge\/files\/2024\/03\/TeL4ELE_Outputs_Portugal.pdf\">Relat\u00f3rio final sobre Portugal<\/a> (em ingl\u00eas)<\/li>\n<\/ul>\n<p><strong>Reading for Life<\/strong>\u00a0&#8211; Organiza\u00e7\u00e3o sem fins lucrativos, sediada na Su\u00e9cia, informada pela Pedagogia de G\u00e9nero. Promove a justi\u00e7a e a igualdade\u00a0em contextos educativos e na sociedade em geral. <span style=\"color: #ff0000\"><a style=\"color: #ff0000\" href=\"http:\/\/reading4life.org\/home\" target=\"_blank\" rel=\"noopener noreferrer\">Site oficial<\/a><\/span>.<\/p>\n<p><strong>Educational Semiotics<\/strong>\u00a0&#8211; Blogue para investigadores e professores que aplicam a Lingu\u00edstica Sist\u00e9mico-Funcional em contextos educativos. Inclui materiais e textos formativos. <a href=\"https:\/\/educationalsemiotics.wordpress.com\/\" target=\"_blank\" rel=\"noopener noreferrer\"><span style=\"color: #ff0000\">Ver mais<\/span><\/a>.<\/p>\n<p><strong>Legitimation Code Theory<\/strong> &#8211; Teoria de base sociol\u00f3gica que analisa os princ\u00edpios subjacentes \u00e0 constru\u00e7\u00e3o do conhecimento. \u00c9 aplicada frequentemente em articula\u00e7\u00e3o com a Lingu\u00edstica Sist\u00e9mico-Funcional para dar conta da transmiss\u00e3o de conhecimento em contexto escolar. Designa\u00e7\u00e3o portuguesa:\u00a0Teoria dos c\u00f3digos de legitima\u00e7\u00e3o. <a href=\"http:\/\/legitimationcodetheory.com\/\" target=\"_blank\" rel=\"noopener noreferrer\"><span style=\"color: #ff0000\">Site oficial<\/span><\/a>.<\/p>\n<hr \/>\n<p><img decoding=\"async\" src=\"https:\/\/sites.ipleiria.pt\/emda\/files\/2021\/07\/logotipos.001-1-e1625577648547.jpeg\" alt=\"Esta imagem tem um texto alternativo em branco, o nome da imagem \u00e9 logotipos.001-1-e1625577648547.jpeg\" \/><\/p>\n\n\n<h6 class=\"wp-block-heading\">Centro de Estudos de Lingu\u00edstica Geral e Aplicada (CELGA-ILTEC) da Universidade de Coimbra | desde 2018 | <a href=\"https:\/\/sites.ipleiria.pt\/pge\/apresentacao\/contactos\/\">contactos<\/a><\/h6>\n","protected":false},"excerpt":{"rendered":"<p>Um acervo selecionado de v\u00eddeos sobre pedagogia de g\u00e9nero podem ser encontrados aqui. Abaixo encontram-se liga\u00e7\u00f5es para iniciativas nacionais e internacionais dedicadas ao estudo dos usos escolares e acad\u00e9micos da l\u00edngua: Reading to Learn &#8211; Programa integrado de leitura e escrita de g\u00e9neros escolares e acad\u00e9micos, fundamentado nos pressupostos te\u00f3ricos e pedag\u00f3gicos da Escola de [&hellip;]<\/p>\n","protected":false},"author":3099,"featured_media":0,"parent":0,"menu_order":0,"comment_status":"closed","ping_status":"closed","template":"","meta":{"footnotes":""},"class_list":["post-132","page","type-page","status-publish","hentry"],"_links":{"self":[{"href":"https:\/\/sites.ipleiria.pt\/gdip\/wp-json\/wp\/v2\/pages\/132","targetHints":{"allow":["GET"]}}],"collection":[{"href":"https:\/\/sites.ipleiria.pt\/gdip\/wp-json\/wp\/v2\/pages"}],"about":[{"href":"https:\/\/sites.ipleiria.pt\/gdip\/wp-json\/wp\/v2\/types\/page"}],"author":[{"embeddable":true,"href":"https:\/\/sites.ipleiria.pt\/gdip\/wp-json\/wp\/v2\/users\/3099"}],"replies":[{"embeddable":true,"href":"https:\/\/sites.ipleiria.pt\/gdip\/wp-json\/wp\/v2\/comments?post=132"}],"version-history":[{"count":26,"href":"https:\/\/sites.ipleiria.pt\/gdip\/wp-json\/wp\/v2\/pages\/132\/revisions"}],"predecessor-version":[{"id":2324,"href":"https:\/\/sites.ipleiria.pt\/gdip\/wp-json\/wp\/v2\/pages\/132\/revisions\/2324"}],"wp:attachment":[{"href":"https:\/\/sites.ipleiria.pt\/gdip\/wp-json\/wp\/v2\/media?parent=132"}],"curies":[{"name":"wp","href":"https:\/\/api.w.org\/{rel}","templated":true}]}}