{"id":1570,"date":"2021-03-03T10:03:22","date_gmt":"2021-03-03T10:03:22","guid":{"rendered":"http:\/\/sites.ipleiria.pt\/pge\/?page_id=1570"},"modified":"2024-07-01T17:45:33","modified_gmt":"2024-07-01T17:45:33","slug":"generos-academicos","status":"publish","type":"page","link":"https:\/\/sites.ipleiria.pt\/gdip\/generos-academicos\/","title":{"rendered":"Descri\u00e7\u00f5es de g\u00e9neros"},"content":{"rendered":"\n<p>Disponibiliza-se, nesta p\u00e1gina, um conjunto de descri\u00e7\u00f5es que identificam e caracterizam os principais g\u00e9neros praticados no Ensino Superior, considerados na generalidade das escolas te\u00f3ricas de an\u00e1lise de discurso.  <\/p>\n\n\n\n<ul class=\"wp-block-list\">\n<li><a rel=\"noreferrer noopener\" style=\"font-size: 1rem\" href=\"https:\/\/sites.ipleiria.pt\/pge\/abstract-resumo\/\" target=\"_blank\"><em>Abstract<\/em> \/ resumo<\/a><\/li>\n\n\n\n<li>Artigo<\/li>\n\n\n\n<li>Disserta\u00e7\u00e3o de mestrado<\/li>\n\n\n\n<li><a href=\"https:\/\/sites.ipleiria.pt\/pge\/relato-de-procedimento\/\">Relato de procedimento<\/a><\/li>\n\n\n\n<li>Relat\u00f3rio de mestrado<\/li>\n\n\n\n<li><a rel=\"noreferrer noopener\" href=\"https:\/\/sites.ipleiria.pt\/pge\/tese-de-doutoramento\/\" target=\"_blank\">Tese de doutoramento<\/a><\/li>\n<\/ul>\n\n\n\n<div class=\"wp-block-group\"><div class=\"wp-block-group__inner-container is-layout-flow wp-block-group-is-layout-flow\"><\/div><\/div>\n\n\n\n<div class=\"wp-block-group\"><div class=\"wp-block-group__inner-container is-layout-flow wp-block-group-is-layout-flow\"><\/div><\/div>\n\n\n\n<hr class=\"wp-block-separator has-alpha-channel-opacity\" \/>\n\n\n\n<figure class=\"wp-block-image size-full\"><img loading=\"lazy\" decoding=\"async\" width=\"1024\" height=\"89\" src=\"https:\/\/sites.ipleiria.pt\/pge\/files\/2024\/07\/image-4.png\" alt=\"\" class=\"wp-image-2329\" srcset=\"https:\/\/sites.ipleiria.pt\/gdip\/files\/2024\/07\/image-4.png 1024w, https:\/\/sites.ipleiria.pt\/gdip\/files\/2024\/07\/image-4-300x26.png 300w, https:\/\/sites.ipleiria.pt\/gdip\/files\/2024\/07\/image-4-768x67.png 768w, https:\/\/sites.ipleiria.pt\/gdip\/files\/2024\/07\/image-4-624x54.png 624w\" sizes=\"auto, (max-width: 1024px) 100vw, 1024px\" \/><\/figure>\n\n\n\n<p><strong>Centro de Estudos de Lingu\u00edstica Geral e Aplicada (CELGA-ILTEC) da Universidade de Coimbra | desde 2018 |&nbsp;<\/strong><a href=\"https:\/\/sites.ipleiria.pt\/pge\/apresentacao\/contactos\/\">contactos<\/a><\/p>\n","protected":false},"excerpt":{"rendered":"<p>Disponibiliza-se, nesta p\u00e1gina, um conjunto de descri\u00e7\u00f5es que identificam e caracterizam os principais g\u00e9neros praticados no Ensino Superior, considerados na generalidade das escolas te\u00f3ricas de an\u00e1lise de discurso. Centro de Estudos de Lingu\u00edstica Geral e Aplicada (CELGA-ILTEC) da Universidade de Coimbra | desde 2018 |&nbsp;contactos<\/p>\n","protected":false},"author":3099,"featured_media":0,"parent":0,"menu_order":0,"comment_status":"closed","ping_status":"closed","template":"","meta":{"footnotes":""},"class_list":["post-1570","page","type-page","status-publish","hentry"],"_links":{"self":[{"href":"https:\/\/sites.ipleiria.pt\/gdip\/wp-json\/wp\/v2\/pages\/1570","targetHints":{"allow":["GET"]}}],"collection":[{"href":"https:\/\/sites.ipleiria.pt\/gdip\/wp-json\/wp\/v2\/pages"}],"about":[{"href":"https:\/\/sites.ipleiria.pt\/gdip\/wp-json\/wp\/v2\/types\/page"}],"author":[{"embeddable":true,"href":"https:\/\/sites.ipleiria.pt\/gdip\/wp-json\/wp\/v2\/users\/3099"}],"replies":[{"embeddable":true,"href":"https:\/\/sites.ipleiria.pt\/gdip\/wp-json\/wp\/v2\/comments?post=1570"}],"version-history":[{"count":25,"href":"https:\/\/sites.ipleiria.pt\/gdip\/wp-json\/wp\/v2\/pages\/1570\/revisions"}],"predecessor-version":[{"id":2330,"href":"https:\/\/sites.ipleiria.pt\/gdip\/wp-json\/wp\/v2\/pages\/1570\/revisions\/2330"}],"wp:attachment":[{"href":"https:\/\/sites.ipleiria.pt\/gdip\/wp-json\/wp\/v2\/media?parent=1570"}],"curies":[{"name":"wp","href":"https:\/\/api.w.org\/{rel}","templated":true}]}}