{"id":1630,"date":"2021-03-12T18:06:47","date_gmt":"2021-03-12T18:06:47","guid":{"rendered":"http:\/\/sites.ipleiria.pt\/pge\/?page_id=1630"},"modified":"2022-01-22T15:58:17","modified_gmt":"2022-01-22T15:58:17","slug":"abstract-resumo","status":"publish","type":"page","link":"https:\/\/sites.ipleiria.pt\/gdip\/abstract-resumo\/","title":{"rendered":"Abstract \/ Resumo"},"content":{"rendered":"\n<p>O&nbsp;<strong><em><span style=\"color:#a3000d\" class=\"has-inline-color\">abstract<\/span><\/em><\/strong>, tamb\u00e9m referido indistintamente como resumo no contexto portugu\u00eas, \u00e9 um g\u00e9nero escrito do discurso acad\u00e9mico que tem como objetivo principal condensar a informa\u00e7\u00e3o essencial relativa a uma investiga\u00e7\u00e3o j\u00e1 realizada (e manifestada num artigo, tese de doutoramento ou disserta\u00e7\u00e3o de mestrado) ou a concretizar (em particular, sob a forma de comunica\u00e7\u00e3o em evento cient\u00edfico). Neste sentido, distingue-se do resumo usado em contexto pedag\u00f3gico do ensino b\u00e1sico e secund\u00e1rio. Como objetivo complementar, conta-se o de atrair potenciais interessados para essa investiga\u00e7\u00e3o, salientando a sua qualidade, validade e relev\u00e2ncia. Quer o&nbsp;<em>abstract<\/em>, quer o texto com que se relaciona (escrito ou oral) s\u00e3o redigidos pela mesma pessoa.<\/p>\n\n\n\n<p>O autor de um texto do g\u00e9nero&nbsp;<em>abstract<\/em> seleciona conte\u00fados diversos entre os que s\u00e3o considerados mais importantes para caracterizar a pesquisa: o tema da investiga\u00e7\u00e3o, os objetivos, o problema ou a quest\u00e3o a abordar, as hip\u00f3teses de trabalho, os pressupostos ou assun\u00e7\u00f5es pr\u00e9vias, o enquadramento te\u00f3rico e as principais refer\u00eancias, a metodologia adotada e os resultados esperados ou obtidos. Os conte\u00fados que mais frequentemente integram os textos deste g\u00e9nero s\u00e3o o tema, os objetivos, o enquadramento te\u00f3rico (ou as principais refer\u00eancias) e os resultados.<\/p>\n\n\n\n<p>O&nbsp;<em>abstract<\/em> constitui um g\u00e9nero inclu\u00eddo quando resume a informa\u00e7\u00e3o (e ocorre junto) de um texto dos g\u00e9neros artigo cient\u00edfico, tese de doutoramento ou disserta\u00e7\u00e3o de mestrado. E \u00e9 um g\u00e9nero aut\u00f3nomo quando ocorre isoladamente numa proposta de comunica\u00e7\u00e3o a apresentar em encontro cient\u00edfico. Enquanto g\u00e9nero aut\u00f3nomo, os textos s\u00e3o elaborados visando ser avaliados positivamente numa arbitragem an\u00f3nima por pares, para que os respetivos autores possam participar num evento cient\u00edfico, apresentando uma comunica\u00e7\u00e3o ou um poster, participando numa oficina ou mesa-redonda, etc.<\/p>\n\n\n\n<p>Dada a sua fun\u00e7\u00e3o de condensar as informa\u00e7\u00f5es mais relevantes, os exemplares do g\u00e9nero <em>abstract <\/em>s\u00e3o textos curtos. Nos casos em que \u00e9 um g\u00e9nero aut\u00f3nomo, cada exemplar deste g\u00e9nero pode variar: regra geral, possui cerca de 300 palavras, no m\u00ednimo (ainda que haja exemplares com um n\u00famero inferior), e 600 palavras, no m\u00e1ximo (do mesmo modo, tamb\u00e9m h\u00e1 exemplares com um n\u00famero superior). Quando se trata de um g\u00e9nero inclu\u00eddo, a extens\u00e3o tamb\u00e9m \u00e9 vari\u00e1vel: s\u00e3o textos mais curtos quando introduzem um artigo cient\u00edfico (normalmente, cont\u00eam at\u00e9 um m\u00e1ximo de 300 palavras) e mais extensos quando introduzem uma tese de doutoramento ou uma disserta\u00e7\u00e3o de mestrado (podendo ocupar uma p\u00e1gina A4 ou mais). Estes limites flex\u00edveis s\u00e3o geralmente prescritos pelas comiss\u00f5es organizadoras dos eventos cient\u00edficos (nos casos em que o&nbsp;<em>abstract<\/em> configura um g\u00e9nero aut\u00f3nomo) e pelas comiss\u00f5es editoriais das publica\u00e7\u00f5es ou pelas institui\u00e7\u00f5es que conferem o grau (nos casos em que constitui um g\u00e9nero inclu\u00eddo em textos dos g\u00e9neros artigo cient\u00edfico, tese de doutoramento e disserta\u00e7\u00e3o de mestrado).<\/p>\n\n\n\n<p>Numa outra perspetiva, pode-se conceber os dois tipos de&nbsp;<em>abstract<\/em> como dois g\u00e9neros distintos (ou, eventualmente, como dois subg\u00e9neros do mesmo g\u00e9nero), ainda que geralmente os textos partilhem a mesma etiqueta. Dado que, enquanto exemplares de um g\u00e9nero aut\u00f3nomo e de um g\u00e9nero inclu\u00eddo, os textos s\u00e3o enquadrados por par\u00e2metros sociossubjetivos distintos, esta conce\u00e7\u00e3o parece estar mais pr\u00f3xima das propostas do Interacionismo Sociodiscursivo.<\/p>\n\n\n\n<p>Os objetivos do&nbsp;<em>abstract<\/em> e as coordenadas contextuais da sua leitura nas comunidades acad\u00e9micas em que circula \u2013 por outras palavras, as suas propriedades das componentes pragm\u00e1tica e enunciativa \u2013 condicionam a escolha de mecanismos composicionais (plano de texto), sem\u00e2nticos e lexicais (escolha de palavras ou express\u00f5es) e estil\u00edstico-fraseol\u00f3gicos (estrutura de frases). Por exemplo, o seu car\u00e1cter de texto de apresenta\u00e7\u00e3o e a limita\u00e7\u00e3o de extens\u00e3o determinam um plano tendencialmente previs\u00edvel e mecanismos lingu\u00edsticos de condensa\u00e7\u00e3o de informa\u00e7\u00e3o.<\/p>\n\n\n\n<p>A descri\u00e7\u00e3o efetuada responde a crit\u00e9rios de descri\u00e7\u00e3o e classifica\u00e7\u00e3o geralmente adotados no \u00e2mbito da An\u00e1lise do Discurso (Maingueneau, 2014), da Teoria do Texto e da Lingu\u00edstica Textual (em particular, na An\u00e1lise Textual dos Discursos, segundo Adam, 2008).<\/p>\n\n\n\n<p><strong>Refer\u00eancias<\/strong><\/p>\n\n\n\n<p>Adam, J.-M. (2008). <em>La linguistique textuelle. Introduction \u00e0 l\u2019analyse textuelle des discours<\/em>. 2.e \u00e9d. Armand Colin.<br>Maingueneau, D. (2014). <em>Discours et analyse du discours<\/em>. Armand Colin.<\/p>\n\n\n\n<p><strong><strong>Forma de referencia\u00e7\u00e3o sugerida<\/strong><\/strong><\/p>\n\n\n\n<p>Silva, P. N. (2021). Abstract. Retirado de:&nbsp;<a href=\"https:\/\/sites.ipleiria.pt\/pge\/abstract-resumo\/\">https:\/\/sites.ipleiria.pt\/pge\/abstract-resumo\/<\/a><\/p>\n\n\n\n<p class=\"has-text-align-right\"><a href=\"https:\/\/sites.ipleiria.pt\/pge\/generos-academicos\/\" data-type=\"page\" data-id=\"1570\"><strong>\u21d0\u00a0<\/strong>(voltar \u00e0 p\u00e1gina Descri\u00e7\u00e3o de g\u00e9neros)<\/a><\/p>\n\n\n\n<p class=\"has-text-align-right\"><a href=\"https:\/\/sites.ipleiria.pt\/pge\/outros-recursos\/\"><strong>\u21d0&nbsp;<\/strong>(voltar \u00e0 p\u00e1gina Recursos gerais)<\/a><\/p>\n","protected":false},"excerpt":{"rendered":"<p>O&nbsp;abstract, tamb\u00e9m referido indistintamente como resumo no contexto portugu\u00eas, \u00e9 um g\u00e9nero escrito do discurso acad\u00e9mico que tem como objetivo principal condensar a informa\u00e7\u00e3o essencial relativa a uma investiga\u00e7\u00e3o j\u00e1 realizada (e manifestada num artigo, tese de doutoramento ou disserta\u00e7\u00e3o de mestrado) ou a concretizar (em particular, sob a forma de comunica\u00e7\u00e3o em evento cient\u00edfico). [&hellip;]<\/p>\n","protected":false},"author":3099,"featured_media":0,"parent":0,"menu_order":0,"comment_status":"closed","ping_status":"closed","template":"","meta":{"footnotes":""},"class_list":["post-1630","page","type-page","status-publish","hentry"],"_links":{"self":[{"href":"https:\/\/sites.ipleiria.pt\/gdip\/wp-json\/wp\/v2\/pages\/1630","targetHints":{"allow":["GET"]}}],"collection":[{"href":"https:\/\/sites.ipleiria.pt\/gdip\/wp-json\/wp\/v2\/pages"}],"about":[{"href":"https:\/\/sites.ipleiria.pt\/gdip\/wp-json\/wp\/v2\/types\/page"}],"author":[{"embeddable":true,"href":"https:\/\/sites.ipleiria.pt\/gdip\/wp-json\/wp\/v2\/users\/3099"}],"replies":[{"embeddable":true,"href":"https:\/\/sites.ipleiria.pt\/gdip\/wp-json\/wp\/v2\/comments?post=1630"}],"version-history":[{"count":5,"href":"https:\/\/sites.ipleiria.pt\/gdip\/wp-json\/wp\/v2\/pages\/1630\/revisions"}],"predecessor-version":[{"id":1797,"href":"https:\/\/sites.ipleiria.pt\/gdip\/wp-json\/wp\/v2\/pages\/1630\/revisions\/1797"}],"wp:attachment":[{"href":"https:\/\/sites.ipleiria.pt\/gdip\/wp-json\/wp\/v2\/media?parent=1630"}],"curies":[{"name":"wp","href":"https:\/\/api.w.org\/{rel}","templated":true}]}}