{"id":17,"date":"2017-09-29T14:28:00","date_gmt":"2017-09-29T14:28:00","guid":{"rendered":"http:\/\/sites.ipleiria.pt\/pge\/?page_id=17"},"modified":"2024-07-01T17:42:47","modified_gmt":"2024-07-01T17:42:47","slug":"equipa","status":"publish","type":"page","link":"https:\/\/sites.ipleiria.pt\/gdip\/apresentacao\/equipa\/","title":{"rendered":"Equipa"},"content":{"rendered":"<p>O Portal dos G\u00e9neros Escolares \u00e9 desenvolvido pelo Grupo de trabalho &#8220;Discurso e Pr\u00e1ticas Discursivas Acad\u00e9micas&#8221; (DPDA) do Centro de Estudos de Lingu\u00edstica Geral e Aplicada (CELGA-ILTEC) da Universidade de Coimbra.<br \/>Os membros do DPDA t\u00eam estatutos diversos, como o de membro integrado ou de colaborador externo, mas partilham o mesmo interesse pelo discurso acad\u00e9mico e pelas pr\u00e1ticas discursivas acad\u00e9micas.<\/p>\n<p>Outras iniciativas do grupo est\u00e3o <a href=\"https:\/\/sites.ipleiria.pt\/emda\/uma-iniciativa-do-dpda\/\">publicitadas aqui<\/a>.<\/p>\n<p>A equipa do DPDA integra os seguintes investigadores e professores:<\/p>\n<table style=\"height: 42px\" width=\"42\">\n<tbody>\n<tr>\n<td width=\"215\"><a href=\"https:\/\/www.cienciavitae.pt\/3F19-9AC5-A0E5\" target=\"_blank\" rel=\"noopener\"><img loading=\"lazy\" decoding=\"async\" class=\"aligncenter wp-image-1503\" src=\"http:\/\/sites.ipleiria.pt\/pge\/files\/2020\/05\/IMG_2212-400x400-1-300x300.jpg\" alt=\"\" width=\"129\" height=\"129\" srcset=\"https:\/\/sites.ipleiria.pt\/gdip\/files\/2020\/05\/IMG_2212-400x400-1-300x300.jpg 300w, https:\/\/sites.ipleiria.pt\/gdip\/files\/2020\/05\/IMG_2212-400x400-1-150x150.jpg 150w, https:\/\/sites.ipleiria.pt\/gdip\/files\/2020\/05\/IMG_2212-400x400-1.jpg 400w\" sizes=\"auto, (max-width: 129px) 100vw, 129px\" \/><\/a><\/p>\n<p style=\"text-align: center\"><a href=\"https:\/\/www.cienciavitae.pt\/3F19-9AC5-A0E5\" target=\"_blank\" rel=\"noopener\"><span style=\"font-weight: 400\">\u00c2ngela Quaresma<\/span><\/a><\/p>\n<\/td>\n<td style=\"text-align: center\" width=\"198\"><img loading=\"lazy\" decoding=\"async\" class=\"aligncenter\" src=\"https:\/\/sites.ipleiria.pt\/pge\/files\/2022\/01\/angelo_mauai.png\" alt=\"Esta imagem tem um texto alternativo em branco, o nome da imagem \u00e9 angelo_mauai.png\" width=\"143\" height=\"124\" \/><span style=\"font-weight: 400\">\u00c2ngelo Mauai<\/span><\/td>\n<td style=\"text-align: center\" width=\"205\"><a href=\"https:\/\/www.cienciavitae.pt\/portal\/941A-5144-7B78\" target=\"_blank\" rel=\"noopener\"><img loading=\"lazy\" decoding=\"async\" class=\"aligncenter wp-image-1505\" src=\"http:\/\/sites.ipleiria.pt\/pge\/files\/2020\/05\/IMG_1073-300x200.jpg\" alt=\"\" width=\"143\" height=\"95\" srcset=\"https:\/\/sites.ipleiria.pt\/gdip\/files\/2020\/05\/IMG_1073-300x200.jpg 300w, https:\/\/sites.ipleiria.pt\/gdip\/files\/2020\/05\/IMG_1073-768x512.jpg 768w, https:\/\/sites.ipleiria.pt\/gdip\/files\/2020\/05\/IMG_1073-624x416.jpg 624w, https:\/\/sites.ipleiria.pt\/gdip\/files\/2020\/05\/IMG_1073.jpg 1024w\" sizes=\"auto, (max-width: 143px) 100vw, 143px\" \/><\/a><a href=\"https:\/\/www.cienciavitae.pt\/portal\/941A-5144-7B78\" target=\"_blank\" rel=\"noopener\"><span style=\"font-weight: 400\">Carla Cunha Marques<\/span><\/a><\/td>\n<td width=\"201\"><span style=\"font-weight: 400\"><a href=\"https:\/\/www.cienciavitae.pt\/0317-822C-D764\" target=\"_blank\" rel=\"noopener\"><img loading=\"lazy\" decoding=\"async\" class=\"aligncenter wp-image-1524\" src=\"http:\/\/sites.ipleiria.pt\/pge\/files\/2020\/05\/unnamed-266x300.jpg\" alt=\"\" width=\"114\" height=\"129\" srcset=\"https:\/\/sites.ipleiria.pt\/gdip\/files\/2020\/05\/unnamed-266x300.jpg 266w, https:\/\/sites.ipleiria.pt\/gdip\/files\/2020\/05\/unnamed-908x1024.jpg 908w, https:\/\/sites.ipleiria.pt\/gdip\/files\/2020\/05\/unnamed-768x866.jpg 768w, https:\/\/sites.ipleiria.pt\/gdip\/files\/2020\/05\/unnamed-1362x1536.jpg 1362w, https:\/\/sites.ipleiria.pt\/gdip\/files\/2020\/05\/unnamed-1815x2048.jpg 1815w, https:\/\/sites.ipleiria.pt\/gdip\/files\/2020\/05\/unnamed-624x704.jpg 624w\" sizes=\"auto, (max-width: 114px) 100vw, 114px\" \/><\/a><\/span><\/p>\n<p style=\"text-align: center\"><a href=\"https:\/\/www.cienciavitae.pt\/0317-822C-D764\" target=\"_blank\" rel=\"noopener\"><span style=\"font-weight: 400\">Carlos A. M. Gouveia<\/span><\/a><\/p>\n<\/td>\n<\/tr>\n<tr>\n<td style=\"text-align: center\" width=\"215\"><span style=\"font-weight: 400\"><a href=\"https:\/\/www.cienciavitae.pt\/6412-5AB9-2127\" target=\"_blank\" rel=\"noopener\"><img loading=\"lazy\" decoding=\"async\" class=\"aligncenter wp-image-1517\" src=\"http:\/\/sites.ipleiria.pt\/pge\/files\/2020\/05\/C\u00e9lia-Barbeiro-225x300.jpg\" alt=\"\" width=\"105\" height=\"140\" srcset=\"https:\/\/sites.ipleiria.pt\/gdip\/files\/2020\/05\/C\u00e9lia-Barbeiro-225x300.jpg 225w, https:\/\/sites.ipleiria.pt\/gdip\/files\/2020\/05\/C\u00e9lia-Barbeiro-768x1024.jpg 768w, https:\/\/sites.ipleiria.pt\/gdip\/files\/2020\/05\/C\u00e9lia-Barbeiro-1152x1536.jpg 1152w, https:\/\/sites.ipleiria.pt\/gdip\/files\/2020\/05\/C\u00e9lia-Barbeiro-1536x2048.jpg 1536w, https:\/\/sites.ipleiria.pt\/gdip\/files\/2020\/05\/C\u00e9lia-Barbeiro-624x832.jpg 624w, https:\/\/sites.ipleiria.pt\/gdip\/files\/2020\/05\/C\u00e9lia-Barbeiro-scaled.jpg 1920w\" sizes=\"auto, (max-width: 105px) 100vw, 105px\" \/><\/a><\/span><\/p>\n<p><a href=\"https:\/\/www.cienciavitae.pt\/6412-5AB9-2127\" target=\"_blank\" rel=\"noopener\"><span style=\"font-weight: 400\">C\u00e9lia Barbeiro<\/span><\/a><\/p>\n<\/td>\n<td style=\"text-align: center\" width=\"198\">\u00a0<\/td>\n<td style=\"text-align: center\" width=\"205\">\n<p><!--StartFragment --><\/p>\n<p><img loading=\"lazy\" decoding=\"async\" class=\"aligncenter wp-image-2177 size-thumbnail\" src=\"http:\/\/sites.ipleiria.pt\/pge\/files\/2024\/02\/IMG-20231105-WA0114-150x150.jpg\" alt=\"\" width=\"150\" height=\"150\" \/><\/p>\n<p>Em\u00edlia Marrengula<\/p>\n<\/td>\n<td style=\"text-align: center\" width=\"201\">\n<p><a href=\"https:\/\/www.cienciavitae.pt\/pt\/2816-90DD-7DD8\" target=\"_blank\" rel=\"noopener\"><img loading=\"lazy\" decoding=\"async\" class=\"aligncenter wp-image-1507\" src=\"http:\/\/sites.ipleiria.pt\/pge\/files\/2020\/05\/DSCF5921-e1537366981205-199x300-1.jpg\" alt=\"\" width=\"116\" height=\"174\" \/><\/a><a href=\"https:\/\/www.cienciavitae.pt\/pt\/2816-90DD-7DD8\" target=\"_blank\" rel=\"noopener\"><span style=\"font-weight: 400\">Fausto Caels<\/span><\/a><\/p>\n<\/td>\n<\/tr>\n<tr>\n<td style=\"text-align: center\" width=\"215\">\n<p><img loading=\"lazy\" decoding=\"async\" class=\"size-full wp-image-1512 aligncenter\" src=\"http:\/\/sites.ipleiria.pt\/pge\/files\/2020\/05\/IMG_2215-300x288-1.jpg\" alt=\"\" width=\"300\" height=\"288\" \/><\/p>\n<p>Fernanda Botelho<\/p>\n<\/td>\n<td style=\"text-align: center\" width=\"198\">\n<p><img loading=\"lazy\" decoding=\"async\" class=\"wp-image-1854 size-thumbnail aligncenter\" src=\"http:\/\/sites.ipleiria.pt\/pge\/files\/2022\/01\/Foto_GFS-150x150.jpg\" alt=\"\" width=\"150\" height=\"150\" \/><\/p>\n<p><a href=\"https:\/\/www.cienciavitae.pt\/portal\/1711-53B3-6490\">Goreti Freire<\/a><\/p>\n<\/td>\n<td style=\"text-align: center\" width=\"205\">\n<p><img loading=\"lazy\" decoding=\"async\" class=\"aligncenter wp-image-1508 size-thumbnail\" src=\"http:\/\/sites.ipleiria.pt\/pge\/files\/2020\/05\/Joana-150x150.jpg\" alt=\"\" width=\"150\" height=\"150\" \/><\/p>\n<p><a href=\"https:\/\/www.cienciavitae.pt\/portal\/3A1E-B5AC-BFBD\" target=\"_blank\" rel=\"noopener\">Joana Vieira Santos<\/a><\/p>\n<\/td>\n<td style=\"text-align: center\" width=\"201\">\n<p><img loading=\"lazy\" decoding=\"async\" class=\"aligncenter wp-image-1853 size-thumbnail\" src=\"http:\/\/sites.ipleiria.pt\/pge\/files\/2022\/01\/Lu-Gao_Foto-de-perfil-150x150.jpeg\" alt=\"\" width=\"150\" height=\"150\" \/><\/p>\n<p>Lu Gao<\/p>\n<\/td>\n<\/tr>\n<tr>\n<td style=\"text-align: center\" width=\"215\">\n<p><img loading=\"lazy\" decoding=\"async\" class=\"size-full wp-image-1514 aligncenter\" src=\"http:\/\/sites.ipleiria.pt\/pge\/files\/2020\/05\/Lu\u00eds-Barbeiro-245x300-1.jpg\" alt=\"\" width=\"245\" height=\"300\" \/><\/p>\n<p><a href=\"https:\/\/www.cienciavitae.pt\/portal\/6616-A3B7-75C9\" target=\"_blank\" rel=\"noopener\">Lu\u00eds Filipe Barbeiro<\/a><\/p>\n<\/td>\n<td style=\"text-align: center\" width=\"198\">\n<p><img loading=\"lazy\" decoding=\"async\" class=\"size-full wp-image-1511 aligncenter\" src=\"http:\/\/sites.ipleiria.pt\/pge\/files\/2020\/05\/IMG_20180912_122349-1-225x300-1.jpg\" alt=\"\" width=\"225\" height=\"300\" \/><\/p>\n<p><a href=\"https:\/\/www.cienciavitae.pt\/portal\/9910-6DE4-355D\" target=\"_blank\" rel=\"noopener\">Mafalda Mendes<\/a><\/p>\n<\/td>\n<td style=\"text-align: center\" width=\"205\">\n<p><img loading=\"lazy\" decoding=\"async\" class=\"aligncenter wp-image-1857 size-thumbnail\" src=\"http:\/\/sites.ipleiria.pt\/pge\/files\/2022\/01\/mario_alves-1-150x150.jpg\" alt=\"\" width=\"150\" height=\"150\" \/><\/p>\n<p><a href=\"https:\/\/www.cienciavitae.pt\/portal\/4711-9ADE-9E70\" target=\"_blank\" rel=\"noopener\">M\u00e1rio Amado Alves<\/a><\/p>\n<\/td>\n<td style=\"text-align: center\" width=\"201\">\n<p><img loading=\"lazy\" decoding=\"async\" class=\"size-medium wp-image-2181 aligncenter\" src=\"http:\/\/sites.ipleiria.pt\/pge\/files\/2024\/02\/IMG_1154-284x300.jpg\" alt=\"\" width=\"284\" height=\"300\" srcset=\"https:\/\/sites.ipleiria.pt\/gdip\/files\/2024\/02\/IMG_1154-284x300.jpg 284w, https:\/\/sites.ipleiria.pt\/gdip\/files\/2024\/02\/IMG_1154-969x1024.jpg 969w, https:\/\/sites.ipleiria.pt\/gdip\/files\/2024\/02\/IMG_1154-768x811.jpg 768w, https:\/\/sites.ipleiria.pt\/gdip\/files\/2024\/02\/IMG_1154-1454x1536.jpg 1454w, https:\/\/sites.ipleiria.pt\/gdip\/files\/2024\/02\/IMG_1154-1938x2048.jpg 1938w, https:\/\/sites.ipleiria.pt\/gdip\/files\/2024\/02\/IMG_1154-624x659.jpg 624w\" sizes=\"auto, (max-width: 284px) 100vw, 284px\" \/><\/p>\n<p><a href=\"https:\/\/www.cienciavitae.pt\/pt\/A911-A3B1-031B\" target=\"_blank\" rel=\"noopener\">Marta Filipe Alexandre<\/a><\/p>\n<\/td>\n<\/tr>\n<\/tbody>\n<\/table>\n<table style=\"height: 273px\" width=\"654\">\n<tbody>\n<tr>\n<td>\n<p style=\"text-align: center\"><img loading=\"lazy\" decoding=\"async\" class=\"aligncenter wp-image-1721 size-thumbnail\" src=\"http:\/\/sites.ipleiria.pt\/pge\/files\/2021\/07\/marta_sitoe-150x150.jpg\" alt=\"\" width=\"150\" height=\"150\" \/><\/p>\n<p style=\"text-align: center\"><a href=\"https:\/\/www.cienciavitae.pt\/portal\/CB1F-E48F-7D09\" target=\"_blank\" rel=\"noopener\">Marta Sitoe<\/a><\/p>\n<\/td>\n<td>\n<p style=\"text-align: center\"><img loading=\"lazy\" decoding=\"async\" class=\"aligncenter wp-image-1720 size-thumbnail\" src=\"http:\/\/sites.ipleiria.pt\/pge\/files\/2021\/07\/miguel_moiteiro_marques-150x150.jpg\" alt=\"\" width=\"150\" height=\"150\" \/><\/p>\n<p style=\"text-align: center\"><a href=\"https:\/\/www.cienciavitae.pt\/portal\/4911-EB9D-32EC\" target=\"_blank\" rel=\"noopener\">Miguel Moiteiro Marques<\/a><\/p>\n<\/td>\n<td style=\"text-align: center\"><span style=\"font-weight: 400\"><img loading=\"lazy\" decoding=\"async\" class=\"aligncenter\" src=\"https:\/\/sites.ipleiria.pt\/pge\/files\/2022\/01\/IMG-3099-150x150.jpg\" alt=\"Esta imagem tem um texto alternativo em branco, o nome da imagem \u00e9 IMG-3099-150x150.jpg\" width=\"128\" height=\"128\" \/><\/span><a href=\"https:\/\/www.cienciavitae.pt\/portal\/DC1C-2A6E-140B\"><span style=\"font-weight: 400\">Osvaldo Faquir<\/span><\/a><\/td>\n<td style=\"text-align: center\">\n<p><img loading=\"lazy\" decoding=\"async\" class=\"aligncenter wp-image-2121 size-thumbnail\" src=\"http:\/\/sites.ipleiria.pt\/pge\/files\/2023\/06\/C5DDAB7C-43F0-4141-B569-09B05A4B1747-150x150.png\" alt=\"\" width=\"150\" height=\"150\" \/><\/p>\n<p><a href=\"https:\/\/cienciavitae.pt\/portal\/en\/C018-E969-C4A1\">Paula Cristina Ferreira<\/a><\/p>\n<p style=\"text-align: center\">\n<\/td>\n<\/tr>\n<\/tbody>\n<\/table>\n\n\n<figure class=\"wp-block-table aligncenter has-small-font-size\"><table><tbody><tr><td class=\"has-text-align-center\" data-align=\"center\"><br><img loading=\"lazy\" decoding=\"async\" class=\"aligncenter wp-image-1509\" src=\"http:\/\/sites.ipleiria.pt\/pge\/files\/2020\/05\/Paulo-Nunes-da-Silva-261x300.jpg\" alt=\"\" width=\"118\" height=\"135\" srcset=\"https:\/\/sites.ipleiria.pt\/gdip\/files\/2020\/05\/Paulo-Nunes-da-Silva-261x300.jpg 261w, https:\/\/sites.ipleiria.pt\/gdip\/files\/2020\/05\/Paulo-Nunes-da-Silva-892x1024.jpg 892w, https:\/\/sites.ipleiria.pt\/gdip\/files\/2020\/05\/Paulo-Nunes-da-Silva-768x881.jpg 768w, https:\/\/sites.ipleiria.pt\/gdip\/files\/2020\/05\/Paulo-Nunes-da-Silva-1339x1536.jpg 1339w, https:\/\/sites.ipleiria.pt\/gdip\/files\/2020\/05\/Paulo-Nunes-da-Silva-624x716.jpg 624w, https:\/\/sites.ipleiria.pt\/gdip\/files\/2020\/05\/Paulo-Nunes-da-Silva.jpg 1662w\" sizes=\"auto, (max-width: 118px) 100vw, 118px\" \/><a href=\"https:\/\/www.cienciavitae.pt\/2719-0A96-080C\">Paulo Nunes da Silva<\/a><\/td><td class=\"has-text-align-center\" data-align=\"center\"><br><a href=\"https:\/\/www.cienciavitae.pt\/en\/361C-E2AC-A841\" target=\"_blank\" rel=\"noreferrer noopener\"><img loading=\"lazy\" decoding=\"async\" src=\"http:\/\/sites.ipleiria.pt\/pge\/files\/2020\/05\/TanaraZ.Kuhn_-179x300.jpg\" alt=\"\" width=\"87\" height=\"146\"><\/a>  <br><a href=\"https:\/\/www.cienciavitae.pt\/en\/361C-E2AC-A841\" target=\"_blank\" rel=\"noreferrer noopener\">Tanara Zingano Kuhn<\/a><\/td><td class=\"has-text-align-center\" data-align=\"center\"><br><br><img loading=\"lazy\" decoding=\"async\" src=\"https:\/\/sites.ipleiria.pt\/pge\/files\/2022\/12\/Vania_Pinheiro-1-150x150.jpeg\" alt=\"\" width=\"113\" height=\"113\"><br>V\u00e2nia Pinheiro<\/td><td class=\"has-text-align-center\" data-align=\"center\"><a href=\"https:\/\/www.cienciavitae.pt\/portal\/BA16-EFBD-38F6\" target=\"_blank\" rel=\"noreferrer noopener\"><\/a>  <br><a href=\"https:\/\/www.cienciavitae.pt\/portal\/BA16-EFBD-38F6\" target=\"_blank\" rel=\"noreferrer noopener\"><img loading=\"lazy\" decoding=\"async\" src=\"http:\/\/sites.ipleiria.pt\/pge\/files\/2022\/01\/victor_bermejo-1.jpg\" alt=\"Esta imagem tem um texto alternativo em branco, o nome da imagem \u00e9 victor_bermejo-1.jpg\" width=\"129\" height=\"129\"><\/a><br><a href=\"https:\/\/www.cienciavitae.pt\/portal\/BA16-EFBD-38F6\" target=\"_blank\" rel=\"noreferrer noopener\">  Victor Bermejo<\/a><\/td><td><\/td><\/tr><\/tbody><\/table><\/figure>\n\n\n<p>Para mais informa\u00e7\u00f5es sobre o DPDA, <a href=\"https:\/\/sites.ipleiria.pt\/pge\/apresentacao\/contactos\/\">contacte-nos<\/a>.<\/p>\n<p>Para mais informa\u00e7\u00f5es sobre o CELGA-ILTEC, visite <a href=\"http:\/\/celga-iltec.uc.pt\/\" target=\"_blank\" rel=\"noopener\">a p\u00e1gina do CELGA-ILTEC<\/a> (<strong>que se encontra em processo de atualiza\u00e7\u00e3o<\/strong>).<\/p>\n<hr \/>\n<h6><img decoding=\"async\" src=\"https:\/\/sites.ipleiria.pt\/emda\/files\/2021\/07\/logotipos.001-1-e1625577648547.jpeg\" alt=\"Esta imagem tem um texto alternativo em branco, o nome da imagem \u00e9 logotipos.001-1-e1625577648547.jpeg\" \/><\/h6>\n\n","protected":false},"excerpt":{"rendered":"<p>O Portal dos G\u00e9neros Escolares \u00e9 desenvolvido pelo Grupo de trabalho &#8220;Discurso e Pr\u00e1ticas Discursivas Acad\u00e9micas&#8221; (DPDA) do Centro de Estudos de Lingu\u00edstica Geral e Aplicada (CELGA-ILTEC) da Universidade de Coimbra.Os membros do DPDA t\u00eam estatutos diversos, como o de membro integrado ou de colaborador externo, mas partilham o mesmo interesse pelo discurso acad\u00e9mico e [&hellip;]<\/p>\n","protected":false},"author":3099,"featured_media":0,"parent":13,"menu_order":0,"comment_status":"closed","ping_status":"closed","template":"","meta":{"footnotes":""},"class_list":["post-17","page","type-page","status-publish","hentry"],"_links":{"self":[{"href":"https:\/\/sites.ipleiria.pt\/gdip\/wp-json\/wp\/v2\/pages\/17","targetHints":{"allow":["GET"]}}],"collection":[{"href":"https:\/\/sites.ipleiria.pt\/gdip\/wp-json\/wp\/v2\/pages"}],"about":[{"href":"https:\/\/sites.ipleiria.pt\/gdip\/wp-json\/wp\/v2\/types\/page"}],"author":[{"embeddable":true,"href":"https:\/\/sites.ipleiria.pt\/gdip\/wp-json\/wp\/v2\/users\/3099"}],"replies":[{"embeddable":true,"href":"https:\/\/sites.ipleiria.pt\/gdip\/wp-json\/wp\/v2\/comments?post=17"}],"version-history":[{"count":90,"href":"https:\/\/sites.ipleiria.pt\/gdip\/wp-json\/wp\/v2\/pages\/17\/revisions"}],"predecessor-version":[{"id":2325,"href":"https:\/\/sites.ipleiria.pt\/gdip\/wp-json\/wp\/v2\/pages\/17\/revisions\/2325"}],"up":[{"embeddable":true,"href":"https:\/\/sites.ipleiria.pt\/gdip\/wp-json\/wp\/v2\/pages\/13"}],"wp:attachment":[{"href":"https:\/\/sites.ipleiria.pt\/gdip\/wp-json\/wp\/v2\/media?parent=17"}],"curies":[{"name":"wp","href":"https:\/\/api.w.org\/{rel}","templated":true}]}}