{"id":1733,"date":"2022-01-22T12:16:24","date_gmt":"2022-01-22T12:16:24","guid":{"rendered":"https:\/\/sites.ipleiria.pt\/pge\/?page_id=1733"},"modified":"2024-07-01T17:39:35","modified_gmt":"2024-07-01T17:39:35","slug":"outros-recursos","status":"publish","type":"page","link":"https:\/\/sites.ipleiria.pt\/gdip\/outros-recursos\/","title":{"rendered":"Recursos gerais"},"content":{"rendered":"\n<p>Este espa\u00e7o disponibiliza recursos diversos que se destinam a apoiar na forma\u00e7\u00e3o e aprendizagem dos g\u00e9neros em contexto escolar e acad\u00e9mico:<\/p>\n\n\n\n<ul class=\"wp-block-list\">\n<li>um conjunto de textos breves em que se clarificam conceitos fundamentais encontra-se em <a href=\"https:\/\/sites.ipleiria.pt\/pge\/conceitos\/\" data-type=\"page\" data-id=\"1787\"><strong>conceitos<\/strong><\/a> <\/li>\n\n\n\n<li>a caracteriza\u00e7\u00e3o detalhada de um conjunto de g\u00e9neros est\u00e1 apresentada em <strong><a href=\"https:\/\/sites.ipleiria.pt\/pge\/generos-academicos\/\" data-type=\"page\" data-id=\"1570\">descri\u00e7\u00f5es de g\u00e9neros<\/a><\/strong> <\/li>\n\n\n\n<li>possibilita-se ainda o acesso a<strong> <a href=\"https:\/\/sites.ipleiria.pt\/pge\/corpora\/\" data-type=\"page\" data-id=\"1740\">corpora<\/a><\/strong> diversos <\/li>\n<\/ul>\n\n\n\n<hr class=\"wp-block-separator has-alpha-channel-opacity\" \/>\n\n\n\n<figure class=\"wp-block-image size-full\"><img loading=\"lazy\" decoding=\"async\" width=\"1024\" height=\"89\" src=\"https:\/\/sites.ipleiria.pt\/pge\/files\/2024\/07\/image-1.png\" alt=\"\" class=\"wp-image-2318\" srcset=\"https:\/\/sites.ipleiria.pt\/gdip\/files\/2024\/07\/image-1.png 1024w, https:\/\/sites.ipleiria.pt\/gdip\/files\/2024\/07\/image-1-300x26.png 300w, https:\/\/sites.ipleiria.pt\/gdip\/files\/2024\/07\/image-1-768x67.png 768w, https:\/\/sites.ipleiria.pt\/gdip\/files\/2024\/07\/image-1-624x54.png 624w\" sizes=\"auto, (max-width: 1024px) 100vw, 1024px\" \/><\/figure>\n\n\n\n<h6 class=\"wp-block-heading\">Centro de Estudos de Lingu\u00edstica Geral e Aplicada (CELGA-ILTEC) da Universidade de Coimbra | desde 2018 | <a href=\"https:\/\/sites.ipleiria.pt\/pge\/apresentacao\/contactos\/\">contactos<\/a><\/h6>\n","protected":false},"excerpt":{"rendered":"<p>Este espa\u00e7o disponibiliza recursos diversos que se destinam a apoiar na forma\u00e7\u00e3o e aprendizagem dos g\u00e9neros em contexto escolar e acad\u00e9mico: Centro de Estudos de Lingu\u00edstica Geral e Aplicada (CELGA-ILTEC) da Universidade de Coimbra | desde 2018 | contactos<\/p>\n","protected":false},"author":3183,"featured_media":0,"parent":0,"menu_order":0,"comment_status":"closed","ping_status":"closed","template":"","meta":{"footnotes":""},"class_list":["post-1733","page","type-page","status-publish","hentry"],"_links":{"self":[{"href":"https:\/\/sites.ipleiria.pt\/gdip\/wp-json\/wp\/v2\/pages\/1733","targetHints":{"allow":["GET"]}}],"collection":[{"href":"https:\/\/sites.ipleiria.pt\/gdip\/wp-json\/wp\/v2\/pages"}],"about":[{"href":"https:\/\/sites.ipleiria.pt\/gdip\/wp-json\/wp\/v2\/types\/page"}],"author":[{"embeddable":true,"href":"https:\/\/sites.ipleiria.pt\/gdip\/wp-json\/wp\/v2\/users\/3183"}],"replies":[{"embeddable":true,"href":"https:\/\/sites.ipleiria.pt\/gdip\/wp-json\/wp\/v2\/comments?post=1733"}],"version-history":[{"count":10,"href":"https:\/\/sites.ipleiria.pt\/gdip\/wp-json\/wp\/v2\/pages\/1733\/revisions"}],"predecessor-version":[{"id":2319,"href":"https:\/\/sites.ipleiria.pt\/gdip\/wp-json\/wp\/v2\/pages\/1733\/revisions\/2319"}],"wp:attachment":[{"href":"https:\/\/sites.ipleiria.pt\/gdip\/wp-json\/wp\/v2\/media?parent=1733"}],"curies":[{"name":"wp","href":"https:\/\/api.w.org\/{rel}","templated":true}]}}