{"id":1748,"date":"2022-01-22T14:21:12","date_gmt":"2022-01-22T14:21:12","guid":{"rendered":"https:\/\/sites.ipleiria.pt\/pge\/?page_id=1748"},"modified":"2024-07-01T17:41:35","modified_gmt":"2024-07-01T17:41:35","slug":"iniciativas-do-dpda","status":"publish","type":"page","link":"https:\/\/sites.ipleiria.pt\/gdip\/iniciativas-do-dpda\/","title":{"rendered":"Iniciativas DPDA"},"content":{"rendered":"\n<p>Apresentam-se nesta p\u00e1gina atividades p\u00fablicas desenvolvidas pela <a href=\"https:\/\/sites.ipleiria.pt\/pge\/apresentacao\/equipa\/\" data-type=\"page\" data-id=\"17\">equipa do DPDA<\/a>. Incluem-se todas as edi\u00e7\u00f5es dos <a href=\"https:\/\/sites.ipleiria.pt\/emda\/\">EMDA<\/a>. Pode rever <a href=\"https:\/\/vimeo.com\/showcase\/9567831\" data-type=\"URL\" data-id=\"https:\/\/vimeo.com\/showcase\/9567831\" target=\"_blank\" rel=\"noreferrer noopener\">os primeiros EMDA no nosso canal Vimeo<\/a>. <\/p>\n\n\n\n<p class=\"has-text-align-left has-white-color has-blue-background-color has-text-color has-background\">INICIATIVAS DE 2024<\/p>\n\n\n\n<figure class=\"wp-block-embed is-type-video is-provider-youtube wp-block-embed-youtube wp-embed-aspect-16-9 wp-has-aspect-ratio\"><div class=\"wp-block-embed__wrapper\">\n<iframe loading=\"lazy\" title=\"22\u00ba Encontro Mensal sobre Discurso Acad\u00e9mico\" width=\"625\" height=\"352\" src=\"https:\/\/www.youtube.com\/embed\/uFIHadsi8Q0?feature=oembed\" frameborder=\"0\" allow=\"accelerometer; autoplay; clipboard-write; encrypted-media; gyroscope; picture-in-picture; web-share\" referrerpolicy=\"strict-origin-when-cross-origin\" allowfullscreen><\/iframe>\n<\/div><\/figure>\n\n\n\n<figure class=\"wp-block-embed is-type-video is-provider-youtube wp-block-embed-youtube wp-embed-aspect-16-9 wp-has-aspect-ratio\"><div class=\"wp-block-embed__wrapper\">\n<iframe loading=\"lazy\" title=\"21\u00ba Encontro Mensal sobre Discurso Acad\u00e9mico\" width=\"625\" height=\"352\" src=\"https:\/\/www.youtube.com\/embed\/9w_U8SCVIsg?feature=oembed\" frameborder=\"0\" allow=\"accelerometer; autoplay; clipboard-write; encrypted-media; gyroscope; picture-in-picture; web-share\" referrerpolicy=\"strict-origin-when-cross-origin\" allowfullscreen><\/iframe>\n<\/div><\/figure>\n\n\n\n<figure class=\"wp-block-embed is-type-video is-provider-youtube wp-block-embed-youtube wp-embed-aspect-16-9 wp-has-aspect-ratio\"><div class=\"wp-block-embed__wrapper\">\n<iframe loading=\"lazy\" title=\"20\u00ba Encontro Mensal sobre Discurso Acad\u00e9mico\" width=\"625\" height=\"352\" src=\"https:\/\/www.youtube.com\/embed\/BnS1L-A7BOg?feature=oembed\" frameborder=\"0\" allow=\"accelerometer; autoplay; clipboard-write; encrypted-media; gyroscope; picture-in-picture; web-share\" referrerpolicy=\"strict-origin-when-cross-origin\" allowfullscreen><\/iframe>\n<\/div><\/figure>\n\n\n\n<figure class=\"wp-block-embed is-type-video is-provider-youtube wp-block-embed-youtube wp-embed-aspect-16-9 wp-has-aspect-ratio\"><div class=\"wp-block-embed__wrapper\">\n<iframe loading=\"lazy\" title=\"19\u00ba Encontro Mensal sobre Discurso Acad\u00e9mico\" width=\"625\" height=\"352\" src=\"https:\/\/www.youtube.com\/embed\/4X7H9SoD1tU?feature=oembed\" frameborder=\"0\" allow=\"accelerometer; autoplay; clipboard-write; encrypted-media; gyroscope; picture-in-picture; web-share\" referrerpolicy=\"strict-origin-when-cross-origin\" allowfullscreen><\/iframe>\n<\/div><\/figure>\n\n\n\n<figure class=\"wp-block-embed is-type-video is-provider-youtube wp-block-embed-youtube wp-embed-aspect-16-9 wp-has-aspect-ratio\"><div class=\"wp-block-embed__wrapper\">\n<iframe loading=\"lazy\" title=\"18\u00ba Encontro Mensal sobre Discurso Acad\u00e9mico\" width=\"625\" height=\"352\" src=\"https:\/\/www.youtube.com\/embed\/EaDtxZhL1Ek?feature=oembed\" frameborder=\"0\" allow=\"accelerometer; autoplay; clipboard-write; encrypted-media; gyroscope; picture-in-picture; web-share\" referrerpolicy=\"strict-origin-when-cross-origin\" allowfullscreen><\/iframe>\n<\/div><\/figure>\n\n\n\n<p class=\"has-white-color has-blue-background-color has-text-color has-background\">INICIATIVAS DE 2023<\/p>\n\n\n\n<p class=\"has-text-align-center\"><\/p>\n\n\n\n<figure class=\"wp-block-embed is-type-video is-provider-youtube wp-block-embed-youtube wp-embed-aspect-16-9 wp-has-aspect-ratio\"><div class=\"wp-block-embed__wrapper\">\n<iframe loading=\"lazy\" title=\"17\u00ba Encontro Mensal sobre Discurso Acad\u00e9mico\" width=\"625\" height=\"352\" src=\"https:\/\/www.youtube.com\/embed\/Lx1VQiouy1A?feature=oembed\" frameborder=\"0\" allow=\"accelerometer; autoplay; clipboard-write; encrypted-media; gyroscope; picture-in-picture; web-share\" referrerpolicy=\"strict-origin-when-cross-origin\" allowfullscreen><\/iframe>\n<\/div><\/figure>\n\n\n\n<figure class=\"wp-block-embed is-type-video is-provider-youtube wp-block-embed-youtube wp-embed-aspect-16-9 wp-has-aspect-ratio\"><div class=\"wp-block-embed__wrapper\">\n<iframe loading=\"lazy\" title=\"16\u00ba Encontro Mensal sobre Discurso Acad\u00e9mico\" width=\"625\" height=\"352\" src=\"https:\/\/www.youtube.com\/embed\/SCP4XRnePe4?feature=oembed\" frameborder=\"0\" allow=\"accelerometer; autoplay; clipboard-write; encrypted-media; gyroscope; picture-in-picture; web-share\" referrerpolicy=\"strict-origin-when-cross-origin\" allowfullscreen><\/iframe>\n<\/div><\/figure>\n\n\n\n<figure class=\"wp-block-embed is-type-video is-provider-youtube wp-block-embed-youtube wp-embed-aspect-16-9 wp-has-aspect-ratio\"><div class=\"wp-block-embed__wrapper\">\n<iframe loading=\"lazy\" title=\"15\u00ba Encontro Mensal sobre Discurso Acad\u00e9mico\" width=\"625\" height=\"352\" src=\"https:\/\/www.youtube.com\/embed\/b9PVDApxO-A?feature=oembed\" frameborder=\"0\" allow=\"accelerometer; autoplay; clipboard-write; encrypted-media; gyroscope; picture-in-picture; web-share\" referrerpolicy=\"strict-origin-when-cross-origin\" allowfullscreen><\/iframe>\n<\/div><\/figure>\n\n\n<div class=\"wp-block-image\">\n<figure class=\"aligncenter size-large is-resized\"><a href=\"https:\/\/sites.ipleiria.pt\/3enda2023\/\"><img loading=\"lazy\" decoding=\"async\" width=\"724\" height=\"1024\" src=\"https:\/\/sites.ipleiria.pt\/pge\/files\/2023\/06\/IIIENDA_Cartaz-opcao-6-724x1024.png\" alt=\"\" class=\"wp-image-2125\" style=\"width:362px;height:512px\" srcset=\"https:\/\/sites.ipleiria.pt\/gdip\/files\/2023\/06\/IIIENDA_Cartaz-opcao-6-724x1024.png 724w, https:\/\/sites.ipleiria.pt\/gdip\/files\/2023\/06\/IIIENDA_Cartaz-opcao-6-212x300.png 212w, https:\/\/sites.ipleiria.pt\/gdip\/files\/2023\/06\/IIIENDA_Cartaz-opcao-6-768x1086.png 768w, https:\/\/sites.ipleiria.pt\/gdip\/files\/2023\/06\/IIIENDA_Cartaz-opcao-6-1086x1536.png 1086w, https:\/\/sites.ipleiria.pt\/gdip\/files\/2023\/06\/IIIENDA_Cartaz-opcao-6-1448x2048.png 1448w, https:\/\/sites.ipleiria.pt\/gdip\/files\/2023\/06\/IIIENDA_Cartaz-opcao-6-624x883.png 624w\" sizes=\"auto, (max-width: 724px) 100vw, 724px\" \/><\/a><figcaption class=\"wp-element-caption\">https:\/\/sites.ipleiria.pt\/3enda2023\/ <\/figcaption><\/figure><\/div>\n\n\n<p><\/p>\n\n\n\n<figure class=\"wp-block-embed is-type-video is-provider-youtube wp-block-embed-youtube wp-embed-aspect-16-9 wp-has-aspect-ratio\"><div class=\"wp-block-embed__wrapper\">\n<iframe loading=\"lazy\" title=\"14\u00ba Encontro Mensal sobre Discurso Acad\u00e9mico\" width=\"625\" height=\"352\" src=\"https:\/\/www.youtube.com\/embed\/2yQ9vkxcExY?start=474&#038;feature=oembed\" frameborder=\"0\" allow=\"accelerometer; autoplay; clipboard-write; encrypted-media; gyroscope; picture-in-picture; web-share\" referrerpolicy=\"strict-origin-when-cross-origin\" allowfullscreen><\/iframe>\n<\/div><\/figure>\n\n\n<div class=\"wp-block-image\">\n<figure class=\"aligncenter size-full\"><a href=\"http:\/\/sites.ipleiria.pt\/pge\/files\/2023\/04\/Discurso-Acad\u00e9mico_e-book.pdf\"><img decoding=\"async\" src=\"http:\/\/sites.ipleiria.pt\/pge\/files\/2023\/04\/Captura-de-ecr\u00e3-2023-04-05-\u00e0s-14.11.38.png\" alt=\"\" class=\"wp-image-2104\" \/><\/a><\/figure><\/div>\n\n\n<p><\/p>\n\n\n\n<figure class=\"wp-block-embed is-type-video is-provider-youtube wp-block-embed-youtube wp-embed-aspect-16-9 wp-has-aspect-ratio\"><div class=\"wp-block-embed__wrapper\">\n<iframe loading=\"lazy\" title=\"13\u00ba Encontro Mensal sobre Discurso Acad\u00e9mico\" width=\"625\" height=\"352\" src=\"https:\/\/www.youtube.com\/embed\/U5K7oOO1QR4?start=3&#038;feature=oembed\" frameborder=\"0\" allow=\"accelerometer; autoplay; clipboard-write; encrypted-media; gyroscope; picture-in-picture; web-share\" referrerpolicy=\"strict-origin-when-cross-origin\" allowfullscreen><\/iframe>\n<\/div><\/figure>\n\n\n\n<figure class=\"wp-block-embed is-type-video is-provider-youtube wp-block-embed-youtube wp-embed-aspect-16-9 wp-has-aspect-ratio\"><div class=\"wp-block-embed__wrapper\">\n<iframe loading=\"lazy\" title=\"12\u00ba Encontro Mensal sobre Discurso Acad\u00e9mico\" width=\"625\" height=\"352\" src=\"https:\/\/www.youtube.com\/embed\/ZdLRygGWSa0?start=3177&#038;feature=oembed\" frameborder=\"0\" allow=\"accelerometer; autoplay; clipboard-write; encrypted-media; gyroscope; picture-in-picture; web-share\" referrerpolicy=\"strict-origin-when-cross-origin\" allowfullscreen><\/iframe>\n<\/div><\/figure>\n\n\n\n<p class=\"has-white-color has-blue-background-color has-text-color has-background\">INICIATIVAS DE 2022<\/p>\n\n\n<div class=\"wp-block-image\">\n<figure class=\"aligncenter size-full\"><a class=\"https:\/\/sites.ipleiria.pt\/pge\/files\/2022\/12\/Teorias-discursivas-em-dialogo_ebook-2.pdf\" href=\"http:\/\/sites.ipleiria.pt\/pge\/files\/2022\/12\/Teorias-discursivas-em-dialogo_ebook-2.pdf\" rel=\"https:\/\/sites.ipleiria.pt\/pge\/files\/2022\/12\/Teorias-discursivas-em-dialogo_ebook-2.pdf\"><img loading=\"lazy\" decoding=\"async\" width=\"386\" height=\"573\" src=\"http:\/\/sites.ipleiria.pt\/pge\/files\/2022\/12\/Capa_Ebook_dez_2022.png\" alt=\"\" class=\"wp-image-2066\" srcset=\"https:\/\/sites.ipleiria.pt\/gdip\/files\/2022\/12\/Capa_Ebook_dez_2022.png 386w, https:\/\/sites.ipleiria.pt\/gdip\/files\/2022\/12\/Capa_Ebook_dez_2022-202x300.png 202w\" sizes=\"auto, (max-width: 386px) 100vw, 386px\" \/><\/a><figcaption class=\"wp-element-caption\"><a href=\"https:\/\/sites.ipleiria.pt\/pge\/files\/2022\/12\/Teorias-discursivas-em-dialogo_ebook-2.pdf\">Publica\u00e7\u00e3o conjunta (dezembro de 2022)<\/a><\/figcaption><\/figure><\/div>\n\n\n<figure class=\"wp-block-embed is-type-video is-provider-youtube wp-block-embed-youtube wp-embed-aspect-16-9 wp-has-aspect-ratio\"><div class=\"wp-block-embed__wrapper\">\n<iframe loading=\"lazy\" title=\"11\u00ba Encontro Mensal sobre Discurso Acad\u00e9mico\" width=\"625\" height=\"352\" src=\"https:\/\/www.youtube.com\/embed\/6YQODZ4y6Zk?feature=oembed\" frameborder=\"0\" allow=\"accelerometer; autoplay; clipboard-write; encrypted-media; gyroscope; picture-in-picture; web-share\" referrerpolicy=\"strict-origin-when-cross-origin\" allowfullscreen><\/iframe>\n<\/div><\/figure>\n\n\n\n<figure class=\"wp-block-embed is-type-video is-provider-youtube wp-block-embed-youtube wp-embed-aspect-16-9 wp-has-aspect-ratio\"><div class=\"wp-block-embed__wrapper\">\n<iframe loading=\"lazy\" title=\"10\u00ba Encontro Mensal sobre Discurso Acad\u00e9mico\" width=\"625\" height=\"352\" src=\"https:\/\/www.youtube.com\/embed\/e0AQtgnMuV4?start=845&#038;feature=oembed\" frameborder=\"0\" allow=\"accelerometer; autoplay; clipboard-write; encrypted-media; gyroscope; picture-in-picture; web-share\" referrerpolicy=\"strict-origin-when-cross-origin\" allowfullscreen><\/iframe>\n<\/div><\/figure>\n\n\n\n<figure class=\"wp-block-image size-full\"><img loading=\"lazy\" decoding=\"async\" width=\"961\" height=\"500\" src=\"https:\/\/sites.ipleiria.pt\/pge\/files\/2022\/08\/CARTAZ_VERAO_COM_CIENCIA2022.png\" alt=\"\" class=\"wp-image-2011\" srcset=\"https:\/\/sites.ipleiria.pt\/gdip\/files\/2022\/08\/CARTAZ_VERAO_COM_CIENCIA2022.png 961w, https:\/\/sites.ipleiria.pt\/gdip\/files\/2022\/08\/CARTAZ_VERAO_COM_CIENCIA2022-300x156.png 300w, https:\/\/sites.ipleiria.pt\/gdip\/files\/2022\/08\/CARTAZ_VERAO_COM_CIENCIA2022-768x400.png 768w, https:\/\/sites.ipleiria.pt\/gdip\/files\/2022\/08\/CARTAZ_VERAO_COM_CIENCIA2022-624x325.png 624w\" sizes=\"auto, (max-width: 961px) 100vw, 961px\" \/><figcaption class=\"wp-element-caption\">16 agosto &#8211; 9 de setembro<\/figcaption><\/figure>\n\n\n\n<figure class=\"wp-block-embed is-type-video is-provider-youtube wp-block-embed-youtube wp-embed-aspect-16-9 wp-has-aspect-ratio\"><div class=\"wp-block-embed__wrapper\">\n<iframe loading=\"lazy\" title=\"9\u00ba Encontro Mensal sobre Discurso Acad\u00e9mico\" width=\"625\" height=\"352\" src=\"https:\/\/www.youtube.com\/embed\/2ZU5GWjXdoY?start=2&#038;feature=oembed\" frameborder=\"0\" allow=\"accelerometer; autoplay; clipboard-write; encrypted-media; gyroscope; picture-in-picture; web-share\" referrerpolicy=\"strict-origin-when-cross-origin\" allowfullscreen><\/iframe>\n<\/div><\/figure>\n\n\n\n<figure class=\"wp-block-embed is-type-video is-provider-youtube wp-block-embed-youtube wp-embed-aspect-16-9 wp-has-aspect-ratio\"><div class=\"wp-block-embed__wrapper\">\n<iframe loading=\"lazy\" title=\"8\u00ba Encontro Mensal sobre Discurso Acad\u00e9mico\" width=\"625\" height=\"352\" src=\"https:\/\/www.youtube.com\/embed\/nrvBBErojvc?start=3632&#038;feature=oembed\" frameborder=\"0\" allow=\"accelerometer; autoplay; clipboard-write; encrypted-media; gyroscope; picture-in-picture; web-share\" referrerpolicy=\"strict-origin-when-cross-origin\" allowfullscreen><\/iframe>\n<\/div><\/figure>\n\n\n<div class=\"wp-block-image\">\n<figure class=\"aligncenter size-full\"><a href=\"https:\/\/sites.ipleiria.pt\/discursoacademico\/oficina-de-trabalho-3-12-de-marco-de-2022\/\"><img loading=\"lazy\" decoding=\"async\" width=\"403\" height=\"718\" src=\"http:\/\/sites.ipleiria.pt\/pge\/files\/2022\/06\/OFICINA3.png\" alt=\"\" class=\"wp-image-1995\" srcset=\"https:\/\/sites.ipleiria.pt\/gdip\/files\/2022\/06\/OFICINA3.png 403w, https:\/\/sites.ipleiria.pt\/gdip\/files\/2022\/06\/OFICINA3-168x300.png 168w\" sizes=\"auto, (max-width: 403px) 100vw, 403px\" \/><\/a><\/figure><\/div>\n\n\n<figure class=\"wp-block-embed is-type-video is-provider-youtube wp-block-embed-youtube wp-embed-aspect-16-9 wp-has-aspect-ratio\"><div class=\"wp-block-embed__wrapper\">\n<iframe loading=\"lazy\" title=\"7\u00ba Encontro Mensal sobre Discurso Acad\u00e9mico\" width=\"625\" height=\"352\" src=\"https:\/\/www.youtube.com\/embed\/SNRGOHZFp5U?start=1274&#038;feature=oembed\" frameborder=\"0\" allow=\"accelerometer; autoplay; clipboard-write; encrypted-media; gyroscope; picture-in-picture; web-share\" referrerpolicy=\"strict-origin-when-cross-origin\" allowfullscreen><\/iframe>\n<\/div><\/figure>\n\n\n\n<figure class=\"wp-block-embed is-type-video is-provider-youtube wp-block-embed-youtube wp-embed-aspect-16-9 wp-has-aspect-ratio\"><div class=\"wp-block-embed__wrapper\">\n<iframe loading=\"lazy\" title=\"6\u00ba Encontro Mensal sobre Discurso Acad\u00e9mico\" width=\"625\" height=\"352\" src=\"https:\/\/www.youtube.com\/embed\/QlAQ97rjEfI?start=1&#038;feature=oembed\" frameborder=\"0\" allow=\"accelerometer; autoplay; clipboard-write; encrypted-media; gyroscope; picture-in-picture; web-share\" referrerpolicy=\"strict-origin-when-cross-origin\" allowfullscreen><\/iframe>\n<\/div><\/figure>\n\n\n<div class=\"wp-block-image\">\n<figure class=\"aligncenter size-large is-resized\"><a href=\"https:\/\/sites.ipleiria.pt\/discursoacademico\/oficina-de-trabalho-2-janeiro-de-2022\/\" target=\"_blank\" rel=\"noopener\"><img loading=\"lazy\" decoding=\"async\" width=\"365\" height=\"643\" src=\"http:\/\/sites.ipleiria.pt\/pge\/files\/2022\/01\/OFICINA2-2.png\" alt=\"\" class=\"wp-image-1807\" style=\"width:274px;height:482px\" srcset=\"https:\/\/sites.ipleiria.pt\/gdip\/files\/2022\/01\/OFICINA2-2.png 365w, https:\/\/sites.ipleiria.pt\/gdip\/files\/2022\/01\/OFICINA2-2-170x300.png 170w\" sizes=\"auto, (max-width: 365px) 100vw, 365px\" \/><\/a><\/figure><\/div>\n\n\n<figure class=\"wp-block-embed is-type-video is-provider-youtube wp-block-embed-youtube wp-embed-aspect-16-9 wp-has-aspect-ratio\"><div class=\"wp-block-embed__wrapper\">\n<iframe loading=\"lazy\" title=\"5\u00ba Encontro Mensal sobre Discurso Acad\u00e9mico\" width=\"625\" height=\"352\" src=\"https:\/\/www.youtube.com\/embed\/5Z9WpDlYzes?feature=oembed\" frameborder=\"0\" allow=\"accelerometer; autoplay; clipboard-write; encrypted-media; gyroscope; picture-in-picture; web-share\" referrerpolicy=\"strict-origin-when-cross-origin\" allowfullscreen><\/iframe>\n<\/div><\/figure>\n\n\n\n<p class=\"has-white-color has-blue-background-color has-text-color has-background\">INICIATIVAS DE 2021<\/p>\n\n\n\n<figure class=\"wp-block-embed is-type-video is-provider-youtube wp-block-embed-youtube wp-embed-aspect-16-9 wp-has-aspect-ratio\"><div class=\"wp-block-embed__wrapper\">\n<iframe loading=\"lazy\" title=\"4\u00ba Encontro Mensal sobre Discurso Acad\u00e9mico\" width=\"625\" height=\"352\" src=\"https:\/\/www.youtube.com\/embed\/ee05lRWarZ0?start=3632&#038;feature=oembed\" frameborder=\"0\" allow=\"accelerometer; autoplay; clipboard-write; encrypted-media; gyroscope; picture-in-picture; web-share\" referrerpolicy=\"strict-origin-when-cross-origin\" allowfullscreen><\/iframe>\n<\/div><\/figure>\n\n\n<div class=\"wp-block-image\">\n<figure class=\"aligncenter size-large is-resized\"><a href=\"https:\/\/sites.ipleiria.pt\/discursoacademico\/oficina-de-trabalho-1\/\"><img loading=\"lazy\" decoding=\"async\" width=\"433\" height=\"765\" src=\"https:\/\/sites.ipleiria.pt\/pge\/files\/2022\/02\/Cartaz_Oficina1-1.png\" alt=\"\" class=\"wp-image-1932\" style=\"width:325px;height:574px\" srcset=\"https:\/\/sites.ipleiria.pt\/gdip\/files\/2022\/02\/Cartaz_Oficina1-1.png 433w, https:\/\/sites.ipleiria.pt\/gdip\/files\/2022\/02\/Cartaz_Oficina1-1-170x300.png 170w\" sizes=\"auto, (max-width: 433px) 100vw, 433px\" \/><\/a><\/figure><\/div>\n\n\n<figure class=\"wp-block-embed is-type-video is-provider-youtube wp-block-embed-youtube wp-embed-aspect-16-9 wp-has-aspect-ratio\"><div class=\"wp-block-embed__wrapper\">\n<iframe loading=\"lazy\" title=\"3\u00ba Encontro Mensal sobre Discurso Acad\u00e9mico\" width=\"625\" height=\"352\" src=\"https:\/\/www.youtube.com\/embed\/Dufaxuqyfis?start=4499&#038;feature=oembed\" frameborder=\"0\" allow=\"accelerometer; autoplay; clipboard-write; encrypted-media; gyroscope; picture-in-picture; web-share\" referrerpolicy=\"strict-origin-when-cross-origin\" allowfullscreen><\/iframe>\n<\/div><\/figure>\n\n\n\n<figure class=\"wp-block-embed is-type-video is-provider-youtube wp-block-embed-youtube wp-embed-aspect-16-9 wp-has-aspect-ratio\"><div class=\"wp-block-embed__wrapper\">\n<iframe loading=\"lazy\" title=\"2\u00ba Encontro Mensal sobre Discurso Acad\u00e9mico\" width=\"625\" height=\"352\" src=\"https:\/\/www.youtube.com\/embed\/901Dcyd4OaE?start=1738&#038;feature=oembed\" frameborder=\"0\" allow=\"accelerometer; autoplay; clipboard-write; encrypted-media; gyroscope; picture-in-picture; web-share\" referrerpolicy=\"strict-origin-when-cross-origin\" allowfullscreen><\/iframe>\n<\/div><\/figure>\n\n\n\n<figure class=\"wp-block-embed is-type-video is-provider-youtube wp-block-embed-youtube wp-embed-aspect-16-9 wp-has-aspect-ratio\"><div class=\"wp-block-embed__wrapper\">\n<iframe loading=\"lazy\" title=\"1\u00ba Encontro Mensal sobre Discurso Acad\u00e9mico\" width=\"625\" height=\"352\" src=\"https:\/\/www.youtube.com\/embed\/hP2dFgj-ZU8?start=14&#038;feature=oembed\" frameborder=\"0\" allow=\"accelerometer; autoplay; clipboard-write; encrypted-media; gyroscope; picture-in-picture; web-share\" referrerpolicy=\"strict-origin-when-cross-origin\" allowfullscreen><\/iframe>\n<\/div><\/figure>\n\n\n\n<div class=\"wp-block-columns are-vertically-aligned-center is-layout-flex wp-container-core-columns-is-layout-1 wp-block-columns-is-layout-flex\"><\/div>\n\n\n\n<figure class=\"wp-block-table aligncenter is-style-stripes\"><table><tbody><tr><td><em>2021-setembro<\/em><\/td><td><\/td><td><\/td><\/tr><tr><td><strong>2.\u00ba Encontro Nacional sobre Discurso Acad\u00e9mico &#8211;<\/strong> <strong>ENDA2<\/strong><\/td><td><\/td><td><\/td><\/tr><\/tbody><\/table><\/figure>\n\n\n<div class=\"wp-block-image is-style-default\">\n<figure class=\"aligncenter size-large is-resized\"><img loading=\"lazy\" decoding=\"async\" width=\"683\" height=\"1024\" src=\"http:\/\/sites.ipleiria.pt\/pge\/files\/2022\/01\/ENDA-2-Cartaz-Final-1.png\" alt=\"\" class=\"wp-image-1818\" style=\"width:342px;height:512px\" srcset=\"https:\/\/sites.ipleiria.pt\/gdip\/files\/2022\/01\/ENDA-2-Cartaz-Final-1.png 683w, https:\/\/sites.ipleiria.pt\/gdip\/files\/2022\/01\/ENDA-2-Cartaz-Final-1-200x300.png 200w, https:\/\/sites.ipleiria.pt\/gdip\/files\/2022\/01\/ENDA-2-Cartaz-Final-1-624x936.png 624w\" sizes=\"auto, (max-width: 683px) 100vw, 683px\" \/><figcaption class=\"wp-element-caption\">CARTAZ DE DIVULGA\u00c7\u00c3O DO ENDA2<\/figcaption><\/figure><\/div>\n\n\n<figure class=\"wp-block-table aligncenter is-style-stripes\"><table><tbody><tr><td><\/td><td><\/td><td><\/td><\/tr><tr><td><\/td><td><br><\/td><td><\/td><\/tr><\/tbody><\/table><\/figure>\n\n\n\n<p class=\"has-white-color has-blue-background-color has-text-color has-background\">INICIATIVAS DE 2018<\/p>\n\n\n\n<figure class=\"wp-block-table aligncenter is-style-stripes\"><table><tbody><tr><td><em>2018-setembro<\/em><\/td><td><\/td><td><\/td><\/tr><tr><td><strong>1.\u00ba Encontro Nacional sobre Discurso Acad\u00e9mico<\/strong> <strong>&#8211; ENDA1<\/strong><\/td><td><br><\/td><td><\/td><\/tr><\/tbody><\/table><\/figure>\n\n\n<div class=\"wp-block-image\">\n<figure class=\"aligncenter size-large is-resized\"><img loading=\"lazy\" decoding=\"async\" width=\"471\" height=\"290\" src=\"http:\/\/sites.ipleiria.pt\/pge\/files\/2022\/01\/LOGO-ENDA2018dd-1.jpg\" alt=\"\" class=\"wp-image-1816\" style=\"width:236px;height:145px\" srcset=\"https:\/\/sites.ipleiria.pt\/gdip\/files\/2022\/01\/LOGO-ENDA2018dd-1.jpg 471w, https:\/\/sites.ipleiria.pt\/gdip\/files\/2022\/01\/LOGO-ENDA2018dd-1-300x185.jpg 300w\" sizes=\"auto, (max-width: 471px) 100vw, 471px\" \/><figcaption class=\"wp-element-caption\">LOGOTIPO DO ENDA<\/figcaption><\/figure><\/div>\n\n\n<figure class=\"wp-block-video\"><\/figure>\n\n\n\n<figure class=\"wp-block-image size-full\"><img loading=\"lazy\" decoding=\"async\" width=\"1024\" height=\"89\" src=\"https:\/\/sites.ipleiria.pt\/pge\/files\/2024\/07\/image-2.png\" alt=\"\" class=\"wp-image-2322\" srcset=\"https:\/\/sites.ipleiria.pt\/gdip\/files\/2024\/07\/image-2.png 1024w, https:\/\/sites.ipleiria.pt\/gdip\/files\/2024\/07\/image-2-300x26.png 300w, https:\/\/sites.ipleiria.pt\/gdip\/files\/2024\/07\/image-2-768x67.png 768w, https:\/\/sites.ipleiria.pt\/gdip\/files\/2024\/07\/image-2-624x54.png 624w\" sizes=\"auto, (max-width: 1024px) 100vw, 1024px\" \/><\/figure>\n\n\n\n<h6 class=\"wp-block-heading\">Centro de Estudos de Lingu\u00edstica Geral e Aplicada (CELGA-ILTEC) da Universidade de Coimbra | desde 2018<\/h6>\n","protected":false},"excerpt":{"rendered":"<p>Apresentam-se nesta p\u00e1gina atividades p\u00fablicas desenvolvidas pela equipa do DPDA. Incluem-se todas as edi\u00e7\u00f5es dos EMDA. Pode rever os primeiros EMDA no nosso canal Vimeo. INICIATIVAS DE 2024 INICIATIVAS DE 2023 INICIATIVAS DE 2022 INICIATIVAS DE 2021 2021-setembro 2.\u00ba Encontro Nacional sobre Discurso Acad\u00e9mico &#8211; ENDA2 INICIATIVAS DE 2018 2018-setembro 1.\u00ba Encontro Nacional sobre Discurso [&hellip;]<\/p>\n","protected":false},"author":3183,"featured_media":0,"parent":0,"menu_order":0,"comment_status":"closed","ping_status":"closed","template":"","meta":{"footnotes":""},"class_list":["post-1748","page","type-page","status-publish","hentry"],"_links":{"self":[{"href":"https:\/\/sites.ipleiria.pt\/gdip\/wp-json\/wp\/v2\/pages\/1748","targetHints":{"allow":["GET"]}}],"collection":[{"href":"https:\/\/sites.ipleiria.pt\/gdip\/wp-json\/wp\/v2\/pages"}],"about":[{"href":"https:\/\/sites.ipleiria.pt\/gdip\/wp-json\/wp\/v2\/types\/page"}],"author":[{"embeddable":true,"href":"https:\/\/sites.ipleiria.pt\/gdip\/wp-json\/wp\/v2\/users\/3183"}],"replies":[{"embeddable":true,"href":"https:\/\/sites.ipleiria.pt\/gdip\/wp-json\/wp\/v2\/comments?post=1748"}],"version-history":[{"count":87,"href":"https:\/\/sites.ipleiria.pt\/gdip\/wp-json\/wp\/v2\/pages\/1748\/revisions"}],"predecessor-version":[{"id":2323,"href":"https:\/\/sites.ipleiria.pt\/gdip\/wp-json\/wp\/v2\/pages\/1748\/revisions\/2323"}],"wp:attachment":[{"href":"https:\/\/sites.ipleiria.pt\/gdip\/wp-json\/wp\/v2\/media?parent=1748"}],"curies":[{"name":"wp","href":"https:\/\/api.w.org\/{rel}","templated":true}]}}