{"id":1787,"date":"2022-01-22T15:50:42","date_gmt":"2022-01-22T15:50:42","guid":{"rendered":"https:\/\/sites.ipleiria.pt\/pge\/?page_id=1787"},"modified":"2024-07-01T17:43:25","modified_gmt":"2024-07-01T17:43:25","slug":"conceitos","status":"publish","type":"page","link":"https:\/\/sites.ipleiria.pt\/gdip\/conceitos\/","title":{"rendered":"Conceitos"},"content":{"rendered":"\n<p>Est\u00e3o dispon\u00edveis as defini\u00e7\u00f5es dos seguintes conceitos: <\/p>\n\n\n\n<ul class=\"wp-block-list\">\n<li><a href=\"https:\/\/sites.ipleiria.pt\/pge\/recursos\/definicoes-genero\/\" data-type=\"page\" data-id=\"598\">G\u00e9nero<\/a><\/li>\n\n\n\n<li><a href=\"https:\/\/sites.ipleiria.pt\/pge\/genero-incluido\/\">G\u00e9nero inclu\u00eddo<\/a><\/li>\n\n\n\n<li><span style=\"font-size: 1rem\"><a href=\"https:\/\/sites.ipleiria.pt\/pge\/objetivo-sociocomunicativo\/\" data-type=\"page\" data-id=\"1895\">Objetivo sociocomunicativo<\/a><\/span><\/li>\n\n\n\n<li><a href=\"https:\/\/sites.ipleiria.pt\/pge\/subgenero\/\">Subg\u00e9nero<\/a><\/li>\n\n\n\n<li><a href=\"https:\/\/sites.ipleiria.pt\/pge\/texto\/\" data-type=\"page\" data-id=\"1899\">Texto<\/a><\/li>\n<\/ul>\n\n\n\n<p>Note-se que a autoria de cada defini\u00e7\u00e3o \u00e9 indicada no final do respetivo texto.<\/p>\n\n\n\n<hr class=\"wp-block-separator has-alpha-channel-opacity\" \/>\n\n\n\n<figure class=\"wp-block-image size-full\"><img loading=\"lazy\" decoding=\"async\" width=\"1024\" height=\"89\" src=\"https:\/\/sites.ipleiria.pt\/pge\/files\/2024\/07\/image-3.png\" alt=\"\" class=\"wp-image-2326\" srcset=\"https:\/\/sites.ipleiria.pt\/gdip\/files\/2024\/07\/image-3.png 1024w, https:\/\/sites.ipleiria.pt\/gdip\/files\/2024\/07\/image-3-300x26.png 300w, https:\/\/sites.ipleiria.pt\/gdip\/files\/2024\/07\/image-3-768x67.png 768w, https:\/\/sites.ipleiria.pt\/gdip\/files\/2024\/07\/image-3-624x54.png 624w\" sizes=\"auto, (max-width: 1024px) 100vw, 1024px\" \/><\/figure>\n\n\n\n<p><strong>Centro de Estudos de Lingu\u00edstica Geral e Aplicada (CELGA-ILTEC) da Universidade de Coimbra | desde 2018 |\u00a0<\/strong><a href=\"https:\/\/sites.ipleiria.pt\/pge\/apresentacao\/contactos\/\">contactos<\/a><\/p>\n","protected":false},"excerpt":{"rendered":"<p>Est\u00e3o dispon\u00edveis as defini\u00e7\u00f5es dos seguintes conceitos: Note-se que a autoria de cada defini\u00e7\u00e3o \u00e9 indicada no final do respetivo texto. Centro de Estudos de Lingu\u00edstica Geral e Aplicada (CELGA-ILTEC) da Universidade de Coimbra | desde 2018 |\u00a0contactos<\/p>\n","protected":false},"author":3183,"featured_media":0,"parent":0,"menu_order":0,"comment_status":"closed","ping_status":"closed","template":"","meta":{"footnotes":""},"class_list":["post-1787","page","type-page","status-publish","hentry"],"_links":{"self":[{"href":"https:\/\/sites.ipleiria.pt\/gdip\/wp-json\/wp\/v2\/pages\/1787","targetHints":{"allow":["GET"]}}],"collection":[{"href":"https:\/\/sites.ipleiria.pt\/gdip\/wp-json\/wp\/v2\/pages"}],"about":[{"href":"https:\/\/sites.ipleiria.pt\/gdip\/wp-json\/wp\/v2\/types\/page"}],"author":[{"embeddable":true,"href":"https:\/\/sites.ipleiria.pt\/gdip\/wp-json\/wp\/v2\/users\/3183"}],"replies":[{"embeddable":true,"href":"https:\/\/sites.ipleiria.pt\/gdip\/wp-json\/wp\/v2\/comments?post=1787"}],"version-history":[{"count":10,"href":"https:\/\/sites.ipleiria.pt\/gdip\/wp-json\/wp\/v2\/pages\/1787\/revisions"}],"predecessor-version":[{"id":2327,"href":"https:\/\/sites.ipleiria.pt\/gdip\/wp-json\/wp\/v2\/pages\/1787\/revisions\/2327"}],"wp:attachment":[{"href":"https:\/\/sites.ipleiria.pt\/gdip\/wp-json\/wp\/v2\/media?parent=1787"}],"curies":[{"name":"wp","href":"https:\/\/api.w.org\/{rel}","templated":true}]}}