{"id":19,"date":"2017-09-29T14:30:45","date_gmt":"2017-09-29T14:30:45","guid":{"rendered":"http:\/\/sites.ipleiria.pt\/pge\/?page_id=19"},"modified":"2024-03-26T15:32:01","modified_gmt":"2024-03-26T15:32:01","slug":"contactos","status":"publish","type":"page","link":"https:\/\/sites.ipleiria.pt\/gdip\/apresentacao\/contactos\/","title":{"rendered":"Contactos"},"content":{"rendered":"<table class=\"silvatable plain\" cellspacing=\"0\" cellpadding=\"3\">\n<tbody>\n<tr class=\"even\">\n<td class=\"align-left\"><\/td>\n<td class=\"align-left\"><strong>\u00a0 <\/strong>\u00a0 <img loading=\"lazy\" decoding=\"async\" class=\"wp-image-1985\" src=\"http:\/\/sites.ipleiria.pt\/pge\/files\/2022\/06\/CELGA.png\" alt=\"\" width=\"283\" height=\"192\" srcset=\"https:\/\/sites.ipleiria.pt\/gdip\/files\/2022\/06\/CELGA.png 469w, https:\/\/sites.ipleiria.pt\/gdip\/files\/2022\/06\/CELGA-300x203.png 300w\" sizes=\"auto, (max-width: 283px) 100vw, 283px\" \/><strong>\u00a0 \u00a0<\/strong><\/p>\n<p><strong>Centro de Estudos de Lingu\u00edstica Geral e Aplicada (CELGA-ILTEC)<\/strong><br \/>\n<strong>Faculdade de Letras da Universidade de Coimbra<\/strong><br \/>\nLargo da Porta F\u00e9rrea<br \/>\n3004-530 COIMBRA<\/p>\n<p><strong><!-- \/wp:image --><\/strong><\/td>\n<\/tr>\n<tr class=\"odd\">\n<td class=\"align-left\"><\/td>\n<td class=\"align-left\">\n<p class=\"p\"><strong>Faculdade de Letras da Universidade de Coimbra<\/strong><br \/>\n(+351) 239 859 900 \/ Fax: (+351) 239 836 733<\/p>\n<\/td>\n<\/tr>\n<tr class=\"even\">\n<td class=\"align-left\"><\/td>\n<td class=\"align-left\"><strong>Investigador respons\u00e1vel pelo grupo de trabalho Discurso e Pr\u00e1ticas Discursivas Acad\u00e9micas<\/strong><em><strong><br \/>\n<\/strong><\/em>Paulo Nunes da Silva &#8211; paulo.silva@uab.pt<\/td>\n<\/tr>\n<\/tbody>\n<\/table>\n<hr \/>\n<p><img loading=\"lazy\" decoding=\"async\" class=\"alignnone wp-image-1430 size-full\" src=\"http:\/\/sites.ipleiria.pt\/pge\/files\/2020\/04\/barra-logotipos_27abril2020.png\" alt=\"\" width=\"1085\" height=\"82\" srcset=\"https:\/\/sites.ipleiria.pt\/gdip\/files\/2020\/04\/barra-logotipos_27abril2020.png 1085w, https:\/\/sites.ipleiria.pt\/gdip\/files\/2020\/04\/barra-logotipos_27abril2020-300x23.png 300w, https:\/\/sites.ipleiria.pt\/gdip\/files\/2020\/04\/barra-logotipos_27abril2020-1024x77.png 1024w, https:\/\/sites.ipleiria.pt\/gdip\/files\/2020\/04\/barra-logotipos_27abril2020-768x58.png 768w, https:\/\/sites.ipleiria.pt\/gdip\/files\/2020\/04\/barra-logotipos_27abril2020-624x47.png 624w\" sizes=\"auto, (max-width: 1085px) 100vw, 1085px\" \/><\/p>\n","protected":false},"excerpt":{"rendered":"<p>\u00a0 \u00a0 \u00a0 \u00a0 Centro de Estudos de Lingu\u00edstica Geral e Aplicada (CELGA-ILTEC) Faculdade de Letras da Universidade de Coimbra Largo da Porta F\u00e9rrea 3004-530 COIMBRA Faculdade de Letras da Universidade de Coimbra (+351) 239 859 900 \/ Fax: (+351) 239 836 733 Investigador respons\u00e1vel pelo grupo de trabalho Discurso e Pr\u00e1ticas Discursivas Acad\u00e9micas Paulo [&hellip;]<\/p>\n","protected":false},"author":3099,"featured_media":0,"parent":13,"menu_order":2,"comment_status":"closed","ping_status":"closed","template":"","meta":{"footnotes":""},"class_list":["post-19","page","type-page","status-publish","hentry"],"_links":{"self":[{"href":"https:\/\/sites.ipleiria.pt\/gdip\/wp-json\/wp\/v2\/pages\/19","targetHints":{"allow":["GET"]}}],"collection":[{"href":"https:\/\/sites.ipleiria.pt\/gdip\/wp-json\/wp\/v2\/pages"}],"about":[{"href":"https:\/\/sites.ipleiria.pt\/gdip\/wp-json\/wp\/v2\/types\/page"}],"author":[{"embeddable":true,"href":"https:\/\/sites.ipleiria.pt\/gdip\/wp-json\/wp\/v2\/users\/3099"}],"replies":[{"embeddable":true,"href":"https:\/\/sites.ipleiria.pt\/gdip\/wp-json\/wp\/v2\/comments?post=19"}],"version-history":[{"count":24,"href":"https:\/\/sites.ipleiria.pt\/gdip\/wp-json\/wp\/v2\/pages\/19\/revisions"}],"predecessor-version":[{"id":2248,"href":"https:\/\/sites.ipleiria.pt\/gdip\/wp-json\/wp\/v2\/pages\/19\/revisions\/2248"}],"up":[{"embeddable":true,"href":"https:\/\/sites.ipleiria.pt\/gdip\/wp-json\/wp\/v2\/pages\/13"}],"wp:attachment":[{"href":"https:\/\/sites.ipleiria.pt\/gdip\/wp-json\/wp\/v2\/media?parent=19"}],"curies":[{"name":"wp","href":"https:\/\/api.w.org\/{rel}","templated":true}]}}