{"id":2,"date":"2017-07-27T12:52:32","date_gmt":"2017-07-27T12:52:32","guid":{"rendered":"http:\/\/pge.sites.ipleiria.pt\/?page_id=2"},"modified":"2024-07-09T16:59:43","modified_gmt":"2024-07-09T16:59:43","slug":"recursos","status":"publish","type":"page","link":"https:\/\/sites.ipleiria.pt\/gdip\/recursos\/","title":{"rendered":"Recursos pedag\u00f3gicos"},"content":{"rendered":"<p>Este espa\u00e7o disponibiliza diferentes tipos de materiais de forma\u00e7\u00e3o e de aprendizagem informados pelo conceito de G\u00e9nero:<\/p>\n<ul>\n<li><a href=\"https:\/\/sites.ipleiria.pt\/pge\/recursos\/ciencias-naturais\/\">brochuras descritivas<\/a> dos g\u00e9neros textuais mais comuns em manuais de Ci\u00eancias Naturais do 2.\u00ba ciclo do Ensino B\u00e1sico,\u00a0<\/li>\n<li><a href=\"https:\/\/sites.ipleiria.pt\/pge\/textos-modelo\/\">Textos-exemplo<\/a> dos g\u00e9neros textuais mais comuns em manuais de Hist\u00f3ria e de Ci\u00eancias naturais do 2.\u00ba ciclo do Ensino B\u00e1sico. Inclui tamb\u00e9m exemplos do conceito de &#8220;Texto Expositivo&#8221;, trabalhado no disciplina de Portugu\u00eas, na sua rela\u00e7\u00e3o com outras \u00e1reas disciplinares.<\/li>\n<\/ul>\n<p>Os recursos aqui disponibilizados seguem os pressupostos te\u00f3ricos e metodol\u00f3gicos da Lingu\u00edstica Sist\u00e9mico-Funcional e, mais concretamente, da Pedagogia de G\u00e9nero da Escola de Sydney. O conceito de G\u00e9nero pode ter v\u00e1rias defini\u00e7\u00f5es em fun\u00e7\u00e3o da teoria lingu\u00edstica adotada. Consulte<span style=\"color: #ff0000\">\u00a0<a style=\"color: #ff0000\" href=\"http:\/\/sites.ipleiria.pt\/pge\/recursos\/definicoes-genero\/\">aqui<\/a>\u00a0<\/span>as defini\u00e7\u00f5es que enquadram os recursos do Portal.<\/p>\n<hr \/>\n<p><img decoding=\"async\" src=\"https:\/\/sites.ipleiria.pt\/emda\/files\/2021\/07\/logotipos.001-1-e1625577648547.jpeg\" alt=\"Esta imagem tem um texto alternativo em branco, o nome da imagem \u00e9 logotipos.001-1-e1625577648547.jpeg\" \/><\/p>\n\n\n<h6 class=\"wp-block-heading\">Centro de Estudos de Lingu\u00edstica Geral e Aplicada (CELGA-ILTEC) da Universidade de Coimbra | desde 2018 | <a href=\"https:\/\/sites.ipleiria.pt\/pge\/apresentacao\/contactos\/\">contactos<\/a><\/h6>\n","protected":false},"excerpt":{"rendered":"<p>Este espa\u00e7o disponibiliza diferentes tipos de materiais de forma\u00e7\u00e3o e de aprendizagem informados pelo conceito de G\u00e9nero: brochuras descritivas dos g\u00e9neros textuais mais comuns em manuais de Ci\u00eancias Naturais do 2.\u00ba ciclo do Ensino B\u00e1sico,\u00a0 Textos-exemplo dos g\u00e9neros textuais mais comuns em manuais de Hist\u00f3ria e de Ci\u00eancias naturais do 2.\u00ba ciclo do Ensino B\u00e1sico. [&hellip;]<\/p>\n","protected":false},"author":65,"featured_media":0,"parent":0,"menu_order":0,"comment_status":"closed","ping_status":"open","template":"","meta":{"footnotes":""},"class_list":["post-2","page","type-page","status-publish","hentry"],"_links":{"self":[{"href":"https:\/\/sites.ipleiria.pt\/gdip\/wp-json\/wp\/v2\/pages\/2","targetHints":{"allow":["GET"]}}],"collection":[{"href":"https:\/\/sites.ipleiria.pt\/gdip\/wp-json\/wp\/v2\/pages"}],"about":[{"href":"https:\/\/sites.ipleiria.pt\/gdip\/wp-json\/wp\/v2\/types\/page"}],"author":[{"embeddable":true,"href":"https:\/\/sites.ipleiria.pt\/gdip\/wp-json\/wp\/v2\/users\/65"}],"replies":[{"embeddable":true,"href":"https:\/\/sites.ipleiria.pt\/gdip\/wp-json\/wp\/v2\/comments?post=2"}],"version-history":[{"count":64,"href":"https:\/\/sites.ipleiria.pt\/gdip\/wp-json\/wp\/v2\/pages\/2\/revisions"}],"predecessor-version":[{"id":2340,"href":"https:\/\/sites.ipleiria.pt\/gdip\/wp-json\/wp\/v2\/pages\/2\/revisions\/2340"}],"wp:attachment":[{"href":"https:\/\/sites.ipleiria.pt\/gdip\/wp-json\/wp\/v2\/media?parent=2"}],"curies":[{"name":"wp","href":"https:\/\/api.w.org\/{rel}","templated":true}]}}