{"id":2203,"date":"2024-03-26T11:48:30","date_gmt":"2024-03-26T11:48:30","guid":{"rendered":"https:\/\/sites.ipleiria.pt\/pge\/?page_id=2203"},"modified":"2024-04-07T10:58:47","modified_gmt":"2024-04-07T10:58:47","slug":"corpus-de-manuais-escolares-acessivel-na-ferramenta-cpqweb","status":"publish","type":"page","link":"https:\/\/sites.ipleiria.pt\/gdip\/corpus-de-manuais-escolares-acessivel-na-ferramenta-cpqweb\/","title":{"rendered":"Corpus de Manuais Escolares"},"content":{"rendered":"\n<p>O Corpus de Manuais Escolares do DPDA tem como objetivo facultar o acesso a materiais para investiga\u00e7\u00e3o sobre a constru\u00e7\u00e3o do conhecimento em textos escritos em l\u00edngua portuguesa. O corpus, constitu\u00eddo entre 2018 e 2022, \u00e9 constitu\u00eddo por 397 textos oriundos de manuais escolares adotados oficialmente em Portugal. <\/p>\n\n\n\n<p>As <strong><a href=\"https:\/\/sites.ipleiria.pt\/pge\/ensino-basico-e-secundario\/\">brochuras descritivas<\/a><\/strong> (<a href=\"https:\/\/sites.ipleiria.pt\/pge\/recursos\/\">recursos pedag\u00f3gicos<\/a>) atualmente dispon\u00edveis neste Portal s\u00e3o resultado da an\u00e1lise de textos deste corpus. <\/p>\n\n\n\n<p>\u00c9 poss\u00edvel fazer pesquisa no corpus com a ferramenta CQPWeb <span style=\"text-decoration: underline\">de forma gratuita<\/span>. Basta criar um perfil (<em>user profile<\/em>) e abrir <a href=\"https:\/\/corpora.celga.iltec.pt\/cqpweb\/\">sess\u00e3o<\/a> (<em>login<\/em>). O menu encontra-se apenas em ingl\u00eas e est\u00e1 acess\u00edvel em:<\/p>\n\n\n\n<div class=\"wp-block-buttons is-layout-flex wp-block-buttons-is-layout-flex\">\n<div class=\"wp-block-button\"><a class=\"wp-block-button__link wp-element-button\">Corpus de Manuais Escolares no CQPWeb<\/a><\/div>\n<\/div>\n\n\n\n<p><\/p>\n\n\n\n<figure class=\"wp-block-image size-full\"><img loading=\"lazy\" decoding=\"async\" width=\"820\" height=\"68\" src=\"http:\/\/sites.ipleiria.pt\/pge\/files\/2020\/04\/Pink-and-Slate-Grey-Photo-Beauty-Influencer-Minimalism-Facebook-Cover.png\" alt=\"\" class=\"wp-image-1482\" srcset=\"https:\/\/sites.ipleiria.pt\/gdip\/files\/2020\/04\/Pink-and-Slate-Grey-Photo-Beauty-Influencer-Minimalism-Facebook-Cover.png 820w, https:\/\/sites.ipleiria.pt\/gdip\/files\/2020\/04\/Pink-and-Slate-Grey-Photo-Beauty-Influencer-Minimalism-Facebook-Cover-300x25.png 300w, https:\/\/sites.ipleiria.pt\/gdip\/files\/2020\/04\/Pink-and-Slate-Grey-Photo-Beauty-Influencer-Minimalism-Facebook-Cover-768x64.png 768w, https:\/\/sites.ipleiria.pt\/gdip\/files\/2020\/04\/Pink-and-Slate-Grey-Photo-Beauty-Influencer-Minimalism-Facebook-Cover-624x52.png 624w\" sizes=\"auto, (max-width: 820px) 100vw, 820px\" \/><\/figure>\n\n\n\n<p><strong>Centro de Estudos de Lingu\u00edstica Geral e Aplicada (CELGA-ILTEC) da Universidade de Coimbra | desde 2018 |&nbsp;<\/strong><a href=\"https:\/\/sites.ipleiria.pt\/pge\/apresentacao\/contactos\/\">contactos<\/a><\/p>\n","protected":false},"excerpt":{"rendered":"<p>O Corpus de Manuais Escolares do DPDA tem como objetivo facultar o acesso a materiais para investiga\u00e7\u00e3o sobre a constru\u00e7\u00e3o do conhecimento em textos escritos em l\u00edngua portuguesa. O corpus, constitu\u00eddo entre 2018 e 2022, \u00e9 constitu\u00eddo por 397 textos oriundos de manuais escolares adotados oficialmente em Portugal. As brochuras descritivas (recursos pedag\u00f3gicos) atualmente dispon\u00edveis [&hellip;]<\/p>\n","protected":false},"author":3183,"featured_media":0,"parent":0,"menu_order":0,"comment_status":"closed","ping_status":"closed","template":"","meta":{"footnotes":""},"class_list":["post-2203","page","type-page","status-publish","hentry"],"_links":{"self":[{"href":"https:\/\/sites.ipleiria.pt\/gdip\/wp-json\/wp\/v2\/pages\/2203","targetHints":{"allow":["GET"]}}],"collection":[{"href":"https:\/\/sites.ipleiria.pt\/gdip\/wp-json\/wp\/v2\/pages"}],"about":[{"href":"https:\/\/sites.ipleiria.pt\/gdip\/wp-json\/wp\/v2\/types\/page"}],"author":[{"embeddable":true,"href":"https:\/\/sites.ipleiria.pt\/gdip\/wp-json\/wp\/v2\/users\/3183"}],"replies":[{"embeddable":true,"href":"https:\/\/sites.ipleiria.pt\/gdip\/wp-json\/wp\/v2\/comments?post=2203"}],"version-history":[{"count":5,"href":"https:\/\/sites.ipleiria.pt\/gdip\/wp-json\/wp\/v2\/pages\/2203\/revisions"}],"predecessor-version":[{"id":2279,"href":"https:\/\/sites.ipleiria.pt\/gdip\/wp-json\/wp\/v2\/pages\/2203\/revisions\/2279"}],"wp:attachment":[{"href":"https:\/\/sites.ipleiria.pt\/gdip\/wp-json\/wp\/v2\/media?parent=2203"}],"curies":[{"name":"wp","href":"https:\/\/api.w.org\/{rel}","templated":true}]}}