{"id":2342,"date":"2024-07-19T14:40:58","date_gmt":"2024-07-19T14:40:58","guid":{"rendered":"https:\/\/sites.ipleiria.pt\/pge\/?page_id=2342"},"modified":"2024-07-19T15:03:13","modified_gmt":"2024-07-19T15:03:13","slug":"artigo-cientifico","status":"publish","type":"page","link":"https:\/\/sites.ipleiria.pt\/gdip\/artigo-cientifico\/","title":{"rendered":"Artigo cient\u00edfico"},"content":{"rendered":"\n<p>Um artigo cient\u00edfico \u00e9 um texto que tem como objetivo divulgar conhecimento novo, produzido numa dada \u00e1rea disciplinar, e que apresenta uma investiga\u00e7\u00e3o pr\u00e9via, cujos procedimentos foram estabelecidos e validados pela comunidade acad\u00e9mica \u00e0 qual o artigo se destina. Geralmente, \u00e9 publicado em revistas especializadas e indexadas (i.e, referenciadas em bases de dados segundo uma escala de qualidade), e foi revisto de forma an\u00f3nima por especialistas da \u00e1rea.<\/p>\n\n\n\n<p>Na sua constitui\u00e7\u00e3o, o artigo cient\u00edfico deve corresponder a determinados horizontes de expectativas:<\/p>\n\n\n\n<ul class=\"wp-block-list\">\n<li>apresenta conte\u00fados pertinentes, de pendor informativo e argumentativo, uma vez que se destina a construir conhecimento novo e a convencer a comunidade disciplinar da sua validade;<\/li>\n\n\n\n<li><span style=\"font-size: 1rem\">organiza esses conte\u00fados conforme um dado plano de texto, que admite pelo menos duas variantes: o plano IMRD(C) ou o plano por T\u00d3PICOS (ver infra);<\/span><\/li>\n\n\n\n<li><span style=\"font-size: 1rem\">utiliza o registo formal<\/span>;<\/li>\n\n\n\n<li><span style=\"font-size: 1rem\">recorre a l\u00e9xico especializado para objetos ou conceitos (por exemplo:&nbsp;<\/span><em style=\"font-size: 1rem\">isotopia \u2013 \u00e1cido bilirrub\u00ednico \u2013 algebr\u00f3ides de Lie \u2013 fibrilha\u00e7\u00e3o auricular \u2013 infla\u00e7\u00e3o a dois d\u00edgitos<\/em><span style=\"font-size: 1rem\">);<\/span><\/li>\n\n\n\n<li>usa fraseologia metatextual (<em>o presente trabalho destina-se a\u2026 &#8211; aplicou-se o m\u00e9todo\u2026 &#8211; os resultados comprovam que\u2026<\/em>).<\/li>\n<\/ul>\n\n\n\n<p>O artigo cient\u00edfico reconhece-se na sua disposi\u00e7\u00e3o gr\u00e1fica por estar materialmente delimitado pelo t\u00edtulo e pela identifica\u00e7\u00e3o expl\u00edcita do\/a(s) autore\/a(s), acompanhada de (i) indica\u00e7\u00f5es institucionais (afilia\u00e7\u00e3o), (ii) resumo ou&nbsp;<em>abstract<\/em>[hiperliga\u00e7\u00e3o]&nbsp;logo a seguir ao t\u00edtulo, e (iii) lista de refer\u00eancias bibliogr\u00e1ficas no fim. Al\u00e9m disso, ser\u00e1 sempre referenciado de acordo com determinadas normas, assim que for publicado.<\/p>\n\n\n\n<p>Estas conven\u00e7\u00f5es traduzem indiretamente algumas das propriedades acima referidas: o t\u00edtulo e o&nbsp;<em>abstract \/ resumo<\/em>permitem a classifica\u00e7\u00e3o do texto na \u00e1rea disciplinar e a identifica\u00e7\u00e3o r\u00e1pida dos seus conte\u00fados; a identifica\u00e7\u00e3o da autoria, a afilia\u00e7\u00e3o e a lista de refer\u00eancias bibliogr\u00e1ficas ajudam a validar a autoridade cient\u00edfica e conferem credibilidade ao pr\u00f3prio texto; a referencia\u00e7\u00e3o insere-o num circuito de circula\u00e7\u00e3o de conhecimento novo dentro da \u00e1rea disciplinar.<\/p>\n\n\n\n<p>Para al\u00e9m destas propriedades comuns, os artigos cient\u00edficos possuem outras mais espec\u00edficas, decorrentes, antes de mais, dos conte\u00fados e da \u00e1rea disciplinar, que influenciam a escolha entre dois planos:<\/p>\n\n\n\n<p><strong>Plano IMRD(C)<\/strong>, no qual os conte\u00fados resultam de investiga\u00e7\u00e3o com alguma componente pr\u00e1tica (experimenta\u00e7\u00e3o, ensaio, simula\u00e7\u00e3o computacional ou estudo de caso, por exemplo) e se distribuem por sec\u00e7\u00f5es que t\u00eam, em geral, as seguintes designa\u00e7\u00f5es (ou outras sin\u00f3nimas):&nbsp;<\/p>\n\n\n<ul>\n<li><em>Introdu\u00e7\u00e3o<\/em>\u00a0(contextualiza\u00e7\u00e3o, enquadramento te\u00f3rico e revis\u00e3o da bibliografia ou estado da arte, apresenta\u00e7\u00e3o de perguntas de investiga\u00e7\u00e3o e\/ou hip\u00f3teses te\u00f3ricas);<\/li>\n<\/ul>\n<ul>\n<li><em>Metodologia\u00a0<\/em>(m\u00e9todos, modelos, protocolos e\/ou procedimentos para obten\u00e7\u00e3o de dados);<\/li>\n<\/ul>\n<ul>\n<li><em>Resultados<\/em>\u00a0(descri\u00e7\u00e3o dos dados);<em>Discuss\u00e3o\u00a0<\/em>(compara\u00e7\u00e3o dos dados com outros previamente existentes, compara\u00e7\u00e3o ou contraste com o conhecimento pr\u00e9vio, tal como se apresenta na\u00a0<em>Introdu\u00e7\u00e3o<\/em>, explicita\u00e7\u00e3o do seu significado e de como respondem \u00e0s perguntas de investiga\u00e7\u00e3o, confirmando ou infirmando a hip\u00f3tese inicial);\u00a0<\/li>\n<\/ul>\n\n\n<ul class=\"wp-block-list\">\n<li>(eventual)&nbsp;<em>Conclus\u00e3o<\/em>&nbsp;(retoma dos pontos principais, enumera\u00e7\u00e3o de limita\u00e7\u00f5es da investiga\u00e7\u00e3o e\/ou do pr\u00f3prio artigo, indica\u00e7\u00e3o de futuras linhas de pesquisa).<\/li>\n<\/ul>\n\n\n\n<p><strong>Plano por T\u00d3PICOS<\/strong>, no qual os conte\u00fados resultam de uma investiga\u00e7\u00e3o mais te\u00f3rica, pass\u00edvel de apresenta\u00e7\u00e3o de tipo ensa\u00edstico, como, por exemplo, os artigos que efetuam apenas uma revis\u00e3o bibliogr\u00e1fica), e cujas sec\u00e7\u00f5es, al\u00e9m da&nbsp;<em>Introdu\u00e7\u00e3o<\/em>&nbsp;e da&nbsp;<em>Conclus\u00e3o<\/em>, dependem dos temas e subtemas a desenvolver.<\/p>\n\n\n\n<p>Embora haja tend\u00eancia para associar o plano IMRD(C) a \u00e1reas disciplinares CTEM (Ci\u00eancias \u2013 Engenharias \u2013 Tecnologias \u2013 Matem\u00e1tica) e o plano T\u00d3PICOS a \u00e1reas disciplinares CSHH (Ci\u00eancias Sociais e Humanas \u2013 Humanidades), n\u00e3o existe exclusividade, sendo a escolha ditada por uma conjuga\u00e7\u00e3o entre o tipo de investiga\u00e7\u00e3o efetuada, a \u00e1rea cient\u00edfica, a comunidade disciplinar e o contexto de publica\u00e7\u00e3o.<\/p>\n\n\n\n<p>No enquadramento te\u00f3rico do Interacionismo Sociodiscursivo (Bronckart, 1997), o artigo cient\u00edfico constitui um g\u00e9nero textual, reconhec\u00edvel em diversos textos emp\u00edricos pelas propriedades acima elencadas, que resultam das pr\u00e1ticas sociais de uma forma\u00e7\u00e3o sociodiscursiva \u2013 a comunidade disciplinar da respetiva \u00e1rea cient\u00edfica.<\/p>\n\n\n\n<p>No enquadramento te\u00f3rico da Lingu\u00edstica Sist\u00e9mico-Funcional (Halliday &amp; Matthiessen, 2004), textos etiquetados como artigos cient\u00edficos podem congregar v\u00e1rios g\u00e9neros: o relato de procedimento (assim acontece com o plano IMRD(C), quando se relata uma experi\u00eancia, ou uma simula\u00e7\u00e3o, por exemplo)&nbsp;[hiperliga\u00e7\u00e3o]&nbsp;e o relato hist\u00f3rico (quando se reconstitui uma \u00e9poca atrav\u00e9s de uma sequ\u00eancia de eventos ligados pelo tempo)&nbsp;[hiperliga\u00e7\u00e3o],&nbsp;entre outros poss\u00edveis.&nbsp;<\/p>\n\n\n\n<p><strong>Leituras aconselhadas:<\/strong><\/p>\n\n\n\n<p>Cargill, M. &amp; O\u2019Connor, P. (2013).&nbsp;<em>Writing Scientific Research Articles. Strategies and Steps.<\/em>&nbsp;Wiley-Blackwell.<\/p>\n\n\n\n<p>Macagno, P. &amp; Rapanta, C. (2021).&nbsp;<em>Escrita Acad\u00e9mica. Argumenta\u00e7\u00e3o. L\u00f3gica da escrita. Ideias e estilo. Artigos e papers<\/em>. Pactor.<\/p>\n\n\n\n<p><strong>Forma de referencia\u00e7\u00e3o sugerida<\/strong><\/p>\n\n\n\n<p>Santos, J. V. (2024). Artigo Cient\u00edfico. Retirado de:\u00a0<a href=\"https:\/\/sites.ipleiria.pt\/pge\/artigo-cientifico\/\">https:\/\/sites.ipleiria.pt\/pge\/artigo-cientifico\/<\/a><\/p>\n\n\n\n<p><\/p>\n","protected":false},"excerpt":{"rendered":"<p>Um artigo cient\u00edfico \u00e9 um texto que tem como objetivo divulgar conhecimento novo, produzido numa dada \u00e1rea disciplinar, e que apresenta uma investiga\u00e7\u00e3o pr\u00e9via, cujos procedimentos foram estabelecidos e validados pela comunidade acad\u00e9mica \u00e0 qual o artigo se destina. Geralmente, \u00e9 publicado em revistas especializadas e indexadas (i.e, referenciadas em bases de dados segundo uma [&hellip;]<\/p>\n","protected":false},"author":3099,"featured_media":0,"parent":0,"menu_order":0,"comment_status":"closed","ping_status":"closed","template":"","meta":{"footnotes":""},"class_list":["post-2342","page","type-page","status-publish","hentry"],"_links":{"self":[{"href":"https:\/\/sites.ipleiria.pt\/gdip\/wp-json\/wp\/v2\/pages\/2342","targetHints":{"allow":["GET"]}}],"collection":[{"href":"https:\/\/sites.ipleiria.pt\/gdip\/wp-json\/wp\/v2\/pages"}],"about":[{"href":"https:\/\/sites.ipleiria.pt\/gdip\/wp-json\/wp\/v2\/types\/page"}],"author":[{"embeddable":true,"href":"https:\/\/sites.ipleiria.pt\/gdip\/wp-json\/wp\/v2\/users\/3099"}],"replies":[{"embeddable":true,"href":"https:\/\/sites.ipleiria.pt\/gdip\/wp-json\/wp\/v2\/comments?post=2342"}],"version-history":[{"count":6,"href":"https:\/\/sites.ipleiria.pt\/gdip\/wp-json\/wp\/v2\/pages\/2342\/revisions"}],"predecessor-version":[{"id":2351,"href":"https:\/\/sites.ipleiria.pt\/gdip\/wp-json\/wp\/v2\/pages\/2342\/revisions\/2351"}],"wp:attachment":[{"href":"https:\/\/sites.ipleiria.pt\/gdip\/wp-json\/wp\/v2\/media?parent=2342"}],"curies":[{"name":"wp","href":"https:\/\/api.w.org\/{rel}","templated":true}]}}