{"id":26,"date":"2017-09-29T14:41:40","date_gmt":"2017-09-29T14:41:40","guid":{"rendered":"http:\/\/sites.ipleiria.pt\/pge\/?page_id=26"},"modified":"2021-03-03T09:38:10","modified_gmt":"2021-03-03T09:38:10","slug":"ciencias-naturais","status":"publish","type":"page","link":"https:\/\/sites.ipleiria.pt\/gdip\/recursos\/ciencias-naturais\/","title":{"rendered":"Ci\u00eancias Naturais"},"content":{"rendered":"<p>A l\u00edngua e o conhecimento cient\u00edfico s\u00e3o indissoci\u00e1veis. Os alunos adquirem e exprimem grande parte dos conte\u00fados program\u00e1ticos por via da l\u00edngua (a par de outras modalidades comunicativas, como as imagens ou os gestos). As especificidades lingu\u00edsticas das Ci\u00eancias Naturais s\u00e3o variadas e complexas. Envolvem os termos t\u00e9cnicos, mas n\u00e3o s\u00f3! As Ci\u00eancias Naturais t\u00eam adicionalmente os seus pr\u00f3prios g\u00e9neros (ou tipos de texto). Estes g\u00e9neros determinam tanto os textos que os alunos devem ler, como os textos que devem produzir.<\/p>\n<p>H\u00e1, habitualmente, dois tipos de textos considerados em Did\u00e1tica das Ci\u00eancias: textos\u00a0instrucionais e textos expositivos.\u00a0Os primeiros promovem um ensino mais pr\u00e1tico e mais experimental; os segundos transmitem os conte\u00fados de uma forma mais te\u00f3rica. Esta distin\u00e7\u00e3o, apesar de \u00fatil, revela-se limitadora. Uma an\u00e1lise aos manuais de Ci\u00eancias Naturais do 2.\u00ba e 3.\u00ba ciclos do Ensino B\u00e1sico mostra que existem v\u00e1rios tipos de textos instrucionais e v\u00e1rios tipos de textos expositivos. Cada tipo (ou g\u00e9nero) tem a sua pr\u00f3pria fun\u00e7\u00e3o, estrutura, padr\u00f5es gramaticais e recursos lexicais.<\/p>\n<p>Nesta p\u00e1gina, o professor poder\u00e1 encontrar uma diversidade de materiais relativos aos g\u00e9neros das Ci\u00eancias Naturais. Algumas perguntas a que se procura responder s\u00e3o:\u00a0<em>Quantos g\u00e9neros h\u00e1? Como se chamam? Que g\u00e9neros ocorrem com maior frequ\u00eancia? Como identificar os g\u00e9neros? Que dificuldades levantam estes g\u00e9neros aos alunos? Como trabalhar os g\u00e9neros em sala de aula?<\/em><\/p>\n<p><strong><a href=\"http:\/\/sites.ipleiria.pt\/pge\/files\/2020\/01\/Brochura-geral_CN.pdf\" target=\"_blank\" rel=\"noopener noreferrer\"><img loading=\"lazy\" decoding=\"async\" class=\"alignleft wp-image-1034\" src=\"http:\/\/sites.ipleiria.pt\/pge\/files\/2019\/02\/imagem-brochura-mapeamento-geral-CN-1-214x300.png\" alt=\"\" width=\"177\" height=\"248\" srcset=\"https:\/\/sites.ipleiria.pt\/gdip\/files\/2019\/02\/imagem-brochura-mapeamento-geral-CN-1-214x300.png 214w, https:\/\/sites.ipleiria.pt\/gdip\/files\/2019\/02\/imagem-brochura-mapeamento-geral-CN-1.png 401w\" sizes=\"auto, (max-width: 177px) 100vw, 177px\" \/><\/a>1. Mapeamento dos g\u00e9neros<\/strong><\/p>\n<p>Este texto inaugura uma cole\u00e7\u00e3o de brochuras dedicadas aos g\u00e9neros das Ci\u00eancias Naturais. A brochura introduz o conceito de \u201cg\u00e9nero\u201d e discute o papel da l\u00edngua na Did\u00e1tica das Ci\u00eancias. Apresenta 11\u00a0g\u00e9neros que ocorrem com frequ\u00eancia em manuais do 2.\u00ba e 3.\u00ba ciclos do EB. Para cada g\u00e9nero, inclui uma caracteriza\u00e7\u00e3o sum\u00e1ria e um exemplo textual.<\/p>\n<p>Ver <a href=\"http:\/\/sites.ipleiria.pt\/pge\/files\/2020\/01\/Brochura-geral_CN.pdf\" target=\"_blank\" rel=\"noopener noreferrer\"><span style=\"color: #ff0000\">aqui<\/span><\/a>.<\/p>\n<p><span style=\"color: #ffffff\">.<\/span><\/p>\n<p><span style=\"color: #ffffff\">.<\/span><\/p>\n<hr \/>\n<p><strong>2. Explica\u00e7\u00e3o Sequencial<a href=\"http:\/\/sites.ipleiria.pt\/pge\/files\/2019\/02\/Explica\u00e7\u00e3o-Sequencial.pdf\" target=\"_blank\" rel=\"noopener noreferrer\"><img loading=\"lazy\" decoding=\"async\" class=\"wp-image-1044 alignleft\" src=\"http:\/\/sites.ipleiria.pt\/pge\/files\/2019\/02\/imagem-brochura-explica\u00e7\u00e3o-sequencial-CN-1-214x300.png\" alt=\"\" width=\"177\" height=\"248\" srcset=\"https:\/\/sites.ipleiria.pt\/gdip\/files\/2019\/02\/imagem-brochura-explica\u00e7\u00e3o-sequencial-CN-1-214x300.png 214w, https:\/\/sites.ipleiria.pt\/gdip\/files\/2019\/02\/imagem-brochura-explica\u00e7\u00e3o-sequencial-CN-1.png 399w\" sizes=\"auto, (max-width: 177px) 100vw, 177px\" \/><\/a><\/strong><\/p>\n<p>A Explica\u00e7\u00e3o Sequencial \u00e9 um g\u00e9nero muito comum nos manuais de Ci\u00eancias Naturais. Permite explicar o funcionamento de fen\u00f3menos naturais, como a fotoss\u00edntese, o ciclo da \u00e1gua ou a reprodu\u00e7\u00e3o animal. O g\u00e9nero representa os fen\u00f3menos como sequ\u00eancias de eventos, articulados entre si por nexos temporais e causais.<\/p>\n<p>A brochura\u00a0discute a estrutura definidora da Explica\u00e7\u00e3o Sequencial, bem como os seus principais padr\u00f5es gramaticais e lexicais. Inclui exemplos comentados de textos de manuais.<\/p>\n<p>Ver\u00a0<a href=\"http:\/\/sites.ipleiria.pt\/pge\/files\/2019\/02\/Explica\u00e7\u00e3o-Sequencial.pdf\" target=\"_blank\" rel=\"noopener noreferrer\"><span style=\"color: #ff0000\">aqui<\/span><\/a>.<\/p>\n<p><span style=\"color: #ffffff\">.<\/span><\/p>\n<hr \/>\n<p><strong><a href=\"http:\/\/sites.ipleiria.pt\/pge\/files\/2019\/02\/Relat\u00f3rio-composicional.pdf\" target=\"_blank\" rel=\"noopener noreferrer\"><img loading=\"lazy\" decoding=\"async\" class=\"wp-image-1041 alignleft\" src=\"http:\/\/sites.ipleiria.pt\/pge\/files\/2019\/02\/imagem-brochura-relat\u00f3rio-composicional-CN-213x300.png\" alt=\"\" width=\"177\" height=\"250\" srcset=\"https:\/\/sites.ipleiria.pt\/gdip\/files\/2019\/02\/imagem-brochura-relat\u00f3rio-composicional-CN-213x300.png 213w, https:\/\/sites.ipleiria.pt\/gdip\/files\/2019\/02\/imagem-brochura-relat\u00f3rio-composicional-CN.png 400w\" sizes=\"auto, (max-width: 177px) 100vw, 177px\" \/><\/a>3. Relat\u00f3rio Composicional<\/strong><\/p>\n<p>O Relat\u00f3rio Composicional desempenha um papel fundamental nos manuais de Ci\u00eancias Naturais, sendo utilizado para identificar e descrever a constitui\u00e7\u00e3o de entidades, sejam elas animais, plantas, estruturas terrestres ou equipamentos cient\u00edficos.<\/p>\n<p>A brochura discute a import\u00e2ncia do Relat\u00f3rio Composicional na constru\u00e7\u00e3o e transmiss\u00e3o do conhecimento cient\u00edfico. Identifica as principais etapas e fases deste g\u00e9nero, bem como os seus padr\u00f5es gramaticais e lexicais. Inclui exemplos de textos de manuais.<\/p>\n<p><span style=\"color: #000000\">Ver <a href=\"http:\/\/sites.ipleiria.pt\/pge\/files\/2019\/02\/Relat\u00f3rio-composicional.pdf\" target=\"_blank\" rel=\"noopener noreferrer\"><span style=\"color: #ff0000\">aqui<\/span><\/a><\/span>.<\/p>\n<hr \/>\n<p><strong><img loading=\"lazy\" decoding=\"async\" class=\"wp-image-1049 alignleft\" src=\"http:\/\/sites.ipleiria.pt\/pge\/files\/2019\/02\/imagem-brochura-relat\u00f3rio-classificativo-CN-213x300.png\" alt=\"\" width=\"177\" height=\"249\" srcset=\"https:\/\/sites.ipleiria.pt\/gdip\/files\/2019\/02\/imagem-brochura-relat\u00f3rio-classificativo-CN-213x300.png 213w, https:\/\/sites.ipleiria.pt\/gdip\/files\/2019\/02\/imagem-brochura-relat\u00f3rio-classificativo-CN.png 398w\" sizes=\"auto, (max-width: 177px) 100vw, 177px\" \/>4. Relat\u00f3rio Classificativo<\/strong><\/p>\n<p>Esta brochura foca um terceiro g\u00e9nero essencial \u00e0 Did\u00e1tica das Ci\u00eancias: o Relat\u00f3rio Classificativo. Este g\u00e9nero tem como finalidade introduzir um sistema de classifica\u00e7\u00e3o e descrever os v\u00e1rios tipos e subtipos que o integram. A classifica\u00e7\u00e3o pode incidir sobre uma diversidade de fen\u00f3menos naturais, como animais, plantas, rochas, doen\u00e7as, entre outros. A brochura oferece uma caracteriza\u00e7\u00e3o detalhada do Relat\u00f3rio Classificativo em termos da sua fun\u00e7\u00e3o, estrutura textual e padr\u00f5es gramaticais e lexicais.<\/p>\n<p><span style=\"color: #ff0000\">NOTA<\/span>:\u00a0A brochura encontra-se em prepara\u00e7\u00e3o. Poder\u00e1 aceder a uma apresenta\u00e7\u00e3o sobre os textos classificativos<span style=\"color: #ff0000\"> <a style=\"color: #ff0000\" href=\"http:\/\/sites.ipleiria.pt\/pge\/files\/2017\/10\/Caels-Quaresma-e-Barbeiro_2017.pdf\" target=\"_blank\" rel=\"noopener noreferrer\">aqui<\/a><\/span>.<\/p>\n<p><span style=\"color: #ffffff\">.<\/span><\/p>\n<hr \/>\n<p><strong><a href=\"http:\/\/sites.ipleiria.pt\/pge\/files\/2020\/01\/Brochura-g\u00e9neros-procedimentais_portal.pdf\" target=\"_blank\" rel=\"noopener noreferrer\"><img loading=\"lazy\" decoding=\"async\" class=\"alignleft wp-image-1052\" src=\"http:\/\/sites.ipleiria.pt\/pge\/files\/2019\/02\/imagem-brochura-g\u00e9neros-procedimentais-CN-211x300.png\" alt=\"\" width=\"177\" height=\"252\" srcset=\"https:\/\/sites.ipleiria.pt\/gdip\/files\/2019\/02\/imagem-brochura-g\u00e9neros-procedimentais-CN-211x300.png 211w, https:\/\/sites.ipleiria.pt\/gdip\/files\/2019\/02\/imagem-brochura-g\u00e9neros-procedimentais-CN.png 396w\" sizes=\"auto, (max-width: 177px) 100vw, 177px\" \/><\/a>5. G\u00e9neros procedimentais<\/strong><\/p>\n<p>A realiza\u00e7\u00e3o de experi\u00eancias e visitas de campo constitui uma componente fundamental do ensino das Ci\u00eancias. Esta brochura apresenta 2 g\u00e9neros que viabilizam, orientam e registam o resultado de tais atividades pr\u00e1ticas: a Instru\u00e7\u00e3o e o Relato de Procedimento. Para cada g\u00e9nero, \u00e9 feita uma caracteriza\u00e7\u00e3o \u00e0 luz da sua fun\u00e7\u00e3o, estrutura e padr\u00f5es lexicogramaticais. Inclui exemplos de textos de manuais escolares.<\/p>\n<p>Ver <a href=\"http:\/\/sites.ipleiria.pt\/pge\/files\/2020\/01\/Brochura-g\u00e9neros-procedimentais_portal.pdf\" target=\"_blank\" rel=\"noopener noreferrer\"><span style=\"color: #ff0000\">aqui<\/span><\/a>.<\/p>\n<p><span style=\"color: #ffffff\">.<\/span><\/p>\n<p style=\"text-align: right\"><a href=\"http:\/\/sites.ipleiria.pt\/pge\/recursos\/\"><span style=\"color: #ff0000\"><strong>\u21d0\u00a0<\/strong><\/span>(voltar \u00e0 p\u00e1gina Recursos)<\/a><\/p>\n<hr \/>\n<p><img loading=\"lazy\" decoding=\"async\" class=\"alignnone wp-image-1430 size-full\" src=\"http:\/\/sites.ipleiria.pt\/pge\/files\/2020\/04\/barra-logotipos_27abril2020.png\" alt=\"\" width=\"1085\" height=\"82\" srcset=\"https:\/\/sites.ipleiria.pt\/gdip\/files\/2020\/04\/barra-logotipos_27abril2020.png 1085w, https:\/\/sites.ipleiria.pt\/gdip\/files\/2020\/04\/barra-logotipos_27abril2020-300x23.png 300w, https:\/\/sites.ipleiria.pt\/gdip\/files\/2020\/04\/barra-logotipos_27abril2020-1024x77.png 1024w, https:\/\/sites.ipleiria.pt\/gdip\/files\/2020\/04\/barra-logotipos_27abril2020-768x58.png 768w, https:\/\/sites.ipleiria.pt\/gdip\/files\/2020\/04\/barra-logotipos_27abril2020-624x47.png 624w\" sizes=\"auto, (max-width: 1085px) 100vw, 1085px\" \/><\/p>\n","protected":false},"excerpt":{"rendered":"<p>A l\u00edngua e o conhecimento cient\u00edfico s\u00e3o indissoci\u00e1veis. Os alunos adquirem e exprimem grande parte dos conte\u00fados program\u00e1ticos por via da l\u00edngua (a par de outras modalidades comunicativas, como as imagens ou os gestos). As especificidades lingu\u00edsticas das Ci\u00eancias Naturais s\u00e3o variadas e complexas. Envolvem os termos t\u00e9cnicos, mas n\u00e3o s\u00f3! As Ci\u00eancias Naturais t\u00eam [&hellip;]<\/p>\n","protected":false},"author":3099,"featured_media":0,"parent":2,"menu_order":1,"comment_status":"closed","ping_status":"closed","template":"","meta":{"footnotes":""},"class_list":["post-26","page","type-page","status-publish","hentry"],"_links":{"self":[{"href":"https:\/\/sites.ipleiria.pt\/gdip\/wp-json\/wp\/v2\/pages\/26","targetHints":{"allow":["GET"]}}],"collection":[{"href":"https:\/\/sites.ipleiria.pt\/gdip\/wp-json\/wp\/v2\/pages"}],"about":[{"href":"https:\/\/sites.ipleiria.pt\/gdip\/wp-json\/wp\/v2\/types\/page"}],"author":[{"embeddable":true,"href":"https:\/\/sites.ipleiria.pt\/gdip\/wp-json\/wp\/v2\/users\/3099"}],"replies":[{"embeddable":true,"href":"https:\/\/sites.ipleiria.pt\/gdip\/wp-json\/wp\/v2\/comments?post=26"}],"version-history":[{"count":148,"href":"https:\/\/sites.ipleiria.pt\/gdip\/wp-json\/wp\/v2\/pages\/26\/revisions"}],"predecessor-version":[{"id":1564,"href":"https:\/\/sites.ipleiria.pt\/gdip\/wp-json\/wp\/v2\/pages\/26\/revisions\/1564"}],"up":[{"embeddable":true,"href":"https:\/\/sites.ipleiria.pt\/gdip\/wp-json\/wp\/v2\/pages\/2"}],"wp:attachment":[{"href":"https:\/\/sites.ipleiria.pt\/gdip\/wp-json\/wp\/v2\/media?parent=26"}],"curies":[{"name":"wp","href":"https:\/\/api.w.org\/{rel}","templated":true}]}}