{"id":47,"date":"2017-09-29T15:15:38","date_gmt":"2017-09-29T15:15:38","guid":{"rendered":"http:\/\/sites.ipleiria.pt\/pge\/?page_id=47"},"modified":"2024-07-01T17:46:59","modified_gmt":"2024-07-01T17:46:59","slug":"textos-modelo","status":"publish","type":"page","link":"https:\/\/sites.ipleiria.pt\/gdip\/textos-modelo\/","title":{"rendered":"Textos modelo"},"content":{"rendered":"<p><!--more-->Poder\u00e1 encontrar, nesta p\u00e1gina, exemplos textuais dos diferentes g\u00e9neros escolares.<\/p>\n<p>Os Textos modelo atualmente dispon\u00edveis compreendem as \u00e1reas de Hist\u00f3ria, Portugu\u00eas e Ci\u00eancias Naturais. Os textos foram extra\u00eddos, na sua maioria, de manuais do 2.\u00ba e do 3.\u00ba ciclos do Ensino B\u00e1sico.\u00a0Procurou-se assegurar, para cada g\u00e9nero, um m\u00ednimo de seis exemplos, tr\u00eas de cada ciclo de ensino.<\/p>\n<p>Cada texto inclu\u00eddo na base \u00e9 acompanhado de uma identifica\u00e7\u00e3o em termos de: g\u00e9nero, disciplina, ano, tema program\u00e1tico e manual. Ademais, apresenta-se para cada texto: (i) uma transcri\u00e7\u00e3o literal e (ii) uma an\u00e1lise estrutural. A estrutura engloba as\u00a0etapas e, sempre que pertinente, as fases no interior das etapas. Alguns exemplos s\u00e3o acompanhados de um esquema que representa a teia de conhecimento veiculada pelo texto.<\/p>\n<p><strong>Textos modelo de Ci\u00eancias Naturais<\/strong><\/p>\n<p>Inclui exemplos dos seguintes g\u00e9neros:<a href=\"http:\/\/sites.ipleiria.pt\/pge\/files\/2019\/11\/Textos-modelo-CN.pdf\" target=\"_blank\" rel=\"noopener noreferrer\"><img loading=\"lazy\" decoding=\"async\" class=\"alignright wp-image-1014 size-medium\" src=\"http:\/\/sites.ipleiria.pt\/pge\/files\/2019\/02\/imagem-textos-modelo-CN-212x300.png\" alt=\"\" width=\"212\" height=\"300\" srcset=\"https:\/\/sites.ipleiria.pt\/gdip\/files\/2019\/02\/imagem-textos-modelo-CN-212x300.png 212w, https:\/\/sites.ipleiria.pt\/gdip\/files\/2019\/02\/imagem-textos-modelo-CN.png 396w\" sizes=\"auto, (max-width: 212px) 100vw, 212px\" \/><\/a><\/p>\n<ul>\n<li>Instru\u00e7\u00e3o<\/li>\n<li>Relato de procedimento<\/li>\n<li>Protocolo<\/li>\n<li>Relat\u00f3rio Descritivo<\/li>\n<li>Relat\u00f3rio Classificativo<\/li>\n<li>Relat\u00f3rio Composicional<\/li>\n<li>Explica\u00e7\u00e3o Sequencial<\/li>\n<li>Explica\u00e7\u00e3o Fatorial<\/li>\n<li>Explica\u00e7\u00e3o Consequencial<\/li>\n<li>Relato Biogr\u00e1fico<\/li>\n<li>Relato Hist\u00f3rico<\/li>\n<\/ul>\n<p><a href=\"http:\/\/sites.ipleiria.pt\/pge\/files\/2019\/11\/Textos-modelo-CN.pdf\" target=\"_blank\" rel=\"noopener noreferrer\"><span style=\"color: #ff0000\">ver mais<\/span><\/a><\/p>\n<hr \/>\n<p><strong><a href=\"http:\/\/sites.ipleiria.pt\/pge\/files\/2020\/01\/Textos-modelo-Hist\u00f3ria.pdf\" target=\"_blank\" rel=\"noopener noreferrer\"><img loading=\"lazy\" decoding=\"async\" class=\"alignright wp-image-1019 size-medium\" src=\"http:\/\/sites.ipleiria.pt\/pge\/files\/2019\/02\/imagem-textos-modelo-Hist\u00f3ria-213x300.png\" alt=\"\" width=\"213\" height=\"300\" srcset=\"https:\/\/sites.ipleiria.pt\/gdip\/files\/2019\/02\/imagem-textos-modelo-Hist\u00f3ria-213x300.png 213w, https:\/\/sites.ipleiria.pt\/gdip\/files\/2019\/02\/imagem-textos-modelo-Hist\u00f3ria.png 397w\" sizes=\"auto, (max-width: 213px) 100vw, 213px\" \/><\/a>Textos modelo de Hist\u00f3ria<\/strong><\/p>\n<p>Inclui exemplos dos seguintes g\u00e9neros:<\/p>\n<ul>\n<li>Relato Biogr\u00e1fico<\/li>\n<li>Relato Hist\u00f3rico<\/li>\n<li>Explica\u00e7\u00e3o Hist\u00f3rica<\/li>\n<li>Explica\u00e7\u00e3o Fatorial<\/li>\n<li>Explica\u00e7\u00e3o Consequencial<\/li>\n<li>Relat\u00f3rio Descritivo<\/li>\n<li>Relat\u00f3rio Classificativo<\/li>\n<li>Relat\u00f3rio Composicional<\/li>\n<\/ul>\n<p><a href=\"http:\/\/sites.ipleiria.pt\/pge\/files\/2020\/01\/Textos-modelo-Hist\u00f3ria.pdf\" target=\"_blank\" rel=\"noopener noreferrer\"><span style=\"color: #ff0000\">ver mais<\/span><\/a><\/p>\n<hr \/>\n<p><strong>Exemplos de Texto Expositivo\u00a0<\/strong><img loading=\"lazy\" decoding=\"async\" class=\"wp-image-1024 size-medium alignright\" src=\"http:\/\/sites.ipleiria.pt\/pge\/files\/2019\/02\/imagem-textos-modelo-Texto-Expositivo-212x300.png\" alt=\"\" width=\"212\" height=\"300\" srcset=\"https:\/\/sites.ipleiria.pt\/gdip\/files\/2019\/02\/imagem-textos-modelo-Texto-Expositivo-212x300.png 212w, https:\/\/sites.ipleiria.pt\/gdip\/files\/2019\/02\/imagem-textos-modelo-Texto-Expositivo.png 397w\" sizes=\"auto, (max-width: 212px) 100vw, 212px\" \/><\/p>\n<p>Inclui exemplos dos seguintes subtipos:<\/p>\n<ul>\n<li>Expositivo: Descri\u00e7\u00e3o<\/li>\n<li>Expositivo: Relato<\/li>\n<li>Expositivo: Explica\u00e7\u00e3o<\/li>\n<\/ul>\n<p><strong>EM PREPARA\u00c7\u00c3O<\/strong><\/p>\n<hr \/>\n<p><img decoding=\"async\" src=\"https:\/\/sites.ipleiria.pt\/emda\/files\/2021\/07\/logotipos.001-1-e1625577648547.jpeg\" alt=\"Esta imagem tem um texto alternativo em branco, o nome da imagem \u00e9 logotipos.001-1-e1625577648547.jpeg\" \/><\/p>\n\n\n<hr class=\"wp-block-separator has-alpha-channel-opacity\" \/>\n\n\n\n<p><strong>Centro de Estudos de Lingu\u00edstica Geral e Aplicada (CELGA-ILTEC) da Universidade de Coimbra | desde 2018 |\u00a0<\/strong><a href=\"https:\/\/sites.ipleiria.pt\/pge\/apresentacao\/contactos\/\">contactos<\/a><\/p>\n","protected":false},"excerpt":{"rendered":"","protected":false},"author":3099,"featured_media":0,"parent":0,"menu_order":0,"comment_status":"closed","ping_status":"closed","template":"","meta":{"footnotes":""},"class_list":["post-47","page","type-page","status-publish","hentry"],"_links":{"self":[{"href":"https:\/\/sites.ipleiria.pt\/gdip\/wp-json\/wp\/v2\/pages\/47","targetHints":{"allow":["GET"]}}],"collection":[{"href":"https:\/\/sites.ipleiria.pt\/gdip\/wp-json\/wp\/v2\/pages"}],"about":[{"href":"https:\/\/sites.ipleiria.pt\/gdip\/wp-json\/wp\/v2\/types\/page"}],"author":[{"embeddable":true,"href":"https:\/\/sites.ipleiria.pt\/gdip\/wp-json\/wp\/v2\/users\/3099"}],"replies":[{"embeddable":true,"href":"https:\/\/sites.ipleiria.pt\/gdip\/wp-json\/wp\/v2\/comments?post=47"}],"version-history":[{"count":47,"href":"https:\/\/sites.ipleiria.pt\/gdip\/wp-json\/wp\/v2\/pages\/47\/revisions"}],"predecessor-version":[{"id":2334,"href":"https:\/\/sites.ipleiria.pt\/gdip\/wp-json\/wp\/v2\/pages\/47\/revisions\/2334"}],"wp:attachment":[{"href":"https:\/\/sites.ipleiria.pt\/gdip\/wp-json\/wp\/v2\/media?parent=47"}],"curies":[{"name":"wp","href":"https:\/\/api.w.org\/{rel}","templated":true}]}}