{"id":1932,"date":"2021-04-29T09:37:52","date_gmt":"2021-04-29T09:37:52","guid":{"rendered":"https:\/\/icowefs2021.sites.ipleiria.pt\/?page_id=1932"},"modified":"2022-08-01T09:12:14","modified_gmt":"2022-08-01T09:12:14","slug":"10-mai-2021","status":"publish","type":"page","link":"https:\/\/sites.ipleiria.pt\/icowefs2021\/10-mai-2021\/","title":{"rendered":"10 Mai 2021"},"content":{"rendered":"\n<h2 class=\"has-text-align-center wp-block-heading\">Monday, 10 May 2021<\/h2>\n\n\n\n<div class=\"wp-block-image\"><figure class=\"aligncenter size-large\"><img decoding=\"async\" width=\"144\" height=\"6\" src=\"http:\/\/icowefs2021.sites.ipleiria.pt\/files\/2020\/05\/linha.png\" alt=\"\" class=\"wp-image-647\"\/><\/figure><\/div>\n\n\n\n<div style=\"height:50px\" aria-hidden=\"true\" class=\"wp-block-spacer\"><\/div>\n\n\n\n<h3 class=\"wp-block-heading\"><strong>Main Room<\/strong><\/h3>\n\n\n\n<figure class=\"wp-block-table is-style-stripes\"><table><tbody><tr><td>9:30 AM*<\/td><td>Opening Ceremony<br>Session chair: Jo\u00e3o Galv\u00e3o<\/td><\/tr><tr><td>10:15 AM<\/td><td>Keynote #1 &#8211; Howard Dryden<br>GOES foundation<br>University of Edinburgh, Scotland UK<br>\u201cAll life on Earth depends upon healthy Oceans \u2013 Choose your lifeline\u201d<\/td><\/tr><tr><td>11:00 AM<\/td><td>Coffee-break<\/td><\/tr><tr><td>* Lisbon time<\/td><td><\/td><\/tr><\/tbody><\/table><\/figure>\n\n\n\n<div style=\"height:30px\" aria-hidden=\"true\" class=\"wp-block-spacer\"><\/div>\n\n\n\n<h3 class=\"wp-block-heading\"><strong>Paralel Sessions . 11:15 AM &#8211; 1:00 PM<\/strong><\/h3>\n\n\n\n<h4 class=\"wp-block-heading\"><strong>Room #1 . Agrifood<\/strong><\/h4>\n\n\n\n<figure class=\"wp-block-table is-style-regular\"><table><thead><tr><th><\/th><th>Paper#<\/th><th>Agrifood <br><strong>Session chair: <\/strong>Carla Guimar\u00e3es<\/th><\/tr><\/thead><tbody><tr><td>1<\/td><td>40<\/td><td><strong>Effects of COVID-19 on Food Security, Safety and the Supply Chain<br><\/strong>Haley Fox, Jennyfer Pi\u00f1a, Miranda Reinhart &amp; Ahmad Pourmovahed<\/td><\/tr><tr><td>2<\/td><td>105<\/td><td><strong>Understanding the behavior of the Low-Income Population when purchasing fruits and vegetables. Case study of Cochabamba (Cercado) &#8211; Bolivia.<\/strong><br>Agatha Clarice Da Silva Ovando &amp; Carla Andrea Ocampo Terceros<\/td><\/tr><tr><td>3<\/td><td>61<\/td><td><strong>Gendered video production for livestock farmers in Senegal<\/strong><br>Eija Laitinen<\/td><\/tr><tr><td>4<\/td><td>22<\/td><td><strong>How sustainable is the Millennials&#8217; diet? Reflections on a qualitative study<\/strong><br>Mar\u00eda Su\u00e1rez-G\u00f3mez &amp; Rosalina Pisco Costa<\/td><\/tr><tr><td>5<\/td><td>83<\/td><td><strong>What do 3rd level students consider a sustainable diet? A qualitative study<\/strong><br>Diarmuid Loftus &amp; Maria Dermiki<\/td><\/tr><\/tbody><\/table><\/figure>\n\n\n\n<h4 class=\"wp-block-heading\"><strong>Room #2 . Energy<\/strong><\/h4>\n\n\n\n<figure class=\"wp-block-table is-style-regular\"><table><thead><tr><th><\/th><th>Paper#<\/th><th>Energy<br><strong>Session chair: <\/strong>Hermano Bernardo<\/th><\/tr><\/thead><tbody><tr><td>1<\/td><td>53<\/td><td><strong>Comparative Performance and Efficiency of EURO VI Heavy-Duty engines fueled by Biodiesel, HVO and Diesel<\/strong><br>Luis Serrano, Nuno Pereira &amp; Paulo Matos de Carvalho<\/td><\/tr><tr><td>2<\/td><td>30<\/td><td><strong>Study of a mid-scale prototype of biogas in a pig farm using grape waste in anaerobic co-digestion<\/strong><br>A.I. Parralejo, L. Royano, M.A. Serrano, J. Cabanillas &amp; J. Gonz\u00e1lez<\/td><\/tr><tr><td>3<\/td><td>86<\/td><td><strong>Enhancement of biogas production from swine wastewater using electrochemical pretreatment and anaerobic co-digestion with rice straw<\/strong><br>G. Lourinho &amp; P. S. D. Brito<\/td><\/tr><tr><td>4<\/td><td>128<\/td><td><strong>Effect Of Combined Alkali-Thermal Pretreatment On Methane Potential From BMP Of Date Palm Empty Fruit Bunch<\/strong><br>Nabila Lahboubi, Ikram Naim, Sanae Habchi, Azzouz Essamri &amp; Hassan El Bari<\/td><\/tr><tr><td>5<\/td><td>28<\/td><td><strong>Size screenig and washing to improve pellet quality solid biofuel from plum tree pruning biomass<\/strong><br>Luis Royano Barroso, Ana Parralejo Alcobendas, Manuel Acevedo Serrano, Juan Cabanillas Patilla, Juan F\u00e9lix Gonz\u00e1lez Gonz\u00e1lez &amp; Jer\u00f3nimo Gonz\u00e1lez Cort\u00e9s<\/td><\/tr><\/tbody><\/table><\/figure>\n\n\n\n<h4 class=\"wp-block-heading\"><strong>Room #3 . Water<\/strong><\/h4>\n\n\n\n<figure class=\"wp-block-table is-style-regular\"><table><thead><tr><th><\/th><th>Paper#<\/th><th>Water<br><strong>Session chair<\/strong>: Susana Neto<\/th><\/tr><\/thead><tbody><tr><td>1<\/td><td>50<\/td><td><strong>eSmartWatering &#8211; A more sustainable solution for irrigation<\/strong><br>Jo\u00e3o Ascens\u00e3o, Rui Alves &amp; Paulo Matos<\/td><\/tr><tr><td>2<\/td><td>29<\/td><td><strong>Impact of Permeable Pavement on Stormwater Runoff in Urban Areas: A Case Study of Leiria<\/strong><br>Nahum Santos, Ricardo Gomes &amp; Anabela Veiga<\/td><\/tr><tr><td>3<\/td><td>26<\/td><td><strong>Potential for the Use of Rainwater in Higher Education Institutions: A Case Study of Building D of Campus 2 of the Polytechnic of Leiria<\/strong><br>Sara Bona &amp; Ricardo Gomes<\/td><\/tr><tr><td>4<\/td><td>58<\/td><td><strong>Real and virtual water in civil construction<\/strong><br>Silva, M.D.N., Duarte, Andr\u00e9 Montenegro &amp; Vinagre, M.V.A.<\/td><\/tr><tr><td>5<\/td><td>129<\/td><td><strong>A contribution to overcome water management challenges in Brazil<\/strong><br>Lisiane Ilha LIbrelotto, Paulo Cesar Machado Ferroli, Fl\u00e1vio Craveiro &amp; Helena B\u00e1rtolo<\/td><\/tr><\/tbody><\/table><\/figure>\n\n\n\n<h3 class=\"wp-block-heading\"><strong>Main Room<\/strong><\/h3>\n\n\n\n<figure class=\"wp-block-table is-style-stripes\"><table><tbody><tr><td>1:00 PM<\/td><td>Lunch break<\/td><\/tr><tr><td>02:00 PM<\/td><td>Keynote #2 &#8211; Francisco G\u00edrio<br>LNEG-National Laboratory of Energy and Geology, Portugal<br>\u201cBiochemical Biorefineries for Advanced Biofuels\u201d<\/td><\/tr><tr><td>2:45 PM<\/td><td>Session for Sponsors \/ Technical Sessions<\/td><\/tr><tr><td>3:30 PM<\/td><td>Coffee-break<\/td><\/tr><\/tbody><\/table><\/figure>\n\n\n\n<div style=\"height:30px\" aria-hidden=\"true\" class=\"wp-block-spacer\"><\/div>\n\n\n\n<h3 class=\"wp-block-heading\"><strong>Paralel Sessions . 3:45 PM &#8211; 5:00 PM<\/strong><\/h3>\n\n\n\n<h4 class=\"wp-block-heading\"><strong>Room #1 . Agrifood<\/strong><\/h4>\n\n\n\n<figure class=\"wp-block-table is-style-regular\"><table><thead><tr><th><\/th><th>Paper#<\/th><th>Agrifood<br><strong>Session chair<\/strong>: Fernando Lidon<\/th><\/tr><\/thead><tbody><tr><td>1<\/td><td>125<\/td><td><strong>Integrating the Sustainable Development Goals with the Water-Energy-Food nexus: a model for agro-industrial companies<\/strong><br>Fernando Caixeta, Pedro Saraiva &amp; Fausto Freire<\/td><\/tr><tr><td>2<\/td><td>107<\/td><td><strong>Island housing and peri-urban agriculture in the city of Luanda<\/strong><br>Filomena do Esp\u00edrito Santo Carvalho, Miguel Amado, Manuel Duarte Pinheiro &amp; Ant\u00f3nio Gameiro<\/td><\/tr><tr><td>3<\/td><td>59<\/td><td><strong>Greenhouse gas emissions from subsistence dairy livestock in rural livelihoods in the northern Andes of Ecuador<\/strong><br>Jhenny Cayambe, Marco Heredia, Luis Valencia, Bolier Torres, Carlos G H D\u00edaz-Ambrona &amp; Theofilos Toulkeridis<\/td><\/tr><tr><td>4<\/td><td>18<\/td><td><strong>Sustainability and Rural Development through the Production of Organic Cocoa in Calceta \u2013 Ecuador: Economic Analysis and Assessment of the Implications on the Living Standards of Farmers<\/strong><br>Marlon Arturo Cede\u00f1o \u00c1lava, David Giband &amp; Luz Cecilia Garc\u00eda Cruzatty<\/td><\/tr><tr><td>5<\/td><td>42<\/td><td><strong>Cultivation of Gracilaria gracilis in an aquaculture system at Mondego River (Portugal) estuary adjacent terrain<\/strong><br>Ana Carolina In\u00e1cio, Tiago Morais, Jo\u00e3o Cotas, Leonel Pereira &amp; Kiril Bahcevandziev<\/td><\/tr><\/tbody><\/table><\/figure>\n\n\n\n<h4 class=\"wp-block-heading\"><strong>Room #2 . Energy<\/strong><\/h4>\n\n\n\n<figure class=\"wp-block-table is-style-regular\"><table><thead><tr><th><\/th><th>Paper#<\/th><th>Energy<br><strong>Session chair: <\/strong>Paulo Brito<\/th><\/tr><\/thead><tbody><tr><td>1<\/td><td>130<\/td><td><strong>Hydrogen Peroxide Pretreatment of Lignocellulosic Biomass (Pepper Plant and Eggplant) For Anaerobic Digestion<\/strong><br>K.Hamraoui, H.El Bari,J.A. Siles, A.F. Chica &amp; \u00c1ngeles Mart\u00edn Santos<\/td><\/tr><tr><td>2<\/td><td>99<\/td><td><strong>Effect of Temperature on The Gasification of Olive Prune Pellets<\/strong><br>Carla Barros, Eveline Santos, Ana Assis, Carline Ribeiro, Ligia Gomes, Vitor Matos, Victor Arruda, Roberta Panizio, Lu\u00eds Calado, Pedro Romano, Luiz Rodrigues &amp; Paulo Brito<\/td><\/tr><tr><td>3<\/td><td>78<\/td><td><strong>Factors affecting landowners\u2019 decision to invest in photovoltaics on their farmland: The case of landowners in a Greek rural area<\/strong><br>Evangelia Karasmanaki, Despoina Sfiri &amp; Georgios Tsantopoulos<\/td><\/tr><tr><td>4<\/td><td>79<\/td><td><strong>Factors and barriers towards investments in photovoltaics among landowners: A case study from Greece<\/strong><br>Evangelia Karasmanaki, Despoina Sfiri &amp; Georgios Tsantopoulos<\/td><\/tr><tr><td>5<\/td><td>96<\/td><td><strong>Anaerobic Digestion of Cork Boiling Wastewater \u2013 Effect of Agitation<\/strong><br>Vitor de Oliveira Matos, Lu\u00eds do Carmo-Calado, Victor Arruda Ferraz de Campos, Pedro Romano, Paulo S\u00e9rgio Duque de Brito, Luiz Rodrigues &amp; Roberta Mota-Panizio<\/td><\/tr><\/tbody><\/table><\/figure>\n\n\n\n<h4 class=\"wp-block-heading\"><strong>Room #3 . Water<\/strong><\/h4>\n\n\n\n<figure class=\"wp-block-table is-style-regular\"><table><thead><tr><th><\/th><th>Paper#<\/th><th>Water<br><strong>Session chair<\/strong>: Joaquim Sousa<\/th><\/tr><\/thead><tbody><tr><td>1<\/td><td>41<\/td><td><strong>Urban development and water supply system: A case study on Comilla City Corporation<\/strong><br>G.M. Sarwar Badhan, Reetika Ali &amp; Sabkat Kamal<\/td><\/tr><tr><td>2<\/td><td>87<\/td><td><strong>Building a Digital Twin for the Management of Pressurised Collective Irrigation Systems<\/strong><br>Madalena Moreira, Sandra Mourato, Carlos Rodrigues, Sandra Silva, Rita Guimar\u00e3es &amp; Carlos Chibeles<\/td><\/tr><tr><td>3<\/td><td>90<\/td><td><strong>Evaluation of chemical impacts of rice irrigated with urban treated wastewater<\/strong><br>Isabel Maria Duarte, Ana Rita Cardoso, Helena Marques, Filipe Melo, Jos\u00e9 Borralho, Paula Amador, Kiril Bahcevandziev, Teresa Vasconcelos, Jos\u00e9 M. Gon\u00e7alves &amp; M\u00e1rio Pina Barreto<\/td><\/tr><tr><td>4<\/td><td>47<\/td><td><strong>Exploring the potential of Remote Sensing in irrigation management at district scale. Study on Lis Valley, Portugal<\/strong><br>Susana Ferreira, Juan M. Sanch\u00e9z &amp; J.M. Gon\u00e7alves<\/td><\/tr><\/tbody><\/table><\/figure>\n\n\n\n<h4 class=\"wp-block-heading\"><strong>Room #4 . Sustainability<\/strong><\/h4>\n\n\n\n<figure class=\"wp-block-table is-style-regular\"><table><thead><tr><th><\/th><th>Paper#<\/th><th>Sustainability<br><strong>Session chair: <\/strong>Cristina Andrade<\/th><\/tr><\/thead><tbody><tr><td>1<\/td><td>19<\/td><td><strong>3D printing filaments from kenaf, poplar and agricultural residues<\/strong><br>M. Acevedo, L. Royano, A.I. Parralejo, J. Cabanillas, J.F. Gonz\u00e1lez &amp; J. Gonz\u00e1lez<\/td><\/tr><tr><td>2<\/td><td>100<\/td><td><strong>Development of a Pine Tree Thermal Model Used in Forest Fire Environments<\/strong><br>Eus\u00e9bio Concei\u00e7\u00e3o, Jo\u00e3o Gomes, M\u00aa Manuela L\u00facio, Jorge Raposo, Domingos Xavier &amp; M\u00aa Teresa Viegas<\/td><\/tr><tr><td>3<\/td><td>21<\/td><td><strong>Comparative analysis of soil slope stability, using dynamic and pseudo-static methods on the Garrapata &#8211; Santa Maria road, Manabi Province, Ecuador<\/strong><br>Luc\u00eda Mac\u00edas, Digna Loor, Eduardo Ortiz-Hern\u00e1ndez, Gema Casanova, Daniel Delgado1<\/td><\/tr><tr><td>4<\/td><td>95<\/td><td><strong>Implementation of the Eco-Schools Program in Higher Education &#8211; a path to environmental sustainability at IPC<\/strong><br>\u00c1lvaro Leal, H\u00e9lder Sim\u00f5es, Jo\u00e3o Figueiredo, Ant\u00f3nio Loureiro, S\u00edlvia Seco &amp; Ana Ferreira<\/td><\/tr><\/tbody><\/table><\/figure>\n","protected":false},"excerpt":{"rendered":"<p>Monday, 10 May 2021 Main Room 9:30 AM* Opening CeremonySession chair: Jo\u00e3o Galv\u00e3o 10:15 AM Keynote #1 &#8211; Howard DrydenGOES foundationUniversity of Edinburgh, Scotland UK\u201cAll life on Earth depends upon healthy Oceans \u2013 Choose your lifeline\u201d 11:00 AM Coffee-break * Lisbon time Paralel Sessions . 11:15 AM &#8211; 1:00 PM Room #1 . Agrifood Paper# [&hellip;]<\/p>\n","protected":false},"author":4,"featured_media":0,"parent":0,"menu_order":0,"comment_status":"closed","ping_status":"closed","template":"","meta":{"_monsterinsights_skip_tracking":false,"_monsterinsights_sitenote_active":false,"_monsterinsights_sitenote_note":"","_monsterinsights_sitenote_category":0,"footnotes":""},"class_list":["post-1932","page","type-page","status-publish","hentry"],"_links":{"self":[{"href":"https:\/\/sites.ipleiria.pt\/icowefs2021\/wp-json\/wp\/v2\/pages\/1932","targetHints":{"allow":["GET"]}}],"collection":[{"href":"https:\/\/sites.ipleiria.pt\/icowefs2021\/wp-json\/wp\/v2\/pages"}],"about":[{"href":"https:\/\/sites.ipleiria.pt\/icowefs2021\/wp-json\/wp\/v2\/types\/page"}],"author":[{"embeddable":true,"href":"https:\/\/sites.ipleiria.pt\/icowefs2021\/wp-json\/wp\/v2\/users\/4"}],"replies":[{"embeddable":true,"href":"https:\/\/sites.ipleiria.pt\/icowefs2021\/wp-json\/wp\/v2\/comments?post=1932"}],"version-history":[{"count":39,"href":"https:\/\/sites.ipleiria.pt\/icowefs2021\/wp-json\/wp\/v2\/pages\/1932\/revisions"}],"predecessor-version":[{"id":2413,"href":"https:\/\/sites.ipleiria.pt\/icowefs2021\/wp-json\/wp\/v2\/pages\/1932\/revisions\/2413"}],"wp:attachment":[{"href":"https:\/\/sites.ipleiria.pt\/icowefs2021\/wp-json\/wp\/v2\/media?parent=1932"}],"curies":[{"name":"wp","href":"https:\/\/api.w.org\/{rel}","templated":true}]}}