{"id":1983,"date":"2021-04-29T10:15:03","date_gmt":"2021-04-29T10:15:03","guid":{"rendered":"https:\/\/icowefs2021.sites.ipleiria.pt\/?page_id=1983"},"modified":"2022-08-01T09:12:59","modified_gmt":"2022-08-01T09:12:59","slug":"11-mai-2021","status":"publish","type":"page","link":"https:\/\/sites.ipleiria.pt\/icowefs2021\/11-mai-2021\/","title":{"rendered":"11 Mai 2021"},"content":{"rendered":"\n<h2 class=\"has-text-align-center wp-block-heading\">Tuesday, 11 May 2021<\/h2>\n\n\n\n<div class=\"wp-block-image\"><figure class=\"aligncenter size-large\"><img decoding=\"async\" width=\"144\" height=\"6\" src=\"http:\/\/icowefs2021.sites.ipleiria.pt\/files\/2020\/05\/linha.png\" alt=\"\" class=\"wp-image-647\"\/><\/figure><\/div>\n\n\n\n<div style=\"height:50px\" aria-hidden=\"true\" class=\"wp-block-spacer\"><\/div>\n\n\n\n<h3 class=\"wp-block-heading\"><strong>Main Room<\/strong><\/h3>\n\n\n\n<figure class=\"wp-block-table is-style-stripes\"><table><tbody><tr><td>9:30 AM*<\/td><td>Keynote #3 &#8211; Annukka Pakarinen<br>H\u00e4me University of Applied Sciences, Finland<br>\u201cSmart Bioeconomy to Enable Sustainability\u201d<br>Session chair: Jo\u00e3o Galv\u00e3o<\/td><\/tr><tr><td>10:15 AM<\/td><td>Keynote #4 &#8211; Alberto C. Neto<br>CEO BEWG PT<br>\u201cThe future challenges of water management as a finite resource\u201d<br>Session chair: Jo\u00e3o Galv\u00e3o<\/td><\/tr><tr><td>11:00 AM<\/td><td>Coffee-break<\/td><\/tr><tr><td>* Lisbon time<\/td><td><\/td><\/tr><\/tbody><\/table><\/figure>\n\n\n\n<div style=\"height:30px\" aria-hidden=\"true\" class=\"wp-block-spacer\"><\/div>\n\n\n\n<h3 class=\"wp-block-heading\"><strong>Paralel Sessions . 11:15 AM &#8211; 1:00 PM<\/strong><\/h3>\n\n\n\n<h4 class=\"wp-block-heading\"><strong>Room #1 . Agrifood<\/strong><\/h4>\n\n\n\n<figure class=\"wp-block-table is-style-regular\"><table><thead><tr><th><\/th><th>Paper#<\/th><th>Agrifood<br><strong>Session chair<\/strong>: Teresa Mouga<\/th><\/tr><\/thead><tbody><tr><td>1<\/td><td>54<\/td><td><strong>The challenges of water saving in rice irrigation: field assessment of alternate wetting and drying flooding and drip irrigation techniques in the Lis Valley, Portugal<\/strong><br>Jos\u00e9 M. Gon\u00e7alves, Manuel Nunes, Ant\u00f3nio Jord\u00e3o, Susana Ferreira , Rui Eug\u00e9nio, Javier Bigeriego, Isabel Duarte, Paula Amador, Olga Filipe, Henrique Dam\u00e1sio &amp; Kiril Bahcevandziev<\/td><\/tr><tr><td>2<\/td><td>76<\/td><td><strong>Application of Remote Sensing based tools for improving agricultural management in paddy fields in the Lower Mondego region<\/strong><br>Romeu G. Jorge, Isabel P. de Lima &amp; Jo\u00e3o L.M.P. de Lima<\/td><\/tr><tr><td>3<\/td><td>115<\/td><td><strong>Risks Perceptions on Rice Production: Baixo Mondego, Portugal<\/strong><br>Maria de F\u00e1tima Oliveira, S\u00e9rgio Oliveira, Ant\u00f3nio Russo, Kiril Bahcevandziev, Ana Bela Lopes, Jos\u00e9 M. Gon\u00e7alves, Ant\u00f3nio Dinis Ferreira &amp; Pedro Arnaldo Reis<\/td><\/tr><tr><td>4<\/td><td>114<\/td><td><strong>Urban Hydroponic Herb and Spice Garden<\/strong><br>J. Miller, Z. Spinning, O. Swain, M. Sanchez &amp; A. Pourmovahed<\/td><\/tr><tr><td>5<\/td><td>45<\/td><td><strong>Sand-dune plants from the Atlantic coast of the Iberian Peninsula: features &amp; applications<\/strong><br>Tiago Parracho, Daniela C. Vaz, Paula Ver\u00edssimo &amp; V\u00e2nia Ribeiro<\/td><\/tr><\/tbody><\/table><\/figure>\n\n\n\n<h4 class=\"wp-block-heading\"><strong>Room #2 . Energy<\/strong><\/h4>\n\n\n\n<figure class=\"wp-block-table is-style-regular\"><table><thead><tr><th><\/th><th>Paper#<\/th><th>Energy<br><strong>Session chair: <\/strong>Jo\u00e3o Sousa<\/th><\/tr><\/thead><tbody><tr><td>1<\/td><td>70<\/td><td><strong>Analysis of specific energy consumption of wastewater treatment plants in the north of Portugal<\/strong><br>Bruno J. Cardoso, Eug\u00e9nio Rodrigues, Ad\u00e9lio R. Gaspar &amp; \u00c1lvaro Gomes<\/td><\/tr><tr><td>2<\/td><td>85<\/td><td><strong>Energy-efficient dewatering technique for recycled films<\/strong><br>Joel C. Vasco, Nelson Silva, Fernando Lagoa, Carlos Capela, Lizete Heleno, Marcelo Gaspar &amp; Nelson Oliveira<\/td><\/tr><tr><td>3<\/td><td>62<\/td><td><strong>Performance of thermal break strips in lightweight steel framed walls<\/strong><br>Telmo Ribeiro, Paulo Santos &amp; Diogo Mateus<\/td><\/tr><tr><td>4<\/td><td>77<\/td><td><strong>Thermal balance analysis in a Light Steel Frame residence with different insulation material thickness<\/strong><br>Isabel Oberderfer Consoli, Ney Lyzandro Tabalipa &amp; Carlos Alberto Rodrigues Andrade<\/td><\/tr><tr><td>5<\/td><td>94<\/td><td><strong>Infrasound and low-frequency noise produced by wind turbines in housings &#8211; Case studies<\/strong><br>Jo\u00e3o Almeida, Andreia Videira, Jo\u00e3o Paulo Figueiredo &amp; Ana Ferreira<\/td><\/tr><tr><td>6<\/td><td>46<\/td><td><strong>Smart Energy in Sustainable Services Building<\/strong><br>Jo\u00e3o Galv\u00e3o, Rita Ascenso, Sofia Pereira, Lic\u00ednio Moreira &amp; Filipe Neves<\/td><\/tr><\/tbody><\/table><\/figure>\n\n\n\n<h4 class=\"wp-block-heading\"><strong>Room #4 . Sustainability<\/strong><\/h4>\n\n\n\n<figure class=\"wp-block-table is-style-regular\"><table><thead><tr><th><\/th><th>Paper#<\/th><th>Sustainability<br><strong>Session chair: <\/strong>Henrique Miranda<\/th><\/tr><\/thead><tbody><tr><td>1<\/td><td>73<\/td><td><strong>Indoor Air Quality, Ultrafine Particles in Offices and Services of Coimbra Health School<\/strong><br>Fernando Moreira, Ana Ferreira, Jo\u00e3o Paulo Figueiredo &amp; In\u00eas Caseiro<\/td><\/tr><tr><td>2<\/td><td>74<\/td><td><strong>Indoor Air Quality, Ultrafine Particles in Laboratories and Classrooms of Coimbra Health School<\/strong><br>Fernando Moreira, Ana Ferreira, Jo\u00e3o Paulo Figueiredo &amp; Ruben Ferreira<\/td><\/tr><tr><td>3<\/td><td>75<\/td><td><strong>Towards The Concept Of A Digital Green Twin For A Sustainable Product Lifecycle<\/strong><br>Jan Michael, Eva-Maria Grote, Stefan Achilles Pfeifer, Rik Rasor, Christian Henke, Ansgar Tr\u00e4chtler &amp; Lydia Kaiser<\/td><\/tr><tr><td>4<\/td><td>80<\/td><td><strong>Planning for urban sustainability: a complex adaptive system analyses of the Lisbon Green Infrastructure<\/strong><br>Ticiana Ponte &amp; Margarida Queir\u00f3s<\/td><\/tr><tr><td>5<\/td><td>84<\/td><td><strong>Time of day and workdays vs. weekend differences in the use of cultural ecosystem services in urban parks (Coimbra, Portugal)<\/strong><br>Lu\u00eds Valen\u00e7a Pinto, Carla S.S. Ferreira &amp; Paulo Pereira<\/td><\/tr><\/tbody><\/table><\/figure>\n\n\n\n<h3 class=\"wp-block-heading\"><strong>Main Room<\/strong><\/h3>\n\n\n\n<figure class=\"wp-block-table is-style-stripes\"><table><tbody><tr><td>1:00 PM<\/td><td>Lunch break<\/td><\/tr><tr><td>02:00 PM<\/td><td>Keynote #5 &#8211; Saifur Rahman<br>Joseph Loring Professor &amp; Director Virginia Tech Advanced Research Institute, USA<br>\u201cGlobal Electric Power Sector: Engaging with Environment Issues\u201d<br>Session chair: Jo\u00e3o Galv\u00e3o<\/td><\/tr><tr><td>2:45 PM<\/td><td>Session for Sponsors \/ Technical Sessions<\/td><\/tr><tr><td>3:30 PM<\/td><td>Coffee-break<\/td><\/tr><\/tbody><\/table><\/figure>\n\n\n\n<div style=\"height:30px\" aria-hidden=\"true\" class=\"wp-block-spacer\"><\/div>\n\n\n\n<h3 class=\"wp-block-heading\"><strong>Paralel Sessions . 3:45 PM &#8211; 5:00 PM<\/strong><\/h3>\n\n\n\n<h4 class=\"wp-block-heading\"><strong>Room #1 . Agrifood<\/strong><\/h4>\n\n\n\n<figure class=\"wp-block-table is-style-regular\"><table><thead><tr><th><\/th><th>Paper#<\/th><th>Agrifood<br><strong>Session chair<\/strong>: Lu\u00eds Soares<\/th><\/tr><\/thead><tbody><tr><td>1<\/td><td>37<\/td><td><strong>Comparison of chemical parameters in zinc biofortified flours of Triticum aestivum L.: development of a functional food<\/strong><br>In\u00eas Carmo Lu\u00eds, Ana Coelho Marques, Cl\u00e1udia Campos Pessoa, Diana Daccak, Ana Rita F. Coelho, Fernando C. Lidon, Manuel Patanita, Jos\u00e9 D\u00f4res, Manuela Sim\u00f5es, Ana Sofia Almeida, Ana Sofia Bagulho, Jos\u00e9 Moreira, Maria Fernanda Pessoa, Maria Manuela Silva, Fernando Henrique Reboredo, Paulo Legoinha, Paula Scotti Campos, Isabel P. Pais &amp; Jos\u00e9 C. Ramalhoe<\/td><\/tr><tr><td>2<\/td><td>34<\/td><td><strong>Calcium biofortification in Solanum tuberosum L. cv.Agria: A technical workflow<\/strong><br>Ana Rita F. Coelho, Ana Coelho Marques, Cl\u00e1udia Campos Pessoa, In\u00eas Carmo Lu\u00eds, Diana Daccak, Manuela Sim\u00f5es, Fernando Henrique Reboredo, Maria Pessoa, Maria Manuela Silva, Paulo Legoinha, Mauro Guerra, Jos\u00e9 C. Ramalho, Paula Scotti Campos, Isabel P. Pais &amp; Fernando C. Lidon<\/td><\/tr><tr><td>3<\/td><td>35<\/td><td><strong>Agronomic biofortification in Se of Oryza sativa L.: Food quality control for baby food products<\/strong><br>Ana Coelho Marques, Cl\u00e1udia Campos Pessoa, Ana Rita F. Coelho, Diana Daccak, In\u00eas Carmo Lu\u00eds, Paula Scotti Campos, Manuela Sim\u00f5es, Ana Sofia Almeida, Maria Fernanda Pessoa, Fernando Reboredo, Mauro Guerra, Roberta G. Leit\u00e3o, Carlos Galhano, Jos\u00e9 C. Ramalho, Paula Marques, Ana Bagulho, Jos\u00e9 Moreira, Maria Manuela Silva, Paulo Legoinha, Isabel Pais &amp; Fernando C. Lidon<\/td><\/tr><tr><td>4<\/td><td>36<\/td><td><strong>Agronomic biofortification with Fe and Zn in organic tomatoes (Lycopersicum esculentum L.)<\/strong><br>Ana Rita F. Coelho, Cl\u00e1udia Campos Pessoa, Ana Coelho Marques, In\u00eas Carmo Lu\u00eds, Diana Daccak, Manuela Sim\u00f5es, Fernando Henrique Reboredo, Maria Pessoa, Maria Manuela Silva, Paulo Legoinha, Carlos Galhano, Jos\u00e9 C. Ramalho, Paula Scotti Campos, Isabel P. Pais &amp; Fernando C. Lidon<\/td><\/tr><tr><td>5<\/td><td>38<\/td><td><strong>Influence of Zinc fertilization for physical and chemical parameters and sensory properties of grapes<\/strong><br>Diana Daccak, Cl\u00e1udia Campos Pessoa, Ana Rita F. Coelho, In\u00eas Carmo Lu\u00eds, Ana Coelho Marques, Manuela Sim\u00f5es, Fernando Reboredo, Maria Fernanda Pessoa, Maria Manuela Silva, Carlos Galhano, Paula Scotti Campos, Isabel Pais, Nuno Alvarenga, Elsa Gon\u00e7alves, Jos\u00e9 C. Ramalho &amp; Fernando C. Lidon<\/td><\/tr><\/tbody><\/table><\/figure>\n\n\n\n<h4 class=\"wp-block-heading\"><strong>Room #2 . Energy<\/strong><\/h4>\n\n\n\n<figure class=\"wp-block-table is-style-regular\"><table><thead><tr><th><\/th><th>Paper#<\/th><th>Energy<br><strong>Session chair: <\/strong>Lu\u00eds Neves<\/th><\/tr><\/thead><tbody><tr><td>1<\/td><td>97<\/td><td><strong>Variation of infrasound and low frequency noise produced by wind turbines, regarding distance and vegetation &#8211; Case study<\/strong><br>Jo\u00e3o Almeida, M\u00e1rcia Santos, Roksolana Stefuryn, Jo\u00e3o Paulo Figueiredo &amp; Ana Ferreira<\/td><\/tr><tr><td>2<\/td><td>60<\/td><td><strong>Sustainable and affordable building technologies in Northern Kenya<\/strong><br>Zeltia Blanco, Eija Laitinen &amp; Vincent Kitio<\/td><\/tr><tr><td>3<\/td><td>27<\/td><td><strong>The challenge of turning Galicia into an interconnected distributed electrical grid using CLEW tools<\/strong><br>Ant\u00eda M\u00edguez Fari\u00f1a &amp; \u00c1ngeles L\u00f3pez Ag\u00fcera<\/td><\/tr><tr><td>4<\/td><td>93<\/td><td><strong>Case Studies of Latent Heat Storage with Phase-Change Materials in the Agroindustry Value Chain<\/strong><br>Carla Silva, Carlos Sim\u00e3o, Jo\u00e3o Murta-Pina, Fernando Reboredo, Henrique Paula &amp; Alfredo Martins<\/td><\/tr><tr><td>5<\/td><td>101<\/td><td><strong>Energy, Thermal Comfort and Air Quality in a Ventilation System Based on Confluent Jets<\/strong><br>Eus\u00e9bio Concei\u00e7\u00e3o, M\u00aa In\u00eas Concei\u00e7\u00e3o, M\u00aa Manuela L\u00facio, Jo\u00e3o Gomes, Andr\u00e9 Ramos &amp; Hazim Awbi<\/td><\/tr><\/tbody><\/table><\/figure>\n\n\n\n<h4 class=\"wp-block-heading\"><strong>Room #3 . Water<\/strong><\/h4>\n\n\n\n<figure class=\"wp-block-table is-style-regular\"><table><thead><tr><th><\/th><th>Paper#<\/th><th>Water<br><strong>Session chair:<\/strong> Nelson Oliveira<\/th><\/tr><\/thead><tbody><tr><td>1<\/td><td>91<\/td><td><strong>Microbiological monitoring of superficial water of Lis Valley Irrigation District. Impacts of agricultural activities<\/strong><br>Isabel M. Duarte, Helena Marques, Maria Corte-Real Ara\u00fajo, Paula Amador, Teresa M. Vasconcelos, Susana Ferreira &amp; Jos\u00e9 M. Gon\u00e7alves<\/td><\/tr><tr><td>2<\/td><td>82<\/td><td><strong>Monitoring a gravity-flow conveyance system to improve water management. Lis Valley Irrigation District case study<\/strong><br>Manuel Nunes, Susana Ferreira, Rui Eug\u00e9nio, Henrique Dam\u00e1sio &amp; Jos\u00e9 M. Gon\u00e7alves<\/td><\/tr><tr><td>3<\/td><td>55<\/td><td><strong>The application of Multiple Correspondence Analysis method to irrigation water quality in Tejo alluvial river plain<\/strong><br>Ferreira, D., Sim\u00f5es, M., Reboredo, F., Pessoa, F., Almeida, A., Carvalho, M.R., Coelho, A., Pessoa, C., Marques, A., Lu\u00eds, I., Daccak, D., Mendes, M.P. &amp; Lidon, F.<\/td><\/tr><tr><td>4<\/td><td>71<\/td><td><strong>Big data in Smart Cities \u2013 water demand prototypes using clustering techniques<\/strong><br>Pedro Miguel, Jos\u00e9 Gon\u00e7alves &amp; Lu\u00eds Neves<\/td><\/tr><tr><td>5<\/td><td>31<\/td><td><strong>Long Term water-energy-climate change analysis for Algeria<\/strong><br>Hamiche Ait Mimoune, Amine Boudghene Stambouli, Samir Flazi and Hideomi Koinuma<\/td><\/tr><\/tbody><\/table><\/figure>\n\n\n\n<h4 class=\"wp-block-heading\"><strong>Room #4 . Sustainability<\/strong><\/h4>\n\n\n\n<figure class=\"wp-block-table is-style-regular\"><table><thead><tr><th><\/th><th>Paper#<\/th><th>Sustainability<br><strong>Session chair:<\/strong> Rita Anast\u00e1cio<\/th><\/tr><\/thead><tbody><tr><td>1<\/td><td>88<\/td><td><strong>Soil health in urban protected areas and pathways for sustainable development<\/strong><br>Sne\u017eana \u0160trbac, Carla S.S. Ferreira, Lucian C. Dinc\u0103, Nevena Anti\u0107, Gorica Veselinovi\u0107, Zahra Kalantari &amp; Milica Ka\u0161anin-Grubin<\/td><\/tr><tr><td>2<\/td><td>52<\/td><td><strong>Asian wasp as an Environmental Health problem- case of study in the Municipality of Coimbra<\/strong><br>Susana Paixao, Ana Ferreira, Paulo Figueiredo &amp; Adrina Felizardo<\/td><\/tr><tr><td>3<\/td><td>23<\/td><td><strong>Urban Mobility Characterization and its application in a Mobility Plan. Case study: Bah\u00eda de Car\u00e1quez \u2013 Ecuador<\/strong><br>Daniel Alfredo Delgado Guti\u00e9rrez, Luis Santiago Quiroz Fern\u00e1ndez, Gema Jahaira Casanova Ruiz, Marlon Arturo Cede\u00f1o \u00c1lava &amp; Jo\u00e3o Pedro Cruz da Silva<\/td><\/tr><tr><td>4<\/td><td>43<\/td><td><strong>Sustainable logistics and Operations design: Sustainable practices for emerging countries &#8211; perspective of the situation in Bolivia<\/strong><br>Aghata Clarice Da Silva Ovando &amp; Jocabed Becerra Soliz<\/td><\/tr><tr><td>5<\/td><td>64<\/td><td><strong>Sustainable Development and Reverse Logistics<\/strong><br>Ricardo Martins, Noelle Camello &amp; Carlos Soares<\/td><\/tr><tr><td>6<\/td><td>11<\/td><td><strong>Portuguese landscapes: intensive monocultures and sustainability problems<\/strong><br>Maria Ant\u00f3nia Almeida<\/td><\/tr><\/tbody><\/table><\/figure>\n","protected":false},"excerpt":{"rendered":"<p>Tuesday, 11 May 2021 Main Room 9:30 AM* Keynote #3 &#8211; Annukka PakarinenH\u00e4me University of Applied Sciences, Finland\u201cSmart Bioeconomy to Enable Sustainability\u201dSession chair: Jo\u00e3o Galv\u00e3o 10:15 AM Keynote #4 &#8211; Alberto C. NetoCEO BEWG PT\u201cThe future challenges of water management as a finite resource\u201dSession chair: Jo\u00e3o Galv\u00e3o 11:00 AM Coffee-break * Lisbon time Paralel Sessions [&hellip;]<\/p>\n","protected":false},"author":4,"featured_media":0,"parent":0,"menu_order":0,"comment_status":"closed","ping_status":"closed","template":"","meta":{"_monsterinsights_skip_tracking":false,"_monsterinsights_sitenote_active":false,"_monsterinsights_sitenote_note":"","_monsterinsights_sitenote_category":0,"footnotes":""},"class_list":["post-1983","page","type-page","status-publish","hentry"],"_links":{"self":[{"href":"https:\/\/sites.ipleiria.pt\/icowefs2021\/wp-json\/wp\/v2\/pages\/1983","targetHints":{"allow":["GET"]}}],"collection":[{"href":"https:\/\/sites.ipleiria.pt\/icowefs2021\/wp-json\/wp\/v2\/pages"}],"about":[{"href":"https:\/\/sites.ipleiria.pt\/icowefs2021\/wp-json\/wp\/v2\/types\/page"}],"author":[{"embeddable":true,"href":"https:\/\/sites.ipleiria.pt\/icowefs2021\/wp-json\/wp\/v2\/users\/4"}],"replies":[{"embeddable":true,"href":"https:\/\/sites.ipleiria.pt\/icowefs2021\/wp-json\/wp\/v2\/comments?post=1983"}],"version-history":[{"count":30,"href":"https:\/\/sites.ipleiria.pt\/icowefs2021\/wp-json\/wp\/v2\/pages\/1983\/revisions"}],"predecessor-version":[{"id":2414,"href":"https:\/\/sites.ipleiria.pt\/icowefs2021\/wp-json\/wp\/v2\/pages\/1983\/revisions\/2414"}],"wp:attachment":[{"href":"https:\/\/sites.ipleiria.pt\/icowefs2021\/wp-json\/wp\/v2\/media?parent=1983"}],"curies":[{"name":"wp","href":"https:\/\/api.w.org\/{rel}","templated":true}]}}