{"id":48,"date":"2020-04-21T10:09:00","date_gmt":"2020-04-21T10:09:00","guid":{"rendered":"http:\/\/icowefs2021.sites.ipleiria.pt\/?page_id=48"},"modified":"2022-08-01T09:13:56","modified_gmt":"2022-08-01T09:13:56","slug":"about-the-city","status":"publish","type":"page","link":"https:\/\/sites.ipleiria.pt\/icowefs2021\/about-the-city\/","title":{"rendered":"About the city"},"content":{"rendered":"\n<h2 class=\"has-text-align-center wp-block-heading\">Social Events<\/h2>\n\n\n\n<div class=\"wp-block-image\"><figure class=\"aligncenter size-large\"><img decoding=\"async\" width=\"144\" height=\"6\" src=\"http:\/\/icowefs2021.sites.ipleiria.pt\/files\/2020\/05\/linha.png\" alt=\"\" class=\"wp-image-647\"\/><\/figure><\/div>\n\n\n\n<div style=\"height:50px\" aria-hidden=\"true\" class=\"wp-block-spacer\"><\/div>\n\n\n\n<p>The official reception will take place on 10 May 2021 in the cloisters of the <a href=\"https:\/\/www.cm-leiria.pt\/pages\/849\" target=\"_blank\" rel=\"noreferrer noopener\">Museum of Leiria<\/a> (must to select english language up right corner), a monument built from 1577 (the church) and 1579 (the convent complex), and now inhabited by the new museum offering a warm welcoming experience.<\/p>\n\n\n\n<p>The conference dinner, after visiting the <a rel=\"noreferrer noopener\" href=\"https:\/\/www.guiadacidade.pt\/en\/poi-castelo-de-leiria-13972\" target=\"_blank\">Leiria medieval Castle<\/a>, will be at the MIMO museum (on the castle wall) on Wednesday, 12 May 2021 from 20:00 to 24:00. The castle has, on the one side, a beautiful view to the city and, on the other side, to the countryside and sunset. Participants will taste a menu with local dishes (non-pork dishes will be also included) and enjoy pleasant Folcklore music by a live group. For accompanying persons, a fee of 65 EUR will be charged.<\/p>\n\n\n\n<div style=\"height:40px\" aria-hidden=\"true\" class=\"wp-block-spacer\"><\/div>\n\n\n\n<hr class=\"wp-block-separator is-style-wide\"\/>\n\n\n\n<div style=\"height:40px\" aria-hidden=\"true\" class=\"wp-block-spacer\"><\/div>\n\n\n\n<h2 class=\"has-text-align-center wp-block-heading\">Venue and Accommodation<\/h2>\n\n\n\n<div class=\"wp-block-image\"><figure class=\"aligncenter size-large\"><img decoding=\"async\" width=\"144\" height=\"6\" src=\"http:\/\/icowefs2021.sites.ipleiria.pt\/files\/2020\/05\/linha.png\" alt=\"\" class=\"wp-image-647\"\/><\/figure><\/div>\n\n\n\n<div style=\"height:50px\" aria-hidden=\"true\" class=\"wp-block-spacer\"><\/div>\n\n\n\n<div class=\"wp-block-columns is-layout-flex wp-container-core-columns-is-layout-1 wp-block-columns-is-layout-flex\">\n<div class=\"wp-block-column is-layout-flow wp-block-column-is-layout-flow\">\n<h3 class=\"has-text-align-left wp-block-heading\">About Leiria<\/h3>\n\n\n\n<p>Leiria is located in the Centro Region and sub region of Pinhal Litoral, about halfway between Lisbon and Porto. The distance to Lisbon is 137 kilometres (85 miles), to Coimbra 70 kilometres (43 miles) and to Porto 177 kilometres (110 miles). The historic city centre spreads between the castle hill and the river Lis.<\/p>\n\n\n\n<p>Leiria is also included in the Regi\u00e3o de Leiria. As the main city in this community, the area of influence of Leiria spreads over the cities of Marinha Grande, Our\u00e9m, F\u00e1tima, Pombal as well the municipalities\/town seats of Batalha and Porto de M\u00f3s located nearby.<\/p>\n\n\n\n<p>May is still a great time to visit Centre of Portugal. The temperature is quite mild and is the most flowery season of the year, which is very pleasant for walks and hikes outdoors. You can enjoy the delicious food, taste the great wines, visit the religious area of Fatima, the area of Big Waves in Nazar\u00e9, the highest mountain range in Continental Portugal and make a pleasant visit to a splendid region with a great heritage buildings and History.<\/p>\n\n\n\n<p>Due to the pandemic context, the conference will be held in a mix modality: in-person and on-line. Please feel free to choose what is more advantageous for you, when registering <a href=\"https:\/\/icowefs2021.sites.ipleiria.pt\/registration\/\">here<\/a>.<\/p>\n<\/div>\n\n\n\n<div class=\"wp-block-column is-layout-flow wp-block-column-is-layout-flow\">\n<figure class=\"wp-block-image size-large\"><img fetchpriority=\"high\" decoding=\"async\" width=\"1024\" height=\"1024\" src=\"https:\/\/icowefs2021.sites.ipleiria.pt\/files\/2020\/04\/MG_5566-1024x1024.jpg\" alt=\"\" class=\"wp-image-385\" srcset=\"https:\/\/sites.ipleiria.pt\/icowefs2021\/files\/2020\/04\/MG_5566-1024x1024.jpg 1024w, https:\/\/sites.ipleiria.pt\/icowefs2021\/files\/2020\/04\/MG_5566-300x300.jpg 300w, https:\/\/sites.ipleiria.pt\/icowefs2021\/files\/2020\/04\/MG_5566-150x150.jpg 150w, https:\/\/sites.ipleiria.pt\/icowefs2021\/files\/2020\/04\/MG_5566-768x768.jpg 768w\" sizes=\"(max-width: 1024px) 100vw, 1024px\" \/><\/figure>\n<\/div>\n<\/div>\n\n\n\n<div style=\"height:30px\" aria-hidden=\"true\" class=\"wp-block-spacer\"><\/div>\n\n\n\n<hr class=\"wp-block-separator is-style-default\"\/>\n\n\n\n<div style=\"height:50px\" aria-hidden=\"true\" class=\"wp-block-spacer\"><\/div>\n\n\n\n<h3 class=\"wp-block-heading\">How to Arrive to Leiria<\/h3>\n\n\n\n<p>Here you can find our suggestions for you to arrive in Leiria.<\/p>\n\n\n\n<div class=\"wp-block-columns is-layout-flex wp-container-core-columns-is-layout-2 wp-block-columns-is-layout-flex\">\n<div class=\"wp-block-column is-layout-flow wp-block-column-is-layout-flow\">\n<h4 class=\"wp-block-heading\">How to arrive in Leiria from Lisbon Airport?<\/h4>\n\n\n\n<p>You may catch the metro subway at Lisbon Airport and go to Oriente or Sete Rios (with a line change) to pick an express bus to Leiria.<br>See the city map of<a href=\"http:\/\/icowefs2021.sites.ipleiria.pt\/files\/2020\/04\/MapaCidadeMetroLisboa.pdf\" target=\"_blank\" rel=\"noreferrer noopener\"> Lisbon here<\/a>.<br>Check the <a rel=\"noreferrer noopener\" href=\"https:\/\/www.rede-expressos.pt\/en\/tickets\" target=\"_blank\">bus tickets here<\/a>.<\/p>\n<\/div>\n\n\n\n<div class=\"wp-block-column is-layout-flow wp-block-column-is-layout-flow\">\n<h4 class=\"wp-block-heading\">How to arrive in Leiria from Oporto Airport?<\/h4>\n\n\n\n<p>You may catch the metro subway at Porto Airport and Campo 24 de Agosto to pick an express bus to Leiria.<br>See the city map of <a href=\"http:\/\/icowefs2021.sites.ipleiria.pt\/files\/2020\/04\/MAPA_REDE_PORTO.pdf\" target=\"_blank\" rel=\"noreferrer noopener\">Oporto here<\/a>.<br>Check the <a rel=\"noreferrer noopener\" href=\"https:\/\/www.rede-expressos.pt\/en\/tickets\" target=\"_blank\">bus tickets here<\/a>.<\/p>\n<\/div>\n<\/div>\n\n\n\n<div style=\"height:30px\" aria-hidden=\"true\" class=\"wp-block-spacer\"><\/div>\n\n\n\n<hr class=\"wp-block-separator is-style-default\"\/>\n\n\n\n<div style=\"height:50px\" aria-hidden=\"true\" class=\"wp-block-spacer\"><\/div>\n\n\n\n<h3 class=\"wp-block-heading\">Accomodations<\/h3>\n\n\n\n<p>The ICoWEFS International Conference suggests the following hotels for the participants:<\/p>\n\n\n\n<div class=\"wp-block-columns is-layout-flex wp-container-core-columns-is-layout-3 wp-block-columns-is-layout-flex\">\n<div class=\"wp-block-column is-layout-flow wp-block-column-is-layout-flow\">\n<p><strong>Eurosol Residence \u2013 Hotel Apartamento ****<\/strong><br>T +351 244 860 460 | <a href=\"mailto:residence@eurosol.pt\">residence@eurosol.pt<\/a><br>Mobilis stop: Lg Jos\u00e9 L\u00facio (Line 1\/Green and Line 2\/Red)<\/p>\n<\/div>\n\n\n\n<div class=\"wp-block-column is-layout-flow wp-block-column-is-layout-flow\">\n<p><strong>Hotel Tryp Leiria ****<br><\/strong>T +351 244 249 900 | <a href=\"mailto:tryp.leiria@meliaportugal.com\">tryp.leiria@meliaportugal.com<\/a><br>Mobilis stop: Almo\u00ednha Grande or Bairro das Almo\u00ednhas (Line 1\/Green and Line 2\/Red)<\/p>\n<\/div>\n\n\n\n<div class=\"wp-block-column is-layout-flow wp-block-column-is-layout-flow\">\n<p><strong>Hotel Eurosol Jardim***<\/strong><br>T +351 244 849 849 | <a href=\"mailto:leiria@eurosol.pt\">leiria@eurosol.pt<\/a><br>Mobilis stop: C\u00e2mara Municipal\/ESEL (Line 1\/Green and Line 2\/Red)<\/p>\n<\/div>\n<\/div>\n\n\n\n<div class=\"wp-block-columns is-layout-flex wp-container-core-columns-is-layout-4 wp-block-columns-is-layout-flex\">\n<div class=\"wp-block-column is-layout-flow wp-block-column-is-layout-flow\">\n<p><strong>Hotel S\u00e3o Luis***<br><\/strong>T +351 244 848 370 | <a href=\"mailto:hotelsluis@gmail.com\">hotelsluis@gmail.com<\/a><br>Mobilis stop: Av. Marqu\u00eas de Pombal (Line 1\/Green and Line 2\/Red)<\/p>\n<\/div>\n\n\n\n<div class=\"wp-block-column is-layout-flow wp-block-column-is-layout-flow\">\n<p><strong>Hotel Casa da Nora **<br><\/strong>T\/F +351 244 891 189 | <a href=\"mailto:geral@casadanora.com\">geral@casadanora.com<\/a><br>Mobilis stop: Junta de Freguesia. Rua Helena Aboim L. Vieira. Rua Santa Maria (Line 8\/Yellow)<\/p>\n<\/div>\n\n\n\n<div class=\"wp-block-column is-layout-flow wp-block-column-is-layout-flow\">\n<p><strong>Hotel D. Dinis**<br><\/strong>T +351 244 815 342 \/ 3 | <a href=\"mailto:info@hotelddinis.pt\">info@hotelddinis.pt<\/a><br>Mobilis stop: Bombeiros Municipais (Line 1\/Green and Line 2\/Red)<\/p>\n<\/div>\n<\/div>\n\n\n\n<div class=\"wp-block-columns is-layout-flex wp-container-core-columns-is-layout-5 wp-block-columns-is-layout-flex\">\n<div class=\"wp-block-column is-layout-flow wp-block-column-is-layout-flow\">\n<p><strong>Hotel Ibis Leiria-F\u00e1tima **<\/strong><br>T +351 244 816 700 | <a href=\"mailto:h3340@accor.com\">h3340@accor.com<\/a><br>Mobilis stop: Av. N. S. F\u00e1tima (Line 1\/Green and Line 2\/Red)<\/p>\n<\/div>\n\n\n\n<div class=\"wp-block-column is-layout-flow wp-block-column-is-layout-flow\">\n<p><strong>Hotel Leiriense**<br><\/strong>T +351 244 823 054 | <a href=\"mailto:info@hotelleiriense.com\">info@hotelleiriense.com<\/a><br>Mobilis stop: Jardim Lu\u00eds de Cam\u00f5es (Line 1\/Green); Fonte das 3 Bicas or Largo C\u00f3nego Maia S\u00e9 (Line 2\/Red)<\/p>\n<\/div>\n\n\n\n<div class=\"wp-block-column is-layout-flow wp-block-column-is-layout-flow\">\n<p><strong>Hotel Leiria Classic *<br><\/strong>T +351 244 812 802 | <a href=\"mailto:geral@hotelleiriaclassic.pt\">geral@hotelleiriaclassic.pt<\/a><br>Mobilis stop: Fonte das 3 Bicas (Line 2\/Red)<\/p>\n<\/div>\n<\/div>\n\n\n\n<div class=\"wp-block-columns is-layout-flex wp-container-core-columns-is-layout-6 wp-block-columns-is-layout-flex\">\n<div class=\"wp-block-column is-layout-flow wp-block-column-is-layout-flow\">\n<p><strong>Hotel S\u00e3o Francisco *<br><\/strong>T +351 244 823 110 | <a href=\"mailto:geral@hotelsfrancisco.net\">geral@hotelsfrancisco.net<\/a><br>Mobilis stop: Lg Jos\u00e9 L\u00facio (Line 1\/Green and Line 2\/Red)<\/p>\n<\/div>\n\n\n\n<div class=\"wp-block-column is-layout-flow wp-block-column-is-layout-flow\">\n<p><strong>Atlas Hostel<br><\/strong>T +351 917460810 | <a href=\"mailto:tlasleiria@gmail.com\">tlasleiria@gmail.com<\/a><br>Mobilis stop: Jardim Lu\u00eds de Cam\u00f5es (Line 1\/Green); Fonte das 3 Bicas or Largo C\u00f3nego Maia S\u00e9 (Line 2\/Red)<\/p>\n<\/div>\n\n\n\n<div class=\"wp-block-column is-layout-flow wp-block-column-is-layout-flow\">\n<p><strong>Casulo<\/strong> <br>Low-cost stay over<br>T +351 917 661 744 | <a href=\"mailto:geral@casulo.pt\">geral@casulo.pt<\/a><\/p>\n<\/div>\n<\/div>\n\n\n\n<div class=\"wp-block-columns is-layout-flex wp-container-core-columns-is-layout-7 wp-block-columns-is-layout-flex\">\n<div class=\"wp-block-column is-layout-flow wp-block-column-is-layout-flow\">\n<p><strong>La Palma Hostel Leiria<br><\/strong>T +351 917460810<br>Mobilis stop: Jardim Lu\u00eds de Cam\u00f5es (Line 1\/Green); Fonte das 3 Bicas or Largo C\u00f3nego Maia S\u00e9 (Line 2\/Red) Maia S\u00e9 (Line 2\/Red)<\/p>\n\n\n\n<p><\/p>\n<\/div>\n\n\n\n<div class=\"wp-block-column is-layout-flow wp-block-column-is-layout-flow\">\n<p><strong>Mostart Boutique Hostel<br><\/strong>T +351 913860575<br>Mobilis stop: Av. N. S. F\u00e1tima. Sra. da Encarna\u00e7\u00e3o (Line 1\/Green and Line 2\/Red)<\/p>\n<\/div>\n\n\n\n<div class=\"wp-block-column is-layout-flow wp-block-column-is-layout-flow\">\n<p><strong>Porta 20 Boutique Guesthouse<br><\/strong>T: +351 962 343 463 | <a href=\"mailto:ola@porta20leiria.com\">ola@porta20leiria.com<\/a><br>Mobilis stop: Av. Marqu\u00eas de Pombal (Line 1\/Green and Line 2\/Red)<\/p>\n<\/div>\n<\/div>\n","protected":false},"excerpt":{"rendered":"<p>Social Events The official reception will take place on 10 May 2021 in the cloisters of the Museum of Leiria (must to select english language up right corner), a monument built from 1577 (the church) and 1579 (the convent complex), and now inhabited by the new museum offering a warm welcoming experience. The conference dinner, [&hellip;]<\/p>\n","protected":false},"author":4,"featured_media":0,"parent":0,"menu_order":0,"comment_status":"closed","ping_status":"closed","template":"","meta":{"_monsterinsights_skip_tracking":false,"_monsterinsights_sitenote_active":false,"_monsterinsights_sitenote_note":"","_monsterinsights_sitenote_category":0,"footnotes":""},"class_list":["post-48","page","type-page","status-publish","hentry"],"_links":{"self":[{"href":"https:\/\/sites.ipleiria.pt\/icowefs2021\/wp-json\/wp\/v2\/pages\/48","targetHints":{"allow":["GET"]}}],"collection":[{"href":"https:\/\/sites.ipleiria.pt\/icowefs2021\/wp-json\/wp\/v2\/pages"}],"about":[{"href":"https:\/\/sites.ipleiria.pt\/icowefs2021\/wp-json\/wp\/v2\/types\/page"}],"author":[{"embeddable":true,"href":"https:\/\/sites.ipleiria.pt\/icowefs2021\/wp-json\/wp\/v2\/users\/4"}],"replies":[{"embeddable":true,"href":"https:\/\/sites.ipleiria.pt\/icowefs2021\/wp-json\/wp\/v2\/comments?post=48"}],"version-history":[{"count":57,"href":"https:\/\/sites.ipleiria.pt\/icowefs2021\/wp-json\/wp\/v2\/pages\/48\/revisions"}],"predecessor-version":[{"id":2416,"href":"https:\/\/sites.ipleiria.pt\/icowefs2021\/wp-json\/wp\/v2\/pages\/48\/revisions\/2416"}],"wp:attachment":[{"href":"https:\/\/sites.ipleiria.pt\/icowefs2021\/wp-json\/wp\/v2\/media?parent=48"}],"curies":[{"name":"wp","href":"https:\/\/api.w.org\/{rel}","templated":true}]}}