{"id":10,"date":"2016-07-28T14:57:23","date_gmt":"2016-07-28T14:57:23","guid":{"rendered":"http:\/\/sites.ipleiria.pt\/iee\/?page_id=10"},"modified":"2017-06-05T12:35:55","modified_gmt":"2017-06-05T12:35:55","slug":"extracurricular","status":"publish","type":"page","link":"https:\/\/sites.ipleiria.pt\/iee\/extracurricular\/","title":{"rendered":"Projetos"},"content":{"rendered":"<p>A participa\u00e7\u00e3o em atividades extracurriculares complementa a forma\u00e7\u00e3o do t\u00e9cnico superior profissional de Interven\u00e7\u00e3o em Espa\u00e7os Educativos permitindo uma aproxima\u00e7\u00e3o aos diversos contextos pedag\u00f3gicos e aos seus intervenientes e din\u00e2micas.<\/p>\n<p>Estas atividades,\u00a0integradas em\u00a0projetos da comunidade dirigidos a crian\u00e7as e jovens, concretizam-se atrav\u00e9s de protocolos de coopera\u00e7\u00e3o com entidades educativas e culturais da regi\u00e3o de Leiria.<\/p>\n<p><strong>Ano letivo 2016-2017<\/strong><\/p>\n<p>&#8211; Colabora\u00e7\u00e3o\u00a0no projeto \u00abInicia\u00e7\u00e3o \u00e0 Programa\u00e7\u00e3o no 1.\u00ba Ciclo do Ensino B\u00e1sico\u00bb em desenvolvimento no Col\u00e9gio Conciliar de Maria Imaculada (Leiria), coadjuvando os professores envolvidos no projeto.<\/p>\n<p><i>&#8211; <\/i>Dinamiza\u00e7\u00e3o de ateli\u00eas na<i> Festa do Dia da Crian\u00e7a, <\/i>realizada no Est\u00e1dio Dr. Magalh\u00e3es Pessoa (Leiria) a 1 de junho de 2017.<\/p>\n<p><img loading=\"lazy\" decoding=\"async\" class=\"alignleft size-medium wp-image-139\" src=\"http:\/\/sites.ipleiria.pt\/iee\/files\/2016\/07\/dmc-1-300x199.jpg\" alt=\"\" width=\"300\" height=\"199\" srcset=\"https:\/\/sites.ipleiria.pt\/iee\/files\/2016\/07\/dmc-1-300x199.jpg 300w, https:\/\/sites.ipleiria.pt\/iee\/files\/2016\/07\/dmc-1.jpg 705w\" sizes=\"auto, (max-width: 300px) 85vw, 300px\" \/> <img loading=\"lazy\" decoding=\"async\" class=\"alignleft size-medium wp-image-141\" src=\"http:\/\/sites.ipleiria.pt\/iee\/files\/2016\/07\/dmc-300x199.jpg\" alt=\"\" width=\"300\" height=\"199\" srcset=\"https:\/\/sites.ipleiria.pt\/iee\/files\/2016\/07\/dmc-300x199.jpg 300w, https:\/\/sites.ipleiria.pt\/iee\/files\/2016\/07\/dmc-768x509.jpg 768w, https:\/\/sites.ipleiria.pt\/iee\/files\/2016\/07\/dmc.jpg 789w\" sizes=\"auto, (max-width: 300px) 85vw, 300px\" \/><\/p>\n<p>&nbsp;<\/p>\n<p>&nbsp;<\/p>\n<p>&nbsp;<\/p>\n<p>&nbsp;<\/p>\n<p>&nbsp;<\/p>\n<p><strong>Ano letivo 2015-2016<\/strong><\/p>\n<p>Dinamiza\u00e7\u00e3o de dois\u00a0ateli\u00eas que proporcionavam a leitura de hist\u00f3rias e a realiza\u00e7\u00e3o de atividades de cria\u00e7\u00e3o pl\u00e1stica &#8211; \u201cO Pintor e o P\u00e1ssaro\u201d e \u201cHist\u00f3rias nas pontas dos dedos\u201d &#8211;\u00a0nos\u00a0eventos:<\/p>\n<ul>\n<li><em>Encontro de Literatura para a Inf\u00e2ncia, <\/em>realizado na Casa-Museu Centro Cultural Jo\u00e3o Soares (Cortes, Leiria).<\/li>\n<li><em>Atividades do Dia da Crian\u00e7a,<\/em> realizadas no Agrupamento de Escolas Henrique Sommer (Maceira).<\/li>\n<li><em>Festa do Dia da Crian\u00e7a, <\/em>realizada no Est\u00e1dio Dr. Magalh\u00e3es Pessoa (Leiria).<\/li>\n<\/ul>\n<p><img loading=\"lazy\" decoding=\"async\" class=\"alignleft size-full wp-image-104\" src=\"http:\/\/sites.ipleiria.pt\/iee\/files\/2016\/07\/imagem2.png\" alt=\"imagem2\" width=\"619\" height=\"518\" srcset=\"https:\/\/sites.ipleiria.pt\/iee\/files\/2016\/07\/imagem2.png 619w, https:\/\/sites.ipleiria.pt\/iee\/files\/2016\/07\/imagem2-300x251.png 300w\" sizes=\"auto, (max-width: 619px) 85vw, 619px\" \/><\/p>\n","protected":false},"excerpt":{"rendered":"<p>A participa\u00e7\u00e3o em atividades extracurriculares complementa a forma\u00e7\u00e3o do t\u00e9cnico superior profissional de Interven\u00e7\u00e3o em Espa\u00e7os Educativos permitindo uma aproxima\u00e7\u00e3o aos diversos contextos pedag\u00f3gicos e aos seus intervenientes e din\u00e2micas. Estas atividades,\u00a0integradas em\u00a0projetos da comunidade dirigidos a crian\u00e7as e jovens, concretizam-se atrav\u00e9s de protocolos de coopera\u00e7\u00e3o com entidades educativas e culturais da regi\u00e3o de Leiria. &hellip; <a href=\"https:\/\/sites.ipleiria.pt\/iee\/extracurricular\/\" class=\"more-link\">Continuar a ler<span class=\"screen-reader-text\"> &#8220;Projetos&#8221;<\/span><\/a><\/p>\n","protected":false},"author":102,"featured_media":0,"parent":0,"menu_order":3,"comment_status":"closed","ping_status":"closed","template":"","meta":{"footnotes":""},"class_list":["post-10","page","type-page","status-publish","hentry"],"_links":{"self":[{"href":"https:\/\/sites.ipleiria.pt\/iee\/wp-json\/wp\/v2\/pages\/10","targetHints":{"allow":["GET"]}}],"collection":[{"href":"https:\/\/sites.ipleiria.pt\/iee\/wp-json\/wp\/v2\/pages"}],"about":[{"href":"https:\/\/sites.ipleiria.pt\/iee\/wp-json\/wp\/v2\/types\/page"}],"author":[{"embeddable":true,"href":"https:\/\/sites.ipleiria.pt\/iee\/wp-json\/wp\/v2\/users\/102"}],"replies":[{"embeddable":true,"href":"https:\/\/sites.ipleiria.pt\/iee\/wp-json\/wp\/v2\/comments?post=10"}],"version-history":[{"count":14,"href":"https:\/\/sites.ipleiria.pt\/iee\/wp-json\/wp\/v2\/pages\/10\/revisions"}],"predecessor-version":[{"id":142,"href":"https:\/\/sites.ipleiria.pt\/iee\/wp-json\/wp\/v2\/pages\/10\/revisions\/142"}],"wp:attachment":[{"href":"https:\/\/sites.ipleiria.pt\/iee\/wp-json\/wp\/v2\/media?parent=10"}],"curies":[{"name":"wp","href":"https:\/\/api.w.org\/{rel}","templated":true}]}}