{"id":14,"date":"2016-07-28T14:58:04","date_gmt":"2016-07-28T14:58:04","guid":{"rendered":"http:\/\/sites.ipleiria.pt\/iee\/?page_id=14"},"modified":"2018-03-21T14:51:02","modified_gmt":"2018-03-21T14:51:02","slug":"contactos","status":"publish","type":"page","link":"https:\/\/sites.ipleiria.pt\/iee\/contactos\/","title":{"rendered":"Contactos"},"content":{"rendered":"<p><strong>Escola Superior de Educa\u00e7\u00e3o e Ci\u00eancias Sociais<\/strong><\/p>\n<p align=\"left\">Campus 1<br \/>\nRua Dr. Jo\u00e3o Soares<br \/>\nApartado 4045<br \/>\n2411-901 Leiria &#8211; Portugal<\/p>\n<p align=\"left\">Tel: (+351) 244 829400<\/p>\n<p align=\"left\">E-mail: <a href=\"http:\/\/esecs@ipleiria.pt\">esecs@ipleiria.pt<\/a><\/p>\n<p align=\"left\">Coordenadora de curso: <a href=\"http:\/\/lucia.magueta@ipleiria.pt\">olga.santos@ipleiria.pt<\/a><\/p>\n","protected":false},"excerpt":{"rendered":"<p>Escola Superior de Educa\u00e7\u00e3o e Ci\u00eancias Sociais Campus 1 Rua Dr. Jo\u00e3o Soares Apartado 4045 2411-901 Leiria &#8211; Portugal Tel: (+351) 244 829400 E-mail: esecs@ipleiria.pt Coordenadora de curso: olga.santos@ipleiria.pt<\/p>\n","protected":false},"author":102,"featured_media":0,"parent":0,"menu_order":5,"comment_status":"closed","ping_status":"closed","template":"","meta":{"footnotes":""},"class_list":["post-14","page","type-page","status-publish","hentry"],"_links":{"self":[{"href":"https:\/\/sites.ipleiria.pt\/iee\/wp-json\/wp\/v2\/pages\/14","targetHints":{"allow":["GET"]}}],"collection":[{"href":"https:\/\/sites.ipleiria.pt\/iee\/wp-json\/wp\/v2\/pages"}],"about":[{"href":"https:\/\/sites.ipleiria.pt\/iee\/wp-json\/wp\/v2\/types\/page"}],"author":[{"embeddable":true,"href":"https:\/\/sites.ipleiria.pt\/iee\/wp-json\/wp\/v2\/users\/102"}],"replies":[{"embeddable":true,"href":"https:\/\/sites.ipleiria.pt\/iee\/wp-json\/wp\/v2\/comments?post=14"}],"version-history":[{"count":8,"href":"https:\/\/sites.ipleiria.pt\/iee\/wp-json\/wp\/v2\/pages\/14\/revisions"}],"predecessor-version":[{"id":154,"href":"https:\/\/sites.ipleiria.pt\/iee\/wp-json\/wp\/v2\/pages\/14\/revisions\/154"}],"wp:attachment":[{"href":"https:\/\/sites.ipleiria.pt\/iee\/wp-json\/wp\/v2\/media?parent=14"}],"curies":[{"name":"wp","href":"https:\/\/api.w.org\/{rel}","templated":true}]}}