{"id":6,"date":"2016-07-28T14:56:40","date_gmt":"2016-07-28T14:56:40","guid":{"rendered":"http:\/\/sites.ipleiria.pt\/iee\/?page_id=6"},"modified":"2017-06-05T14:14:41","modified_gmt":"2017-06-05T14:14:41","slug":"eventos","status":"publish","type":"page","link":"https:\/\/sites.ipleiria.pt\/iee\/eventos\/","title":{"rendered":"Eventos"},"content":{"rendered":"<p>A organiza\u00e7\u00e3o de aulas abertas, semin\u00e1rios e outros eventos dirigidos \u00e0 comunidade acad\u00e9mica\u00a0proporciona aos estudantes forma\u00e7\u00e3o adicional e complementar no \u00e2mbito da interven\u00e7\u00e3o em espa\u00e7os educativos.<\/p>\n<p><b>Ano letivo de 2016-2017<\/b><\/p>\n<p>. Palestra \u00abTr\u00e1fico de Seres Humanos\u00bb, pela Rede Regional do Centro de Apoio e Prote\u00e7\u00e3o a V\u00edtimas de Tr\u00e1fico de Seres Humanos.<\/p>\n<p><img loading=\"lazy\" decoding=\"async\" class=\"alignleft wp-image-144\" src=\"http:\/\/sites.ipleiria.pt\/iee\/files\/2016\/07\/tsh-212x300.jpg\" alt=\"\" width=\"277\" height=\"392\" srcset=\"https:\/\/sites.ipleiria.pt\/iee\/files\/2016\/07\/tsh-212x300.jpg 212w, https:\/\/sites.ipleiria.pt\/iee\/files\/2016\/07\/tsh.jpg 678w\" sizes=\"auto, (max-width: 277px) 85vw, 277px\" \/><\/p>\n<p>&nbsp;<\/p>\n<p>&nbsp;<\/p>\n<p>&nbsp;<\/p>\n<p>&nbsp;<\/p>\n<p>&nbsp;<\/p>\n<p>&nbsp;<\/p>\n<p>&nbsp;<\/p>\n<p>&nbsp;<\/p>\n<ul>\n<li>Aula aberta \u00abPrimeiros socorros e suporte b\u00e1sico de vida\u00bb, com Leonardo Vieira, Bombeiro Volunt\u00e1rio de Mira de Aire<\/li>\n<\/ul>\n<p><img loading=\"lazy\" decoding=\"async\" class=\"alignleft  wp-image-147\" src=\"http:\/\/sites.ipleiria.pt\/iee\/files\/2016\/07\/ps-212x300.jpg\" alt=\"\" width=\"277\" height=\"392\" srcset=\"https:\/\/sites.ipleiria.pt\/iee\/files\/2016\/07\/ps-212x300.jpg 212w, https:\/\/sites.ipleiria.pt\/iee\/files\/2016\/07\/ps.jpg 678w\" sizes=\"auto, (max-width: 277px) 85vw, 277px\" \/><\/p>\n<p>&nbsp;<\/p>\n<p>&nbsp;<\/p>\n<p>&nbsp;<\/p>\n<p>&nbsp;<\/p>\n<p>&nbsp;<\/p>\n<p>&nbsp;<\/p>\n<p>&nbsp;<\/p>\n<p>&nbsp;<\/p>\n<p><strong>Ano letivo de 2015-2016<\/strong><\/p>\n<ul>\n<li>Aula Aberta \u00abExperi\u00eancias de Interven\u00e7\u00e3o Social e Art\u00edstica em Mil\u00e3o, pela Associa\u00e7\u00e3o Industria Scenica\u00bb com Joana Miranda<\/li>\n<\/ul>\n<p><img loading=\"lazy\" decoding=\"async\" class=\"size-medium wp-image-62 alignnone\" src=\"http:\/\/sites.ipleiria.pt\/iee\/files\/2016\/07\/aula_aberta_final-300x225.jpg\" alt=\"aula_aberta_final\" width=\"300\" height=\"225\" srcset=\"https:\/\/sites.ipleiria.pt\/iee\/files\/2016\/07\/aula_aberta_final-300x225.jpg 300w, https:\/\/sites.ipleiria.pt\/iee\/files\/2016\/07\/aula_aberta_final-768x576.jpg 768w, https:\/\/sites.ipleiria.pt\/iee\/files\/2016\/07\/aula_aberta_final.jpg 800w\" sizes=\"auto, (max-width: 300px) 85vw, 300px\" \/><\/p>\n<ul>\n<li>Atua\u00e7\u00e3o da turma do 1\u00ba ano no Momento Musical \u00abFesta dos Reis\u00bb<\/li>\n<\/ul>\n<p><img loading=\"lazy\" decoding=\"async\" class=\"alignleft size-medium wp-image-94\" src=\"http:\/\/sites.ipleiria.pt\/iee\/files\/2016\/07\/festa_reis-300x225.jpg\" alt=\"festa_reis\" width=\"300\" height=\"225\" srcset=\"https:\/\/sites.ipleiria.pt\/iee\/files\/2016\/07\/festa_reis-300x225.jpg 300w, https:\/\/sites.ipleiria.pt\/iee\/files\/2016\/07\/festa_reis-768x576.jpg 768w, https:\/\/sites.ipleiria.pt\/iee\/files\/2016\/07\/festa_reis-1024x768.jpg 1024w, https:\/\/sites.ipleiria.pt\/iee\/files\/2016\/07\/festa_reis.jpg 1200w\" sizes=\"auto, (max-width: 300px) 85vw, 300px\" \/><\/p>\n<p>&nbsp;<\/p>\n<p>&nbsp;<\/p>\n<p>&nbsp;<\/p>\n<p>&nbsp;<\/p>\n<p>&nbsp;<\/p>\n<ul>\n<li>Aula Aberta \u00abO fabrico de seiras no Juncal\u00bb com C\u00e9lia Almeida e Sousa<\/li>\n<\/ul>\n<p><img loading=\"lazy\" decoding=\"async\" class=\"size-medium wp-image-65 alignnone\" src=\"http:\/\/sites.ipleiria.pt\/iee\/files\/2016\/07\/seiras_juncal1-720x540-300x225.jpg\" alt=\"seiras_juncal1-720x540\" width=\"300\" height=\"225\" srcset=\"https:\/\/sites.ipleiria.pt\/iee\/files\/2016\/07\/seiras_juncal1-720x540-300x225.jpg 300w, https:\/\/sites.ipleiria.pt\/iee\/files\/2016\/07\/seiras_juncal1-720x540.jpg 720w\" sizes=\"auto, (max-width: 300px) 85vw, 300px\" \/><\/p>\n<ul>\n<li>Encontro \u00abAnima\u00e7\u00e3o Sociocultural como forma de coopera\u00e7\u00e3o cultural\u00bb<\/li>\n<\/ul>\n<p><img loading=\"lazy\" decoding=\"async\" class=\"alignleft size-medium wp-image-67\" src=\"http:\/\/sites.ipleiria.pt\/iee\/files\/2016\/07\/13432356_1043805595710650_2651609004970889538_n-300x225.jpg\" alt=\"13432356_1043805595710650_2651609004970889538_n\" width=\"300\" height=\"225\" srcset=\"https:\/\/sites.ipleiria.pt\/iee\/files\/2016\/07\/13432356_1043805595710650_2651609004970889538_n-300x225.jpg 300w, https:\/\/sites.ipleiria.pt\/iee\/files\/2016\/07\/13432356_1043805595710650_2651609004970889538_n-768x577.jpg 768w, https:\/\/sites.ipleiria.pt\/iee\/files\/2016\/07\/13432356_1043805595710650_2651609004970889538_n.jpg 960w\" sizes=\"auto, (max-width: 300px) 85vw, 300px\" \/><\/p>\n<p>&nbsp;<\/p>\n","protected":false},"excerpt":{"rendered":"<p>A organiza\u00e7\u00e3o de aulas abertas, semin\u00e1rios e outros eventos dirigidos \u00e0 comunidade acad\u00e9mica\u00a0proporciona aos estudantes forma\u00e7\u00e3o adicional e complementar no \u00e2mbito da interven\u00e7\u00e3o em espa\u00e7os educativos. Ano letivo de 2016-2017 . Palestra \u00abTr\u00e1fico de Seres Humanos\u00bb, pela Rede Regional do Centro de Apoio e Prote\u00e7\u00e3o a V\u00edtimas de Tr\u00e1fico de Seres Humanos. &nbsp; &nbsp; &nbsp; &hellip; <a href=\"https:\/\/sites.ipleiria.pt\/iee\/eventos\/\" class=\"more-link\">Continuar a ler<span class=\"screen-reader-text\"> &#8220;Eventos&#8221;<\/span><\/a><\/p>\n","protected":false},"author":102,"featured_media":0,"parent":0,"menu_order":1,"comment_status":"closed","ping_status":"closed","template":"","meta":{"footnotes":""},"class_list":["post-6","page","type-page","status-publish","hentry"],"_links":{"self":[{"href":"https:\/\/sites.ipleiria.pt\/iee\/wp-json\/wp\/v2\/pages\/6","targetHints":{"allow":["GET"]}}],"collection":[{"href":"https:\/\/sites.ipleiria.pt\/iee\/wp-json\/wp\/v2\/pages"}],"about":[{"href":"https:\/\/sites.ipleiria.pt\/iee\/wp-json\/wp\/v2\/types\/page"}],"author":[{"embeddable":true,"href":"https:\/\/sites.ipleiria.pt\/iee\/wp-json\/wp\/v2\/users\/102"}],"replies":[{"embeddable":true,"href":"https:\/\/sites.ipleiria.pt\/iee\/wp-json\/wp\/v2\/comments?post=6"}],"version-history":[{"count":13,"href":"https:\/\/sites.ipleiria.pt\/iee\/wp-json\/wp\/v2\/pages\/6\/revisions"}],"predecessor-version":[{"id":148,"href":"https:\/\/sites.ipleiria.pt\/iee\/wp-json\/wp\/v2\/pages\/6\/revisions\/148"}],"wp:attachment":[{"href":"https:\/\/sites.ipleiria.pt\/iee\/wp-json\/wp\/v2\/media?parent=6"}],"curies":[{"name":"wp","href":"https:\/\/api.w.org\/{rel}","templated":true}]}}