{"id":350,"date":"2024-12-10T12:54:30","date_gmt":"2024-12-10T12:54:30","guid":{"rendered":"https:\/\/sites.ipleiria.pt\/industriascriativas\/?page_id=350"},"modified":"2025-02-05T17:25:59","modified_gmt":"2025-02-05T17:25:59","slug":"350-2","status":"publish","type":"page","link":"https:\/\/sites.ipleiria.pt\/industriascriativas\/","title":{"rendered":"In\u00edcio"},"content":{"rendered":"\t\t<div data-elementor-type=\"wp-page\" data-elementor-id=\"350\" class=\"elementor elementor-350\">\n\t\t\t\t<div class=\"has_eae_slider elementor-element elementor-element-2c7b66d e-con-full elementor-hidden-desktop elementor-hidden-tablet elementor-hidden-mobile e-flex e-con e-parent\" data-eae-slider=\"48516\" data-id=\"2c7b66d\" data-element_type=\"container\">\n\t\t\t\t<div class=\"elementor-element elementor-element-5790576 eae--hr-position-center eae--vr-position-middle elementor-widget elementor-widget-eae-thumbgallery\" data-id=\"5790576\" data-element_type=\"widget\" data-settings=\"{&quot;thumb_slides_per_view&quot;:&quot;0&quot;,&quot;thumb_slides_per_view_mobile&quot;:&quot;1&quot;,&quot;thumb_slides_per_view_tablet&quot;:3,&quot;thumb_space_between&quot;:10,&quot;thumb_space_between_tablet&quot;:10,&quot;thumb_space_between_mobile&quot;:5,&quot;slider_space_between&quot;:{&quot;unit&quot;:&quot;px&quot;,&quot;size&quot;:10,&quot;sizes&quot;:[]},&quot;slider_space_between_tablet&quot;:{&quot;unit&quot;:&quot;px&quot;,&quot;size&quot;:15,&quot;sizes&quot;:[]},&quot;slider_space_between_mobile&quot;:{&quot;unit&quot;:&quot;px&quot;,&quot;size&quot;:10,&quot;sizes&quot;:[]}}\" data-widget_type=\"eae-thumbgallery.default\">\n\t\t\t\t<div class=\"elementor-widget-container\">\n\t\t\t\t\t\n\t\t<div class=\"eae-swiper-outer-wrapper eae-swiper\" data-swiper-settings=\"{&quot;breakpoints_value&quot;:{&quot;mobile&quot;:320,&quot;tablet&quot;:768,&quot;desktop&quot;:1025},&quot;thumbs&quot;:{&quot;spaceBetween&quot;:{&quot;mobile&quot;:5,&quot;tablet&quot;:10,&quot;default&quot;:10},&quot;slidesPerView&quot;:{&quot;mobile&quot;:1,&quot;tablet&quot;:3,&quot;default&quot;:0}},&quot;effect&quot;:&quot;slide&quot;,&quot;speed&quot;:500,&quot;autoplay&quot;:{&quot;duration&quot;:5000,&quot;reverseDirection&quot;:false,&quot;slider_direction&quot;:&quot;ltr&quot;,&quot;disableOnInteraction&quot;:true},&quot;pauseOnHover&quot;:&quot;yes&quot;,&quot;spaceBetween&quot;:{&quot;mobile&quot;:1,&quot;tablet&quot;:1,&quot;default&quot;:10},&quot;loop&quot;:&quot;yes&quot;,&quot;navigation&quot;:&quot;yes&quot;,&quot;clickable&quot;:false,&quot;keyboard&quot;:true}\">\n\t\t\t\t\t   \n\t\t\t<div class=\"eae-swiper-container swiper\">\n\t\t\t\t<div class=\"eae-swiper-wrapper swiper-wrapper slider_vertical_wrapper\">\n\t\t\t\t\t\n\n\t\t\t\t\t<div class=\"elementor-repeater-item-66ca1d5 eae-swiper-slide swiper-slide\" style=\"background-image : url(https:\/\/sites.ipleiria.pt\/industriascriativas\/files\/2024\/12\/alev-takil-nz-UtZz81fI-unsplash-1.jpg);\">\n\t\t\t\t   \n\t\t\t\t\t\t \n\t\t\t\t\t\t\t<div class=\"eae-background-overlay\"><\/div>\n\t\t\t\t\t\t\t\t\t\t\t\t<a class=\"eae-slide-inner\" href=\"https:\/\/sites.ipleiria.pt\/industriascriativas\/#boas-vindas\">\t\t\t\t\t\t\t\t\t\t\t\t\t\t\t<div class=\"eae-slide-content\">\n\t\t\t\t\t\t\t\t\t\t\t\t\t\t\t\t\t\t\t<div class=\"eae-slide-heading\">Damos-lhe as Boas-Vindas!<\/div>\n\t\t\t\t\t\t\t\t\t\n\t\t\t\t\t\t\t\t\t \n\t\t\t\t\t\t\t\t\t\t\t\t\t\t\t\t\t\t<div class=\"eae-slide-button\">\n\t\t\t\t\t\t\t\t\t\t\t\t\t\t\t\t\t\t\t\t\t<span class=\"eae-slide-btn\">Mensagem de boas-vindas<\/span> \n\t\t\t\t\t\t\t\t\t\t\t\t\t\t\t\t\t\t\t<\/div>\n\t\t\t\t\t\t\t\t\t\t\t\t\t\t\t\t\t<\/div>\n\t\t\t\t\t\t\t\t\t\t\t\t\t\t<\/a>\t\t\t\t\t\t\t<\/div>\n\t\t\t\t   \n\t\t\t\t\t \n\t\t\t\t<\/div>\n\t\t\t   \n\t\t\t\t\t\t\t\t\t\t\t\t\t\t<div class = \" eae-swiper-button eae-slider-nav-button  eae-swiper-button-prev\">\n\t\t\t\t\t\t\t<svg class=\"e-font-icon-svg e-fa-angle-left\" viewBox=\"0 0 256 512\" xmlns=\"http:\/\/www.w3.org\/2000\/svg\"><path d=\"M31.7 239l136-136c9.4-9.4 24.6-9.4 33.9 0l22.6 22.6c9.4 9.4 9.4 24.6 0 33.9L127.9 256l96.4 96.4c9.4 9.4 9.4 24.6 0 33.9L201.7 409c-9.4 9.4-24.6 9.4-33.9 0l-136-136c-9.5-9.4-9.5-24.6-.1-34z\"><\/path><\/svg>\t\t\t\t\t\t<\/div>\t\n\t\t\t\t\t\t   \n\t\t\t\t\t\t<div class = \"eae-swiper-button eae-slider-nav-button eae-swiper-button-next\">\n\t\t\t\t\t\t\t<svg class=\"e-font-icon-svg e-fa-angle-right\" viewBox=\"0 0 256 512\" xmlns=\"http:\/\/www.w3.org\/2000\/svg\"><path d=\"M224.3 273l-136 136c-9.4 9.4-24.6 9.4-33.9 0l-22.6-22.6c-9.4-9.4-9.4-24.6 0-33.9l96.4-96.4-96.4-96.4c-9.4-9.4-9.4-24.6 0-33.9L54.3 103c9.4-9.4 24.6-9.4 33.9 0l136 136c9.5 9.4 9.5 24.6.1 34z\"><\/path><\/svg>\t\t\t\t\t\t<\/div>\t\n\t\t\t\t\t\t\t\t   \n\t\t\t\t\t\n\t\t\t<\/div>\t\n\t\t\n\t\t\t<div class=\"eae-thumb-container swiper eae-gallery-thumbs eae-thumb-horizontal-bottom\">\n\t\t\t\t<div class=\"eae-thumb-wrapper swiper-wrapper\">\n\t\t\t\t\t\t\t\t\t\t   \n\t\t\t\t\t\t<div class=\"elementor-repeater-item-66ca1d5 eae-thumb-slide swiper-slide\" style=\"background-image : url(https:\/\/sites.ipleiria.pt\/industriascriativas\/files\/2024\/12\/alev-takil-nz-UtZz81fI-unsplash-1.jpg);\">\n\t\t\t\t\t\t\t\t<div class='eae-fit-aspect-ratio'><\/div>\n\t\t\t\t\t\t<\/div>\n\t\t\t\t\t \n\t\t\t\t<\/div>\n\n\t\t\t\t\n\t\t\t<\/div>\n\n\t\t\t\t<\/div> \n\t\t\t\t\t\t<\/div>\n\t\t\t\t<\/div>\n\t\t\t\t<\/div>\n\t\t<div class=\"has_eae_slider elementor-element elementor-element-6ff59ba e-flex e-con-boxed e-con e-parent\" data-eae-slider=\"56425\" data-id=\"6ff59ba\" data-element_type=\"container\">\n\t\t\t\t\t<div class=\"e-con-inner\">\n\t\t<div class=\"has_eae_slider elementor-element elementor-element-cfc7bd6 e-con-full e-flex e-con e-child\" data-eae-slider=\"6351\" data-id=\"cfc7bd6\" data-element_type=\"container\">\n\t\t\t\t<div class=\"elementor-element elementor-element-0dcf978 elementor-widget elementor-widget-heading\" data-id=\"0dcf978\" data-element_type=\"widget\" data-widget_type=\"heading.default\">\n\t\t\t\t<div class=\"elementor-widget-container\">\n\t\t\t\t\t<h2 class=\"elementor-heading-title elementor-size-default\">Not\u00edcias<\/h2>\t\t\t\t<\/div>\n\t\t\t\t<\/div>\n\t\t\t\t<div class=\"elementor-element elementor-element-c393147 elementor-widget elementor-widget-heading\" data-id=\"c393147\" data-element_type=\"widget\" data-widget_type=\"heading.default\">\n\t\t\t\t<div class=\"elementor-widget-container\">\n\t\t\t\t\t<p class=\"elementor-heading-title elementor-size-default\"><a href=\"\/industriascriativas\/noticias\">Saber mais<\/a><\/p>\t\t\t\t<\/div>\n\t\t\t\t<\/div>\n\t\t\t\t<\/div>\n\t\t\t\t<div class=\"elementor-element elementor-element-91062c5 elementor-grid-eael-col-4 elementor-grid-tablet-eael-col-2 elementor-grid-mobile-eael-col-1 elementor-widget elementor-widget-eael-post-grid\" data-id=\"91062c5\" data-element_type=\"widget\" data-settings=\"{&quot;eael_post_grid_columns&quot;:&quot;eael-col-4&quot;,&quot;eael_post_grid_columns_tablet&quot;:&quot;eael-col-2&quot;,&quot;eael_post_grid_columns_mobile&quot;:&quot;eael-col-1&quot;}\" data-widget_type=\"eael-post-grid.default\">\n\t\t\t\t<div class=\"elementor-widget-container\">\n\t\t\t\t\t<div id=\"eael-post-grid-91062c5\" class=\"eael-post-grid-container\">\n            <div class=\"eael-post-grid eael-post-appender eael-post-appender-91062c5 eael-post-grid-style-one\" data-layout-mode=\"masonry\"><article class=\"eael-grid-post  eael-post-grid-column eael-pg-post-466 category-sem-categoria\" data-id=\"466\">\n        <div class=\"eael-grid-post-holder\">\n            <div class=\"eael-grid-post-holder-inner\"><div class=\"eael-entry-media\"><div class=\"eael-entry-overlay fade-in\"><i class=\"fas fa-long-arrow-alt-right\" aria-hidden=\"true\"><\/i><a href=\"https:\/\/sites.ipleiria.pt\/industriascriativas\/participacao-dos-alunos-de-2o-ano-do-ctesp-de-musica-digital-24-25-na-exposicao-do-museu-de-arte-contemporanea-de-elvas-o-fio-que-nos-une\/\"><\/a><\/div><div class=\"eael-entry-thumbnail eael-image-ratio\">\n                <img fetchpriority=\"high\" decoding=\"async\" width=\"768\" height=\"1365\" src=\"https:\/\/sites.ipleiria.pt\/industriascriativas\/files\/2025\/02\/Imagem-WhatsApp-2025-02-05-as-17.01.08_a43998e3-768x1365.jpg\" class=\"attachment-medium_large size-medium_large wp-image-474\" alt=\"\" srcset=\"https:\/\/sites.ipleiria.pt\/industriascriativas\/files\/2025\/02\/Imagem-WhatsApp-2025-02-05-as-17.01.08_a43998e3-768x1365.jpg 768w, https:\/\/sites.ipleiria.pt\/industriascriativas\/files\/2025\/02\/Imagem-WhatsApp-2025-02-05-as-17.01.08_a43998e3-169x300.jpg 169w, https:\/\/sites.ipleiria.pt\/industriascriativas\/files\/2025\/02\/Imagem-WhatsApp-2025-02-05-as-17.01.08_a43998e3-576x1024.jpg 576w, https:\/\/sites.ipleiria.pt\/industriascriativas\/files\/2025\/02\/Imagem-WhatsApp-2025-02-05-as-17.01.08_a43998e3-864x1536.jpg 864w, https:\/\/sites.ipleiria.pt\/industriascriativas\/files\/2025\/02\/Imagem-WhatsApp-2025-02-05-as-17.01.08_a43998e3.jpg 900w\" sizes=\"(max-width: 768px) 100vw, 768px\" \/>\n            <\/div>\n        <\/div><div class=\"eael-entry-wrapper\"><header class=\"eael-entry-header\"><h2 class=\"eael-entry-title\"><a class=\"eael-grid-post-link\" href=\"https:\/\/sites.ipleiria.pt\/industriascriativas\/participacao-dos-alunos-de-2o-ano-do-ctesp-de-musica-digital-24-25-na-exposicao-do-museu-de-arte-contemporanea-de-elvas-o-fio-que-nos-une\/\" title=\"Participa\u00e7\u00e3o dos Alunos de 2\u00ba ano do CTeSP de M\u00fasica Digital (24\/25) na exposi\u00e7\u00e3o do Museu de Arte Contempor\u00e2nea de Elvas, &#8220;O Fio que nos une&#8221;\">Participa\u00e7\u00e3o dos Alunos de 2\u00ba ano do CTeSP de M\u00fasica Digital (24\/25) na exposi\u00e7\u00e3o do Museu de Arte Contempor\u00e2nea de Elvas, &#8220;O Fio que nos une&#8221;<\/a><\/h2><\/header><div class=\"eael-entry-content\">\n                        <div class=\"eael-grid-post-excerpt\"><p>A mais recente exposi\u00e7\u00e3o tempor\u00e1ria do Museu de Arte Contempor\u00e2nea...<\/p><a href=\"https:\/\/sites.ipleiria.pt\/industriascriativas\/participacao-dos-alunos-de-2o-ano-do-ctesp-de-musica-digital-24-25-na-exposicao-do-museu-de-arte-contemporanea-de-elvas-o-fio-que-nos-une\/\" class=\"eael-post-elements-readmore-btn\">Saber mais!<\/a><\/div>\n                    <\/div><\/div><\/div>\n        <\/div>\n    <\/article><article class=\"eael-grid-post  eael-post-grid-column eael-pg-post-406 category-sem-categoria\" data-id=\"406\">\n        <div class=\"eael-grid-post-holder\">\n            <div class=\"eael-grid-post-holder-inner\"><div class=\"eael-entry-media\"><div class=\"eael-entry-overlay fade-in\"><i class=\"fas fa-long-arrow-alt-right\" aria-hidden=\"true\"><\/i><a href=\"https:\/\/sites.ipleiria.pt\/industriascriativas\/aula-aberta-com-daniel-constantino\/\"><\/a><\/div><div class=\"eael-entry-thumbnail eael-image-ratio\">\n                <img decoding=\"async\" width=\"768\" height=\"512\" src=\"https:\/\/sites.ipleiria.pt\/industriascriativas\/files\/2024\/05\/3J8A2014-768x512.jpg\" class=\"attachment-medium_large size-medium_large wp-image-408\" alt=\"\" srcset=\"https:\/\/sites.ipleiria.pt\/industriascriativas\/files\/2024\/05\/3J8A2014-768x512.jpg 768w, https:\/\/sites.ipleiria.pt\/industriascriativas\/files\/2024\/05\/3J8A2014-300x200.jpg 300w, https:\/\/sites.ipleiria.pt\/industriascriativas\/files\/2024\/05\/3J8A2014-1024x683.jpg 1024w, https:\/\/sites.ipleiria.pt\/industriascriativas\/files\/2024\/05\/3J8A2014-1536x1024.jpg 1536w, https:\/\/sites.ipleiria.pt\/industriascriativas\/files\/2024\/05\/3J8A2014-2048x1365.jpg 2048w\" sizes=\"(max-width: 768px) 100vw, 768px\" \/>\n            <\/div>\n        <\/div><div class=\"eael-entry-wrapper\"><header class=\"eael-entry-header\"><h2 class=\"eael-entry-title\"><a class=\"eael-grid-post-link\" href=\"https:\/\/sites.ipleiria.pt\/industriascriativas\/aula-aberta-com-daniel-constantino\/\" title=\"Aula aberta com Daniel Constantino\">Aula aberta com Daniel Constantino<\/a><\/h2><\/header><div class=\"eael-entry-content\">\n                        <div class=\"eael-grid-post-excerpt\"><p>No passado dia 13 de maio, a nossa escola teve...<\/p><a href=\"https:\/\/sites.ipleiria.pt\/industriascriativas\/aula-aberta-com-daniel-constantino\/\" class=\"eael-post-elements-readmore-btn\">Saber mais!<\/a><\/div>\n                    <\/div><\/div><\/div>\n        <\/div>\n    <\/article><article class=\"eael-grid-post  eael-post-grid-column eael-pg-post-402 category-sem-categoria\" data-id=\"402\">\n        <div class=\"eael-grid-post-holder\">\n            <div class=\"eael-grid-post-holder-inner\"><div class=\"eael-entry-media\"><div class=\"eael-entry-overlay fade-in\"><i class=\"fas fa-long-arrow-alt-right\" aria-hidden=\"true\"><\/i><a href=\"https:\/\/sites.ipleiria.pt\/industriascriativas\/aula-aberta-com-ines-apenas\/\"><\/a><\/div><div class=\"eael-entry-thumbnail eael-image-ratio\">\n                <img decoding=\"async\" width=\"768\" height=\"768\" src=\"https:\/\/sites.ipleiria.pt\/industriascriativas\/files\/2024\/12\/Copia-de-AULA-ABERTA-instagram-1x1-1-768x768.png\" class=\"attachment-medium_large size-medium_large wp-image-403\" alt=\"\" srcset=\"https:\/\/sites.ipleiria.pt\/industriascriativas\/files\/2024\/12\/Copia-de-AULA-ABERTA-instagram-1x1-1-768x768.png 768w, https:\/\/sites.ipleiria.pt\/industriascriativas\/files\/2024\/12\/Copia-de-AULA-ABERTA-instagram-1x1-1-300x300.png 300w, https:\/\/sites.ipleiria.pt\/industriascriativas\/files\/2024\/12\/Copia-de-AULA-ABERTA-instagram-1x1-1-1024x1024.png 1024w, https:\/\/sites.ipleiria.pt\/industriascriativas\/files\/2024\/12\/Copia-de-AULA-ABERTA-instagram-1x1-1-150x150.png 150w, https:\/\/sites.ipleiria.pt\/industriascriativas\/files\/2024\/12\/Copia-de-AULA-ABERTA-instagram-1x1-1.png 1080w\" sizes=\"(max-width: 768px) 100vw, 768px\" \/>\n            <\/div>\n        <\/div><div class=\"eael-entry-wrapper\"><header class=\"eael-entry-header\"><h2 class=\"eael-entry-title\"><a class=\"eael-grid-post-link\" href=\"https:\/\/sites.ipleiria.pt\/industriascriativas\/aula-aberta-com-ines-apenas\/\" title=\"Aula aberta com In\u00eas Apenas\">Aula aberta com In\u00eas Apenas<\/a><\/h2><\/header><div class=\"eael-entry-content\">\n                        <div class=\"eael-grid-post-excerpt\"><p>No passado dia 18 de Dezembro tivemos a presen\u00e7a da...<\/p><a href=\"https:\/\/sites.ipleiria.pt\/industriascriativas\/aula-aberta-com-ines-apenas\/\" class=\"eael-post-elements-readmore-btn\">Saber mais!<\/a><\/div>\n                    <\/div><\/div><\/div>\n        <\/div>\n    <\/article><\/div>\n            <div class=\"clearfix\"><\/div>\n        <\/div>\t\t\t\t<\/div>\n\t\t\t\t<\/div>\n\t\t\t\t\t<\/div>\n\t\t\t\t<\/div>\n\t\t<div class=\"has_eae_slider elementor-element elementor-element-533ee55 e-flex e-con-boxed e-con e-parent\" data-eae-slider=\"64793\" data-id=\"533ee55\" data-element_type=\"container\" id=\"boas-vindas\">\n\t\t\t\t\t<div class=\"e-con-inner\">\n\t\t\t\t<div class=\"elementor-element elementor-element-36bbb03 elementor-widget elementor-widget-heading\" data-id=\"36bbb03\" data-element_type=\"widget\" data-widget_type=\"heading.default\">\n\t\t\t\t<div class=\"elementor-widget-container\">\n\t\t\t\t\t<h2 class=\"elementor-heading-title elementor-size-default\">Mensagem de Boas Vindas<\/h2>\t\t\t\t<\/div>\n\t\t\t\t<\/div>\n\t\t\t\t<div class=\"elementor-element elementor-element-56c2009 elementor-widget elementor-widget-text-editor\" data-id=\"56c2009\" data-element_type=\"widget\" data-widget_type=\"text-editor.default\">\n\t\t\t\t<div class=\"elementor-widget-container\">\n\t\t\t\t\t\t\t\t\t<p>Bem-vindos!<\/p><p>Este website foi criado para partilhar informa\u00e7\u00f5es sobre diversas atividades que decorrem dentro e fora da ESECS-IPLeiria tendo como principal foco UCs relacionadas com m\u00fasica dos CTESP de M\u00fasica Digital, e de Interven\u00e7\u00e3o Sociocultural e Desporto.<\/p><p>Todos s\u00e3o convidados a participar neste espa\u00e7o de partilha, contribuindo com ideias, sugest\u00f5es e experi\u00eancias.<\/p><p>Obrigado pela visita!<\/p>\t\t\t\t\t\t\t\t<\/div>\n\t\t\t\t<\/div>\n\t\t\t\t\t<\/div>\n\t\t\t\t<\/div>\n\t\t<div class=\"has_eae_slider elementor-element elementor-element-56412c1 e-flex e-con-boxed e-con e-parent\" data-eae-slider=\"68857\" data-id=\"56412c1\" data-element_type=\"container\">\n\t\t\t\t\t<div class=\"e-con-inner\">\n\t\t\t\t<div class=\"elementor-element elementor-element-5a21df1 elementor-widget elementor-widget-heading\" data-id=\"5a21df1\" data-element_type=\"widget\" data-widget_type=\"heading.default\">\n\t\t\t\t<div class=\"elementor-widget-container\">\n\t\t\t\t\t<h2 class=\"elementor-heading-title elementor-size-default\">Contactos<\/h2>\t\t\t\t<\/div>\n\t\t\t\t<\/div>\n\t\t\t\t<div class=\"elementor-element elementor-element-5925b86 elementor-widget elementor-widget-text-editor\" data-id=\"5925b86\" data-element_type=\"widget\" data-widget_type=\"text-editor.default\">\n\t\t\t\t<div class=\"elementor-widget-container\">\n\t\t\t\t\t\t\t\t\t<p>Professor Jo\u00e3o Tojeira: joao.tojeira@ipleiria.pt<\/p>\t\t\t\t\t\t\t\t<\/div>\n\t\t\t\t<\/div>\n\t\t\t\t<div class=\"elementor-element elementor-element-be87eda eael-contact-form-7-button-align-left eael-contact-form-7-button-custom elementor-widget elementor-widget-eael-contact-form-7\" data-id=\"be87eda\" data-element_type=\"widget\" data-widget_type=\"eael-contact-form-7.default\">\n\t\t\t\t<div class=\"elementor-widget-container\">\n\t\t\t\t\t<div class=\"eael-contact-form-7-wrapper\">\n                <div class=\"eael-contact-form eael-contact-form-7 eael-contact-form-be87eda placeholder-show eael-contact-form-align-default\">\n<div class=\"wpcf7 no-js\" id=\"wpcf7-f448-o1\" lang=\"pt-PT\" dir=\"ltr\" data-wpcf7-id=\"448\">\n<div class=\"screen-reader-response\"><p role=\"status\" aria-live=\"polite\" aria-atomic=\"true\"><\/p> <ul><\/ul><\/div>\n<form action=\"\/industriascriativas\/wp-json\/wp\/v2\/pages\/350#wpcf7-f448-o1\" method=\"post\" class=\"wpcf7-form init\" aria-label=\"Formul\u00e1rio de contacto\" novalidate=\"novalidate\" data-status=\"init\">\n<fieldset class=\"hidden-fields-container\"><input type=\"hidden\" name=\"_wpcf7\" value=\"448\" \/><input type=\"hidden\" name=\"_wpcf7_version\" value=\"6.1.5\" \/><input type=\"hidden\" name=\"_wpcf7_locale\" value=\"pt_PT\" \/><input type=\"hidden\" name=\"_wpcf7_unit_tag\" value=\"wpcf7-f448-o1\" \/><input type=\"hidden\" name=\"_wpcf7_container_post\" value=\"0\" \/><input type=\"hidden\" name=\"_wpcf7_posted_data_hash\" value=\"\" \/>\n<\/fieldset>\n<p><label> O seu nome<br \/>\n<span class=\"wpcf7-form-control-wrap\" data-name=\"your-name\"><input size=\"40\" maxlength=\"400\" class=\"wpcf7-form-control wpcf7-text wpcf7-validates-as-required\" autocomplete=\"name\" aria-required=\"true\" aria-invalid=\"false\" value=\"\" type=\"text\" name=\"your-name\" \/><\/span> <\/label>\n<\/p>\n<p><label> O seu email<br \/>\n<span class=\"wpcf7-form-control-wrap\" data-name=\"your-email\"><input size=\"40\" maxlength=\"400\" class=\"wpcf7-form-control wpcf7-email wpcf7-validates-as-required wpcf7-text wpcf7-validates-as-email\" autocomplete=\"email\" aria-required=\"true\" aria-invalid=\"false\" value=\"\" type=\"email\" name=\"your-email\" \/><\/span> <\/label>\n<\/p>\n<p><label> Assunto<br \/>\n<span class=\"wpcf7-form-control-wrap\" data-name=\"your-subject\"><input size=\"40\" maxlength=\"400\" class=\"wpcf7-form-control wpcf7-text wpcf7-validates-as-required\" aria-required=\"true\" aria-invalid=\"false\" value=\"\" type=\"text\" name=\"your-subject\" \/><\/span> <\/label>\n<\/p>\n<p><label> A sua mensagem<br \/>\n<span class=\"wpcf7-form-control-wrap\" data-name=\"your-message\"><textarea cols=\"40\" rows=\"10\" maxlength=\"2000\" class=\"wpcf7-form-control wpcf7-textarea wpcf7-validates-as-required\" aria-required=\"true\" aria-invalid=\"false\" name=\"your-message\"><\/textarea><\/span> <\/label>\n<\/p>\n<p><input class=\"wpcf7-form-control wpcf7-submit has-spinner\" type=\"submit\" value=\"Submeter\" \/>\n<\/p><div class=\"wpcf7-response-output\" aria-hidden=\"true\"><\/div>\n<\/form>\n<\/div>\n<\/div>\n            <\/div>\t\t\t\t<\/div>\n\t\t\t\t<\/div>\n\t\t\t\t\t<\/div>\n\t\t\t\t<\/div>\n\t\t\t\t<\/div>\n\t\t","protected":false},"excerpt":{"rendered":"<p>Damos-lhe as Boas-Vindas! Mensagem de boas-vindas Not\u00edcias Saber mais Participa\u00e7\u00e3o dos Alunos de 2\u00ba ano do CTeSP de M\u00fasica Digital (24\/25) na exposi\u00e7\u00e3o do Museu de Arte Contempor\u00e2nea de Elvas, &#8220;O Fio&#8230;<\/p>\n","protected":false},"author":5851,"featured_media":0,"parent":0,"menu_order":0,"comment_status":"closed","ping_status":"closed","template":"elementor_header_footer","meta":{"_kadence_starter_templates_imported_post":false,"_kad_post_transparent":"","_kad_post_title":"","_kad_post_layout":"","_kad_post_sidebar_id":"","_kad_post_content_style":"","_kad_post_vertical_padding":"","_kad_post_feature":"","_kad_post_feature_position":"","_kad_post_header":false,"_kad_post_footer":false,"_kad_post_classname":"","footnotes":""},"class_list":["post-350","page","type-page","status-publish","hentry"],"_links":{"self":[{"href":"https:\/\/sites.ipleiria.pt\/industriascriativas\/wp-json\/wp\/v2\/pages\/350","targetHints":{"allow":["GET"]}}],"collection":[{"href":"https:\/\/sites.ipleiria.pt\/industriascriativas\/wp-json\/wp\/v2\/pages"}],"about":[{"href":"https:\/\/sites.ipleiria.pt\/industriascriativas\/wp-json\/wp\/v2\/types\/page"}],"author":[{"embeddable":true,"href":"https:\/\/sites.ipleiria.pt\/industriascriativas\/wp-json\/wp\/v2\/users\/5851"}],"replies":[{"embeddable":true,"href":"https:\/\/sites.ipleiria.pt\/industriascriativas\/wp-json\/wp\/v2\/comments?post=350"}],"version-history":[{"count":67,"href":"https:\/\/sites.ipleiria.pt\/industriascriativas\/wp-json\/wp\/v2\/pages\/350\/revisions"}],"predecessor-version":[{"id":504,"href":"https:\/\/sites.ipleiria.pt\/industriascriativas\/wp-json\/wp\/v2\/pages\/350\/revisions\/504"}],"wp:attachment":[{"href":"https:\/\/sites.ipleiria.pt\/industriascriativas\/wp-json\/wp\/v2\/media?parent=350"}],"curies":[{"name":"wp","href":"https:\/\/api.w.org\/{rel}","templated":true}]}}