{"id":132,"date":"2011-08-10T23:39:19","date_gmt":"2011-08-10T23:39:19","guid":{"rendered":"http:\/\/sites.ipleiria.pt\/instituna\/?page_id=132"},"modified":"2011-12-07T00:38:56","modified_gmt":"2011-12-07T00:38:56","slug":"livro10anos","status":"publish","type":"page","link":"https:\/\/sites.ipleiria.pt\/instituna\/instituna-historial-da-tuna-mista-antiga-leiria\/livro10anos\/","title":{"rendered":"Livro &#8211; 10 Anos"},"content":{"rendered":"<p style=\"text-align: center\">INSTITUNA<br \/>\nMuitas vidas&#8230; Um s\u00f3 sonho<\/p>\n<p style=\"text-align: center\"><a href=\"http:\/\/sites.ipleiria.pt\/instituna\/files\/2011\/08\/Livro10anos_Capa.jpg\" target=\"_blank\"><img loading=\"lazy\" decoding=\"async\" class=\"aligncenter size-full wp-image-218\" src=\"http:\/\/sites.ipleiria.pt\/instituna\/files\/2011\/08\/Livro10anos_Capa-e1314575366992.jpg\" alt=\"\" width=\"640\" height=\"452\" \/><\/a><\/p>\n<p style=\"text-align: justify\"><em>\u00a0 \u00a0 \u00a0 \u00a0&#8221; Pouco meses depois da minha chegada, devido a uma intensa persist\u00eancia dos grandes Institunos Filipe &#8220;Tripa&#8221; Moura e Pedro Cotrim, resolvi enverdar pe\u00e7a maior das tradi\u00e7\u00f5es acad\u00e9micas da ESTG. De pijama vestido e com a guitarra a tira-colo tornei-me na mais recente adi\u00e7\u00e3o da grande tuna leiriense, Instituna. Talvez devido ao facto de o meu pai ter pertencido, nos seus tempos de estudante em Coimbra, ao Coro Misto da Faculdade de Letras de Coimbra, recebi de imediato um apoio extraordin\u00e1rio, assim como a compreens\u00e3o de que a vida acad\u00e9mica deve ser bem vivida mas sempre com um sentido de responsabilidade apurado para os estudos. N\u00e3o posso deixar de mencionar a import\u00e2ncia que os meus pais tiveram na minha ascens\u00e3o na Instituna, onde sem o seu apoio, \u00e9 certo que hoje n\u00e3o estaria aqui a escrever este editorial.<\/em><\/p>\n<p style=\"text-align: justify\"><em>\u00a0 \u00a0 \u00a0 \u00a0A Instituna \u00e9 Hist\u00f3ria. \u00c9 um marco representativo na vida acad\u00e9mica de Leiria. \u00c9 e ser\u00e1 a maior Tuna desta cidade, porque influenciou v\u00e1rias gera\u00e7\u00f5es de estudantes que por c\u00e1 passaram e perdurou. N\u00e3o foi uma moda passageira, n\u00e3o foi um capricho de grandeza&#8230; cresceu por si pr\u00f3pria, n\u00e3o foi sempre a mais agraciada, mas superou as crises e problemas que h\u00e3o-de sempre haver em todas as tunas, n\u00e3o morreu e nem perdeu a sua identidade desde o seu primeiro f\u00f4lego h\u00e1 dez anos atr\u00e1s. At\u00e9 \u00e0 data os nossos valores, princ\u00edpios e objectivos s\u00e3o os mesmos: A uni\u00e3o, a amizade, a m\u00fasica, o conv\u00edvio, a alegria, a tradi\u00e7\u00e3o&#8230; a ESTG.<\/em><\/p>\n<p style=\"text-align: justify\"><em>\u00a0 \u00a0 \u00a0 \u00a0Este livro \u00e9 mais do que uma homenagem \u00e0 Tuna, \u00e9 tamb\u00e9m um lembrete, uma recorda\u00e7\u00e3o que n\u00e3o vai ecoar em po\u00e7os fundos, mas sim na solidez de uma p\u00e1gina branca que dita os seus relatos. \u00c9 recordar, \u00e9 viver, e esperar por mais. Espero que com este livro, n\u00e3o s\u00f3 se avive a mem\u00f3ria daqueles que por c\u00e1 passaram, mas como tamb\u00e9m elucide os que hoje c\u00e1 est\u00e3o e para os que amanh\u00e3 vir\u00e3o, sobre o que foi, \u00e9 e ser\u00e1 sempre a Instituna.&#8221;<\/em><\/p>\n<p style=\"text-align: left\"><a href=\"http:\/\/sites.ipleiria.pt\/instituna\/files\/2011\/08\/Livro10anos_pag01.jpg\" target=\"_blank\"><img loading=\"lazy\" decoding=\"async\" class=\"alignnone size-full wp-image-219\" src=\"http:\/\/sites.ipleiria.pt\/instituna\/files\/2011\/08\/Livro10anos_pag01-e1314575224241.jpg\" alt=\"\" width=\"320\" height=\"224\" \/><\/a><a href=\"http:\/\/sites.ipleiria.pt\/instituna\/files\/2011\/08\/Livro10anos_pag02.jpg\" target=\"_blank\"><img loading=\"lazy\" decoding=\"async\" class=\"alignnone size-full wp-image-220\" src=\"http:\/\/sites.ipleiria.pt\/instituna\/files\/2011\/08\/Livro10anos_pag02-e1314575254150.jpg\" alt=\"\" width=\"320\" height=\"227\" \/><\/a><\/p>\n<p style=\"text-align: left\"><a href=\"http:\/\/sites.ipleiria.pt\/instituna\/files\/2011\/08\/Livro10anos_pag03.jpg\" target=\"_blank\"><img loading=\"lazy\" decoding=\"async\" class=\"alignnone size-full wp-image-226\" src=\"http:\/\/sites.ipleiria.pt\/instituna\/files\/2011\/08\/Livro10anos_pag03-e1314575298138.jpg\" alt=\"\" width=\"320\" height=\"226\" \/><\/a><a href=\"http:\/\/sites.ipleiria.pt\/instituna\/files\/2011\/08\/Livro10anos_pag04.jpg\" target=\"_blank\"><img loading=\"lazy\" decoding=\"async\" class=\"alignnone size-full wp-image-221\" src=\"http:\/\/sites.ipleiria.pt\/instituna\/files\/2011\/08\/Livro10anos_pag04-e1314575739400.jpg\" alt=\"\" width=\"320\" height=\"227\" \/><\/a><\/p>\n<p><a href=\"http:\/\/sites.ipleiria.pt\/instituna\/files\/2011\/08\/Livro10anos_pag05.jpg\" target=\"_blank\"><img loading=\"lazy\" decoding=\"async\" class=\"alignnone size-full wp-image-222\" src=\"http:\/\/sites.ipleiria.pt\/instituna\/files\/2011\/08\/Livro10anos_pag05-e1314579291836.jpg\" alt=\"\" width=\"320\" height=\"225\" \/><\/a><a href=\"http:\/\/sites.ipleiria.pt\/instituna\/files\/2011\/08\/Livro10anos_pag06.jpg\" target=\"_blank\"><img loading=\"lazy\" decoding=\"async\" class=\"alignnone size-full wp-image-223\" src=\"http:\/\/sites.ipleiria.pt\/instituna\/files\/2011\/08\/Livro10anos_pag06-e1314579313443.jpg\" alt=\"\" width=\"320\" height=\"226\" \/><\/a><\/p>\n<p><a href=\"http:\/\/sites.ipleiria.pt\/instituna\/files\/2011\/08\/Livro10anos_pag07.jpg\" target=\"_blank\"><img loading=\"lazy\" decoding=\"async\" class=\"alignnone size-full wp-image-224\" src=\"http:\/\/sites.ipleiria.pt\/instituna\/files\/2011\/08\/Livro10anos_pag07-e1314579343190.jpg\" alt=\"\" width=\"320\" height=\"225\" \/><\/a><a href=\"http:\/\/sites.ipleiria.pt\/instituna\/files\/2011\/08\/Livro10anos_pag08.jpg\" target=\"_blank\"><img loading=\"lazy\" decoding=\"async\" class=\"alignnone size-full wp-image-240\" src=\"http:\/\/sites.ipleiria.pt\/instituna\/files\/2011\/08\/Livro10anos_pag08-e1314581535520.jpg\" alt=\"\" width=\"320\" height=\"226\" \/><\/a><\/p>\n<p><a href=\"http:\/\/sites.ipleiria.pt\/instituna\/files\/2011\/08\/Livro10anos_pag09.jpg\" target=\"_blank\"><img loading=\"lazy\" decoding=\"async\" class=\"alignnone size-full wp-image-241\" src=\"http:\/\/sites.ipleiria.pt\/instituna\/files\/2011\/08\/Livro10anos_pag09-e1314581581698.jpg\" alt=\"\" width=\"320\" height=\"224\" \/><\/a><a href=\"http:\/\/sites.ipleiria.pt\/instituna\/files\/2011\/08\/Livro10anos_pag10.jpg\" target=\"_blank\"><img loading=\"lazy\" decoding=\"async\" class=\"alignnone size-full wp-image-243\" src=\"http:\/\/sites.ipleiria.pt\/instituna\/files\/2011\/08\/Livro10anos_pag10-e1314582512172.jpg\" alt=\"\" width=\"320\" height=\"226\" \/><\/a><\/p>\n<p><a href=\"http:\/\/sites.ipleiria.pt\/instituna\/files\/2011\/08\/Livro10anos_pag11.jpg\" target=\"_blank\"><img loading=\"lazy\" decoding=\"async\" class=\"alignnone size-full wp-image-244\" src=\"http:\/\/sites.ipleiria.pt\/instituna\/files\/2011\/08\/Livro10anos_pag11-e1314582543433.jpg\" alt=\"\" width=\"320\" height=\"225\" \/><\/a><a href=\"http:\/\/sites.ipleiria.pt\/instituna\/files\/2011\/08\/Livro10anos_pag12.jpg\" target=\"_blank\"><img loading=\"lazy\" decoding=\"async\" class=\"alignnone size-full wp-image-246\" src=\"http:\/\/sites.ipleiria.pt\/instituna\/files\/2011\/08\/Livro10anos_pag12-e1314582568222.jpg\" alt=\"\" width=\"320\" height=\"225\" \/><\/a><\/p>\n<p><a href=\"http:\/\/sites.ipleiria.pt\/instituna\/files\/2011\/08\/Livro10anos_pag13.jpg\" target=\"_blank\"><img loading=\"lazy\" decoding=\"async\" class=\"alignnone size-full wp-image-247\" src=\"http:\/\/sites.ipleiria.pt\/instituna\/files\/2011\/08\/Livro10anos_pag13-e1314582595212.jpg\" alt=\"\" width=\"320\" height=\"224\" \/><\/a><a href=\"http:\/\/sites.ipleiria.pt\/instituna\/files\/2011\/08\/Livro10anos_pag14.jpg\" target=\"_blank\"><img loading=\"lazy\" decoding=\"async\" class=\"alignnone size-full wp-image-251\" src=\"http:\/\/sites.ipleiria.pt\/instituna\/files\/2011\/08\/Livro10anos_pag14-e1314583710190.jpg\" alt=\"\" width=\"320\" height=\"225\" \/><\/a><\/p>\n<p><a href=\"http:\/\/sites.ipleiria.pt\/instituna\/files\/2011\/08\/Livro10anos_pag15.jpg\" target=\"_blank\"><img loading=\"lazy\" decoding=\"async\" class=\"alignnone size-full wp-image-252\" src=\"http:\/\/sites.ipleiria.pt\/instituna\/files\/2011\/08\/Livro10anos_pag15-e1314583760791.jpg\" alt=\"\" width=\"320\" height=\"224\" \/><\/a>\u00a0<a href=\"http:\/\/sites.ipleiria.pt\/instituna\/files\/2011\/08\/Livro10anos_pag16.jpg\" target=\"_blank\"><img loading=\"lazy\" decoding=\"async\" class=\"alignnone size-full wp-image-253\" src=\"http:\/\/sites.ipleiria.pt\/instituna\/files\/2011\/08\/Livro10anos_pag16-e1314583787945.jpg\" alt=\"\" width=\"320\" height=\"225\" \/><\/a><\/p>\n<p><a href=\"http:\/\/sites.ipleiria.pt\/instituna\/files\/2011\/08\/Livro10anos_pag17.jpg\" target=\"_blank\"><img loading=\"lazy\" decoding=\"async\" class=\"alignnone size-full wp-image-254\" src=\"http:\/\/sites.ipleiria.pt\/instituna\/files\/2011\/08\/Livro10anos_pag17-e1314583817897.jpg\" alt=\"\" width=\"320\" height=\"224\" \/><\/a>\u00a0<a href=\"http:\/\/sites.ipleiria.pt\/instituna\/files\/2011\/08\/Livro10anos_pag18.jpg\" target=\"_blank\"><img loading=\"lazy\" decoding=\"async\" class=\"alignnone size-full wp-image-255\" src=\"http:\/\/sites.ipleiria.pt\/instituna\/files\/2011\/08\/Livro10anos_pag18-e1314583850478.jpg\" alt=\"\" width=\"320\" height=\"225\" \/><\/a><\/p>\n<p><a href=\"http:\/\/sites.ipleiria.pt\/instituna\/files\/2011\/08\/Livro10anos_pag19.jpg\" target=\"_blank\"><img loading=\"lazy\" decoding=\"async\" class=\"alignnone size-full wp-image-256\" src=\"http:\/\/sites.ipleiria.pt\/instituna\/files\/2011\/08\/Livro10anos_pag19-e1314583889433.jpg\" alt=\"\" width=\"320\" height=\"223\" \/><\/a><a href=\"http:\/\/sites.ipleiria.pt\/instituna\/files\/2011\/08\/Livro10anos_pag20.jpg\" target=\"_blank\"><img loading=\"lazy\" decoding=\"async\" class=\"alignnone size-full wp-image-257\" src=\"http:\/\/sites.ipleiria.pt\/instituna\/files\/2011\/08\/Livro10anos_pag20-e1314583914685.jpg\" alt=\"\" width=\"320\" height=\"226\" \/><\/a><\/p>\n<p><a href=\"http:\/\/sites.ipleiria.pt\/instituna\/files\/2011\/08\/Livro10anos_pag21.jpg\" target=\"_blank\"><img loading=\"lazy\" decoding=\"async\" class=\"alignnone size-full wp-image-261\" src=\"http:\/\/sites.ipleiria.pt\/instituna\/files\/2011\/08\/Livro10anos_pag21-e1314632908855.jpg\" alt=\"\" width=\"320\" height=\"224\" \/><\/a><a href=\"http:\/\/sites.ipleiria.pt\/instituna\/files\/2011\/08\/Livro10anos_pag22.jpg\" target=\"_blank\"><img loading=\"lazy\" decoding=\"async\" class=\"alignnone size-full wp-image-264\" src=\"http:\/\/sites.ipleiria.pt\/instituna\/files\/2011\/08\/Livro10anos_pag22-e1314632943463.jpg\" alt=\"\" width=\"320\" height=\"225\" \/><\/a><\/p>\n<p><a href=\"http:\/\/sites.ipleiria.pt\/instituna\/files\/2011\/08\/Livro10anos_pag23.jpg\" target=\"_blank\"><img loading=\"lazy\" decoding=\"async\" class=\"alignnone size-full wp-image-266\" src=\"http:\/\/sites.ipleiria.pt\/instituna\/files\/2011\/08\/Livro10anos_pag23-e1314635700227.jpg\" alt=\"\" width=\"320\" height=\"224\" \/><\/a><a href=\"http:\/\/sites.ipleiria.pt\/instituna\/files\/2011\/08\/Livro10anos_pag24.jpg\" target=\"_blank\"><img loading=\"lazy\" decoding=\"async\" class=\"alignnone size-full wp-image-267\" src=\"http:\/\/sites.ipleiria.pt\/instituna\/files\/2011\/08\/Livro10anos_pag24-e1314635735580.jpg\" alt=\"\" width=\"320\" height=\"225\" \/><\/a><\/p>\n<p><a href=\"http:\/\/sites.ipleiria.pt\/instituna\/files\/2011\/08\/Livro10anos_pag25.jpg\" target=\"_blank\"><img loading=\"lazy\" decoding=\"async\" class=\"alignnone size-full wp-image-268\" src=\"http:\/\/sites.ipleiria.pt\/instituna\/files\/2011\/08\/Livro10anos_pag25-e1323216158709.jpg\" alt=\"\" width=\"319\" height=\"225\" \/><\/a><a href=\"http:\/\/sites.ipleiria.pt\/instituna\/files\/2011\/08\/Livro10anos_pag26.jpg\"><img loading=\"lazy\" decoding=\"async\" class=\"alignnone size-full wp-image-270\" src=\"http:\/\/sites.ipleiria.pt\/instituna\/files\/2011\/08\/Livro10anos_pag26-e1323216395270.jpg\" alt=\"\" width=\"319\" height=\"225\" \/><\/a><\/p>\n<p><a href=\"http:\/\/sites.ipleiria.pt\/instituna\/files\/2011\/08\/Livro10anos_pag27.jpg\"><img loading=\"lazy\" decoding=\"async\" class=\"alignnone size-full wp-image-271\" src=\"http:\/\/sites.ipleiria.pt\/instituna\/files\/2011\/08\/Livro10anos_pag27-e1323216512437.jpg\" alt=\"\" width=\"318\" height=\"224\" \/><\/a><a href=\"http:\/\/sites.ipleiria.pt\/instituna\/files\/2011\/08\/Livro10anos_pag281.jpg\"><img loading=\"lazy\" decoding=\"async\" class=\"alignnone size-full wp-image-283\" src=\"http:\/\/sites.ipleiria.pt\/instituna\/files\/2011\/08\/Livro10anos_pag281-e1323217771772.jpg\" alt=\"\" width=\"319\" height=\"225\" \/><\/a><\/p>\n<p><a href=\"http:\/\/sites.ipleiria.pt\/instituna\/files\/2011\/08\/Livro10anos_pag291.jpg\"><img loading=\"lazy\" decoding=\"async\" class=\"alignnone size-full wp-image-284\" src=\"http:\/\/sites.ipleiria.pt\/instituna\/files\/2011\/08\/Livro10anos_pag291-e1323217856359.jpg\" alt=\"\" width=\"320\" height=\"224\" \/><\/a><a href=\"http:\/\/sites.ipleiria.pt\/instituna\/files\/2011\/08\/Livro10anos_pag301.jpg\"><img loading=\"lazy\" decoding=\"async\" class=\"alignnone size-full wp-image-285\" src=\"http:\/\/sites.ipleiria.pt\/instituna\/files\/2011\/08\/Livro10anos_pag301-e1323217882427.jpg\" alt=\"\" width=\"320\" height=\"225\" \/><\/a><\/p>\n<p>&nbsp;<\/p>\n<p>&nbsp;<\/p>\n<p>&nbsp;<\/p>\n","protected":false},"excerpt":{"rendered":"<p>INSTITUNA Muitas vidas&#8230; Um s\u00f3 sonho \u00a0 \u00a0 \u00a0 \u00a0&#8221; Pouco meses depois da minha chegada, devido a uma intensa persist\u00eancia dos grandes Institunos Filipe &#8220;Tripa&#8221; Moura e Pedro Cotrim, resolvi enverdar pe\u00e7a maior das tradi\u00e7\u00f5es acad\u00e9micas da ESTG. De pijama vestido e com a guitarra a tira-colo tornei-me na mais recente adi\u00e7\u00e3o da grande &hellip; <\/p>\n<p class=\"link-more\"><a href=\"https:\/\/sites.ipleiria.pt\/instituna\/instituna-historial-da-tuna-mista-antiga-leiria\/livro10anos\/\" class=\"more-link\">Continuar a ler <span class=\"screen-reader-text\">&#8220;Livro &#8211; 10 Anos&#8221;<\/span><\/a><\/p>\n","protected":false},"author":70,"featured_media":0,"parent":2,"menu_order":0,"comment_status":"closed","ping_status":"closed","template":"","meta":{"_acf_changed":false,"footnotes":""},"class_list":["post-132","page","type-page","status-publish","hentry"],"acf":[],"yoast_head":"<!-- This site is optimized with the Yoast SEO plugin v26.8 - https:\/\/yoast.com\/product\/yoast-seo-wordpress\/ -->\n<title>Livro - 10 Anos - Instituna<\/title>\n<meta name=\"robots\" content=\"index, follow, max-snippet:-1, max-image-preview:large, max-video-preview:-1\" \/>\n<link rel=\"canonical\" href=\"https:\/\/sites.ipleiria.pt\/instituna\/instituna-historial-da-tuna-mista-antiga-leiria\/livro10anos\/\" \/>\n<meta property=\"og:locale\" content=\"pt_PT\" \/>\n<meta property=\"og:type\" content=\"article\" \/>\n<meta property=\"og:title\" content=\"Livro - 10 Anos - Instituna\" \/>\n<meta property=\"og:description\" content=\"INSTITUNA Muitas vidas&#8230; Um s\u00f3 sonho \u00a0 \u00a0 \u00a0 \u00a0&#8221; Pouco meses depois da minha chegada, devido a uma intensa persist\u00eancia dos grandes Institunos Filipe &#8220;Tripa&#8221; Moura e Pedro Cotrim, resolvi enverdar pe\u00e7a maior das tradi\u00e7\u00f5es acad\u00e9micas da ESTG. De pijama vestido e com a guitarra a tira-colo tornei-me na mais recente adi\u00e7\u00e3o da grande &hellip; Continuar a ler &quot;Livro &#8211; 10 Anos&quot;\" \/>\n<meta property=\"og:url\" content=\"https:\/\/sites.ipleiria.pt\/instituna\/instituna-historial-da-tuna-mista-antiga-leiria\/livro10anos\/\" \/>\n<meta property=\"og:site_name\" content=\"Instituna\" \/>\n<meta property=\"article:publisher\" content=\"https:\/\/www.facebook.com\/Instituna\/\" \/>\n<meta property=\"article:modified_time\" content=\"2011-12-07T00:38:56+00:00\" \/>\n<meta property=\"og:image\" content=\"http:\/\/sites.ipleiria.pt\/instituna\/files\/2011\/08\/Livro10anos_Capa-e1314575366992.jpg\" \/>\n<meta name=\"twitter:card\" content=\"summary_large_image\" \/>\n<meta name=\"twitter:label1\" content=\"Tempo estimado de leitura\" \/>\n\t<meta name=\"twitter:data1\" content=\"2 minutos\" \/>\n<script type=\"application\/ld+json\" class=\"yoast-schema-graph\">{\"@context\":\"https:\/\/schema.org\",\"@graph\":[{\"@type\":\"WebPage\",\"@id\":\"https:\/\/sites.ipleiria.pt\/instituna\/instituna-historial-da-tuna-mista-antiga-leiria\/livro10anos\/\",\"url\":\"https:\/\/sites.ipleiria.pt\/instituna\/instituna-historial-da-tuna-mista-antiga-leiria\/livro10anos\/\",\"name\":\"Livro - 10 Anos - Instituna\",\"isPartOf\":{\"@id\":\"https:\/\/sites.ipleiria.pt\/instituna\/#website\"},\"primaryImageOfPage\":{\"@id\":\"https:\/\/sites.ipleiria.pt\/instituna\/instituna-historial-da-tuna-mista-antiga-leiria\/livro10anos\/#primaryimage\"},\"image\":{\"@id\":\"https:\/\/sites.ipleiria.pt\/instituna\/instituna-historial-da-tuna-mista-antiga-leiria\/livro10anos\/#primaryimage\"},\"thumbnailUrl\":\"http:\/\/sites.ipleiria.pt\/instituna\/files\/2011\/08\/Livro10anos_Capa-e1314575366992.jpg\",\"datePublished\":\"2011-08-10T23:39:19+00:00\",\"dateModified\":\"2011-12-07T00:38:56+00:00\",\"breadcrumb\":{\"@id\":\"https:\/\/sites.ipleiria.pt\/instituna\/instituna-historial-da-tuna-mista-antiga-leiria\/livro10anos\/#breadcrumb\"},\"inLanguage\":\"pt-PT\",\"potentialAction\":[{\"@type\":\"ReadAction\",\"target\":[\"https:\/\/sites.ipleiria.pt\/instituna\/instituna-historial-da-tuna-mista-antiga-leiria\/livro10anos\/\"]}]},{\"@type\":\"ImageObject\",\"inLanguage\":\"pt-PT\",\"@id\":\"https:\/\/sites.ipleiria.pt\/instituna\/instituna-historial-da-tuna-mista-antiga-leiria\/livro10anos\/#primaryimage\",\"url\":\"https:\/\/sites.ipleiria.pt\/instituna\/files\/2011\/08\/Livro10anos_Capa-e1314575366992.jpg\",\"contentUrl\":\"https:\/\/sites.ipleiria.pt\/instituna\/files\/2011\/08\/Livro10anos_Capa-e1314575366992.jpg\",\"width\":\"640\",\"height\":\"452\"},{\"@type\":\"BreadcrumbList\",\"@id\":\"https:\/\/sites.ipleiria.pt\/instituna\/instituna-historial-da-tuna-mista-antiga-leiria\/livro10anos\/#breadcrumb\",\"itemListElement\":[{\"@type\":\"ListItem\",\"position\":1,\"name\":\"In\u00edcio\",\"item\":\"https:\/\/sites.ipleiria.pt\/instituna\/\"},{\"@type\":\"ListItem\",\"position\":2,\"name\":\"Instituna &#8211; Historial da Tuna Mista mais antiga de Leiria\",\"item\":\"https:\/\/sites.ipleiria.pt\/instituna\/instituna-historial-da-tuna-mista-antiga-leiria\/\"},{\"@type\":\"ListItem\",\"position\":3,\"name\":\"Livro &#8211; 10 Anos\"}]},{\"@type\":\"WebSite\",\"@id\":\"https:\/\/sites.ipleiria.pt\/instituna\/#website\",\"url\":\"https:\/\/sites.ipleiria.pt\/instituna\/\",\"name\":\"Instituna\",\"description\":\"Tuna Mista do Polit\u00e9cnico de Leiria\",\"publisher\":{\"@id\":\"https:\/\/sites.ipleiria.pt\/instituna\/#organization\"},\"alternateName\":\"Tuna Mista do Polit\u00e9cnico de Leiria\",\"potentialAction\":[{\"@type\":\"SearchAction\",\"target\":{\"@type\":\"EntryPoint\",\"urlTemplate\":\"https:\/\/sites.ipleiria.pt\/instituna\/?s={search_term_string}\"},\"query-input\":{\"@type\":\"PropertyValueSpecification\",\"valueRequired\":true,\"valueName\":\"search_term_string\"}}],\"inLanguage\":\"pt-PT\"},{\"@type\":\"Organization\",\"@id\":\"https:\/\/sites.ipleiria.pt\/instituna\/#organization\",\"name\":\"Instituna\",\"alternateName\":\"Tuna Mista do Polit\u00e9cnico de Leiria\",\"url\":\"https:\/\/sites.ipleiria.pt\/instituna\/\",\"logo\":{\"@type\":\"ImageObject\",\"inLanguage\":\"pt-PT\",\"@id\":\"https:\/\/sites.ipleiria.pt\/instituna\/#\/schema\/logo\/image\/\",\"url\":\"https:\/\/sites.ipleiria.pt\/instituna\/files\/2020\/05\/cropped-oie_transparent.png\",\"contentUrl\":\"https:\/\/sites.ipleiria.pt\/instituna\/files\/2020\/05\/cropped-oie_transparent.png\",\"width\":512,\"height\":512,\"caption\":\"Instituna\"},\"image\":{\"@id\":\"https:\/\/sites.ipleiria.pt\/instituna\/#\/schema\/logo\/image\/\"},\"sameAs\":[\"https:\/\/www.facebook.com\/Instituna\/\",\"https:\/\/www.instagram.com\/instituna\",\"https:\/\/www.youtube.com\/user\/instituna\"]}]}<\/script>\n<!-- \/ Yoast SEO plugin. -->","yoast_head_json":{"title":"Livro - 10 Anos - Instituna","robots":{"index":"index","follow":"follow","max-snippet":"max-snippet:-1","max-image-preview":"max-image-preview:large","max-video-preview":"max-video-preview:-1"},"canonical":"https:\/\/sites.ipleiria.pt\/instituna\/instituna-historial-da-tuna-mista-antiga-leiria\/livro10anos\/","og_locale":"pt_PT","og_type":"article","og_title":"Livro - 10 Anos - Instituna","og_description":"INSTITUNA Muitas vidas&#8230; Um s\u00f3 sonho \u00a0 \u00a0 \u00a0 \u00a0&#8221; Pouco meses depois da minha chegada, devido a uma intensa persist\u00eancia dos grandes Institunos Filipe &#8220;Tripa&#8221; Moura e Pedro Cotrim, resolvi enverdar pe\u00e7a maior das tradi\u00e7\u00f5es acad\u00e9micas da ESTG. De pijama vestido e com a guitarra a tira-colo tornei-me na mais recente adi\u00e7\u00e3o da grande &hellip; Continuar a ler \"Livro &#8211; 10 Anos\"","og_url":"https:\/\/sites.ipleiria.pt\/instituna\/instituna-historial-da-tuna-mista-antiga-leiria\/livro10anos\/","og_site_name":"Instituna","article_publisher":"https:\/\/www.facebook.com\/Instituna\/","article_modified_time":"2011-12-07T00:38:56+00:00","og_image":[{"url":"http:\/\/sites.ipleiria.pt\/instituna\/files\/2011\/08\/Livro10anos_Capa-e1314575366992.jpg","type":"","width":"","height":""}],"twitter_card":"summary_large_image","twitter_misc":{"Tempo estimado de leitura":"2 minutos"},"schema":{"@context":"https:\/\/schema.org","@graph":[{"@type":"WebPage","@id":"https:\/\/sites.ipleiria.pt\/instituna\/instituna-historial-da-tuna-mista-antiga-leiria\/livro10anos\/","url":"https:\/\/sites.ipleiria.pt\/instituna\/instituna-historial-da-tuna-mista-antiga-leiria\/livro10anos\/","name":"Livro - 10 Anos - Instituna","isPartOf":{"@id":"https:\/\/sites.ipleiria.pt\/instituna\/#website"},"primaryImageOfPage":{"@id":"https:\/\/sites.ipleiria.pt\/instituna\/instituna-historial-da-tuna-mista-antiga-leiria\/livro10anos\/#primaryimage"},"image":{"@id":"https:\/\/sites.ipleiria.pt\/instituna\/instituna-historial-da-tuna-mista-antiga-leiria\/livro10anos\/#primaryimage"},"thumbnailUrl":"http:\/\/sites.ipleiria.pt\/instituna\/files\/2011\/08\/Livro10anos_Capa-e1314575366992.jpg","datePublished":"2011-08-10T23:39:19+00:00","dateModified":"2011-12-07T00:38:56+00:00","breadcrumb":{"@id":"https:\/\/sites.ipleiria.pt\/instituna\/instituna-historial-da-tuna-mista-antiga-leiria\/livro10anos\/#breadcrumb"},"inLanguage":"pt-PT","potentialAction":[{"@type":"ReadAction","target":["https:\/\/sites.ipleiria.pt\/instituna\/instituna-historial-da-tuna-mista-antiga-leiria\/livro10anos\/"]}]},{"@type":"ImageObject","inLanguage":"pt-PT","@id":"https:\/\/sites.ipleiria.pt\/instituna\/instituna-historial-da-tuna-mista-antiga-leiria\/livro10anos\/#primaryimage","url":"https:\/\/sites.ipleiria.pt\/instituna\/files\/2011\/08\/Livro10anos_Capa-e1314575366992.jpg","contentUrl":"https:\/\/sites.ipleiria.pt\/instituna\/files\/2011\/08\/Livro10anos_Capa-e1314575366992.jpg","width":"640","height":"452"},{"@type":"BreadcrumbList","@id":"https:\/\/sites.ipleiria.pt\/instituna\/instituna-historial-da-tuna-mista-antiga-leiria\/livro10anos\/#breadcrumb","itemListElement":[{"@type":"ListItem","position":1,"name":"In\u00edcio","item":"https:\/\/sites.ipleiria.pt\/instituna\/"},{"@type":"ListItem","position":2,"name":"Instituna &#8211; Historial da Tuna Mista mais antiga de Leiria","item":"https:\/\/sites.ipleiria.pt\/instituna\/instituna-historial-da-tuna-mista-antiga-leiria\/"},{"@type":"ListItem","position":3,"name":"Livro &#8211; 10 Anos"}]},{"@type":"WebSite","@id":"https:\/\/sites.ipleiria.pt\/instituna\/#website","url":"https:\/\/sites.ipleiria.pt\/instituna\/","name":"Instituna","description":"Tuna Mista do Polit\u00e9cnico de Leiria","publisher":{"@id":"https:\/\/sites.ipleiria.pt\/instituna\/#organization"},"alternateName":"Tuna Mista do Polit\u00e9cnico de Leiria","potentialAction":[{"@type":"SearchAction","target":{"@type":"EntryPoint","urlTemplate":"https:\/\/sites.ipleiria.pt\/instituna\/?s={search_term_string}"},"query-input":{"@type":"PropertyValueSpecification","valueRequired":true,"valueName":"search_term_string"}}],"inLanguage":"pt-PT"},{"@type":"Organization","@id":"https:\/\/sites.ipleiria.pt\/instituna\/#organization","name":"Instituna","alternateName":"Tuna Mista do Polit\u00e9cnico de Leiria","url":"https:\/\/sites.ipleiria.pt\/instituna\/","logo":{"@type":"ImageObject","inLanguage":"pt-PT","@id":"https:\/\/sites.ipleiria.pt\/instituna\/#\/schema\/logo\/image\/","url":"https:\/\/sites.ipleiria.pt\/instituna\/files\/2020\/05\/cropped-oie_transparent.png","contentUrl":"https:\/\/sites.ipleiria.pt\/instituna\/files\/2020\/05\/cropped-oie_transparent.png","width":512,"height":512,"caption":"Instituna"},"image":{"@id":"https:\/\/sites.ipleiria.pt\/instituna\/#\/schema\/logo\/image\/"},"sameAs":["https:\/\/www.facebook.com\/Instituna\/","https:\/\/www.instagram.com\/instituna","https:\/\/www.youtube.com\/user\/instituna"]}]}},"_links":{"self":[{"href":"https:\/\/sites.ipleiria.pt\/instituna\/wp-json\/wp\/v2\/pages\/132","targetHints":{"allow":["GET"]}}],"collection":[{"href":"https:\/\/sites.ipleiria.pt\/instituna\/wp-json\/wp\/v2\/pages"}],"about":[{"href":"https:\/\/sites.ipleiria.pt\/instituna\/wp-json\/wp\/v2\/types\/page"}],"author":[{"embeddable":true,"href":"https:\/\/sites.ipleiria.pt\/instituna\/wp-json\/wp\/v2\/users\/70"}],"replies":[{"embeddable":true,"href":"https:\/\/sites.ipleiria.pt\/instituna\/wp-json\/wp\/v2\/comments?post=132"}],"version-history":[{"count":45,"href":"https:\/\/sites.ipleiria.pt\/instituna\/wp-json\/wp\/v2\/pages\/132\/revisions"}],"predecessor-version":[{"id":151,"href":"https:\/\/sites.ipleiria.pt\/instituna\/wp-json\/wp\/v2\/pages\/132\/revisions\/151"}],"up":[{"embeddable":true,"href":"https:\/\/sites.ipleiria.pt\/instituna\/wp-json\/wp\/v2\/pages\/2"}],"wp:attachment":[{"href":"https:\/\/sites.ipleiria.pt\/instituna\/wp-json\/wp\/v2\/media?parent=132"}],"curies":[{"name":"wp","href":"https:\/\/api.w.org\/{rel}","templated":true}]}}