{"id":177,"date":"2011-08-13T12:09:36","date_gmt":"2011-08-13T12:09:36","guid":{"rendered":"http:\/\/sites.ipleiria.pt\/instituna\/?page_id=177"},"modified":"2019-10-10T18:39:47","modified_gmt":"2019-10-10T18:39:47","slug":"cassete","status":"publish","type":"page","link":"https:\/\/sites.ipleiria.pt\/instituna\/discografia\/cassete\/","title":{"rendered":"Cassete &#8211; Instituna 1994"},"content":{"rendered":"<p style=\"text-align: center\"><strong>Cassete<\/strong> (1994)<\/p>\n<p style=\"text-align: center\"><a href=\"http:\/\/sites.ipleiria.pt\/instituna\/files\/2011\/08\/Cassete1_850px.jpg\" target=\"_blank\" rel=\"noopener noreferrer\"><img loading=\"lazy\" decoding=\"async\" class=\"size-full wp-image-337 aligncenter\" src=\"http:\/\/sites.ipleiria.pt\/instituna\/files\/2011\/08\/Cassete1_850px-e1314657147818.jpg\" alt=\"Cassete Instituna(Frente)\" width=\"350\" height=\"335\"><\/a><\/p>\n<p>&nbsp;<em><strong>Lado A<\/strong><\/em><\/p>\n<p style=\"padding-left: 30px\">1&nbsp;&#8211; Hino do Estudante<br>\n(Popular \/ Ant\u00f3nio Jo\u00e3o)<br>\n2&nbsp;&#8211; Serenata de Amor<br>\n(Pedro Almeida \/ Pedro Almeida \/ Alexandre Pinto \/ Catarina Serrano)<br>\n3&nbsp;&#8211; Quero Beber<br>\n(Rui Barros)<br>\n4 &#8211; Balada do Encantamento<br>\n(Dr. Jos\u00e9 Pais A. Silva)<br>\n5&nbsp;&#8211; Arrega\u00e7a<br>\n(Popular)<\/p>\n<p><em><strong>Lado B<\/strong><\/em><\/p>\n<p style=\"padding-left: 30px\">1&nbsp;&#8211; Instituna<br>\n(Paulo Campizes)<br>\n2&nbsp;&#8211; No Cume Daquela Serra<br>\n(Popular \/ Popular)<br>\n3&nbsp;&#8211; \u00c0 Noite<br>\n(Popular \/ Ant\u00f3nio Jo\u00e3o)<br>\n4&nbsp;&#8211; Nossa Cidade<br>\n(Popular \/ Rui Barros)<br>\n5&nbsp;&#8211; Oliud<br>\n(The Platters \/ Pedro Almeida)<\/p>\n<p style=\"padding-left: 30px;text-align: center\"><a href=\"http:\/\/sites.ipleiria.pt\/instituna\/files\/2011\/08\/Cassete2_850px.jpg\" target=\"_blank\" rel=\"noopener noreferrer\"><img loading=\"lazy\" decoding=\"async\" class=\"aligncenter size-full wp-image-338\" src=\"http:\/\/sites.ipleiria.pt\/instituna\/files\/2011\/08\/Cassete2_850px-e1314657303275.jpg\" alt=\"Cassete Instituna(Verso)\" width=\"305\" height=\"500\"><\/a><\/p>\n\n\n<p><strong>Instituna<\/strong>, foi o nome adotado para o primeiro elemento discogr\u00e1fico, em formato de cassete de \u00e1udio, apresentado ao p\u00fablico pela Instituna. Gravada nos est\u00fadios da <a href=\"http:\/\/www.voxom.pt\/\">Interfase<\/a>, conta com grandes exitos da Instituna (Nossa Cidade, Serenata de Amor), bem como da m\u00fasica popular (No cume daquela Serra, Hino do estudante).<\/p>\n","protected":false},"excerpt":{"rendered":"<p>Cassete (1994) &nbsp;Lado A 1&nbsp;&#8211; Hino do Estudante (Popular \/ Ant\u00f3nio Jo\u00e3o) 2&nbsp;&#8211; Serenata de Amor (Pedro Almeida \/ Pedro Almeida \/ Alexandre Pinto \/ Catarina Serrano) 3&nbsp;&#8211; Quero Beber (Rui Barros) 4 &#8211; Balada do Encantamento (Dr. Jos\u00e9 Pais A. Silva) 5&nbsp;&#8211; Arrega\u00e7a (Popular) Lado B 1&nbsp;&#8211; Instituna (Paulo Campizes) 2&nbsp;&#8211; No Cume Daquela &hellip; <\/p>\n<p class=\"link-more\"><a href=\"https:\/\/sites.ipleiria.pt\/instituna\/discografia\/cassete\/\" class=\"more-link\">Continuar a ler <span class=\"screen-reader-text\">&#8220;Cassete &#8211; Instituna 1994&#8221;<\/span><\/a><\/p>\n","protected":false},"author":70,"featured_media":337,"parent":22,"menu_order":0,"comment_status":"closed","ping_status":"closed","template":"","meta":{"_acf_changed":false,"footnotes":""},"class_list":["post-177","page","type-page","status-publish","has-post-thumbnail","hentry"],"acf":[],"yoast_head":"<!-- This site is optimized with the Yoast SEO plugin v26.8 - https:\/\/yoast.com\/product\/yoast-seo-wordpress\/ -->\n<title>Cassete - Instituna 1994 - Instituna<\/title>\n<meta name=\"description\" content=\"Cassete Lado A - Hino do Estudante \/ Serenata de Amor\/ Balada do Encantamento \/ Instituna \/ No Cume Daquela Serra \/ \u00c0 Noite \/ Nossa Cidade \/ ...\" \/>\n<meta name=\"robots\" content=\"index, follow, max-snippet:-1, max-image-preview:large, max-video-preview:-1\" \/>\n<link rel=\"canonical\" href=\"https:\/\/sites.ipleiria.pt\/instituna\/discografia\/cassete\/\" \/>\n<meta property=\"og:locale\" content=\"pt_PT\" \/>\n<meta property=\"og:type\" content=\"article\" \/>\n<meta property=\"og:title\" content=\"Cassete - Instituna 1994 - Instituna\" \/>\n<meta property=\"og:description\" content=\"Cassete Lado A - Hino do Estudante \/ Serenata de Amor\/ Balada do Encantamento \/ Instituna \/ No Cume Daquela Serra \/ \u00c0 Noite \/ Nossa Cidade \/ ...\" \/>\n<meta property=\"og:url\" content=\"https:\/\/sites.ipleiria.pt\/instituna\/discografia\/cassete\/\" \/>\n<meta property=\"og:site_name\" content=\"Instituna\" \/>\n<meta property=\"article:publisher\" content=\"https:\/\/www.facebook.com\/Instituna\/\" \/>\n<meta property=\"article:modified_time\" content=\"2019-10-10T18:39:47+00:00\" \/>\n<meta property=\"og:image\" content=\"http:\/\/sites.ipleiria.pt\/instituna\/files\/2011\/08\/Cassete1_850px-e1314662470320.jpg\" \/>\n\t<meta property=\"og:image:width\" content=\"300\" \/>\n\t<meta property=\"og:image:height\" content=\"287\" \/>\n\t<meta property=\"og:image:type\" content=\"image\/jpeg\" \/>\n<meta name=\"twitter:card\" content=\"summary_large_image\" \/>\n<meta name=\"twitter:label1\" content=\"Tempo estimado de leitura\" \/>\n\t<meta name=\"twitter:data1\" content=\"1 minuto\" \/>\n<script type=\"application\/ld+json\" class=\"yoast-schema-graph\">{\"@context\":\"https:\/\/schema.org\",\"@graph\":[{\"@type\":\"WebPage\",\"@id\":\"https:\/\/sites.ipleiria.pt\/instituna\/discografia\/cassete\/\",\"url\":\"https:\/\/sites.ipleiria.pt\/instituna\/discografia\/cassete\/\",\"name\":\"Cassete - Instituna 1994 - Instituna\",\"isPartOf\":{\"@id\":\"https:\/\/sites.ipleiria.pt\/instituna\/#website\"},\"primaryImageOfPage\":{\"@id\":\"https:\/\/sites.ipleiria.pt\/instituna\/discografia\/cassete\/#primaryimage\"},\"image\":{\"@id\":\"https:\/\/sites.ipleiria.pt\/instituna\/discografia\/cassete\/#primaryimage\"},\"thumbnailUrl\":\"https:\/\/sites.ipleiria.pt\/instituna\/files\/2011\/08\/Cassete1_850px-e1314662470320.jpg\",\"datePublished\":\"2011-08-13T12:09:36+00:00\",\"dateModified\":\"2019-10-10T18:39:47+00:00\",\"description\":\"Cassete Lado A - Hino do Estudante \/ Serenata de Amor\/ Balada do Encantamento \/ Instituna \/ No Cume Daquela Serra \/ \u00c0 Noite \/ Nossa Cidade \/ ...\",\"breadcrumb\":{\"@id\":\"https:\/\/sites.ipleiria.pt\/instituna\/discografia\/cassete\/#breadcrumb\"},\"inLanguage\":\"pt-PT\",\"potentialAction\":[{\"@type\":\"ReadAction\",\"target\":[\"https:\/\/sites.ipleiria.pt\/instituna\/discografia\/cassete\/\"]}]},{\"@type\":\"ImageObject\",\"inLanguage\":\"pt-PT\",\"@id\":\"https:\/\/sites.ipleiria.pt\/instituna\/discografia\/cassete\/#primaryimage\",\"url\":\"https:\/\/sites.ipleiria.pt\/instituna\/files\/2011\/08\/Cassete1_850px-e1314662470320.jpg\",\"contentUrl\":\"https:\/\/sites.ipleiria.pt\/instituna\/files\/2011\/08\/Cassete1_850px-e1314662470320.jpg\",\"width\":\"300\",\"height\":\"287\"},{\"@type\":\"BreadcrumbList\",\"@id\":\"https:\/\/sites.ipleiria.pt\/instituna\/discografia\/cassete\/#breadcrumb\",\"itemListElement\":[{\"@type\":\"ListItem\",\"position\":1,\"name\":\"In\u00edcio\",\"item\":\"https:\/\/sites.ipleiria.pt\/instituna\/\"},{\"@type\":\"ListItem\",\"position\":2,\"name\":\"Discografia &#8211; CD&#8217;s e Cassete \u00c1udio\",\"item\":\"https:\/\/sites.ipleiria.pt\/instituna\/discografia\/\"},{\"@type\":\"ListItem\",\"position\":3,\"name\":\"Cassete &#8211; Instituna 1994\"}]},{\"@type\":\"WebSite\",\"@id\":\"https:\/\/sites.ipleiria.pt\/instituna\/#website\",\"url\":\"https:\/\/sites.ipleiria.pt\/instituna\/\",\"name\":\"Instituna\",\"description\":\"Tuna Mista do Polit\u00e9cnico de Leiria\",\"publisher\":{\"@id\":\"https:\/\/sites.ipleiria.pt\/instituna\/#organization\"},\"alternateName\":\"Tuna Mista do Polit\u00e9cnico de Leiria\",\"potentialAction\":[{\"@type\":\"SearchAction\",\"target\":{\"@type\":\"EntryPoint\",\"urlTemplate\":\"https:\/\/sites.ipleiria.pt\/instituna\/?s={search_term_string}\"},\"query-input\":{\"@type\":\"PropertyValueSpecification\",\"valueRequired\":true,\"valueName\":\"search_term_string\"}}],\"inLanguage\":\"pt-PT\"},{\"@type\":\"Organization\",\"@id\":\"https:\/\/sites.ipleiria.pt\/instituna\/#organization\",\"name\":\"Instituna\",\"alternateName\":\"Tuna Mista do Polit\u00e9cnico de Leiria\",\"url\":\"https:\/\/sites.ipleiria.pt\/instituna\/\",\"logo\":{\"@type\":\"ImageObject\",\"inLanguage\":\"pt-PT\",\"@id\":\"https:\/\/sites.ipleiria.pt\/instituna\/#\/schema\/logo\/image\/\",\"url\":\"https:\/\/sites.ipleiria.pt\/instituna\/files\/2020\/05\/cropped-oie_transparent.png\",\"contentUrl\":\"https:\/\/sites.ipleiria.pt\/instituna\/files\/2020\/05\/cropped-oie_transparent.png\",\"width\":512,\"height\":512,\"caption\":\"Instituna\"},\"image\":{\"@id\":\"https:\/\/sites.ipleiria.pt\/instituna\/#\/schema\/logo\/image\/\"},\"sameAs\":[\"https:\/\/www.facebook.com\/Instituna\/\",\"https:\/\/www.instagram.com\/instituna\",\"https:\/\/www.youtube.com\/user\/instituna\"]}]}<\/script>\n<!-- \/ Yoast SEO plugin. -->","yoast_head_json":{"title":"Cassete - Instituna 1994 - Instituna","description":"Cassete Lado A - Hino do Estudante \/ Serenata de Amor\/ Balada do Encantamento \/ Instituna \/ No Cume Daquela Serra \/ \u00c0 Noite \/ Nossa Cidade \/ ...","robots":{"index":"index","follow":"follow","max-snippet":"max-snippet:-1","max-image-preview":"max-image-preview:large","max-video-preview":"max-video-preview:-1"},"canonical":"https:\/\/sites.ipleiria.pt\/instituna\/discografia\/cassete\/","og_locale":"pt_PT","og_type":"article","og_title":"Cassete - Instituna 1994 - Instituna","og_description":"Cassete Lado A - Hino do Estudante \/ Serenata de Amor\/ Balada do Encantamento \/ Instituna \/ No Cume Daquela Serra \/ \u00c0 Noite \/ Nossa Cidade \/ ...","og_url":"https:\/\/sites.ipleiria.pt\/instituna\/discografia\/cassete\/","og_site_name":"Instituna","article_publisher":"https:\/\/www.facebook.com\/Instituna\/","article_modified_time":"2019-10-10T18:39:47+00:00","og_image":[{"width":300,"height":287,"url":"http:\/\/sites.ipleiria.pt\/instituna\/files\/2011\/08\/Cassete1_850px-e1314662470320.jpg","type":"image\/jpeg"}],"twitter_card":"summary_large_image","twitter_misc":{"Tempo estimado de leitura":"1 minuto"},"schema":{"@context":"https:\/\/schema.org","@graph":[{"@type":"WebPage","@id":"https:\/\/sites.ipleiria.pt\/instituna\/discografia\/cassete\/","url":"https:\/\/sites.ipleiria.pt\/instituna\/discografia\/cassete\/","name":"Cassete - Instituna 1994 - Instituna","isPartOf":{"@id":"https:\/\/sites.ipleiria.pt\/instituna\/#website"},"primaryImageOfPage":{"@id":"https:\/\/sites.ipleiria.pt\/instituna\/discografia\/cassete\/#primaryimage"},"image":{"@id":"https:\/\/sites.ipleiria.pt\/instituna\/discografia\/cassete\/#primaryimage"},"thumbnailUrl":"https:\/\/sites.ipleiria.pt\/instituna\/files\/2011\/08\/Cassete1_850px-e1314662470320.jpg","datePublished":"2011-08-13T12:09:36+00:00","dateModified":"2019-10-10T18:39:47+00:00","description":"Cassete Lado A - Hino do Estudante \/ Serenata de Amor\/ Balada do Encantamento \/ Instituna \/ No Cume Daquela Serra \/ \u00c0 Noite \/ Nossa Cidade \/ ...","breadcrumb":{"@id":"https:\/\/sites.ipleiria.pt\/instituna\/discografia\/cassete\/#breadcrumb"},"inLanguage":"pt-PT","potentialAction":[{"@type":"ReadAction","target":["https:\/\/sites.ipleiria.pt\/instituna\/discografia\/cassete\/"]}]},{"@type":"ImageObject","inLanguage":"pt-PT","@id":"https:\/\/sites.ipleiria.pt\/instituna\/discografia\/cassete\/#primaryimage","url":"https:\/\/sites.ipleiria.pt\/instituna\/files\/2011\/08\/Cassete1_850px-e1314662470320.jpg","contentUrl":"https:\/\/sites.ipleiria.pt\/instituna\/files\/2011\/08\/Cassete1_850px-e1314662470320.jpg","width":"300","height":"287"},{"@type":"BreadcrumbList","@id":"https:\/\/sites.ipleiria.pt\/instituna\/discografia\/cassete\/#breadcrumb","itemListElement":[{"@type":"ListItem","position":1,"name":"In\u00edcio","item":"https:\/\/sites.ipleiria.pt\/instituna\/"},{"@type":"ListItem","position":2,"name":"Discografia &#8211; CD&#8217;s e Cassete \u00c1udio","item":"https:\/\/sites.ipleiria.pt\/instituna\/discografia\/"},{"@type":"ListItem","position":3,"name":"Cassete &#8211; Instituna 1994"}]},{"@type":"WebSite","@id":"https:\/\/sites.ipleiria.pt\/instituna\/#website","url":"https:\/\/sites.ipleiria.pt\/instituna\/","name":"Instituna","description":"Tuna Mista do Polit\u00e9cnico de Leiria","publisher":{"@id":"https:\/\/sites.ipleiria.pt\/instituna\/#organization"},"alternateName":"Tuna Mista do Polit\u00e9cnico de Leiria","potentialAction":[{"@type":"SearchAction","target":{"@type":"EntryPoint","urlTemplate":"https:\/\/sites.ipleiria.pt\/instituna\/?s={search_term_string}"},"query-input":{"@type":"PropertyValueSpecification","valueRequired":true,"valueName":"search_term_string"}}],"inLanguage":"pt-PT"},{"@type":"Organization","@id":"https:\/\/sites.ipleiria.pt\/instituna\/#organization","name":"Instituna","alternateName":"Tuna Mista do Polit\u00e9cnico de Leiria","url":"https:\/\/sites.ipleiria.pt\/instituna\/","logo":{"@type":"ImageObject","inLanguage":"pt-PT","@id":"https:\/\/sites.ipleiria.pt\/instituna\/#\/schema\/logo\/image\/","url":"https:\/\/sites.ipleiria.pt\/instituna\/files\/2020\/05\/cropped-oie_transparent.png","contentUrl":"https:\/\/sites.ipleiria.pt\/instituna\/files\/2020\/05\/cropped-oie_transparent.png","width":512,"height":512,"caption":"Instituna"},"image":{"@id":"https:\/\/sites.ipleiria.pt\/instituna\/#\/schema\/logo\/image\/"},"sameAs":["https:\/\/www.facebook.com\/Instituna\/","https:\/\/www.instagram.com\/instituna","https:\/\/www.youtube.com\/user\/instituna"]}]}},"_links":{"self":[{"href":"https:\/\/sites.ipleiria.pt\/instituna\/wp-json\/wp\/v2\/pages\/177","targetHints":{"allow":["GET"]}}],"collection":[{"href":"https:\/\/sites.ipleiria.pt\/instituna\/wp-json\/wp\/v2\/pages"}],"about":[{"href":"https:\/\/sites.ipleiria.pt\/instituna\/wp-json\/wp\/v2\/types\/page"}],"author":[{"embeddable":true,"href":"https:\/\/sites.ipleiria.pt\/instituna\/wp-json\/wp\/v2\/users\/70"}],"replies":[{"embeddable":true,"href":"https:\/\/sites.ipleiria.pt\/instituna\/wp-json\/wp\/v2\/comments?post=177"}],"version-history":[{"count":24,"href":"https:\/\/sites.ipleiria.pt\/instituna\/wp-json\/wp\/v2\/pages\/177\/revisions"}],"predecessor-version":[{"id":1100,"href":"https:\/\/sites.ipleiria.pt\/instituna\/wp-json\/wp\/v2\/pages\/177\/revisions\/1100"}],"up":[{"embeddable":true,"href":"https:\/\/sites.ipleiria.pt\/instituna\/wp-json\/wp\/v2\/pages\/22"}],"wp:featuredmedia":[{"embeddable":true,"href":"https:\/\/sites.ipleiria.pt\/instituna\/wp-json\/wp\/v2\/media\/337"}],"wp:attachment":[{"href":"https:\/\/sites.ipleiria.pt\/instituna\/wp-json\/wp\/v2\/media?parent=177"}],"curies":[{"name":"wp","href":"https:\/\/api.w.org\/{rel}","templated":true}]}}