{"id":179,"date":"2011-08-13T12:10:04","date_gmt":"2011-08-13T12:10:04","guid":{"rendered":"http:\/\/sites.ipleiria.pt\/instituna\/?page_id=179"},"modified":"2011-08-30T13:29:52","modified_gmt":"2011-08-30T13:29:52","slug":"acordesapaixonados","status":"publish","type":"page","link":"https:\/\/sites.ipleiria.pt\/instituna\/discografia\/acordesapaixonados\/","title":{"rendered":"CD &#8211; Acordes Apaixonados"},"content":{"rendered":"<p style=\"text-align: justify\"><em>&#8220;O ano lectivo de 98\/99 ficar\u00e1 para sempre ligado \u00e0 grava\u00e7\u00e3o do nosso CD nos est\u00fadios Alegrisom de Pombal. Foi uma experi\u00eancia inesquec\u00edvel para todos os elementos da Instituna: a que tinha sido a primeira Tuna a surgir em Leiria, a primeira e \u00fanica a gravar uma cassete \u00e1udio e a primeira a fazer digress\u00f5es internacionais anuais, era tamb\u00e9m a primeira a gravar um CD. Mas este ano tamb\u00e9m fica intimamente ligado \u00e0 nossa segunda ida a Paris e \u00e0 primeira ao Luxemburgo, onde estivemos, mais uma vez, em contacto com os nossos emigrantes. Outros momentos altos foram a participa\u00e7\u00e3o nas conhecidas Festas do Bodo em Pombal e a recep\u00e7\u00e3o ao Pr\u00e9mio Nobel 1998 da Literatura, Jos\u00e9 Saramago, na sua passagem por Leiria. Encerr\u00e1mos o ano lectivo de 98\/99 com a segunda participa\u00e7\u00e3o no mundialmente difundido &#8220;Pra\u00e7a da Alegria&#8221;, onde divulg\u00e1mos o nosso trabalho discogr\u00e1fico.&#8221;<\/em><\/p>\n<p style=\"text-align: center\"><a href=\"http:\/\/sites.ipleiria.pt\/instituna\/files\/2011\/08\/AcordesCapa.jpg\" target=\"_blank\"><img loading=\"lazy\" decoding=\"async\" class=\"aligncenter size-full wp-image-329\" src=\"http:\/\/sites.ipleiria.pt\/instituna\/files\/2011\/08\/AcordesCapa-e1314658111976.jpg\" alt=\"\" width=\"400\" height=\"391\" \/><\/a><\/p>\n<p style=\"text-align: center\"><em>Capa<\/em><\/p>\n<p><strong>Acordes Apaixonados<\/strong> (1999)<\/p>\n<p style=\"padding-left: 30px\">1\u00a0&#8211; A Nossa Cidade<br \/>\n2\u00a0&#8211; Menina Daquela Rua<br \/>\n3\u00a0&#8211; Institrumental<br \/>\n4\u00a0&#8211; Serenata ao Amor<br \/>\n5\u00a0&#8211; Verdinho<br \/>\n6\u00a0&#8211; Trovadores de Leiria<br \/>\n7\u00a0&#8211; Acordes Apaixonados<br \/>\n8\u00a0&#8211; Serenata no Jardim<br \/>\n9\u00a0&#8211; C.C.L.<br \/>\n10\u00a0&#8211; Malague\u00d2a Salerosa<br \/>\n11\u00a0&#8211; Vai-te Embora \u00f3 Z\u00e9<br \/>\n12\u00a0&#8211; Olhos Negros<br \/>\n13 &#8211; Leiria Moura Encantada<br \/>\n14 &#8211; Fado de Leiria<\/p>\n<p style=\"text-align: center\"><a href=\"http:\/\/sites.ipleiria.pt\/instituna\/files\/2011\/08\/AcordesPag1e2.jpg\" target=\"_blank\"><img loading=\"lazy\" decoding=\"async\" class=\"aligncenter size-full wp-image-331\" src=\"http:\/\/sites.ipleiria.pt\/instituna\/files\/2011\/08\/AcordesPag1e2-e1314658391709.jpg\" alt=\"\" width=\"640\" height=\"320\" \/><\/a><\/p>\n<p style=\"text-align: center\"><em>P\u00e1g 1 e 2<\/em><\/p>\n<p>\u00a0<a href=\"http:\/\/sites.ipleiria.pt\/instituna\/files\/2011\/08\/AcordesPag3e4.jpg\" target=\"_blank\"><img loading=\"lazy\" decoding=\"async\" class=\"alignnone size-full wp-image-332\" src=\"http:\/\/sites.ipleiria.pt\/instituna\/files\/2011\/08\/AcordesPag3e4-e1314658959575.jpg\" alt=\"\" width=\"640\" height=\"319\" \/><\/a><\/p>\n<p style=\"text-align: center\">\u00a0<em>P\u00e1g 3 e 4<\/em><\/p>\n<p><a href=\"http:\/\/sites.ipleiria.pt\/instituna\/files\/2011\/08\/AcordesPag5e6.jpg\" target=\"_blank\"><img loading=\"lazy\" decoding=\"async\" class=\"alignnone size-full wp-image-333\" src=\"http:\/\/sites.ipleiria.pt\/instituna\/files\/2011\/08\/AcordesPag5e6-e1314659114972.jpg\" alt=\"\" width=\"640\" height=\"317\" \/><\/a><\/p>\n<p style=\"text-align: center\"><em>P\u00e1g: 5 e 6<\/em><\/p>\n<p><a href=\"http:\/\/sites.ipleiria.pt\/instituna\/files\/2011\/08\/AcordesPag7e8.jpg\" target=\"_blank\"><img loading=\"lazy\" decoding=\"async\" class=\"alignnone size-full wp-image-334\" src=\"http:\/\/sites.ipleiria.pt\/instituna\/files\/2011\/08\/AcordesPag7e8-e1314658476607.jpg\" alt=\"\" width=\"640\" height=\"317\" \/><\/a><\/p>\n<p style=\"text-align: center\"><em>P\u00e1g 7 e 8<\/em><\/p>\n<p><a href=\"http:\/\/sites.ipleiria.pt\/instituna\/files\/2011\/08\/AcordesPag9e10.jpg\" target=\"_blank\"><img loading=\"lazy\" decoding=\"async\" class=\"alignnone size-full wp-image-335\" src=\"http:\/\/sites.ipleiria.pt\/instituna\/files\/2011\/08\/AcordesPag9e10-e1314658494492.jpg\" alt=\"\" width=\"640\" height=\"316\" \/><\/a><\/p>\n<p style=\"text-align: center\"><em>P\u00e1g 9 e 10<\/em><\/p>\n<p style=\"text-align: center\"><a href=\"http:\/\/sites.ipleiria.pt\/instituna\/files\/2011\/08\/AcordesPag11.jpg\" target=\"_blank\"><img loading=\"lazy\" decoding=\"async\" class=\"aligncenter size-full wp-image-336\" src=\"http:\/\/sites.ipleiria.pt\/instituna\/files\/2011\/08\/AcordesPag11-e1314660466579.jpg\" alt=\"\" width=\"320\" height=\"312\" \/><\/a><\/p>\n<p style=\"text-align: center\"><em>P\u00e1g 11<\/em><\/p>\n<p style=\"text-align: center\"><a href=\"http:\/\/sites.ipleiria.pt\/instituna\/files\/2011\/08\/AcordesInside.jpg\" target=\"_blank\"><img loading=\"lazy\" decoding=\"async\" class=\"size-full wp-image-330 aligncenter\" src=\"http:\/\/sites.ipleiria.pt\/instituna\/files\/2011\/08\/AcordesInside-e1314658530122.jpg\" alt=\"\" width=\"320\" height=\"246\" \/><\/a><em>\u00a0Inside<\/em><\/p>\n<p style=\"text-align: center\"><a href=\"http:\/\/sites.ipleiria.pt\/instituna\/files\/2011\/08\/AcordesBack.jpg\" target=\"_blank\"><img loading=\"lazy\" decoding=\"async\" class=\"size-full wp-image-328 aligncenter\" src=\"http:\/\/sites.ipleiria.pt\/instituna\/files\/2011\/08\/AcordesBack-e1314658570573.jpg\" alt=\"\" width=\"320\" height=\"247\" \/><\/a><\/p>\n<p style=\"text-align: center\"><em>\u00a0Back<\/em><\/p>\n<p>&nbsp;<\/p>\n","protected":false},"excerpt":{"rendered":"<p>&#8220;O ano lectivo de 98\/99 ficar\u00e1 para sempre ligado \u00e0 grava\u00e7\u00e3o do nosso CD nos est\u00fadios Alegrisom de Pombal. Foi uma experi\u00eancia inesquec\u00edvel para todos os elementos da Instituna: a que tinha sido a primeira Tuna a surgir em Leiria, a primeira e \u00fanica a gravar uma cassete \u00e1udio e a primeira a fazer digress\u00f5es &hellip; <\/p>\n<p class=\"link-more\"><a href=\"https:\/\/sites.ipleiria.pt\/instituna\/discografia\/acordesapaixonados\/\" class=\"more-link\">Continuar a ler <span class=\"screen-reader-text\">&#8220;CD &#8211; Acordes Apaixonados&#8221;<\/span><\/a><\/p>\n","protected":false},"author":70,"featured_media":0,"parent":22,"menu_order":0,"comment_status":"closed","ping_status":"closed","template":"","meta":{"_acf_changed":false,"footnotes":""},"class_list":["post-179","page","type-page","status-publish","hentry"],"acf":[],"yoast_head":"<!-- This site is optimized with the Yoast SEO plugin v26.8 - https:\/\/yoast.com\/product\/yoast-seo-wordpress\/ -->\n<title>CD - Acordes Apaixonados - Instituna<\/title>\n<meta name=\"robots\" content=\"index, follow, max-snippet:-1, max-image-preview:large, max-video-preview:-1\" \/>\n<link rel=\"canonical\" href=\"https:\/\/sites.ipleiria.pt\/instituna\/discografia\/acordesapaixonados\/\" \/>\n<meta property=\"og:locale\" content=\"pt_PT\" \/>\n<meta property=\"og:type\" content=\"article\" \/>\n<meta property=\"og:title\" content=\"CD - Acordes Apaixonados - Instituna\" \/>\n<meta property=\"og:description\" content=\"&#8220;O ano lectivo de 98\/99 ficar\u00e1 para sempre ligado \u00e0 grava\u00e7\u00e3o do nosso CD nos est\u00fadios Alegrisom de Pombal. Foi uma experi\u00eancia inesquec\u00edvel para todos os elementos da Instituna: a que tinha sido a primeira Tuna a surgir em Leiria, a primeira e \u00fanica a gravar uma cassete \u00e1udio e a primeira a fazer digress\u00f5es &hellip; Continuar a ler &quot;CD &#8211; Acordes Apaixonados&quot;\" \/>\n<meta property=\"og:url\" content=\"https:\/\/sites.ipleiria.pt\/instituna\/discografia\/acordesapaixonados\/\" \/>\n<meta property=\"og:site_name\" content=\"Instituna\" \/>\n<meta property=\"article:publisher\" content=\"https:\/\/www.facebook.com\/Instituna\/\" \/>\n<meta property=\"article:modified_time\" content=\"2011-08-30T13:29:52+00:00\" \/>\n<meta property=\"og:image\" content=\"http:\/\/sites.ipleiria.pt\/instituna\/files\/2011\/08\/AcordesCapa-e1314658111976.jpg\" \/>\n<meta name=\"twitter:card\" content=\"summary_large_image\" \/>\n<meta name=\"twitter:label1\" content=\"Tempo estimado de leitura\" \/>\n\t<meta name=\"twitter:data1\" content=\"1 minuto\" \/>\n<script type=\"application\/ld+json\" class=\"yoast-schema-graph\">{\"@context\":\"https:\/\/schema.org\",\"@graph\":[{\"@type\":\"WebPage\",\"@id\":\"https:\/\/sites.ipleiria.pt\/instituna\/discografia\/acordesapaixonados\/\",\"url\":\"https:\/\/sites.ipleiria.pt\/instituna\/discografia\/acordesapaixonados\/\",\"name\":\"CD - Acordes Apaixonados - Instituna\",\"isPartOf\":{\"@id\":\"https:\/\/sites.ipleiria.pt\/instituna\/#website\"},\"primaryImageOfPage\":{\"@id\":\"https:\/\/sites.ipleiria.pt\/instituna\/discografia\/acordesapaixonados\/#primaryimage\"},\"image\":{\"@id\":\"https:\/\/sites.ipleiria.pt\/instituna\/discografia\/acordesapaixonados\/#primaryimage\"},\"thumbnailUrl\":\"http:\/\/sites.ipleiria.pt\/instituna\/files\/2011\/08\/AcordesCapa-e1314658111976.jpg\",\"datePublished\":\"2011-08-13T12:10:04+00:00\",\"dateModified\":\"2011-08-30T13:29:52+00:00\",\"breadcrumb\":{\"@id\":\"https:\/\/sites.ipleiria.pt\/instituna\/discografia\/acordesapaixonados\/#breadcrumb\"},\"inLanguage\":\"pt-PT\",\"potentialAction\":[{\"@type\":\"ReadAction\",\"target\":[\"https:\/\/sites.ipleiria.pt\/instituna\/discografia\/acordesapaixonados\/\"]}]},{\"@type\":\"ImageObject\",\"inLanguage\":\"pt-PT\",\"@id\":\"https:\/\/sites.ipleiria.pt\/instituna\/discografia\/acordesapaixonados\/#primaryimage\",\"url\":\"http:\/\/sites.ipleiria.pt\/instituna\/files\/2011\/08\/AcordesCapa-e1314658111976.jpg\",\"contentUrl\":\"http:\/\/sites.ipleiria.pt\/instituna\/files\/2011\/08\/AcordesCapa-e1314658111976.jpg\"},{\"@type\":\"BreadcrumbList\",\"@id\":\"https:\/\/sites.ipleiria.pt\/instituna\/discografia\/acordesapaixonados\/#breadcrumb\",\"itemListElement\":[{\"@type\":\"ListItem\",\"position\":1,\"name\":\"In\u00edcio\",\"item\":\"https:\/\/sites.ipleiria.pt\/instituna\/\"},{\"@type\":\"ListItem\",\"position\":2,\"name\":\"Discografia &#8211; CD&#8217;s e Cassete \u00c1udio\",\"item\":\"https:\/\/sites.ipleiria.pt\/instituna\/discografia\/\"},{\"@type\":\"ListItem\",\"position\":3,\"name\":\"CD &#8211; Acordes Apaixonados\"}]},{\"@type\":\"WebSite\",\"@id\":\"https:\/\/sites.ipleiria.pt\/instituna\/#website\",\"url\":\"https:\/\/sites.ipleiria.pt\/instituna\/\",\"name\":\"Instituna\",\"description\":\"Tuna Mista do Polit\u00e9cnico de Leiria\",\"publisher\":{\"@id\":\"https:\/\/sites.ipleiria.pt\/instituna\/#organization\"},\"alternateName\":\"Tuna Mista do Polit\u00e9cnico de Leiria\",\"potentialAction\":[{\"@type\":\"SearchAction\",\"target\":{\"@type\":\"EntryPoint\",\"urlTemplate\":\"https:\/\/sites.ipleiria.pt\/instituna\/?s={search_term_string}\"},\"query-input\":{\"@type\":\"PropertyValueSpecification\",\"valueRequired\":true,\"valueName\":\"search_term_string\"}}],\"inLanguage\":\"pt-PT\"},{\"@type\":\"Organization\",\"@id\":\"https:\/\/sites.ipleiria.pt\/instituna\/#organization\",\"name\":\"Instituna\",\"alternateName\":\"Tuna Mista do Polit\u00e9cnico de Leiria\",\"url\":\"https:\/\/sites.ipleiria.pt\/instituna\/\",\"logo\":{\"@type\":\"ImageObject\",\"inLanguage\":\"pt-PT\",\"@id\":\"https:\/\/sites.ipleiria.pt\/instituna\/#\/schema\/logo\/image\/\",\"url\":\"https:\/\/sites.ipleiria.pt\/instituna\/files\/2020\/05\/cropped-oie_transparent.png\",\"contentUrl\":\"https:\/\/sites.ipleiria.pt\/instituna\/files\/2020\/05\/cropped-oie_transparent.png\",\"width\":512,\"height\":512,\"caption\":\"Instituna\"},\"image\":{\"@id\":\"https:\/\/sites.ipleiria.pt\/instituna\/#\/schema\/logo\/image\/\"},\"sameAs\":[\"https:\/\/www.facebook.com\/Instituna\/\",\"https:\/\/www.instagram.com\/instituna\",\"https:\/\/www.youtube.com\/user\/instituna\"]}]}<\/script>\n<!-- \/ Yoast SEO plugin. -->","yoast_head_json":{"title":"CD - Acordes Apaixonados - Instituna","robots":{"index":"index","follow":"follow","max-snippet":"max-snippet:-1","max-image-preview":"max-image-preview:large","max-video-preview":"max-video-preview:-1"},"canonical":"https:\/\/sites.ipleiria.pt\/instituna\/discografia\/acordesapaixonados\/","og_locale":"pt_PT","og_type":"article","og_title":"CD - Acordes Apaixonados - Instituna","og_description":"&#8220;O ano lectivo de 98\/99 ficar\u00e1 para sempre ligado \u00e0 grava\u00e7\u00e3o do nosso CD nos est\u00fadios Alegrisom de Pombal. Foi uma experi\u00eancia inesquec\u00edvel para todos os elementos da Instituna: a que tinha sido a primeira Tuna a surgir em Leiria, a primeira e \u00fanica a gravar uma cassete \u00e1udio e a primeira a fazer digress\u00f5es &hellip; Continuar a ler \"CD &#8211; Acordes Apaixonados\"","og_url":"https:\/\/sites.ipleiria.pt\/instituna\/discografia\/acordesapaixonados\/","og_site_name":"Instituna","article_publisher":"https:\/\/www.facebook.com\/Instituna\/","article_modified_time":"2011-08-30T13:29:52+00:00","og_image":[{"url":"http:\/\/sites.ipleiria.pt\/instituna\/files\/2011\/08\/AcordesCapa-e1314658111976.jpg","type":"","width":"","height":""}],"twitter_card":"summary_large_image","twitter_misc":{"Tempo estimado de leitura":"1 minuto"},"schema":{"@context":"https:\/\/schema.org","@graph":[{"@type":"WebPage","@id":"https:\/\/sites.ipleiria.pt\/instituna\/discografia\/acordesapaixonados\/","url":"https:\/\/sites.ipleiria.pt\/instituna\/discografia\/acordesapaixonados\/","name":"CD - Acordes Apaixonados - Instituna","isPartOf":{"@id":"https:\/\/sites.ipleiria.pt\/instituna\/#website"},"primaryImageOfPage":{"@id":"https:\/\/sites.ipleiria.pt\/instituna\/discografia\/acordesapaixonados\/#primaryimage"},"image":{"@id":"https:\/\/sites.ipleiria.pt\/instituna\/discografia\/acordesapaixonados\/#primaryimage"},"thumbnailUrl":"http:\/\/sites.ipleiria.pt\/instituna\/files\/2011\/08\/AcordesCapa-e1314658111976.jpg","datePublished":"2011-08-13T12:10:04+00:00","dateModified":"2011-08-30T13:29:52+00:00","breadcrumb":{"@id":"https:\/\/sites.ipleiria.pt\/instituna\/discografia\/acordesapaixonados\/#breadcrumb"},"inLanguage":"pt-PT","potentialAction":[{"@type":"ReadAction","target":["https:\/\/sites.ipleiria.pt\/instituna\/discografia\/acordesapaixonados\/"]}]},{"@type":"ImageObject","inLanguage":"pt-PT","@id":"https:\/\/sites.ipleiria.pt\/instituna\/discografia\/acordesapaixonados\/#primaryimage","url":"http:\/\/sites.ipleiria.pt\/instituna\/files\/2011\/08\/AcordesCapa-e1314658111976.jpg","contentUrl":"http:\/\/sites.ipleiria.pt\/instituna\/files\/2011\/08\/AcordesCapa-e1314658111976.jpg"},{"@type":"BreadcrumbList","@id":"https:\/\/sites.ipleiria.pt\/instituna\/discografia\/acordesapaixonados\/#breadcrumb","itemListElement":[{"@type":"ListItem","position":1,"name":"In\u00edcio","item":"https:\/\/sites.ipleiria.pt\/instituna\/"},{"@type":"ListItem","position":2,"name":"Discografia &#8211; CD&#8217;s e Cassete \u00c1udio","item":"https:\/\/sites.ipleiria.pt\/instituna\/discografia\/"},{"@type":"ListItem","position":3,"name":"CD &#8211; Acordes Apaixonados"}]},{"@type":"WebSite","@id":"https:\/\/sites.ipleiria.pt\/instituna\/#website","url":"https:\/\/sites.ipleiria.pt\/instituna\/","name":"Instituna","description":"Tuna Mista do Polit\u00e9cnico de Leiria","publisher":{"@id":"https:\/\/sites.ipleiria.pt\/instituna\/#organization"},"alternateName":"Tuna Mista do Polit\u00e9cnico de Leiria","potentialAction":[{"@type":"SearchAction","target":{"@type":"EntryPoint","urlTemplate":"https:\/\/sites.ipleiria.pt\/instituna\/?s={search_term_string}"},"query-input":{"@type":"PropertyValueSpecification","valueRequired":true,"valueName":"search_term_string"}}],"inLanguage":"pt-PT"},{"@type":"Organization","@id":"https:\/\/sites.ipleiria.pt\/instituna\/#organization","name":"Instituna","alternateName":"Tuna Mista do Polit\u00e9cnico de Leiria","url":"https:\/\/sites.ipleiria.pt\/instituna\/","logo":{"@type":"ImageObject","inLanguage":"pt-PT","@id":"https:\/\/sites.ipleiria.pt\/instituna\/#\/schema\/logo\/image\/","url":"https:\/\/sites.ipleiria.pt\/instituna\/files\/2020\/05\/cropped-oie_transparent.png","contentUrl":"https:\/\/sites.ipleiria.pt\/instituna\/files\/2020\/05\/cropped-oie_transparent.png","width":512,"height":512,"caption":"Instituna"},"image":{"@id":"https:\/\/sites.ipleiria.pt\/instituna\/#\/schema\/logo\/image\/"},"sameAs":["https:\/\/www.facebook.com\/Instituna\/","https:\/\/www.instagram.com\/instituna","https:\/\/www.youtube.com\/user\/instituna"]}]}},"_links":{"self":[{"href":"https:\/\/sites.ipleiria.pt\/instituna\/wp-json\/wp\/v2\/pages\/179","targetHints":{"allow":["GET"]}}],"collection":[{"href":"https:\/\/sites.ipleiria.pt\/instituna\/wp-json\/wp\/v2\/pages"}],"about":[{"href":"https:\/\/sites.ipleiria.pt\/instituna\/wp-json\/wp\/v2\/types\/page"}],"author":[{"embeddable":true,"href":"https:\/\/sites.ipleiria.pt\/instituna\/wp-json\/wp\/v2\/users\/70"}],"replies":[{"embeddable":true,"href":"https:\/\/sites.ipleiria.pt\/instituna\/wp-json\/wp\/v2\/comments?post=179"}],"version-history":[{"count":15,"href":"https:\/\/sites.ipleiria.pt\/instituna\/wp-json\/wp\/v2\/pages\/179\/revisions"}],"predecessor-version":[{"id":361,"href":"https:\/\/sites.ipleiria.pt\/instituna\/wp-json\/wp\/v2\/pages\/179\/revisions\/361"}],"up":[{"embeddable":true,"href":"https:\/\/sites.ipleiria.pt\/instituna\/wp-json\/wp\/v2\/pages\/22"}],"wp:attachment":[{"href":"https:\/\/sites.ipleiria.pt\/instituna\/wp-json\/wp\/v2\/media?parent=179"}],"curies":[{"name":"wp","href":"https:\/\/api.w.org\/{rel}","templated":true}]}}