{"id":2,"date":"2011-05-12T15:52:31","date_gmt":"2011-05-12T15:52:31","guid":{"rendered":"http:\/\/sites.ipleiria.pt\/instituna\/?page_id=2"},"modified":"2019-10-10T18:50:49","modified_gmt":"2019-10-10T18:50:49","slug":"instituna-historial-da-tuna-mista-antiga-leiria","status":"publish","type":"page","link":"https:\/\/sites.ipleiria.pt\/instituna\/instituna-historial-da-tuna-mista-antiga-leiria\/","title":{"rendered":"Instituna &#8211; Historial da Tuna Mista mais antiga de Leiria"},"content":{"rendered":"<h1>Instituna &#8211; Tuna Mista do Instituto polit\u00e9cnico de Leiria<\/h1>\n<h2>D\u00e9cada de 90<\/h2>\n<p><a href=\"http:\/\/sites.ipleiria.pt\/instituna\/\">Instituna<\/a> &#8211; Tuna Acad\u00e9mica Mista &#8211; foi fundada a 11 de Maio de 1993, com o nome de Instituna Polit\u00e9nica de Leiria (o &#8220;Polit\u00e9nica&#8221; n\u00e3o \u00e9 gralha). Surgiu como resposta \u00e0 inexist\u00eancia de vida acad\u00e9mica em Leiria e como solu\u00e7\u00e3o para a participa\u00e7\u00e3o dos alunos da Escola Superior de Tecnologia e Gest\u00e3o, e n\u00e3o s\u00f3, nas actividades acad\u00e9micas culturais e nocturnas&#8230;<\/p>\n<p style=\"text-align: justify\">O primeiro ano de gl\u00f3ria da Instituna foi o de 1994, com a grava\u00e7\u00e3o da cassete, a primeira a ser gravada por uma tuna de Leiria, o que n\u00e3o deixa de fazer um certo sentido pois a Instituna, lembre-se, foi a primeira tuna desta cidade, ber\u00e7o do Lis. Constantemente solicitada para o mais diverso g\u00e9nero de eventos, desde festas particulares aos arraiais mais populares, desde uma pequena actua\u00e7\u00e3o num bar, at\u00e9 a um Festival de Tunas, s\u00f3 quando n\u00e3o pode mesmo \u00e9 que a Instituna n\u00e3o vai.<\/p>\n<p style=\"text-align: justify\">Em 1996 aconteceu a nossa primeira digress\u00e3o, a Paris. Sem nenhuns apoios financeiros, nem suportes ou conhecimentos de qualquer ordem, a n\u00e3o ser os das sempre leais fam\u00edlias dos tunos, a Instituna partiu um pouco \u00e0s cegas para Paris, numa aventura que, felizmente, correu bem, com a Instituna a dar vida aos, j\u00e1 de si alegres, boulevards da Cidade &#8211; Luz. A aventura de uma digress\u00e3o deixou-nos saudades e repetimos em 1997, desta vez \u00e0 Su\u00ed\u00e7a, para\u00edso para turistas mas o tormento dos nossos emigrantes que l\u00e1 trabalham arduamente durante todo o ano. A Instituna foi l\u00e1 dar o seu carinho, alegrar os cora\u00e7\u00f5es dos nossos compatriotas e lembrar-lhes que, por muito longe que estejam, nunca s\u00e3o esquecidos.<\/p>\n<p style=\"text-align: justify\">O ano lectivo de 97\/98 \u00c9 considerado por todos os membros da <a href=\"http:\/\/sites.ipleiria.pt\/instituna\/\">Instituna<\/a>, e n\u00e3o s\u00f3, como o melhor ano da Tuna. Foi nesse ano que adquirimos o instrumento dos nossos sonhos, o nosso contrabaixo, o &#8220;Abreu&#8221;, que, desde essa altura, nos tem acompanhado para todo o lado.<\/p>\n<p style=\"text-align: justify\">Em 97\/98 a Instituna:- Participou no programa &#8220;Pra\u00e7a da Alegria&#8221;, transmitido para Portugal, atrav\u00e9s do canal 1 da RTP, e para todo o mundo atrav\u00e9s da RTP &#8211; Internacional, abrindo as portas desse programa \u00e0s tunas mistas e dando-se a conhecer a milh\u00f5es de emigrantes, nessa altura muito particularmente aos que trabalham na Su\u00ed\u00e7a; Sem apoios de qualquer organiza\u00e7\u00e3o e \u00e0 custa do sacrif\u00edcio de todos os elementos da Instituna, que pela Tuna trabalharam durante muitos meses, a Instituna conseguiu realizar uma grande digress\u00e3o por terras helv\u00e9ticas, tocando para os nossos emigrantes de Fribourg, Berne, La-Chaux-de-Fonds, Payerne, Morat, Romont, Gruy\u00e9res, Bulle, Montreux, Vevey, Zurich, Lausanne e finalizando com um enorme espect\u00e1culo organizado pela comunidade portuguesa de Marly, do qual fomos a atrac\u00e7\u00e3o principal. At\u00e9 na Su\u00ed\u00e7a houve emigrantes que se lamentavam de n\u00e3o termos um CD para recordarem os bons momentos que com eles pass\u00e1mos.<\/p>\n<p style=\"text-align: justify\">O ano lectivo de 98\/99 ficar\u00e1 para sempre ligado \u00e0 grava\u00e7\u00e3o do nosso CD nos est\u00fadios Alegrisom de Pombal. Foi uma experi\u00eancia inesquec\u00edvel para todos os elementos da Instituna: a que tinha sido a primeira Tuna a surgir em Leiria, a primeira e \u00fanica a gravar uma cassete audio e a primeira a fazer digress\u00f5es internacionais anuais, era tamb\u00e9m a primeira a gravar um CD. Mas este ano tamb\u00e9m fica intimamente ligado \u00e0 nossa segunda ida a Paris e \u00e0 primeira ao Luxemburgo, onde estivemos, mais uma vez, em contacto com os nossos emigrantes. Outros momentos altos foram a participa\u00e7\u00e3o nas conhecidas Festas do Bodo em Pombal e a recep\u00e7\u00e3o ao Pr\u00e9mio Nobel 1998 da Literatura, Jos\u00e9 Saramago, na sua passagem por Leiria. Encerr\u00e1mos o ano lectivo de 98\/99 com a segunda participa\u00e7\u00e3o no mundialmente difundido &#8220;Pra\u00e7a da Alegria&#8221;, onde divulg\u00e1mos o nosso trabalho discogr\u00e1fico.<\/p>\n<h2>Em 2000 &#8230;<\/h2>\n<p style=\"text-align: justify\">No decorrer do ano lectivo de 1999\/2000 a nossa tuna juntou trapinhos e alguns instrumentos, tendo sido levada at\u00e9 ao pequeno pa\u00eds do Luxemburgo, onde actuou nos mais diversos espect\u00e1culos, efectuando apresenta\u00e7\u00f5es de rua de forma a divulgar a cultura portuguesa, na metr\u00f3pole multicultural e \u00e9tnica do Luxemburgo. Mais uma vez a Instituna foi recebida de bra\u00e7os e cora\u00e7\u00f5es abertos pelos nossos emigrantes, deixando-os de l\u00e1grimas nos olhos a quando da sua partida para Portugal. Nos diversos espect\u00e1culos realizados, podemos real\u00e7ar a actua\u00e7\u00e3o em diversas salas, contracenando com os mais diversos artistas portugueses que a\u00ed fazem o seu trabalho.Esta digress\u00e3o marcou a nossa Tuna de forma bastante positiva, tendo sido uma verdadeira revela\u00e7\u00e3o de alguns elementos, tanto na forma de estar como pela sua vontade de trabalhar em prol da Tuna e de tudo o que lhe est\u00e1 directamente ligado.<\/p>\n<p style=\"text-align: justify\">Na p\u00e1scoa do ano 2001 a Instituna deslocou-se a It\u00e1lia e Su\u00ed\u00e7a desta vez com uma comitiva mais reduzida do que \u00e9 habitual, efectuou diversos espect\u00e1culos, desde o pequeno caf\u00e9 at\u00e9 \u00e0 grande sala de espect\u00e1culos, deixando mais uma vez marcada a presen\u00e7a da Instituna em toda a comunidade portuguesa a\u00ed residente, a qual demonstrou mais uma vez a grande estima que t\u00eam pela nossa Tuna, n\u00e3o s\u00f3 pela sua forma de estar, mas tamb\u00e9m pela saudade e carinho que os nosso espect\u00e1culos e actua\u00e7\u00f5es lhes proporcionam verdadeiros momentos de felicidade.Durante esta estadia na Su\u00ed\u00e7a viajamos at\u00e9 &nbsp;Mil\u00e3o, numa desloca\u00e7\u00e3o totalmente indiscrit\u00edvel, n\u00e3o s\u00f3 pelas paisagens deslumbrantes, mas tamb\u00e9m pelas hist\u00f3rias e brincadeiras vividas, s\u00f3 poss\u00edveis dentro de um grupo de verdadeiros companheiros e amigos. Em Mil\u00e3o actuamos nas suas pra\u00e7as e ruelas mais significativas e emblem\u00e1ticas.<\/p>\n<p style=\"text-align: justify\">No ano lectivo de 2001\/2002 a Instituna viveu mais uma brilhante e inesquec\u00edvel experi\u00eancia internacional ao deslocar-se de novo \u00e0s altas terras da Su\u00ed\u00e7a, conhecendo pela primeira vez terras Austr\u00edacas e do Liechtenstein. Na Su\u00ed\u00e7a ficamos alojados em Neuchatel, tendo a\u00ed convivido directamente e com grande intensidade, com os nossos emigrantes ai estabelecidos, efectuamos espect\u00e1culos em diversos centros portugueses, tais como, o de Fribourg, Neuchatel, Vevey e La Chaux de Fonds, onde fomos recebidos em aut\u00eantica euforia, visto a Instituna j\u00e1 ter estado neste centro no ano de 97\/98. Nesta mesma viagem deslocamo-nos um pouco mais para leste, viajando de Neuchatel para Innsbruck na \u00c1ustria, onde vivemos momentos espantosos, aproveitando para divulgar toda a nossa irrever\u00eancia, musicalidade e cultura.<\/p>\n<p style=\"text-align: justify\">Acompanhados sempre pelos s\u00edmbolos m\u00e1ximos de Leiria, as bandeira da cidade de Leiria, do Instituto Polit\u00e9cnico de Leiria e claro est\u00e1 pelo nosso querido, amado e respeitado estandarte, permanecemos 2 dias em Innsbruck, efectuando espect\u00e1culos de rua e actuado num centro de folclore Austr\u00edaco, onde aproveitamos para estabelecer um respeitoso e honrado interc\u00e2mbio cultural, que em muito dignificou a nossa presen\u00e7a. Ao retornarmos para a Su\u00ed\u00e7a fizemos uma ligeira passagem pelo pequeno mas acolhedor principado do Liechtenstein, onde o nosso traje e estado de esp\u00edrito n\u00e3o pode passar em claro aos habitantes que conviveram connosco. Ficando mais uma vez a imagem de Leiria dignificada ao mais alto n\u00edvel.<\/p>\n<p style=\"text-align: justify\">Fora de Portugal Continental , mas ainda dentro de Portugal, a Instituna num belo fim de semana de sol, parte rumo \u00e0 Madeira para o I Encontro de Tunas Mistas da Madeira. O convite n\u00e3o podia ter chegado em melhor altura para os elementos da Instituna, j\u00e1 um pouco aborrecidos com o c\u00e9u cinzento e chuvoso de Abril em Leiria, viram-se em pouco mais de quarenta minutos de viagem num avi\u00e3o da TAP, que certamente nunca mais ser\u00e1 o mesmo depois de l\u00e1 termos passado, num ambiente tropical mas bem portugu\u00eas. O Encontro organizado pela Tuna Mista Tun&#8217;Uma da Universidade da Madeira, era constituido por 5 dias de festa, que ap\u00f3s as habituais recep\u00e7\u00f5es a Instituna deixou a sua marca musical improvisada num pequeno bar no Funchal e fechou a noite na apresenta\u00e7\u00e3o das Tunas convidadas na Festa do Molhe. Chegado o dia D, o evento Hermafrotunas correu excepcionalmente bem encerrando com a actua\u00e7\u00e3o da Instituna, que mostrou do que vale dez anos de Tuna num palco provocando como\u00e7\u00e3o e elogios por parte do p\u00fablico madeirense. Mas a festa continuou na Taberna Popular, pela noite a dentro onde para n\u00e3o variar, cerveja e guitarradas ditaram a noite de conv\u00edvio.<\/p>\n<p style=\"text-align: justify\">Desde o ano de 2003 que a Instituna organiza o FITUMIS, Festival Internacional de Tunas Mistas, palco onde desfilam as melhores Tunas Mistas do Mundo, oriundas de Portugal, Espanha, Fran\u00e7a e Porto Rico.<\/p>\n<p style=\"text-align: justify\">Recentemente a Institina editou o seu 3\u00ba trabalho, o CD \u201cSegredos de Leiria\u201d em 2008, sendo este o apanhado de 15 anos de gera\u00e7\u00f5es. Tem tamb\u00e9m um livro editado em 2003 intitulado \u201cMuitas vidas\u2026um s\u00f3 sonho\u201d aquando das comemora\u00e7\u00f5es dos 10 anos.<\/p>\n<p style=\"text-align: justify\">Constantemente solicitada para o mais diverso g\u00e9nero de eventos durante 20 anos, desde festas particulares aos arraiais mais populares, desde uma pequena atua\u00e7\u00e3o num bar, at\u00e9 a um Grande Festival de Tunas s\u00f3 mesmo quando n\u00e3o pode \u00e9 que a Instituna n\u00e3o vai.<\/p>\n","protected":false},"excerpt":{"rendered":"<p>Instituna &#8211; Tuna Mista do Instituto polit\u00e9cnico de Leiria D\u00e9cada de 90 Instituna &#8211; Tuna Acad\u00e9mica Mista &#8211; foi fundada a 11 de Maio de 1993, com o nome de Instituna Polit\u00e9nica de Leiria (o &#8220;Polit\u00e9nica&#8221; n\u00e3o \u00e9 gralha). Surgiu como resposta \u00e0 inexist\u00eancia de vida acad\u00e9mica em Leiria e como solu\u00e7\u00e3o para a participa\u00e7\u00e3o &hellip; <\/p>\n<p class=\"link-more\"><a href=\"https:\/\/sites.ipleiria.pt\/instituna\/instituna-historial-da-tuna-mista-antiga-leiria\/\" class=\"more-link\">Continuar a ler <span class=\"screen-reader-text\">&#8220;Instituna &#8211; Historial da Tuna Mista mais antiga de Leiria&#8221;<\/span><\/a><\/p>\n","protected":false},"author":66,"featured_media":0,"parent":0,"menu_order":0,"comment_status":"closed","ping_status":"closed","template":"","meta":{"_acf_changed":false,"footnotes":""},"class_list":["post-2","page","type-page","status-publish","hentry"],"acf":[],"yoast_head":"<!-- This site is optimized with the Yoast SEO plugin v26.8 - https:\/\/yoast.com\/product\/yoast-seo-wordpress\/ -->\n<title>Instituna | Historial da Tuna Mista mais antiga de Leiria<\/title>\n<meta name=\"description\" content=\"A Instituna \u2013 Tuna Acad\u00e9mica Mista \u2013 foi fundada a 11 de Maio de 1993, com o nome de Instituna Polit\u00e9cnica de Leiria. Detendo o t\u00edtulo da &quot;Tuna mais antiga de Leiria&quot; a Instituna continua a alegrar festas e tascas com as suas m\u00fasicas bem como casamentos e Copos de \u00c1gua.\" \/>\n<meta name=\"robots\" content=\"index, follow, max-snippet:-1, max-image-preview:large, max-video-preview:-1\" \/>\n<link rel=\"canonical\" href=\"https:\/\/sites.ipleiria.pt\/instituna\/instituna-historial-da-tuna-mista-antiga-leiria\/\" \/>\n<meta property=\"og:locale\" content=\"pt_PT\" \/>\n<meta property=\"og:type\" content=\"article\" \/>\n<meta property=\"og:title\" content=\"Instituna | Historial da Tuna Mista mais antiga de Leiria\" \/>\n<meta property=\"og:description\" content=\"A Instituna \u2013 Tuna Acad\u00e9mica Mista \u2013 foi fundada a 11 de Maio de 1993, com o nome de Instituna Polit\u00e9cnica de Leiria. Detendo o t\u00edtulo da &quot;Tuna mais antiga de Leiria&quot; a Instituna continua a alegrar festas e tascas com as suas m\u00fasicas bem como casamentos e Copos de \u00c1gua.\" \/>\n<meta property=\"og:url\" content=\"https:\/\/sites.ipleiria.pt\/instituna\/instituna-historial-da-tuna-mista-antiga-leiria\/\" \/>\n<meta property=\"og:site_name\" content=\"Instituna\" \/>\n<meta property=\"article:publisher\" content=\"https:\/\/www.facebook.com\/Instituna\/\" \/>\n<meta property=\"article:modified_time\" content=\"2019-10-10T18:50:49+00:00\" \/>\n<meta name=\"twitter:card\" content=\"summary_large_image\" \/>\n<meta name=\"twitter:label1\" content=\"Tempo estimado de leitura\" \/>\n\t<meta name=\"twitter:data1\" content=\"8 minutos\" \/>\n<script type=\"application\/ld+json\" class=\"yoast-schema-graph\">{\"@context\":\"https:\/\/schema.org\",\"@graph\":[{\"@type\":\"WebPage\",\"@id\":\"https:\/\/sites.ipleiria.pt\/instituna\/instituna-historial-da-tuna-mista-antiga-leiria\/\",\"url\":\"https:\/\/sites.ipleiria.pt\/instituna\/instituna-historial-da-tuna-mista-antiga-leiria\/\",\"name\":\"Instituna | Historial da Tuna Mista mais antiga de Leiria\",\"isPartOf\":{\"@id\":\"https:\/\/sites.ipleiria.pt\/instituna\/#website\"},\"datePublished\":\"2011-05-12T15:52:31+00:00\",\"dateModified\":\"2019-10-10T18:50:49+00:00\",\"description\":\"A Instituna \u2013 Tuna Acad\u00e9mica Mista \u2013 foi fundada a 11 de Maio de 1993, com o nome de Instituna Polit\u00e9cnica de Leiria. Detendo o t\u00edtulo da \\\"Tuna mais antiga de Leiria\\\" a Instituna continua a alegrar festas e tascas com as suas m\u00fasicas bem como casamentos e Copos de \u00c1gua.\",\"breadcrumb\":{\"@id\":\"https:\/\/sites.ipleiria.pt\/instituna\/instituna-historial-da-tuna-mista-antiga-leiria\/#breadcrumb\"},\"inLanguage\":\"pt-PT\",\"potentialAction\":[{\"@type\":\"ReadAction\",\"target\":[\"https:\/\/sites.ipleiria.pt\/instituna\/instituna-historial-da-tuna-mista-antiga-leiria\/\"]}]},{\"@type\":\"BreadcrumbList\",\"@id\":\"https:\/\/sites.ipleiria.pt\/instituna\/instituna-historial-da-tuna-mista-antiga-leiria\/#breadcrumb\",\"itemListElement\":[{\"@type\":\"ListItem\",\"position\":1,\"name\":\"In\u00edcio\",\"item\":\"https:\/\/sites.ipleiria.pt\/instituna\/\"},{\"@type\":\"ListItem\",\"position\":2,\"name\":\"Instituna &#8211; Historial da Tuna Mista mais antiga de Leiria\"}]},{\"@type\":\"WebSite\",\"@id\":\"https:\/\/sites.ipleiria.pt\/instituna\/#website\",\"url\":\"https:\/\/sites.ipleiria.pt\/instituna\/\",\"name\":\"Instituna\",\"description\":\"Tuna Mista do Polit\u00e9cnico de Leiria\",\"publisher\":{\"@id\":\"https:\/\/sites.ipleiria.pt\/instituna\/#organization\"},\"alternateName\":\"Tuna Mista do Polit\u00e9cnico de Leiria\",\"potentialAction\":[{\"@type\":\"SearchAction\",\"target\":{\"@type\":\"EntryPoint\",\"urlTemplate\":\"https:\/\/sites.ipleiria.pt\/instituna\/?s={search_term_string}\"},\"query-input\":{\"@type\":\"PropertyValueSpecification\",\"valueRequired\":true,\"valueName\":\"search_term_string\"}}],\"inLanguage\":\"pt-PT\"},{\"@type\":\"Organization\",\"@id\":\"https:\/\/sites.ipleiria.pt\/instituna\/#organization\",\"name\":\"Instituna\",\"alternateName\":\"Tuna Mista do Polit\u00e9cnico de Leiria\",\"url\":\"https:\/\/sites.ipleiria.pt\/instituna\/\",\"logo\":{\"@type\":\"ImageObject\",\"inLanguage\":\"pt-PT\",\"@id\":\"https:\/\/sites.ipleiria.pt\/instituna\/#\/schema\/logo\/image\/\",\"url\":\"https:\/\/sites.ipleiria.pt\/instituna\/files\/2020\/05\/cropped-oie_transparent.png\",\"contentUrl\":\"https:\/\/sites.ipleiria.pt\/instituna\/files\/2020\/05\/cropped-oie_transparent.png\",\"width\":512,\"height\":512,\"caption\":\"Instituna\"},\"image\":{\"@id\":\"https:\/\/sites.ipleiria.pt\/instituna\/#\/schema\/logo\/image\/\"},\"sameAs\":[\"https:\/\/www.facebook.com\/Instituna\/\",\"https:\/\/www.instagram.com\/instituna\",\"https:\/\/www.youtube.com\/user\/instituna\"]}]}<\/script>\n<!-- \/ Yoast SEO plugin. -->","yoast_head_json":{"title":"Instituna | Historial da Tuna Mista mais antiga de Leiria","description":"A Instituna \u2013 Tuna Acad\u00e9mica Mista \u2013 foi fundada a 11 de Maio de 1993, com o nome de Instituna Polit\u00e9cnica de Leiria. Detendo o t\u00edtulo da \"Tuna mais antiga de Leiria\" a Instituna continua a alegrar festas e tascas com as suas m\u00fasicas bem como casamentos e Copos de \u00c1gua.","robots":{"index":"index","follow":"follow","max-snippet":"max-snippet:-1","max-image-preview":"max-image-preview:large","max-video-preview":"max-video-preview:-1"},"canonical":"https:\/\/sites.ipleiria.pt\/instituna\/instituna-historial-da-tuna-mista-antiga-leiria\/","og_locale":"pt_PT","og_type":"article","og_title":"Instituna | Historial da Tuna Mista mais antiga de Leiria","og_description":"A Instituna \u2013 Tuna Acad\u00e9mica Mista \u2013 foi fundada a 11 de Maio de 1993, com o nome de Instituna Polit\u00e9cnica de Leiria. Detendo o t\u00edtulo da \"Tuna mais antiga de Leiria\" a Instituna continua a alegrar festas e tascas com as suas m\u00fasicas bem como casamentos e Copos de \u00c1gua.","og_url":"https:\/\/sites.ipleiria.pt\/instituna\/instituna-historial-da-tuna-mista-antiga-leiria\/","og_site_name":"Instituna","article_publisher":"https:\/\/www.facebook.com\/Instituna\/","article_modified_time":"2019-10-10T18:50:49+00:00","twitter_card":"summary_large_image","twitter_misc":{"Tempo estimado de leitura":"8 minutos"},"schema":{"@context":"https:\/\/schema.org","@graph":[{"@type":"WebPage","@id":"https:\/\/sites.ipleiria.pt\/instituna\/instituna-historial-da-tuna-mista-antiga-leiria\/","url":"https:\/\/sites.ipleiria.pt\/instituna\/instituna-historial-da-tuna-mista-antiga-leiria\/","name":"Instituna | Historial da Tuna Mista mais antiga de Leiria","isPartOf":{"@id":"https:\/\/sites.ipleiria.pt\/instituna\/#website"},"datePublished":"2011-05-12T15:52:31+00:00","dateModified":"2019-10-10T18:50:49+00:00","description":"A Instituna \u2013 Tuna Acad\u00e9mica Mista \u2013 foi fundada a 11 de Maio de 1993, com o nome de Instituna Polit\u00e9cnica de Leiria. Detendo o t\u00edtulo da \"Tuna mais antiga de Leiria\" a Instituna continua a alegrar festas e tascas com as suas m\u00fasicas bem como casamentos e Copos de \u00c1gua.","breadcrumb":{"@id":"https:\/\/sites.ipleiria.pt\/instituna\/instituna-historial-da-tuna-mista-antiga-leiria\/#breadcrumb"},"inLanguage":"pt-PT","potentialAction":[{"@type":"ReadAction","target":["https:\/\/sites.ipleiria.pt\/instituna\/instituna-historial-da-tuna-mista-antiga-leiria\/"]}]},{"@type":"BreadcrumbList","@id":"https:\/\/sites.ipleiria.pt\/instituna\/instituna-historial-da-tuna-mista-antiga-leiria\/#breadcrumb","itemListElement":[{"@type":"ListItem","position":1,"name":"In\u00edcio","item":"https:\/\/sites.ipleiria.pt\/instituna\/"},{"@type":"ListItem","position":2,"name":"Instituna &#8211; Historial da Tuna Mista mais antiga de Leiria"}]},{"@type":"WebSite","@id":"https:\/\/sites.ipleiria.pt\/instituna\/#website","url":"https:\/\/sites.ipleiria.pt\/instituna\/","name":"Instituna","description":"Tuna Mista do Polit\u00e9cnico de Leiria","publisher":{"@id":"https:\/\/sites.ipleiria.pt\/instituna\/#organization"},"alternateName":"Tuna Mista do Polit\u00e9cnico de Leiria","potentialAction":[{"@type":"SearchAction","target":{"@type":"EntryPoint","urlTemplate":"https:\/\/sites.ipleiria.pt\/instituna\/?s={search_term_string}"},"query-input":{"@type":"PropertyValueSpecification","valueRequired":true,"valueName":"search_term_string"}}],"inLanguage":"pt-PT"},{"@type":"Organization","@id":"https:\/\/sites.ipleiria.pt\/instituna\/#organization","name":"Instituna","alternateName":"Tuna Mista do Polit\u00e9cnico de Leiria","url":"https:\/\/sites.ipleiria.pt\/instituna\/","logo":{"@type":"ImageObject","inLanguage":"pt-PT","@id":"https:\/\/sites.ipleiria.pt\/instituna\/#\/schema\/logo\/image\/","url":"https:\/\/sites.ipleiria.pt\/instituna\/files\/2020\/05\/cropped-oie_transparent.png","contentUrl":"https:\/\/sites.ipleiria.pt\/instituna\/files\/2020\/05\/cropped-oie_transparent.png","width":512,"height":512,"caption":"Instituna"},"image":{"@id":"https:\/\/sites.ipleiria.pt\/instituna\/#\/schema\/logo\/image\/"},"sameAs":["https:\/\/www.facebook.com\/Instituna\/","https:\/\/www.instagram.com\/instituna","https:\/\/www.youtube.com\/user\/instituna"]}]}},"_links":{"self":[{"href":"https:\/\/sites.ipleiria.pt\/instituna\/wp-json\/wp\/v2\/pages\/2","targetHints":{"allow":["GET"]}}],"collection":[{"href":"https:\/\/sites.ipleiria.pt\/instituna\/wp-json\/wp\/v2\/pages"}],"about":[{"href":"https:\/\/sites.ipleiria.pt\/instituna\/wp-json\/wp\/v2\/types\/page"}],"author":[{"embeddable":true,"href":"https:\/\/sites.ipleiria.pt\/instituna\/wp-json\/wp\/v2\/users\/66"}],"replies":[{"embeddable":true,"href":"https:\/\/sites.ipleiria.pt\/instituna\/wp-json\/wp\/v2\/comments?post=2"}],"version-history":[{"count":39,"href":"https:\/\/sites.ipleiria.pt\/instituna\/wp-json\/wp\/v2\/pages\/2\/revisions"}],"predecessor-version":[{"id":1101,"href":"https:\/\/sites.ipleiria.pt\/instituna\/wp-json\/wp\/v2\/pages\/2\/revisions\/1101"}],"wp:attachment":[{"href":"https:\/\/sites.ipleiria.pt\/instituna\/wp-json\/wp\/v2\/media?parent=2"}],"curies":[{"name":"wp","href":"https:\/\/api.w.org\/{rel}","templated":true}]}}