{"id":20,"date":"2011-05-13T10:52:21","date_gmt":"2011-05-13T10:52:21","guid":{"rendered":"http:\/\/sites.ipleiria.pt\/instituna\/?page_id=20"},"modified":"2014-09-06T12:45:15","modified_gmt":"2014-09-06T12:45:15","slug":"palmares","status":"publish","type":"page","link":"https:\/\/sites.ipleiria.pt\/instituna\/palmares\/","title":{"rendered":"Palmar\u00e9s"},"content":{"rendered":"<p><strong>2014<\/strong><br \/>\n2\u00aa Melhor Tuna &#8211; II Festival Tunas Mistas Uni\u00e3o Acad\u00e9mica de Avintes<br \/>\nMelhor Solista &#8211; II Festival Tunas Mistas Uni\u00e3o Acad\u00e9mica de Avintes<br \/>\nMelhor Estandarte &#8211; II Festival Tunas Mistas Uni\u00e3o Acad\u00e9mica de Avintes<\/p>\n<p><strong>2012<\/strong><br \/>\nMelhor Original no XI Hip\u00f3crates &#8211; Lisboa<br \/>\nMelhor Serenata no \u00a0XI Hip\u00f3crates &#8211; Lisboa<\/p>\n<p><strong>2011<br \/>\n<\/strong>Mejor Tuna en XII \u00a0Certamen Internacional de Barakaldo<br \/>\nMejor Pandeireta en XII Certamen Internacional de Barakaldo<br \/>\nMejor Bandera en XII \u00a0Certamen Internacional de Barakaldo<strong><br \/>\n<\/strong>Pr\u00e9mio de Melhor Original &#8211; IX Oito Badaladas &#8211; Coimbra<\/p>\n<p><strong>2008<\/strong><br \/>\nPr\u00e9mio de Tuna Mais Tuna &#8211; IX FESTA &#8211; Abrantes<\/p>\n<p><strong>2006<\/strong><br \/>\nPr\u00e9mio de Tuna Mais Tuna no VII Mistuna<br \/>\nPr\u00e9mio de Tuna Mais Bebedoura no VII Mistuna<br \/>\nPr\u00e9mio Fast Tuna (Melhor Tuna) no I Fast \u00e0 Noite &#8211; Coimbra<br \/>\nPr\u00e9mio Melhor Pau (Melhor Estandarte) no I Fast \u00e0 Noite &#8211; Coimbra<br \/>\nPr\u00e9mio Melhor Carica (Melhor Pandeireta) no I Fast \u00e0 Noite &#8211; Coimbra<\/p>\n<p><strong>2005<\/strong><br \/>\nPr\u00e9mio de Melhor Instrumental no VII Hip\u00f3crates<br \/>\nTuna Vencedora do III Fu\u201a\u00c4\u00f4Tunas no VII Hip\u00f3crates<br \/>\nPr\u00e9mio de Tuna Mais Tuna no VII Hip\u00f3crates<br \/>\nPr\u00e9mio de 3\u2122 Melhor Tuna no VI Politunas de Beja<br \/>\nPr\u00e9mio de Melhor Instrumental no VI Politunas de Beja<br \/>\nTuna Extra-Concurso no VI FESTA de Abrantes<br \/>\nMejor Pandeireta en VII Certamen Internacional de Barakaldo<\/p>\n<p><strong>2004<\/strong><br \/>\nPr\u00e9mio de Melhor Solista no V Politunas de Beja<br \/>\nPr\u00e9mio de Melhor Solista no Festival de Tunas de Rio Maior<br \/>\nPr\u00e9mio de Melhor Instrumental no Festival de Tunas de Rio Maior<br \/>\nPr\u00e9mio de Melhor Serenata no Festival de Tunas de Rio Maior<br \/>\nPr\u00e9mio Rally das Tascas no Festival de Tunas de Rio Maior<br \/>\nPr\u00e9mio de 2\u2122 Melhor Tuna no Festival de Tunas de Rio Maior<br \/>\nPr\u00e9mio de Melhor Instrumental no V Politunas de Beja<br \/>\nPr\u00e9mio de Melhor Pandeireta no V Politunas de Beja<br \/>\nPr\u00e9mio de Tuna Mais Tuna no V Politunas de Beja<br \/>\nPr\u00e9mio de Melhor Tuna no V Politunas de Beja<br \/>\nPr\u00e9mio de 2\u2122 Melhor Tuna no V Festa de Abrantes<br \/>\nPr\u00e9mio de Melhor Pandeireta no V Festa de Abrantes<br \/>\nParticipa\u00e7\u00e3o Extra-Concurso no VIII Real Festa de Leiria<br \/>\nPr\u00e9mio de Melhor Solista no I Prometheus<br \/>\nPr\u00e9mio de Melhor Pandeireta no I Prometheus<br \/>\nPr\u00e9mio S\u00e3o Greg\u00f3rio no I Prometheus<br \/>\nPr\u00e9mio de Melhor Grito Acad\u00e9mico no I Prometheus<br \/>\nMejor Tuna en VI Certamen Internacional de Barakaldo<br \/>\nMejor Bandera en VI Certamen Internacional de Barakaldo<br \/>\nMejor Pandeireta en VI Certamen Internacional de Barakaldo<br \/>\nTuna Mas Simpatica en VI Certamen Internacional de Barakaldo<\/p>\n<p><strong>2003<\/strong><br \/>\nPr\u00e9mio de Melhor Solista no Festival de Tunas de Rio Maior<br \/>\nParticipa\u00e7\u00e3o no I Encontro de Tunas Mistas da Madeira &#8211; I Hermafortunas<br \/>\nParticipa\u00e7\u00e3o no I Festival de Tunas Mistas de Coimbra &#8211; 8 Badaladas<br \/>\nPr\u00e9mio de Melhor Porta-estandarte no Festival Internacional de Tunas de Pau &#8211; Fran\u00e7a<br \/>\nParticipa\u00e7\u00e3o no Encontro de Tunas na Tocha &#8211; Figueira da Foz<br \/>\nPr\u00e9mio de Melhor Solista no III Festival de Tunas de Gavi\u00e3o<br \/>\nPr\u00e9mio de Melhor Instrumental no III Festival de Tunas de Gavi\u00e3o<br \/>\nParticipa\u00e7\u00e3o no Encontro de Tunas em Portalegre<\/p>\n<p><strong>2002<\/strong><br \/>\nPr\u00e9mio de Representa\u00e7\u00e3o no Exterior &#8211; Gala Prestigio ESTG<br \/>\nPr\u00e9mio de Melhor Instrumental no III Festival de Tunas de Abrantes<br \/>\nPr\u00e9mio de 2a Melhor Tuna no III Festival de Tunas de Abrantes<br \/>\nPr\u00e9mio de Melhor Porta-Estandarte no I Festival de Tunas de Ansi\u00e3o<br \/>\nPr\u00e9mio de Melhor Tuna no II Festival de Tunas de Gavi\u00e3o<br \/>\nPr\u00e9mio de Melhor Solista no II Festival de Tunas de Gavi\u00e3o<br \/>\nPr\u00e9mio de Melhor Instrumental no II Festival de Tunas de Gavi\u00e3o<\/p>\n<p><strong>2001<\/strong><br \/>\nPr\u00e9mio de Melhor Solista no II Festival de Tunas de Abrantes<br \/>\nPr\u00e9mio de Melhor Instrumental no II Festival de Tunas de Abrantes<br \/>\nParticipa\u00e7\u00e3o no I Festival de Tunas em Vale Alto<\/p>\n<p><strong>1999<\/strong><br \/>\nPr\u00e9mio de Melhor Tuna no Festival de Tunas de Portim\u00e3o<br \/>\nPr\u00e9mio de Melhor Porta Estandarte no Festival de Tunas de Portim\u00e3o<\/p>\n<p><strong>1998<\/strong><br \/>\nConsiderada a Melhor Tuna Mista em Portugal no Festival Internacional de Tunas Acad\u00e9micas da Escola Superior Bissaya Barreto<br \/>\nPr\u00e9mio de Tuna Mais Tuna aquando da participa\u00e7\u00e3o na recep\u00e7\u00e3o ao caloiro em Bragan\u00e7a<br \/>\nParticipou pela 2a vez no programa &#8220;Pra\u00e7a da Alegria&#8221;<\/p>\n<p><strong>1997<\/strong><br \/>\nParticipou no 1\u00ba Encontro de Tunas de Alvai\u00eazere<br \/>\nParticipou no Festival de Tunas da Universidade da Beira Interior<br \/>\nPr\u00e9mio de Melhor Tuna no Festival de Tunas da Universidade do Algarve<br \/>\nPr\u00e9mio de Melhor Estandarde no Festival de Tunas da Universidade do Algarve<br \/>\nParticipou no programa &#8220;Pra\u00e7a da Alegria&#8221;, transmitido para Portugal, atrav\u00e9s da RTP, e para todo o mundo atrav\u00e9s da RTP Internacional<\/p>\n<p><strong>1996<\/strong><br \/>\nPr\u00e9mio de Melhor Estandarte no Festival de Tunas de Viana do Castelo<\/p>\n<p><strong>1995<\/strong><br \/>\nPr\u00e9mio de Melhor Estandarte no Festival de Tunas da Guarda<\/p>\n<p><strong>1994<\/strong><br \/>\nPr\u00e9mio de Tuna Mais Tuna no Festival de Tunas de Vila Real<br \/>\nPr\u00e9mio de Melhor Estandarte no Festival de Tunas de Vila Real<\/p>\n","protected":false},"excerpt":{"rendered":"<p>2014 2\u00aa Melhor Tuna &#8211; II Festival Tunas Mistas Uni\u00e3o Acad\u00e9mica de Avintes Melhor Solista &#8211; II Festival Tunas Mistas Uni\u00e3o Acad\u00e9mica de Avintes Melhor Estandarte &#8211; II Festival Tunas Mistas Uni\u00e3o Acad\u00e9mica de Avintes 2012 Melhor Original no XI Hip\u00f3crates &#8211; Lisboa Melhor Serenata no \u00a0XI Hip\u00f3crates &#8211; Lisboa 2011 Mejor Tuna en XII &hellip; <\/p>\n<p class=\"link-more\"><a href=\"https:\/\/sites.ipleiria.pt\/instituna\/palmares\/\" class=\"more-link\">Continuar a ler <span class=\"screen-reader-text\">&#8220;Palmar\u00e9s&#8221;<\/span><\/a><\/p>\n","protected":false},"author":66,"featured_media":0,"parent":0,"menu_order":0,"comment_status":"closed","ping_status":"closed","template":"","meta":{"_acf_changed":false,"footnotes":""},"class_list":["post-20","page","type-page","status-publish","hentry"],"acf":[],"yoast_head":"<!-- This site is optimized with the Yoast SEO plugin v26.8 - https:\/\/yoast.com\/product\/yoast-seo-wordpress\/ -->\n<title>Palmar\u00e9s - Instituna<\/title>\n<meta name=\"robots\" content=\"index, follow, max-snippet:-1, max-image-preview:large, max-video-preview:-1\" \/>\n<link rel=\"canonical\" href=\"https:\/\/sites.ipleiria.pt\/instituna\/palmares\/\" \/>\n<meta property=\"og:locale\" content=\"pt_PT\" \/>\n<meta property=\"og:type\" content=\"article\" \/>\n<meta property=\"og:title\" content=\"Palmar\u00e9s - Instituna\" \/>\n<meta property=\"og:description\" content=\"2014 2\u00aa Melhor Tuna &#8211; II Festival Tunas Mistas Uni\u00e3o Acad\u00e9mica de Avintes Melhor Solista &#8211; II Festival Tunas Mistas Uni\u00e3o Acad\u00e9mica de Avintes Melhor Estandarte &#8211; II Festival Tunas Mistas Uni\u00e3o Acad\u00e9mica de Avintes 2012 Melhor Original no XI Hip\u00f3crates &#8211; Lisboa Melhor Serenata no \u00a0XI Hip\u00f3crates &#8211; Lisboa 2011 Mejor Tuna en XII &hellip; Continuar a ler &quot;Palmar\u00e9s&quot;\" \/>\n<meta property=\"og:url\" content=\"https:\/\/sites.ipleiria.pt\/instituna\/palmares\/\" \/>\n<meta property=\"og:site_name\" content=\"Instituna\" \/>\n<meta property=\"article:publisher\" content=\"https:\/\/www.facebook.com\/Instituna\/\" \/>\n<meta property=\"article:modified_time\" content=\"2014-09-06T12:45:15+00:00\" \/>\n<meta name=\"twitter:card\" content=\"summary_large_image\" \/>\n<meta name=\"twitter:label1\" content=\"Tempo estimado de leitura\" \/>\n\t<meta name=\"twitter:data1\" content=\"4 minutos\" \/>\n<script type=\"application\/ld+json\" class=\"yoast-schema-graph\">{\"@context\":\"https:\/\/schema.org\",\"@graph\":[{\"@type\":\"WebPage\",\"@id\":\"https:\/\/sites.ipleiria.pt\/instituna\/palmares\/\",\"url\":\"https:\/\/sites.ipleiria.pt\/instituna\/palmares\/\",\"name\":\"Palmar\u00e9s - Instituna\",\"isPartOf\":{\"@id\":\"https:\/\/sites.ipleiria.pt\/instituna\/#website\"},\"datePublished\":\"2011-05-13T10:52:21+00:00\",\"dateModified\":\"2014-09-06T12:45:15+00:00\",\"breadcrumb\":{\"@id\":\"https:\/\/sites.ipleiria.pt\/instituna\/palmares\/#breadcrumb\"},\"inLanguage\":\"pt-PT\",\"potentialAction\":[{\"@type\":\"ReadAction\",\"target\":[\"https:\/\/sites.ipleiria.pt\/instituna\/palmares\/\"]}]},{\"@type\":\"BreadcrumbList\",\"@id\":\"https:\/\/sites.ipleiria.pt\/instituna\/palmares\/#breadcrumb\",\"itemListElement\":[{\"@type\":\"ListItem\",\"position\":1,\"name\":\"In\u00edcio\",\"item\":\"https:\/\/sites.ipleiria.pt\/instituna\/\"},{\"@type\":\"ListItem\",\"position\":2,\"name\":\"Palmar\u00e9s\"}]},{\"@type\":\"WebSite\",\"@id\":\"https:\/\/sites.ipleiria.pt\/instituna\/#website\",\"url\":\"https:\/\/sites.ipleiria.pt\/instituna\/\",\"name\":\"Instituna\",\"description\":\"Tuna Mista do Polit\u00e9cnico de Leiria\",\"publisher\":{\"@id\":\"https:\/\/sites.ipleiria.pt\/instituna\/#organization\"},\"alternateName\":\"Tuna Mista do Polit\u00e9cnico de Leiria\",\"potentialAction\":[{\"@type\":\"SearchAction\",\"target\":{\"@type\":\"EntryPoint\",\"urlTemplate\":\"https:\/\/sites.ipleiria.pt\/instituna\/?s={search_term_string}\"},\"query-input\":{\"@type\":\"PropertyValueSpecification\",\"valueRequired\":true,\"valueName\":\"search_term_string\"}}],\"inLanguage\":\"pt-PT\"},{\"@type\":\"Organization\",\"@id\":\"https:\/\/sites.ipleiria.pt\/instituna\/#organization\",\"name\":\"Instituna\",\"alternateName\":\"Tuna Mista do Polit\u00e9cnico de Leiria\",\"url\":\"https:\/\/sites.ipleiria.pt\/instituna\/\",\"logo\":{\"@type\":\"ImageObject\",\"inLanguage\":\"pt-PT\",\"@id\":\"https:\/\/sites.ipleiria.pt\/instituna\/#\/schema\/logo\/image\/\",\"url\":\"https:\/\/sites.ipleiria.pt\/instituna\/files\/2020\/05\/cropped-oie_transparent.png\",\"contentUrl\":\"https:\/\/sites.ipleiria.pt\/instituna\/files\/2020\/05\/cropped-oie_transparent.png\",\"width\":512,\"height\":512,\"caption\":\"Instituna\"},\"image\":{\"@id\":\"https:\/\/sites.ipleiria.pt\/instituna\/#\/schema\/logo\/image\/\"},\"sameAs\":[\"https:\/\/www.facebook.com\/Instituna\/\",\"https:\/\/www.instagram.com\/instituna\",\"https:\/\/www.youtube.com\/user\/instituna\"]}]}<\/script>\n<!-- \/ Yoast SEO plugin. -->","yoast_head_json":{"title":"Palmar\u00e9s - Instituna","robots":{"index":"index","follow":"follow","max-snippet":"max-snippet:-1","max-image-preview":"max-image-preview:large","max-video-preview":"max-video-preview:-1"},"canonical":"https:\/\/sites.ipleiria.pt\/instituna\/palmares\/","og_locale":"pt_PT","og_type":"article","og_title":"Palmar\u00e9s - Instituna","og_description":"2014 2\u00aa Melhor Tuna &#8211; II Festival Tunas Mistas Uni\u00e3o Acad\u00e9mica de Avintes Melhor Solista &#8211; II Festival Tunas Mistas Uni\u00e3o Acad\u00e9mica de Avintes Melhor Estandarte &#8211; II Festival Tunas Mistas Uni\u00e3o Acad\u00e9mica de Avintes 2012 Melhor Original no XI Hip\u00f3crates &#8211; Lisboa Melhor Serenata no \u00a0XI Hip\u00f3crates &#8211; Lisboa 2011 Mejor Tuna en XII &hellip; Continuar a ler \"Palmar\u00e9s\"","og_url":"https:\/\/sites.ipleiria.pt\/instituna\/palmares\/","og_site_name":"Instituna","article_publisher":"https:\/\/www.facebook.com\/Instituna\/","article_modified_time":"2014-09-06T12:45:15+00:00","twitter_card":"summary_large_image","twitter_misc":{"Tempo estimado de leitura":"4 minutos"},"schema":{"@context":"https:\/\/schema.org","@graph":[{"@type":"WebPage","@id":"https:\/\/sites.ipleiria.pt\/instituna\/palmares\/","url":"https:\/\/sites.ipleiria.pt\/instituna\/palmares\/","name":"Palmar\u00e9s - Instituna","isPartOf":{"@id":"https:\/\/sites.ipleiria.pt\/instituna\/#website"},"datePublished":"2011-05-13T10:52:21+00:00","dateModified":"2014-09-06T12:45:15+00:00","breadcrumb":{"@id":"https:\/\/sites.ipleiria.pt\/instituna\/palmares\/#breadcrumb"},"inLanguage":"pt-PT","potentialAction":[{"@type":"ReadAction","target":["https:\/\/sites.ipleiria.pt\/instituna\/palmares\/"]}]},{"@type":"BreadcrumbList","@id":"https:\/\/sites.ipleiria.pt\/instituna\/palmares\/#breadcrumb","itemListElement":[{"@type":"ListItem","position":1,"name":"In\u00edcio","item":"https:\/\/sites.ipleiria.pt\/instituna\/"},{"@type":"ListItem","position":2,"name":"Palmar\u00e9s"}]},{"@type":"WebSite","@id":"https:\/\/sites.ipleiria.pt\/instituna\/#website","url":"https:\/\/sites.ipleiria.pt\/instituna\/","name":"Instituna","description":"Tuna Mista do Polit\u00e9cnico de Leiria","publisher":{"@id":"https:\/\/sites.ipleiria.pt\/instituna\/#organization"},"alternateName":"Tuna Mista do Polit\u00e9cnico de Leiria","potentialAction":[{"@type":"SearchAction","target":{"@type":"EntryPoint","urlTemplate":"https:\/\/sites.ipleiria.pt\/instituna\/?s={search_term_string}"},"query-input":{"@type":"PropertyValueSpecification","valueRequired":true,"valueName":"search_term_string"}}],"inLanguage":"pt-PT"},{"@type":"Organization","@id":"https:\/\/sites.ipleiria.pt\/instituna\/#organization","name":"Instituna","alternateName":"Tuna Mista do Polit\u00e9cnico de Leiria","url":"https:\/\/sites.ipleiria.pt\/instituna\/","logo":{"@type":"ImageObject","inLanguage":"pt-PT","@id":"https:\/\/sites.ipleiria.pt\/instituna\/#\/schema\/logo\/image\/","url":"https:\/\/sites.ipleiria.pt\/instituna\/files\/2020\/05\/cropped-oie_transparent.png","contentUrl":"https:\/\/sites.ipleiria.pt\/instituna\/files\/2020\/05\/cropped-oie_transparent.png","width":512,"height":512,"caption":"Instituna"},"image":{"@id":"https:\/\/sites.ipleiria.pt\/instituna\/#\/schema\/logo\/image\/"},"sameAs":["https:\/\/www.facebook.com\/Instituna\/","https:\/\/www.instagram.com\/instituna","https:\/\/www.youtube.com\/user\/instituna"]}]}},"_links":{"self":[{"href":"https:\/\/sites.ipleiria.pt\/instituna\/wp-json\/wp\/v2\/pages\/20","targetHints":{"allow":["GET"]}}],"collection":[{"href":"https:\/\/sites.ipleiria.pt\/instituna\/wp-json\/wp\/v2\/pages"}],"about":[{"href":"https:\/\/sites.ipleiria.pt\/instituna\/wp-json\/wp\/v2\/types\/page"}],"author":[{"embeddable":true,"href":"https:\/\/sites.ipleiria.pt\/instituna\/wp-json\/wp\/v2\/users\/66"}],"replies":[{"embeddable":true,"href":"https:\/\/sites.ipleiria.pt\/instituna\/wp-json\/wp\/v2\/comments?post=20"}],"version-history":[{"count":18,"href":"https:\/\/sites.ipleiria.pt\/instituna\/wp-json\/wp\/v2\/pages\/20\/revisions"}],"predecessor-version":[{"id":722,"href":"https:\/\/sites.ipleiria.pt\/instituna\/wp-json\/wp\/v2\/pages\/20\/revisions\/722"}],"wp:attachment":[{"href":"https:\/\/sites.ipleiria.pt\/instituna\/wp-json\/wp\/v2\/media?parent=20"}],"curies":[{"name":"wp","href":"https:\/\/api.w.org\/{rel}","templated":true}]}}