{"id":414,"date":"2011-10-16T13:14:07","date_gmt":"2011-10-16T13:14:07","guid":{"rendered":"http:\/\/sites.ipleiria.pt\/instituna\/?page_id=414"},"modified":"2015-04-22T15:10:47","modified_gmt":"2015-04-22T15:10:47","slug":"fundacao","status":"publish","type":"page","link":"https:\/\/sites.ipleiria.pt\/instituna\/instituna-historial-da-tuna-mista-antiga-leiria\/fundacao\/","title":{"rendered":"Funda\u00e7\u00e3o"},"content":{"rendered":"<div>\n<p style=\"text-align: justify\" dir=\"ltr\">Dando uma volta no tempo\u2026<\/p>\n<p style=\"text-align: justify\" dir=\"ltr\">Encontramo-nos em 1992, no segundo ano lectivo da Escola Superior de Tecnologia e Gest\u00e3o de Leiria, conhecida pela escola perto da G.N.R. ou pelo antigo Magist\u00e9rio Prim\u00e1rio, ainda com 406 alunos. Est\u00e1vamos em plena semana acad\u00e9mica, e numa das salas da antiga ESTG, os caloiros de Gest\u00e3o Comercial e Marketing que se encontravam a fazer flores de papel cor-de-laranja para o carro de curso, quando Adelaide Moita e \u00d3scar Ara\u00fajo (Considerados os pais espirituais da tuna) lan\u00e7aram a ideia de criar uma Tuna. Dos presentes, foram fundadores da tuna: Adelaide Moita (2\u00baano), Paulo Ribeiro Martins, Nuno Belo, Jos\u00e9 Augusto Filipe, Lu\u00eds Vita Cruz, Clotilde Margarida Mafra, Teresa Fazendeiro, Ana Barros (2\u00ba ano), Rog\u00e9rio Cardoso, Rog\u00e9rio Casalinho (2\u00ba ano), Ant\u00f3nio e Lu\u00edsa Machado.<\/p>\n<p style=\"text-align: justify\" dir=\"ltr\">A ideia foi ganhando consist\u00eancia e ap\u00f3s os exames da \u00e9poca Setembro, Paulo Ribeiro Martins decidiu criar oficialmente a tuna da E.S.T.G. A ele juntou-se Adelaide Moita na lideran\u00e7a. Um cartaz em cartolina na parede junto aos placards das notas, foi o primeiro passo mas com pouco sucesso, ent\u00e3o adoptaram a estrat\u00e9gia de convidar os futuros elementos pessoalmente. Alguns elementos sabiam tocar instrumentos, embora a grande parte n\u00e3o tivesse nenhuma forma\u00e7\u00e3o a n\u00edvel musical. Juntaram vozes e propuseram-se a aprender cavaquinho, bombo, pandeiretas e adufe. Come\u00e7a, assim, a ser trilhado o caminho da tuna.<\/p>\n<p style=\"text-align: justify\" dir=\"ltr\">O segundo passo foi a apresenta\u00e7\u00e3o da inten\u00e7\u00e3o de criar uma tuna na Comiss\u00e3o Instaladora \u00e0 Dra Cec\u00edlia e ao Dr. Arnaldo Febra. Ap\u00f3s v\u00e1rias reuni\u00f5es, a Comiss\u00e3o Instaladora, mostrou uma grande abertura perante esta ideia, incentivando e motivando para o trabalho a efectuar em prol da escola, reconhecendo, deste modo, o valor cultural. A Tuna recebe assim, uma sala para os ensaios, o financiamento do estandarte e a sugest\u00e3o de ter o ilustre Professor Filipe como ensaiador.<\/p>\n<p style=\"text-align: justify\" dir=\"ltr\">A C\u00e2mara Municipal de Leiria foi outro dos pilares importantes para a funda\u00e7\u00e3o da tuna. Primeiramente tiveram uma reuni\u00e3o com o vereador da cultura Dr. V\u00edtor Louren\u00e7o, que mostrou bastante receptividade \u00e0 ideia que de imediato ofereceu um emblema da C\u00e2mara para as capas. O vereador da educa\u00e7\u00e3o Dr. Augusto de Oliveira, levou a proposta a reuni\u00e3o de c\u00e2mara e em conjunto com o presidente Dr. Lemos Proen\u00e7a estabeleceram o financiamento da tuna em 50 contos, o \u00fanico valor monet\u00e1rio que tiveram. Este valor foi ent\u00e3o canalizado para a compra das pandeiretas, reco-reco, adufe, cordas para as violas, um bombo e um cavaquinho.<\/p>\n<p style=\"text-align: justify\" dir=\"ltr\">O Instituto da Juventude tamb\u00e9m contribuiu com a parte criativa do estandarte: fundo cinzento (cor da E.S.T.G.) na parte superior Instituna Polit\u00e9nica, ao meio a flor do Liz &#8211; s\u00edmbolo da cidade de Leiria e em baixo E.S.T.G. \u2013 Leiria. Foi tamb\u00e9m disponibilizado uma sala na Pousada da Juventude para os ensaios de instrumentos \u00e0s segundas-feiras, e no caso dos ensaios de vozes e ensaios gerais outra sala na Juventude Desportiva do Liz com o Ilustre Professor Filipe.<\/p>\n<p style=\"text-align: justify\" dir=\"ltr\">De todos os apoios, puderam contar tamb\u00e9m com a Associa\u00e7\u00e3o de Estudantes, em especial com o Armando e o Rafael Jorge. No in\u00edcio da actividade da tuna os instrumentos eram guardados na sede da associa\u00e7\u00e3o.<\/p>\n<p style=\"text-align: justify\" dir=\"ltr\">Numa segunda-feira deu-se a vota\u00e7\u00e3o para o nome da tuna. Dos v\u00e1rios nomes sugeridos, apenas dois foram a vota\u00e7\u00e3o: Instituna Polit\u00e9nica\u00a0sugerido pelo Miguel Louren\u00e7o e Miop\u00eda Auditiva\u00a0pelo Jorge Cust\u00f3dio. Instituna Polit\u00e9nica ganha ent\u00e3o pela diferen\u00e7a de dois votos.<\/p>\n<p style=\"text-align: justify\" dir=\"ltr\">O recrutamento abarcou todos os cursos da E.S.T.G.: Gest\u00e3o Comercial e Marketing, Engenharia Mec\u00e2nica, Engenharia Electrot\u00e9cnica e Tradu\u00e7\u00e3o. Num dos primeiros ensaios na Juventude Desportiva do Liz,participaram cerca de 40 alunos. Estes foram informados que apenas poderiam continuar na tuna se tivessem o traje acad\u00e9mico. Deste modo, no ensaio seguinte apareceram 27 elementos.<\/p>\n<p style=\"text-align: justify\" dir=\"ltr\">Apesar da ajuda monet\u00e1ria da C\u00e2mara, alguns elementos, e alguns pais dos Institunos (a eles um muito obrigado) disponibilizaram os seus instrumentos pessoais para os ensaios.<\/p>\n<\/div>\n<p style=\"text-align: justify\">\u00c0s quintas-feiras os ensaios gerais na Juventude Desportiva do Liz tiveram gra\u00e7as a Deus como ensaiador o Ilustre Prof. Filipe, os excepcionais conhecimentos de m\u00fasica e canto solidificaram e motivaram a Instituna para o esp\u00edrito acad\u00e9mico com melhorias significativas de ensaio para ensaio, por veses com pormenores que nos davam uma for\u00e7a interior para moldar e aperfei\u00e7oar as nossas vozes.<\/p>\n<p style=\"text-align: justify\">Para al\u00e9m deste conhecimento, criou ra\u00edzes de solidariedade, do humanismo, da camaradagem, da responsabilidade, do bom senso, da amizade entre Institunos. Em nome dos fundadores a nossa simples homenagem ao Homem, ao Ensaiador, ao Padre, ao Amigo, ao Ilustre Prof. Filipe, bem haja Prof. Filipe, estar\u00e1 sempre na nossa mem\u00f3ria, Deus o tenha em bom lugar.<\/p>\n<p style=\"text-align: justify\">O motivo porque a Instituna Polit\u00e9nica \u00e9 mista, resulta essencialmente da oportunidade de acesso ao Ensino Superior em plano de igualdade por parte dos homens e das mulheres, o que antigamente n\u00e3o aconteceria, basicamente eram os homens que frequentavam e da\u00ed existirem tunas masculinas, como dizia Lu\u00eds Vaz de Cam\u00f5es &#8220;mudam os tempos, mudam as vontades&#8221;, portanto, a tuna mista \u00e9 o espelho da comunh\u00e3o dos dois sexos quer na parte escolar, quer na parte cultural.<\/p>\n<p style=\"text-align: justify\">Os Institunos tinham as seguintes fun\u00e7\u00f5es:<br \/>\nAdelaide Moita &#8211; Voz;<br \/>\nAna Barros &#8211; Voz;<br \/>\nAnt\u00f3nio Testas &#8211; Voz;<br \/>\nNuno Belo &#8211; Voz;<br \/>\nLu\u00eds Vita Cruz &#8211; Voz;<br \/>\nLu\u00eds Trindade &#8211; Voz;<br \/>\nS\u00edlvia Pestana &#8211; Voz;<br \/>\nCatarina &#8211; Voz;<br \/>\nTeresa Fazendeiro &#8211; Voz;<br \/>\nPaula &#8211; Voz;<br \/>\nSandra Fernandes &#8211; Voz;<br \/>\nSandra Barros &#8211; Voz;<br \/>\nSamandi Sigismundo &#8211; Voz;<br \/>\nHelena &#8211; Voz;<br \/>\nXavier &#8211; Bombo<br \/>\nJos\u00e9 Aug\u00fasto Filipe &#8211; Cavaquinho;<br \/>\nJorge Cust\u00f3dio &#8211; Cavaquinho;<br \/>\nRui Barros &#8211; Pandeireta;<br \/>\nPaulo Campizes &#8211; Bandolim;<br \/>\nPaulo Ribeiro Martins &#8211; Magister e porta estandarte;<br \/>\nLu\u00edsa Machado &#8211; Chicalho;<br \/>\nMiguel &#8211; Clarinete;<br \/>\nElisabete Baptista &#8211; Concertina;<br \/>\nRog\u00e9rio Cardoso &#8211; Viola;<br \/>\nPedro Almeida &#8211; Viola;<br \/>\nRog\u00e9rio Casalinho &#8211; Viola;<br \/>\nM\u00e1rio &#8211; Reco-reco;<br \/>\nAnt\u00f3nio &#8211; Adulfe;<\/p>\n<p style=\"text-align: justify\">No dia 10 de Maio de 1993 houve o ensaio geral no jardim da Pousada da Juventude.<\/p>\n<p style=\"text-align: justify\">A Instituna apresenta-se na E.S.T.G. em 11 de Maio, pelas 10h a Adelaide Moita e a Dra Cic\u00edlia Basilico receberam as autoridades, na presen\u00e7a de alunos e professores, a Instituna iniciou a sua apresenta\u00e7\u00e3o nos claustros, abrindo com o Hino de Estudante, de seguida o Mag\u00edster Paulo Ribeiro Martins agradeceu o contributo e a presen\u00e7a de autoridades, apoio dos alunos e professores e disse <em>Esta tuna n\u00e3o somos s\u00f3 n\u00f3s, mas a escola toda<\/em>, depois os Institunos estenderam as capas no ch\u00e3o, formando um ponto de passagem, as autoridades colocaram cada um uma fita no estandarte, fita de Gest\u00e3o Comercial e Marketing, Engenharia Mec\u00e2nica, Engenharia Electrot\u00e9cnica e Tradu\u00e7\u00e3o, o presidente da c\u00e2mara de Leiria, Dr, Lemos Proen\u00e7a, o presidente do I.P.L., Prof. Dr. Pereira de Melo, o vereador da Educa\u00e7\u00e3o C.M.L. Dr. Augusto de Oliveira e Dr. Arnaldo Febra, em representa\u00e7\u00e3o da Comiss\u00e3o Instaladora da E.S.T.G.<\/p>\n<p style=\"text-align: justify\">Depois deste dia, o nome de Instituna alarga-se pelo pa\u00eds fora e extende-se pela Europa.<\/p>\n","protected":false},"excerpt":{"rendered":"<p>Dando uma volta no tempo\u2026 Encontramo-nos em 1992, no segundo ano lectivo da Escola Superior de Tecnologia e Gest\u00e3o de Leiria, conhecida pela escola perto da G.N.R. ou pelo antigo Magist\u00e9rio Prim\u00e1rio, ainda com 406 alunos. Est\u00e1vamos em plena semana acad\u00e9mica, e numa das salas da antiga ESTG, os caloiros de Gest\u00e3o Comercial e Marketing &hellip; <\/p>\n<p class=\"link-more\"><a href=\"https:\/\/sites.ipleiria.pt\/instituna\/instituna-historial-da-tuna-mista-antiga-leiria\/fundacao\/\" class=\"more-link\">Continuar a ler <span class=\"screen-reader-text\">&#8220;Funda\u00e7\u00e3o&#8221;<\/span><\/a><\/p>\n","protected":false},"author":70,"featured_media":0,"parent":2,"menu_order":0,"comment_status":"closed","ping_status":"closed","template":"","meta":{"_acf_changed":false,"footnotes":""},"class_list":["post-414","page","type-page","status-publish","hentry"],"acf":[],"yoast_head":"<!-- This site is optimized with the Yoast SEO plugin v26.8 - https:\/\/yoast.com\/product\/yoast-seo-wordpress\/ -->\n<title>Funda\u00e7\u00e3o - Instituna<\/title>\n<meta name=\"robots\" content=\"index, follow, max-snippet:-1, max-image-preview:large, max-video-preview:-1\" \/>\n<link rel=\"canonical\" href=\"https:\/\/sites.ipleiria.pt\/instituna\/instituna-historial-da-tuna-mista-antiga-leiria\/fundacao\/\" \/>\n<meta property=\"og:locale\" content=\"pt_PT\" \/>\n<meta property=\"og:type\" content=\"article\" \/>\n<meta property=\"og:title\" content=\"Funda\u00e7\u00e3o - Instituna\" \/>\n<meta property=\"og:description\" content=\"Dando uma volta no tempo\u2026 Encontramo-nos em 1992, no segundo ano lectivo da Escola Superior de Tecnologia e Gest\u00e3o de Leiria, conhecida pela escola perto da G.N.R. ou pelo antigo Magist\u00e9rio Prim\u00e1rio, ainda com 406 alunos. Est\u00e1vamos em plena semana acad\u00e9mica, e numa das salas da antiga ESTG, os caloiros de Gest\u00e3o Comercial e Marketing &hellip; Continuar a ler &quot;Funda\u00e7\u00e3o&quot;\" \/>\n<meta property=\"og:url\" content=\"https:\/\/sites.ipleiria.pt\/instituna\/instituna-historial-da-tuna-mista-antiga-leiria\/fundacao\/\" \/>\n<meta property=\"og:site_name\" content=\"Instituna\" \/>\n<meta property=\"article:publisher\" content=\"https:\/\/www.facebook.com\/Instituna\/\" \/>\n<meta property=\"article:modified_time\" content=\"2015-04-22T15:10:47+00:00\" \/>\n<meta name=\"twitter:card\" content=\"summary_large_image\" \/>\n<meta name=\"twitter:label1\" content=\"Tempo estimado de leitura\" \/>\n\t<meta name=\"twitter:data1\" content=\"6 minutos\" \/>\n<script type=\"application\/ld+json\" class=\"yoast-schema-graph\">{\"@context\":\"https:\/\/schema.org\",\"@graph\":[{\"@type\":\"WebPage\",\"@id\":\"https:\/\/sites.ipleiria.pt\/instituna\/instituna-historial-da-tuna-mista-antiga-leiria\/fundacao\/\",\"url\":\"https:\/\/sites.ipleiria.pt\/instituna\/instituna-historial-da-tuna-mista-antiga-leiria\/fundacao\/\",\"name\":\"Funda\u00e7\u00e3o - Instituna\",\"isPartOf\":{\"@id\":\"https:\/\/sites.ipleiria.pt\/instituna\/#website\"},\"datePublished\":\"2011-10-16T13:14:07+00:00\",\"dateModified\":\"2015-04-22T15:10:47+00:00\",\"breadcrumb\":{\"@id\":\"https:\/\/sites.ipleiria.pt\/instituna\/instituna-historial-da-tuna-mista-antiga-leiria\/fundacao\/#breadcrumb\"},\"inLanguage\":\"pt-PT\",\"potentialAction\":[{\"@type\":\"ReadAction\",\"target\":[\"https:\/\/sites.ipleiria.pt\/instituna\/instituna-historial-da-tuna-mista-antiga-leiria\/fundacao\/\"]}]},{\"@type\":\"BreadcrumbList\",\"@id\":\"https:\/\/sites.ipleiria.pt\/instituna\/instituna-historial-da-tuna-mista-antiga-leiria\/fundacao\/#breadcrumb\",\"itemListElement\":[{\"@type\":\"ListItem\",\"position\":1,\"name\":\"In\u00edcio\",\"item\":\"https:\/\/sites.ipleiria.pt\/instituna\/\"},{\"@type\":\"ListItem\",\"position\":2,\"name\":\"Instituna &#8211; Historial da Tuna Mista mais antiga de Leiria\",\"item\":\"https:\/\/sites.ipleiria.pt\/instituna\/instituna-historial-da-tuna-mista-antiga-leiria\/\"},{\"@type\":\"ListItem\",\"position\":3,\"name\":\"Funda\u00e7\u00e3o\"}]},{\"@type\":\"WebSite\",\"@id\":\"https:\/\/sites.ipleiria.pt\/instituna\/#website\",\"url\":\"https:\/\/sites.ipleiria.pt\/instituna\/\",\"name\":\"Instituna\",\"description\":\"Tuna Mista do Polit\u00e9cnico de Leiria\",\"publisher\":{\"@id\":\"https:\/\/sites.ipleiria.pt\/instituna\/#organization\"},\"alternateName\":\"Tuna Mista do Polit\u00e9cnico de Leiria\",\"potentialAction\":[{\"@type\":\"SearchAction\",\"target\":{\"@type\":\"EntryPoint\",\"urlTemplate\":\"https:\/\/sites.ipleiria.pt\/instituna\/?s={search_term_string}\"},\"query-input\":{\"@type\":\"PropertyValueSpecification\",\"valueRequired\":true,\"valueName\":\"search_term_string\"}}],\"inLanguage\":\"pt-PT\"},{\"@type\":\"Organization\",\"@id\":\"https:\/\/sites.ipleiria.pt\/instituna\/#organization\",\"name\":\"Instituna\",\"alternateName\":\"Tuna Mista do Polit\u00e9cnico de Leiria\",\"url\":\"https:\/\/sites.ipleiria.pt\/instituna\/\",\"logo\":{\"@type\":\"ImageObject\",\"inLanguage\":\"pt-PT\",\"@id\":\"https:\/\/sites.ipleiria.pt\/instituna\/#\/schema\/logo\/image\/\",\"url\":\"https:\/\/sites.ipleiria.pt\/instituna\/files\/2020\/05\/cropped-oie_transparent.png\",\"contentUrl\":\"https:\/\/sites.ipleiria.pt\/instituna\/files\/2020\/05\/cropped-oie_transparent.png\",\"width\":512,\"height\":512,\"caption\":\"Instituna\"},\"image\":{\"@id\":\"https:\/\/sites.ipleiria.pt\/instituna\/#\/schema\/logo\/image\/\"},\"sameAs\":[\"https:\/\/www.facebook.com\/Instituna\/\",\"https:\/\/www.instagram.com\/instituna\",\"https:\/\/www.youtube.com\/user\/instituna\"]}]}<\/script>\n<!-- \/ Yoast SEO plugin. -->","yoast_head_json":{"title":"Funda\u00e7\u00e3o - Instituna","robots":{"index":"index","follow":"follow","max-snippet":"max-snippet:-1","max-image-preview":"max-image-preview:large","max-video-preview":"max-video-preview:-1"},"canonical":"https:\/\/sites.ipleiria.pt\/instituna\/instituna-historial-da-tuna-mista-antiga-leiria\/fundacao\/","og_locale":"pt_PT","og_type":"article","og_title":"Funda\u00e7\u00e3o - Instituna","og_description":"Dando uma volta no tempo\u2026 Encontramo-nos em 1992, no segundo ano lectivo da Escola Superior de Tecnologia e Gest\u00e3o de Leiria, conhecida pela escola perto da G.N.R. ou pelo antigo Magist\u00e9rio Prim\u00e1rio, ainda com 406 alunos. Est\u00e1vamos em plena semana acad\u00e9mica, e numa das salas da antiga ESTG, os caloiros de Gest\u00e3o Comercial e Marketing &hellip; Continuar a ler \"Funda\u00e7\u00e3o\"","og_url":"https:\/\/sites.ipleiria.pt\/instituna\/instituna-historial-da-tuna-mista-antiga-leiria\/fundacao\/","og_site_name":"Instituna","article_publisher":"https:\/\/www.facebook.com\/Instituna\/","article_modified_time":"2015-04-22T15:10:47+00:00","twitter_card":"summary_large_image","twitter_misc":{"Tempo estimado de leitura":"6 minutos"},"schema":{"@context":"https:\/\/schema.org","@graph":[{"@type":"WebPage","@id":"https:\/\/sites.ipleiria.pt\/instituna\/instituna-historial-da-tuna-mista-antiga-leiria\/fundacao\/","url":"https:\/\/sites.ipleiria.pt\/instituna\/instituna-historial-da-tuna-mista-antiga-leiria\/fundacao\/","name":"Funda\u00e7\u00e3o - Instituna","isPartOf":{"@id":"https:\/\/sites.ipleiria.pt\/instituna\/#website"},"datePublished":"2011-10-16T13:14:07+00:00","dateModified":"2015-04-22T15:10:47+00:00","breadcrumb":{"@id":"https:\/\/sites.ipleiria.pt\/instituna\/instituna-historial-da-tuna-mista-antiga-leiria\/fundacao\/#breadcrumb"},"inLanguage":"pt-PT","potentialAction":[{"@type":"ReadAction","target":["https:\/\/sites.ipleiria.pt\/instituna\/instituna-historial-da-tuna-mista-antiga-leiria\/fundacao\/"]}]},{"@type":"BreadcrumbList","@id":"https:\/\/sites.ipleiria.pt\/instituna\/instituna-historial-da-tuna-mista-antiga-leiria\/fundacao\/#breadcrumb","itemListElement":[{"@type":"ListItem","position":1,"name":"In\u00edcio","item":"https:\/\/sites.ipleiria.pt\/instituna\/"},{"@type":"ListItem","position":2,"name":"Instituna &#8211; Historial da Tuna Mista mais antiga de Leiria","item":"https:\/\/sites.ipleiria.pt\/instituna\/instituna-historial-da-tuna-mista-antiga-leiria\/"},{"@type":"ListItem","position":3,"name":"Funda\u00e7\u00e3o"}]},{"@type":"WebSite","@id":"https:\/\/sites.ipleiria.pt\/instituna\/#website","url":"https:\/\/sites.ipleiria.pt\/instituna\/","name":"Instituna","description":"Tuna Mista do Polit\u00e9cnico de Leiria","publisher":{"@id":"https:\/\/sites.ipleiria.pt\/instituna\/#organization"},"alternateName":"Tuna Mista do Polit\u00e9cnico de Leiria","potentialAction":[{"@type":"SearchAction","target":{"@type":"EntryPoint","urlTemplate":"https:\/\/sites.ipleiria.pt\/instituna\/?s={search_term_string}"},"query-input":{"@type":"PropertyValueSpecification","valueRequired":true,"valueName":"search_term_string"}}],"inLanguage":"pt-PT"},{"@type":"Organization","@id":"https:\/\/sites.ipleiria.pt\/instituna\/#organization","name":"Instituna","alternateName":"Tuna Mista do Polit\u00e9cnico de Leiria","url":"https:\/\/sites.ipleiria.pt\/instituna\/","logo":{"@type":"ImageObject","inLanguage":"pt-PT","@id":"https:\/\/sites.ipleiria.pt\/instituna\/#\/schema\/logo\/image\/","url":"https:\/\/sites.ipleiria.pt\/instituna\/files\/2020\/05\/cropped-oie_transparent.png","contentUrl":"https:\/\/sites.ipleiria.pt\/instituna\/files\/2020\/05\/cropped-oie_transparent.png","width":512,"height":512,"caption":"Instituna"},"image":{"@id":"https:\/\/sites.ipleiria.pt\/instituna\/#\/schema\/logo\/image\/"},"sameAs":["https:\/\/www.facebook.com\/Instituna\/","https:\/\/www.instagram.com\/instituna","https:\/\/www.youtube.com\/user\/instituna"]}]}},"_links":{"self":[{"href":"https:\/\/sites.ipleiria.pt\/instituna\/wp-json\/wp\/v2\/pages\/414","targetHints":{"allow":["GET"]}}],"collection":[{"href":"https:\/\/sites.ipleiria.pt\/instituna\/wp-json\/wp\/v2\/pages"}],"about":[{"href":"https:\/\/sites.ipleiria.pt\/instituna\/wp-json\/wp\/v2\/types\/page"}],"author":[{"embeddable":true,"href":"https:\/\/sites.ipleiria.pt\/instituna\/wp-json\/wp\/v2\/users\/70"}],"replies":[{"embeddable":true,"href":"https:\/\/sites.ipleiria.pt\/instituna\/wp-json\/wp\/v2\/comments?post=414"}],"version-history":[{"count":20,"href":"https:\/\/sites.ipleiria.pt\/instituna\/wp-json\/wp\/v2\/pages\/414\/revisions"}],"predecessor-version":[{"id":729,"href":"https:\/\/sites.ipleiria.pt\/instituna\/wp-json\/wp\/v2\/pages\/414\/revisions\/729"}],"up":[{"embeddable":true,"href":"https:\/\/sites.ipleiria.pt\/instituna\/wp-json\/wp\/v2\/pages\/2"}],"wp:attachment":[{"href":"https:\/\/sites.ipleiria.pt\/instituna\/wp-json\/wp\/v2\/media?parent=414"}],"curies":[{"name":"wp","href":"https:\/\/api.w.org\/{rel}","templated":true}]}}