{"id":47,"date":"2011-05-20T08:35:00","date_gmt":"2011-05-20T08:35:00","guid":{"rendered":"http:\/\/sites.ipleiria.pt\/instituna\/?page_id=47"},"modified":"2019-10-28T20:17:46","modified_gmt":"2019-10-28T20:17:46","slug":"fundadores","status":"publish","type":"page","link":"https:\/\/sites.ipleiria.pt\/instituna\/membros\/fundadores\/","title":{"rendered":"Fundadores"},"content":{"rendered":"<p>Adelaide Moita<\/p>\n<p>Ana Alexandra Gomes Barros<\/p>\n<p>Ana Paula Rodrigues Pires<\/p>\n<p>Ant\u00f3nio Gon\u00e7alves Jo\u00e3o<\/p>\n<p>Ant\u00f3nio Xavier Coelho<\/p>\n<p>Clotilde Margarida Mafra<\/p>\n<p>Elisabete Baptista<\/p>\n<p>Filomena Catarina Vicente Serrano<\/p>\n<p>Helena Isabel da Silva Neves Sebrosa<\/p>\n<p>Joaquim Martins<\/p>\n<p>Jorge Neves Cust\u00f3dio<\/p>\n<p>Jose Augusto Pinto Galhardo Filipe<\/p>\n<p>Luis Filipe M. Cruz<\/p>\n<p>Luis Miguel Gon\u00e7alves dos Reis<\/p>\n<p>Luisa Margarida Sim\u00f5es Machado<\/p>\n<p>Manuel Luis Batista Trindade<\/p>\n<p>Maria Adelaide de C. E. Moita<\/p>\n<p>Mario Alexandre P. Santos<\/p>\n<p>Nuno Miguel Silva Belo<\/p>\n<p>Paulo Jos\u00e9 Carvalhinho Campizes<\/p>\n<p>Paulo Ribeiro Martins<\/p>\n<p>Pedro Daniel Dias de Almeida<\/p>\n<p>Rogerio Figueiredo Cardoso<\/p>\n<p>Rogerio Rodrigues Casalinho<\/p>\n<p>Rui Filipe Barros da Rocha<\/p>\n<p>Sandra Barros<\/p>\n<p>Sandra Fernandes<\/p>\n<p>Silvia Cristina Caeiro Pestana<\/p>\n<p>Sammandi Sigismundo<\/p>\n<p>Teresa Fazendeiro<\/p>\n\n\n<p><\/p>\n","protected":false},"excerpt":{"rendered":"<p>Adelaide Moita Ana Alexandra Gomes Barros Ana Paula Rodrigues Pires Ant\u00f3nio Gon\u00e7alves Jo\u00e3o Ant\u00f3nio Xavier Coelho Clotilde Margarida Mafra Elisabete Baptista Filomena Catarina Vicente Serrano Helena Isabel da Silva Neves Sebrosa Joaquim Martins Jorge Neves Cust\u00f3dio Jose Augusto Pinto Galhardo Filipe Luis Filipe M. Cruz Luis Miguel Gon\u00e7alves dos Reis Luisa Margarida Sim\u00f5es Machado Manuel &hellip; <\/p>\n<p class=\"link-more\"><a href=\"https:\/\/sites.ipleiria.pt\/instituna\/membros\/fundadores\/\" class=\"more-link\">Continuar a ler <span class=\"screen-reader-text\">&#8220;Fundadores&#8221;<\/span><\/a><\/p>\n","protected":false},"author":66,"featured_media":0,"parent":24,"menu_order":0,"comment_status":"closed","ping_status":"closed","template":"","meta":{"_acf_changed":false,"footnotes":""},"class_list":["post-47","page","type-page","status-publish","hentry"],"acf":[],"yoast_head":"<!-- This site is optimized with the Yoast SEO plugin v26.8 - https:\/\/yoast.com\/product\/yoast-seo-wordpress\/ -->\n<title>Fundadores - Instituna<\/title>\n<meta name=\"robots\" content=\"index, follow, max-snippet:-1, max-image-preview:large, max-video-preview:-1\" \/>\n<link rel=\"canonical\" href=\"https:\/\/sites.ipleiria.pt\/instituna\/membros\/fundadores\/\" \/>\n<meta property=\"og:locale\" content=\"pt_PT\" \/>\n<meta property=\"og:type\" content=\"article\" \/>\n<meta property=\"og:title\" content=\"Fundadores - Instituna\" \/>\n<meta property=\"og:description\" content=\"Adelaide Moita Ana Alexandra Gomes Barros Ana Paula Rodrigues Pires Ant\u00f3nio Gon\u00e7alves Jo\u00e3o Ant\u00f3nio Xavier Coelho Clotilde Margarida Mafra Elisabete Baptista Filomena Catarina Vicente Serrano Helena Isabel da Silva Neves Sebrosa Joaquim Martins Jorge Neves Cust\u00f3dio Jose Augusto Pinto Galhardo Filipe Luis Filipe M. Cruz Luis Miguel Gon\u00e7alves dos Reis Luisa Margarida Sim\u00f5es Machado Manuel &hellip; Continuar a ler &quot;Fundadores&quot;\" \/>\n<meta property=\"og:url\" content=\"https:\/\/sites.ipleiria.pt\/instituna\/membros\/fundadores\/\" \/>\n<meta property=\"og:site_name\" content=\"Instituna\" \/>\n<meta property=\"article:publisher\" content=\"https:\/\/www.facebook.com\/Instituna\/\" \/>\n<meta property=\"article:modified_time\" content=\"2019-10-28T20:17:46+00:00\" \/>\n<meta name=\"twitter:card\" content=\"summary_large_image\" \/>\n<meta name=\"twitter:label1\" content=\"Tempo estimado de leitura\" \/>\n\t<meta name=\"twitter:data1\" content=\"1 minuto\" \/>\n<script type=\"application\/ld+json\" class=\"yoast-schema-graph\">{\"@context\":\"https:\/\/schema.org\",\"@graph\":[{\"@type\":\"WebPage\",\"@id\":\"https:\/\/sites.ipleiria.pt\/instituna\/membros\/fundadores\/\",\"url\":\"https:\/\/sites.ipleiria.pt\/instituna\/membros\/fundadores\/\",\"name\":\"Fundadores - Instituna\",\"isPartOf\":{\"@id\":\"https:\/\/sites.ipleiria.pt\/instituna\/#website\"},\"datePublished\":\"2011-05-20T08:35:00+00:00\",\"dateModified\":\"2019-10-28T20:17:46+00:00\",\"breadcrumb\":{\"@id\":\"https:\/\/sites.ipleiria.pt\/instituna\/membros\/fundadores\/#breadcrumb\"},\"inLanguage\":\"pt-PT\",\"potentialAction\":[{\"@type\":\"ReadAction\",\"target\":[\"https:\/\/sites.ipleiria.pt\/instituna\/membros\/fundadores\/\"]}]},{\"@type\":\"BreadcrumbList\",\"@id\":\"https:\/\/sites.ipleiria.pt\/instituna\/membros\/fundadores\/#breadcrumb\",\"itemListElement\":[{\"@type\":\"ListItem\",\"position\":1,\"name\":\"In\u00edcio\",\"item\":\"https:\/\/sites.ipleiria.pt\/instituna\/\"},{\"@type\":\"ListItem\",\"position\":2,\"name\":\"Membros\",\"item\":\"https:\/\/sites.ipleiria.pt\/instituna\/membros\/\"},{\"@type\":\"ListItem\",\"position\":3,\"name\":\"Fundadores\"}]},{\"@type\":\"WebSite\",\"@id\":\"https:\/\/sites.ipleiria.pt\/instituna\/#website\",\"url\":\"https:\/\/sites.ipleiria.pt\/instituna\/\",\"name\":\"Instituna\",\"description\":\"Tuna Mista do Polit\u00e9cnico de Leiria\",\"publisher\":{\"@id\":\"https:\/\/sites.ipleiria.pt\/instituna\/#organization\"},\"alternateName\":\"Tuna Mista do Polit\u00e9cnico de Leiria\",\"potentialAction\":[{\"@type\":\"SearchAction\",\"target\":{\"@type\":\"EntryPoint\",\"urlTemplate\":\"https:\/\/sites.ipleiria.pt\/instituna\/?s={search_term_string}\"},\"query-input\":{\"@type\":\"PropertyValueSpecification\",\"valueRequired\":true,\"valueName\":\"search_term_string\"}}],\"inLanguage\":\"pt-PT\"},{\"@type\":\"Organization\",\"@id\":\"https:\/\/sites.ipleiria.pt\/instituna\/#organization\",\"name\":\"Instituna\",\"alternateName\":\"Tuna Mista do Polit\u00e9cnico de Leiria\",\"url\":\"https:\/\/sites.ipleiria.pt\/instituna\/\",\"logo\":{\"@type\":\"ImageObject\",\"inLanguage\":\"pt-PT\",\"@id\":\"https:\/\/sites.ipleiria.pt\/instituna\/#\/schema\/logo\/image\/\",\"url\":\"https:\/\/sites.ipleiria.pt\/instituna\/files\/2020\/05\/cropped-oie_transparent.png\",\"contentUrl\":\"https:\/\/sites.ipleiria.pt\/instituna\/files\/2020\/05\/cropped-oie_transparent.png\",\"width\":512,\"height\":512,\"caption\":\"Instituna\"},\"image\":{\"@id\":\"https:\/\/sites.ipleiria.pt\/instituna\/#\/schema\/logo\/image\/\"},\"sameAs\":[\"https:\/\/www.facebook.com\/Instituna\/\",\"https:\/\/www.instagram.com\/instituna\",\"https:\/\/www.youtube.com\/user\/instituna\"]}]}<\/script>\n<!-- \/ Yoast SEO plugin. -->","yoast_head_json":{"title":"Fundadores - Instituna","robots":{"index":"index","follow":"follow","max-snippet":"max-snippet:-1","max-image-preview":"max-image-preview:large","max-video-preview":"max-video-preview:-1"},"canonical":"https:\/\/sites.ipleiria.pt\/instituna\/membros\/fundadores\/","og_locale":"pt_PT","og_type":"article","og_title":"Fundadores - Instituna","og_description":"Adelaide Moita Ana Alexandra Gomes Barros Ana Paula Rodrigues Pires Ant\u00f3nio Gon\u00e7alves Jo\u00e3o Ant\u00f3nio Xavier Coelho Clotilde Margarida Mafra Elisabete Baptista Filomena Catarina Vicente Serrano Helena Isabel da Silva Neves Sebrosa Joaquim Martins Jorge Neves Cust\u00f3dio Jose Augusto Pinto Galhardo Filipe Luis Filipe M. Cruz Luis Miguel Gon\u00e7alves dos Reis Luisa Margarida Sim\u00f5es Machado Manuel &hellip; Continuar a ler \"Fundadores\"","og_url":"https:\/\/sites.ipleiria.pt\/instituna\/membros\/fundadores\/","og_site_name":"Instituna","article_publisher":"https:\/\/www.facebook.com\/Instituna\/","article_modified_time":"2019-10-28T20:17:46+00:00","twitter_card":"summary_large_image","twitter_misc":{"Tempo estimado de leitura":"1 minuto"},"schema":{"@context":"https:\/\/schema.org","@graph":[{"@type":"WebPage","@id":"https:\/\/sites.ipleiria.pt\/instituna\/membros\/fundadores\/","url":"https:\/\/sites.ipleiria.pt\/instituna\/membros\/fundadores\/","name":"Fundadores - Instituna","isPartOf":{"@id":"https:\/\/sites.ipleiria.pt\/instituna\/#website"},"datePublished":"2011-05-20T08:35:00+00:00","dateModified":"2019-10-28T20:17:46+00:00","breadcrumb":{"@id":"https:\/\/sites.ipleiria.pt\/instituna\/membros\/fundadores\/#breadcrumb"},"inLanguage":"pt-PT","potentialAction":[{"@type":"ReadAction","target":["https:\/\/sites.ipleiria.pt\/instituna\/membros\/fundadores\/"]}]},{"@type":"BreadcrumbList","@id":"https:\/\/sites.ipleiria.pt\/instituna\/membros\/fundadores\/#breadcrumb","itemListElement":[{"@type":"ListItem","position":1,"name":"In\u00edcio","item":"https:\/\/sites.ipleiria.pt\/instituna\/"},{"@type":"ListItem","position":2,"name":"Membros","item":"https:\/\/sites.ipleiria.pt\/instituna\/membros\/"},{"@type":"ListItem","position":3,"name":"Fundadores"}]},{"@type":"WebSite","@id":"https:\/\/sites.ipleiria.pt\/instituna\/#website","url":"https:\/\/sites.ipleiria.pt\/instituna\/","name":"Instituna","description":"Tuna Mista do Polit\u00e9cnico de Leiria","publisher":{"@id":"https:\/\/sites.ipleiria.pt\/instituna\/#organization"},"alternateName":"Tuna Mista do Polit\u00e9cnico de Leiria","potentialAction":[{"@type":"SearchAction","target":{"@type":"EntryPoint","urlTemplate":"https:\/\/sites.ipleiria.pt\/instituna\/?s={search_term_string}"},"query-input":{"@type":"PropertyValueSpecification","valueRequired":true,"valueName":"search_term_string"}}],"inLanguage":"pt-PT"},{"@type":"Organization","@id":"https:\/\/sites.ipleiria.pt\/instituna\/#organization","name":"Instituna","alternateName":"Tuna Mista do Polit\u00e9cnico de Leiria","url":"https:\/\/sites.ipleiria.pt\/instituna\/","logo":{"@type":"ImageObject","inLanguage":"pt-PT","@id":"https:\/\/sites.ipleiria.pt\/instituna\/#\/schema\/logo\/image\/","url":"https:\/\/sites.ipleiria.pt\/instituna\/files\/2020\/05\/cropped-oie_transparent.png","contentUrl":"https:\/\/sites.ipleiria.pt\/instituna\/files\/2020\/05\/cropped-oie_transparent.png","width":512,"height":512,"caption":"Instituna"},"image":{"@id":"https:\/\/sites.ipleiria.pt\/instituna\/#\/schema\/logo\/image\/"},"sameAs":["https:\/\/www.facebook.com\/Instituna\/","https:\/\/www.instagram.com\/instituna","https:\/\/www.youtube.com\/user\/instituna"]}]}},"_links":{"self":[{"href":"https:\/\/sites.ipleiria.pt\/instituna\/wp-json\/wp\/v2\/pages\/47","targetHints":{"allow":["GET"]}}],"collection":[{"href":"https:\/\/sites.ipleiria.pt\/instituna\/wp-json\/wp\/v2\/pages"}],"about":[{"href":"https:\/\/sites.ipleiria.pt\/instituna\/wp-json\/wp\/v2\/types\/page"}],"author":[{"embeddable":true,"href":"https:\/\/sites.ipleiria.pt\/instituna\/wp-json\/wp\/v2\/users\/66"}],"replies":[{"embeddable":true,"href":"https:\/\/sites.ipleiria.pt\/instituna\/wp-json\/wp\/v2\/comments?post=47"}],"version-history":[{"count":17,"href":"https:\/\/sites.ipleiria.pt\/instituna\/wp-json\/wp\/v2\/pages\/47\/revisions"}],"predecessor-version":[{"id":1138,"href":"https:\/\/sites.ipleiria.pt\/instituna\/wp-json\/wp\/v2\/pages\/47\/revisions\/1138"}],"up":[{"embeddable":true,"href":"https:\/\/sites.ipleiria.pt\/instituna\/wp-json\/wp\/v2\/pages\/24"}],"wp:attachment":[{"href":"https:\/\/sites.ipleiria.pt\/instituna\/wp-json\/wp\/v2\/media?parent=47"}],"curies":[{"name":"wp","href":"https:\/\/api.w.org\/{rel}","templated":true}]}}