{"id":51,"date":"2011-05-20T08:35:28","date_gmt":"2011-05-20T08:35:28","guid":{"rendered":"http:\/\/sites.ipleiria.pt\/instituna\/?page_id=51"},"modified":"2019-10-28T20:18:56","modified_gmt":"2019-10-28T20:18:56","slug":"veteranos","status":"publish","type":"page","link":"https:\/\/sites.ipleiria.pt\/instituna\/membros\/veteranos\/","title":{"rendered":"Veteranos"},"content":{"rendered":"<p>Alexandre &#8220;Alex&#8221; Pinto<\/p>\n<p>Adelaide &#8220;Orlanda&#8221; Nunes<\/p>\n<p>Andreia &#8220;P\u00eassega&#8221; Mateus<\/p>\n<p>Andr\u00e9 &#8220;Orlando&#8221; Vieira<\/p>\n<p>Ana Margarida &#8220;Pacheco&#8221;<\/p>\n<p>Ana Rita &#8220;Loira&#8221; Rosa<\/p>\n<p>Anabela &#8220;Belinha&#8221; Sampaio<\/p>\n<p>Anabela &#8220;Becas&#8221; Silva<\/p>\n<p>Andr\u00e9 Filipe &#8220;Simples&#8221;<\/p>\n<p>Andreia &#8220;Neia&#8221; Cordeiro<\/p>\n<p>Armando &#8220;Antrax&#8221; Bastos<\/p>\n<p>Armando &#8220;Armani&#8221; Pereira<\/p>\n<p>Carlos &#8220;Garraf\u00e3o&#8221; Marques<\/p>\n<p>Catarina &#8220;A M\u00e3e&#8221; Almeida<\/p>\n<p>Catarina &#8220;Pipoca&#8221; Domingues<\/p>\n<p>C\u00e1tia &#8220;Caty&#8221; Rem\u00edgio<\/p>\n<p>Carina &#8220;Creusa&#8221; Santos<\/p>\n<p>Daniela &#8220;Laddy Gaga&#8221; Cardoso<\/p>\n<p>Daniela &#8220;Ella&#8221; Neves<\/p>\n<p>Denise &#8220;Fokinha&#8221; Pil\u00f3<\/p>\n<p>Diana &#8220;Tinoni&#8221; Carvalho<\/p>\n<p>Dino &#8220;Tun\u00e3o&#8221; Val\u00e9rio<\/p>\n<p>Diogo &#8220;Chita&#8221; Coelho<\/p>\n<p>Dora &#8220;Pocahontas&#8221; Silva<\/p>\n<p>Edgar &#8220;Bicho&#8221; Fernandes<\/p>\n<p>Elizabete &#8220;Beta&#8221; Gomes<\/p>\n<p>Elisabete &#8220;Betita&#8221; Nogueira<\/p>\n<p>\u00c9rica &#8220;Piririscas&#8221; Tomas<\/p>\n<p>F\u00e1bio &#8220;Alfinete&#8221; Carreira<\/p>\n<p>Filipa &#8220;Pimpinha&#8221; Sep\u00falveda<\/p>\n<p>Filipe &#8220;Tripa&#8221; Moura<\/p>\n<p>Filipe &#8220;Esferinha&#8221; Ver\u00edssimo<\/p>\n<p>Francisco &#8220;Xico&#8221; Valada<\/p>\n<p>Gon\u00e7alo &#8220;Motas&#8221;<\/p>\n<p>Hugo &#8220;Braga&#8221; Silva<\/p>\n<p>Jo\u00e3o &#8220;Canixe&#8221; Gon\u00e7alves<\/p>\n<p>Jo\u00e3o &#8220;Viol\u00e3o&#8221; Ramos<\/p>\n<p>Joel Rodrigues<\/p>\n<p>Jos\u00e9 &#8220;Z\u00e9 Padre&#8221; Augusto<\/p>\n<p>Lu\u00eds &#8220;Conguito&#8221; Cachulo<\/p>\n<p>Lu\u00eds &#8220;B\u00f3fia&#8221; Carvalho<\/p>\n<p>Manuel &#8220;Manu&#8221; Medeiros<\/p>\n<p>M\u00e1rcio &#8220;Smile&#8221; Santo<\/p>\n<p>Maria &#8220;Carminho Lapadas&#8221;<\/p>\n<p>Maur\u00edcio &#8220;Mau-Mau&#8221; Morais<\/p>\n<p>Me-Lenda &#8220;Milady&#8221; Pires<\/p>\n<p>Miguel &#8220;Da Vinci&#8221; Ferreira<\/p>\n<p>Nelson &#8220;Ferraria&#8221;<\/p>\n<p>Nelson &#8220;Nelso&#8221; Ferreira<\/p>\n<p>Nelson &#8220;Vice&#8221; Saraiva<\/p>\n<p>Nuno &#8220;Aboim&#8221;<\/p>\n<p>Nuno &#8220;Bragans&#8221; Costa<\/p>\n<p>Nuno &#8220;Zeca&#8221; Lu\u00eds<\/p>\n<p>&#8220;Patr\u00edcia&#8221; Bairres<\/p>\n<p>Paulo &#8220;Touch&#8221; Cunha<\/p>\n<p>Paulo &#8220;Carapau&#8221; Sim\u00f5es<\/p>\n<p>Pedro &#8220;Cotrim&#8221;<\/p>\n<p>Pedro &#8220;Piu&#8221; Passadouro<\/p>\n<p>Rafael &#8220;Rafa&#8221; Neves<\/p>\n<p>Rosa &#8220;Carapau&#8221; Sim\u00f5es<\/p>\n<p>Rui &#8220;Kramer&#8221; Ferreira<\/p>\n<p>Rui &#8220;Cavalo&#8221; Sim\u00f5es<\/p>\n<p>Sara &#8220;Fininha&#8221; Figueirinha<\/p>\n<p>Sintia &#8220;T\u00e1s a Ber&#8221; Martins<\/p>\n<p>Stephanie &#8220;St\u00e9&#8221; Rodrigues<\/p>\n<p>Susana &#8220;\u00e9 Chaveca&#8221; Gaspar<\/p>\n<p>&#8220;Suzy&#8221; Dunker<\/p>\n<p>Tiago &#8220;S\u00e3o Martinho&#8221; Agostinho<\/p>\n<p>Vera &#8220;Enfermeira&#8221;<\/p>\n<p>Victor &#8220;Vitinho&#8221; Urbano<\/p>\n<p>Vilma &#8220;Vi&#8221; Azevedo<\/p>\n<p>Virg\u00edlio &#8220;Apari\u00e7\u00e3o&#8221; Reis<\/p>\n","protected":false},"excerpt":{"rendered":"<p>Alexandre &#8220;Alex&#8221; Pinto Adelaide &#8220;Orlanda&#8221; Nunes Andreia &#8220;P\u00eassega&#8221; Mateus Andr\u00e9 &#8220;Orlando&#8221; Vieira Ana Margarida &#8220;Pacheco&#8221; Ana Rita &#8220;Loira&#8221; Rosa Anabela &#8220;Belinha&#8221; Sampaio Anabela &#8220;Becas&#8221; Silva Andr\u00e9 Filipe &#8220;Simples&#8221; Andreia &#8220;Neia&#8221; Cordeiro Armando &#8220;Antrax&#8221; Bastos Armando &#8220;Armani&#8221; Pereira Carlos &#8220;Garraf\u00e3o&#8221; Marques Catarina &#8220;A M\u00e3e&#8221; Almeida Catarina &#8220;Pipoca&#8221; Domingues C\u00e1tia &#8220;Caty&#8221; Rem\u00edgio Carina &#8220;Creusa&#8221; Santos Daniela &#8220;Laddy &hellip; <\/p>\n<p class=\"link-more\"><a href=\"https:\/\/sites.ipleiria.pt\/instituna\/membros\/veteranos\/\" class=\"more-link\">Continuar a ler <span class=\"screen-reader-text\">&#8220;Veteranos&#8221;<\/span><\/a><\/p>\n","protected":false},"author":66,"featured_media":0,"parent":24,"menu_order":0,"comment_status":"closed","ping_status":"closed","template":"","meta":{"_acf_changed":false,"footnotes":""},"class_list":["post-51","page","type-page","status-publish","hentry"],"acf":[],"yoast_head":"<!-- This site is optimized with the Yoast SEO plugin v26.8 - https:\/\/yoast.com\/product\/yoast-seo-wordpress\/ -->\n<title>Veteranos - Instituna<\/title>\n<meta name=\"robots\" content=\"index, follow, max-snippet:-1, max-image-preview:large, max-video-preview:-1\" \/>\n<link rel=\"canonical\" href=\"https:\/\/sites.ipleiria.pt\/instituna\/membros\/veteranos\/\" \/>\n<meta property=\"og:locale\" content=\"pt_PT\" \/>\n<meta property=\"og:type\" content=\"article\" \/>\n<meta property=\"og:title\" content=\"Veteranos - Instituna\" \/>\n<meta property=\"og:description\" content=\"Alexandre &#8220;Alex&#8221; Pinto Adelaide &#8220;Orlanda&#8221; Nunes Andreia &#8220;P\u00eassega&#8221; Mateus Andr\u00e9 &#8220;Orlando&#8221; Vieira Ana Margarida &#8220;Pacheco&#8221; Ana Rita &#8220;Loira&#8221; Rosa Anabela &#8220;Belinha&#8221; Sampaio Anabela &#8220;Becas&#8221; Silva Andr\u00e9 Filipe &#8220;Simples&#8221; Andreia &#8220;Neia&#8221; Cordeiro Armando &#8220;Antrax&#8221; Bastos Armando &#8220;Armani&#8221; Pereira Carlos &#8220;Garraf\u00e3o&#8221; Marques Catarina &#8220;A M\u00e3e&#8221; Almeida Catarina &#8220;Pipoca&#8221; Domingues C\u00e1tia &#8220;Caty&#8221; Rem\u00edgio Carina &#8220;Creusa&#8221; Santos Daniela &#8220;Laddy &hellip; Continuar a ler &quot;Veteranos&quot;\" \/>\n<meta property=\"og:url\" content=\"https:\/\/sites.ipleiria.pt\/instituna\/membros\/veteranos\/\" \/>\n<meta property=\"og:site_name\" content=\"Instituna\" \/>\n<meta property=\"article:publisher\" content=\"https:\/\/www.facebook.com\/Instituna\/\" \/>\n<meta property=\"article:modified_time\" content=\"2019-10-28T20:18:56+00:00\" \/>\n<meta name=\"twitter:card\" content=\"summary_large_image\" \/>\n<meta name=\"twitter:label1\" content=\"Tempo estimado de leitura\" \/>\n\t<meta name=\"twitter:data1\" content=\"1 minuto\" \/>\n<script type=\"application\/ld+json\" class=\"yoast-schema-graph\">{\"@context\":\"https:\/\/schema.org\",\"@graph\":[{\"@type\":\"WebPage\",\"@id\":\"https:\/\/sites.ipleiria.pt\/instituna\/membros\/veteranos\/\",\"url\":\"https:\/\/sites.ipleiria.pt\/instituna\/membros\/veteranos\/\",\"name\":\"Veteranos - Instituna\",\"isPartOf\":{\"@id\":\"https:\/\/sites.ipleiria.pt\/instituna\/#website\"},\"datePublished\":\"2011-05-20T08:35:28+00:00\",\"dateModified\":\"2019-10-28T20:18:56+00:00\",\"breadcrumb\":{\"@id\":\"https:\/\/sites.ipleiria.pt\/instituna\/membros\/veteranos\/#breadcrumb\"},\"inLanguage\":\"pt-PT\",\"potentialAction\":[{\"@type\":\"ReadAction\",\"target\":[\"https:\/\/sites.ipleiria.pt\/instituna\/membros\/veteranos\/\"]}]},{\"@type\":\"BreadcrumbList\",\"@id\":\"https:\/\/sites.ipleiria.pt\/instituna\/membros\/veteranos\/#breadcrumb\",\"itemListElement\":[{\"@type\":\"ListItem\",\"position\":1,\"name\":\"In\u00edcio\",\"item\":\"https:\/\/sites.ipleiria.pt\/instituna\/\"},{\"@type\":\"ListItem\",\"position\":2,\"name\":\"Membros\",\"item\":\"https:\/\/sites.ipleiria.pt\/instituna\/membros\/\"},{\"@type\":\"ListItem\",\"position\":3,\"name\":\"Veteranos\"}]},{\"@type\":\"WebSite\",\"@id\":\"https:\/\/sites.ipleiria.pt\/instituna\/#website\",\"url\":\"https:\/\/sites.ipleiria.pt\/instituna\/\",\"name\":\"Instituna\",\"description\":\"Tuna Mista do Polit\u00e9cnico de Leiria\",\"publisher\":{\"@id\":\"https:\/\/sites.ipleiria.pt\/instituna\/#organization\"},\"alternateName\":\"Tuna Mista do Polit\u00e9cnico de Leiria\",\"potentialAction\":[{\"@type\":\"SearchAction\",\"target\":{\"@type\":\"EntryPoint\",\"urlTemplate\":\"https:\/\/sites.ipleiria.pt\/instituna\/?s={search_term_string}\"},\"query-input\":{\"@type\":\"PropertyValueSpecification\",\"valueRequired\":true,\"valueName\":\"search_term_string\"}}],\"inLanguage\":\"pt-PT\"},{\"@type\":\"Organization\",\"@id\":\"https:\/\/sites.ipleiria.pt\/instituna\/#organization\",\"name\":\"Instituna\",\"alternateName\":\"Tuna Mista do Polit\u00e9cnico de Leiria\",\"url\":\"https:\/\/sites.ipleiria.pt\/instituna\/\",\"logo\":{\"@type\":\"ImageObject\",\"inLanguage\":\"pt-PT\",\"@id\":\"https:\/\/sites.ipleiria.pt\/instituna\/#\/schema\/logo\/image\/\",\"url\":\"https:\/\/sites.ipleiria.pt\/instituna\/files\/2020\/05\/cropped-oie_transparent.png\",\"contentUrl\":\"https:\/\/sites.ipleiria.pt\/instituna\/files\/2020\/05\/cropped-oie_transparent.png\",\"width\":512,\"height\":512,\"caption\":\"Instituna\"},\"image\":{\"@id\":\"https:\/\/sites.ipleiria.pt\/instituna\/#\/schema\/logo\/image\/\"},\"sameAs\":[\"https:\/\/www.facebook.com\/Instituna\/\",\"https:\/\/www.instagram.com\/instituna\",\"https:\/\/www.youtube.com\/user\/instituna\"]}]}<\/script>\n<!-- \/ Yoast SEO plugin. -->","yoast_head_json":{"title":"Veteranos - Instituna","robots":{"index":"index","follow":"follow","max-snippet":"max-snippet:-1","max-image-preview":"max-image-preview:large","max-video-preview":"max-video-preview:-1"},"canonical":"https:\/\/sites.ipleiria.pt\/instituna\/membros\/veteranos\/","og_locale":"pt_PT","og_type":"article","og_title":"Veteranos - Instituna","og_description":"Alexandre &#8220;Alex&#8221; Pinto Adelaide &#8220;Orlanda&#8221; Nunes Andreia &#8220;P\u00eassega&#8221; Mateus Andr\u00e9 &#8220;Orlando&#8221; Vieira Ana Margarida &#8220;Pacheco&#8221; Ana Rita &#8220;Loira&#8221; Rosa Anabela &#8220;Belinha&#8221; Sampaio Anabela &#8220;Becas&#8221; Silva Andr\u00e9 Filipe &#8220;Simples&#8221; Andreia &#8220;Neia&#8221; Cordeiro Armando &#8220;Antrax&#8221; Bastos Armando &#8220;Armani&#8221; Pereira Carlos &#8220;Garraf\u00e3o&#8221; Marques Catarina &#8220;A M\u00e3e&#8221; Almeida Catarina &#8220;Pipoca&#8221; Domingues C\u00e1tia &#8220;Caty&#8221; Rem\u00edgio Carina &#8220;Creusa&#8221; Santos Daniela &#8220;Laddy &hellip; Continuar a ler \"Veteranos\"","og_url":"https:\/\/sites.ipleiria.pt\/instituna\/membros\/veteranos\/","og_site_name":"Instituna","article_publisher":"https:\/\/www.facebook.com\/Instituna\/","article_modified_time":"2019-10-28T20:18:56+00:00","twitter_card":"summary_large_image","twitter_misc":{"Tempo estimado de leitura":"1 minuto"},"schema":{"@context":"https:\/\/schema.org","@graph":[{"@type":"WebPage","@id":"https:\/\/sites.ipleiria.pt\/instituna\/membros\/veteranos\/","url":"https:\/\/sites.ipleiria.pt\/instituna\/membros\/veteranos\/","name":"Veteranos - Instituna","isPartOf":{"@id":"https:\/\/sites.ipleiria.pt\/instituna\/#website"},"datePublished":"2011-05-20T08:35:28+00:00","dateModified":"2019-10-28T20:18:56+00:00","breadcrumb":{"@id":"https:\/\/sites.ipleiria.pt\/instituna\/membros\/veteranos\/#breadcrumb"},"inLanguage":"pt-PT","potentialAction":[{"@type":"ReadAction","target":["https:\/\/sites.ipleiria.pt\/instituna\/membros\/veteranos\/"]}]},{"@type":"BreadcrumbList","@id":"https:\/\/sites.ipleiria.pt\/instituna\/membros\/veteranos\/#breadcrumb","itemListElement":[{"@type":"ListItem","position":1,"name":"In\u00edcio","item":"https:\/\/sites.ipleiria.pt\/instituna\/"},{"@type":"ListItem","position":2,"name":"Membros","item":"https:\/\/sites.ipleiria.pt\/instituna\/membros\/"},{"@type":"ListItem","position":3,"name":"Veteranos"}]},{"@type":"WebSite","@id":"https:\/\/sites.ipleiria.pt\/instituna\/#website","url":"https:\/\/sites.ipleiria.pt\/instituna\/","name":"Instituna","description":"Tuna Mista do Polit\u00e9cnico de Leiria","publisher":{"@id":"https:\/\/sites.ipleiria.pt\/instituna\/#organization"},"alternateName":"Tuna Mista do Polit\u00e9cnico de Leiria","potentialAction":[{"@type":"SearchAction","target":{"@type":"EntryPoint","urlTemplate":"https:\/\/sites.ipleiria.pt\/instituna\/?s={search_term_string}"},"query-input":{"@type":"PropertyValueSpecification","valueRequired":true,"valueName":"search_term_string"}}],"inLanguage":"pt-PT"},{"@type":"Organization","@id":"https:\/\/sites.ipleiria.pt\/instituna\/#organization","name":"Instituna","alternateName":"Tuna Mista do Polit\u00e9cnico de Leiria","url":"https:\/\/sites.ipleiria.pt\/instituna\/","logo":{"@type":"ImageObject","inLanguage":"pt-PT","@id":"https:\/\/sites.ipleiria.pt\/instituna\/#\/schema\/logo\/image\/","url":"https:\/\/sites.ipleiria.pt\/instituna\/files\/2020\/05\/cropped-oie_transparent.png","contentUrl":"https:\/\/sites.ipleiria.pt\/instituna\/files\/2020\/05\/cropped-oie_transparent.png","width":512,"height":512,"caption":"Instituna"},"image":{"@id":"https:\/\/sites.ipleiria.pt\/instituna\/#\/schema\/logo\/image\/"},"sameAs":["https:\/\/www.facebook.com\/Instituna\/","https:\/\/www.instagram.com\/instituna","https:\/\/www.youtube.com\/user\/instituna"]}]}},"_links":{"self":[{"href":"https:\/\/sites.ipleiria.pt\/instituna\/wp-json\/wp\/v2\/pages\/51","targetHints":{"allow":["GET"]}}],"collection":[{"href":"https:\/\/sites.ipleiria.pt\/instituna\/wp-json\/wp\/v2\/pages"}],"about":[{"href":"https:\/\/sites.ipleiria.pt\/instituna\/wp-json\/wp\/v2\/types\/page"}],"author":[{"embeddable":true,"href":"https:\/\/sites.ipleiria.pt\/instituna\/wp-json\/wp\/v2\/users\/66"}],"replies":[{"embeddable":true,"href":"https:\/\/sites.ipleiria.pt\/instituna\/wp-json\/wp\/v2\/comments?post=51"}],"version-history":[{"count":16,"href":"https:\/\/sites.ipleiria.pt\/instituna\/wp-json\/wp\/v2\/pages\/51\/revisions"}],"predecessor-version":[{"id":1139,"href":"https:\/\/sites.ipleiria.pt\/instituna\/wp-json\/wp\/v2\/pages\/51\/revisions\/1139"}],"up":[{"embeddable":true,"href":"https:\/\/sites.ipleiria.pt\/instituna\/wp-json\/wp\/v2\/pages\/24"}],"wp:attachment":[{"href":"https:\/\/sites.ipleiria.pt\/instituna\/wp-json\/wp\/v2\/media?parent=51"}],"curies":[{"name":"wp","href":"https:\/\/api.w.org\/{rel}","templated":true}]}}