{"id":53,"date":"2011-05-20T08:35:51","date_gmt":"2011-05-20T08:35:51","guid":{"rendered":"http:\/\/sites.ipleiria.pt\/instituna\/?page_id=53"},"modified":"2019-10-28T20:10:10","modified_gmt":"2019-10-28T20:10:10","slug":"institunos","status":"publish","type":"page","link":"https:\/\/sites.ipleiria.pt\/instituna\/membros\/institunos\/","title":{"rendered":"InstiTunos"},"content":{"rendered":"<p>Ana &#8220;F\u00e9&#8221; Santos<\/p>\n<p>Bruno &#8220;Beb\u00e9&#8221; Silva<\/p>\n<p>C\u00e1tia &#8220;Diana Chaves&#8221; Pinheiro<\/p>\n<p>Cl\u00e1udia \u201cLoira\u201d Crespo<\/p>\n<p>Daniela &#8220;Popas&#8221; Marques<\/p>\n<p>Hugo &#8220;92&#8221; Meireles<\/p>\n<p>Ismael \u201cBranca de Neve\u201d Neves<\/p>\n<p>Jo\u00e3o &#8220;Argentino&#8221; Prata<\/p>\n<p>Luis &#8220;TrocoPasso&#8221; Corticinho<\/p>\n<p>Lu\u00eds &#8220;Samurai&#8221; Santos<\/p>\n<p>Nelson &#8220;Castel\u00f5es&#8221; Luz<\/p>\n<p>Sara &#8220;Sarinha&#8221; Lopes<\/p>\n<p>Tiago Rodrigues<\/p>\n<p>Hugo \u201cFada\u201d Ferreira<\/p>\n<p>Adriano \u201cRascunho\u201d Canhoto<\/p>\n<p>Rui \u201cDamas\u201d<\/p>\n<p>Mark \u201cLateral\u201d Bernardo<\/p>\n<p>\u00a0<\/p>\n\n\n<p><\/p>\n","protected":false},"excerpt":{"rendered":"<p>Ana &#8220;F\u00e9&#8221; Santos Bruno &#8220;Beb\u00e9&#8221; Silva C\u00e1tia &#8220;Diana Chaves&#8221; Pinheiro Cl\u00e1udia \u201cLoira\u201d Crespo Daniela &#8220;Popas&#8221; Marques Hugo &#8220;92&#8221; Meireles Ismael \u201cBranca de Neve\u201d Neves Jo\u00e3o &#8220;Argentino&#8221; Prata Luis &#8220;TrocoPasso&#8221; Corticinho Lu\u00eds &#8220;Samurai&#8221; Santos Nelson &#8220;Castel\u00f5es&#8221; Luz Sara &#8220;Sarinha&#8221; Lopes Tiago Rodrigues Hugo \u201cFada\u201d Ferreira Adriano \u201cRascunho\u201d Canhoto Rui \u201cDamas\u201d Mark \u201cLateral\u201d Bernardo \u00a0<\/p>\n","protected":false},"author":66,"featured_media":0,"parent":24,"menu_order":0,"comment_status":"closed","ping_status":"closed","template":"","meta":{"_acf_changed":false,"footnotes":""},"class_list":["post-53","page","type-page","status-publish","hentry"],"acf":[],"yoast_head":"<!-- This site is optimized with the Yoast SEO plugin v26.8 - https:\/\/yoast.com\/product\/yoast-seo-wordpress\/ -->\n<title>InstiTunos - Instituna<\/title>\n<meta name=\"robots\" content=\"index, follow, max-snippet:-1, max-image-preview:large, max-video-preview:-1\" \/>\n<link rel=\"canonical\" href=\"https:\/\/sites.ipleiria.pt\/instituna\/membros\/institunos\/\" \/>\n<meta property=\"og:locale\" content=\"pt_PT\" \/>\n<meta property=\"og:type\" content=\"article\" \/>\n<meta property=\"og:title\" content=\"InstiTunos - Instituna\" \/>\n<meta property=\"og:description\" content=\"Ana &#8220;F\u00e9&#8221; Santos Bruno &#8220;Beb\u00e9&#8221; Silva C\u00e1tia &#8220;Diana Chaves&#8221; Pinheiro Cl\u00e1udia \u201cLoira\u201d Crespo Daniela &#8220;Popas&#8221; Marques Hugo &#8220;92&#8221; Meireles Ismael \u201cBranca de Neve\u201d Neves Jo\u00e3o &#8220;Argentino&#8221; Prata Luis &#8220;TrocoPasso&#8221; Corticinho Lu\u00eds &#8220;Samurai&#8221; Santos Nelson &#8220;Castel\u00f5es&#8221; Luz Sara &#8220;Sarinha&#8221; Lopes Tiago Rodrigues Hugo \u201cFada\u201d Ferreira Adriano \u201cRascunho\u201d Canhoto Rui \u201cDamas\u201d Mark \u201cLateral\u201d Bernardo \u00a0\" \/>\n<meta property=\"og:url\" content=\"https:\/\/sites.ipleiria.pt\/instituna\/membros\/institunos\/\" \/>\n<meta property=\"og:site_name\" content=\"Instituna\" \/>\n<meta property=\"article:publisher\" content=\"https:\/\/www.facebook.com\/Instituna\/\" \/>\n<meta property=\"article:modified_time\" content=\"2019-10-28T20:10:10+00:00\" \/>\n<meta name=\"twitter:card\" content=\"summary_large_image\" \/>\n<script type=\"application\/ld+json\" class=\"yoast-schema-graph\">{\"@context\":\"https:\/\/schema.org\",\"@graph\":[{\"@type\":\"WebPage\",\"@id\":\"https:\/\/sites.ipleiria.pt\/instituna\/membros\/institunos\/\",\"url\":\"https:\/\/sites.ipleiria.pt\/instituna\/membros\/institunos\/\",\"name\":\"InstiTunos - Instituna\",\"isPartOf\":{\"@id\":\"https:\/\/sites.ipleiria.pt\/instituna\/#website\"},\"datePublished\":\"2011-05-20T08:35:51+00:00\",\"dateModified\":\"2019-10-28T20:10:10+00:00\",\"breadcrumb\":{\"@id\":\"https:\/\/sites.ipleiria.pt\/instituna\/membros\/institunos\/#breadcrumb\"},\"inLanguage\":\"pt-PT\",\"potentialAction\":[{\"@type\":\"ReadAction\",\"target\":[\"https:\/\/sites.ipleiria.pt\/instituna\/membros\/institunos\/\"]}]},{\"@type\":\"BreadcrumbList\",\"@id\":\"https:\/\/sites.ipleiria.pt\/instituna\/membros\/institunos\/#breadcrumb\",\"itemListElement\":[{\"@type\":\"ListItem\",\"position\":1,\"name\":\"In\u00edcio\",\"item\":\"https:\/\/sites.ipleiria.pt\/instituna\/\"},{\"@type\":\"ListItem\",\"position\":2,\"name\":\"Membros\",\"item\":\"https:\/\/sites.ipleiria.pt\/instituna\/membros\/\"},{\"@type\":\"ListItem\",\"position\":3,\"name\":\"InstiTunos\"}]},{\"@type\":\"WebSite\",\"@id\":\"https:\/\/sites.ipleiria.pt\/instituna\/#website\",\"url\":\"https:\/\/sites.ipleiria.pt\/instituna\/\",\"name\":\"Instituna\",\"description\":\"Tuna Mista do Polit\u00e9cnico de Leiria\",\"publisher\":{\"@id\":\"https:\/\/sites.ipleiria.pt\/instituna\/#organization\"},\"alternateName\":\"Tuna Mista do Polit\u00e9cnico de Leiria\",\"potentialAction\":[{\"@type\":\"SearchAction\",\"target\":{\"@type\":\"EntryPoint\",\"urlTemplate\":\"https:\/\/sites.ipleiria.pt\/instituna\/?s={search_term_string}\"},\"query-input\":{\"@type\":\"PropertyValueSpecification\",\"valueRequired\":true,\"valueName\":\"search_term_string\"}}],\"inLanguage\":\"pt-PT\"},{\"@type\":\"Organization\",\"@id\":\"https:\/\/sites.ipleiria.pt\/instituna\/#organization\",\"name\":\"Instituna\",\"alternateName\":\"Tuna Mista do Polit\u00e9cnico de Leiria\",\"url\":\"https:\/\/sites.ipleiria.pt\/instituna\/\",\"logo\":{\"@type\":\"ImageObject\",\"inLanguage\":\"pt-PT\",\"@id\":\"https:\/\/sites.ipleiria.pt\/instituna\/#\/schema\/logo\/image\/\",\"url\":\"https:\/\/sites.ipleiria.pt\/instituna\/files\/2020\/05\/cropped-oie_transparent.png\",\"contentUrl\":\"https:\/\/sites.ipleiria.pt\/instituna\/files\/2020\/05\/cropped-oie_transparent.png\",\"width\":512,\"height\":512,\"caption\":\"Instituna\"},\"image\":{\"@id\":\"https:\/\/sites.ipleiria.pt\/instituna\/#\/schema\/logo\/image\/\"},\"sameAs\":[\"https:\/\/www.facebook.com\/Instituna\/\",\"https:\/\/www.instagram.com\/instituna\",\"https:\/\/www.youtube.com\/user\/instituna\"]}]}<\/script>\n<!-- \/ Yoast SEO plugin. -->","yoast_head_json":{"title":"InstiTunos - Instituna","robots":{"index":"index","follow":"follow","max-snippet":"max-snippet:-1","max-image-preview":"max-image-preview:large","max-video-preview":"max-video-preview:-1"},"canonical":"https:\/\/sites.ipleiria.pt\/instituna\/membros\/institunos\/","og_locale":"pt_PT","og_type":"article","og_title":"InstiTunos - Instituna","og_description":"Ana &#8220;F\u00e9&#8221; Santos Bruno &#8220;Beb\u00e9&#8221; Silva C\u00e1tia &#8220;Diana Chaves&#8221; Pinheiro Cl\u00e1udia \u201cLoira\u201d Crespo Daniela &#8220;Popas&#8221; Marques Hugo &#8220;92&#8221; Meireles Ismael \u201cBranca de Neve\u201d Neves Jo\u00e3o &#8220;Argentino&#8221; Prata Luis &#8220;TrocoPasso&#8221; Corticinho Lu\u00eds &#8220;Samurai&#8221; Santos Nelson &#8220;Castel\u00f5es&#8221; Luz Sara &#8220;Sarinha&#8221; Lopes Tiago Rodrigues Hugo \u201cFada\u201d Ferreira Adriano \u201cRascunho\u201d Canhoto Rui \u201cDamas\u201d Mark \u201cLateral\u201d Bernardo \u00a0","og_url":"https:\/\/sites.ipleiria.pt\/instituna\/membros\/institunos\/","og_site_name":"Instituna","article_publisher":"https:\/\/www.facebook.com\/Instituna\/","article_modified_time":"2019-10-28T20:10:10+00:00","twitter_card":"summary_large_image","schema":{"@context":"https:\/\/schema.org","@graph":[{"@type":"WebPage","@id":"https:\/\/sites.ipleiria.pt\/instituna\/membros\/institunos\/","url":"https:\/\/sites.ipleiria.pt\/instituna\/membros\/institunos\/","name":"InstiTunos - Instituna","isPartOf":{"@id":"https:\/\/sites.ipleiria.pt\/instituna\/#website"},"datePublished":"2011-05-20T08:35:51+00:00","dateModified":"2019-10-28T20:10:10+00:00","breadcrumb":{"@id":"https:\/\/sites.ipleiria.pt\/instituna\/membros\/institunos\/#breadcrumb"},"inLanguage":"pt-PT","potentialAction":[{"@type":"ReadAction","target":["https:\/\/sites.ipleiria.pt\/instituna\/membros\/institunos\/"]}]},{"@type":"BreadcrumbList","@id":"https:\/\/sites.ipleiria.pt\/instituna\/membros\/institunos\/#breadcrumb","itemListElement":[{"@type":"ListItem","position":1,"name":"In\u00edcio","item":"https:\/\/sites.ipleiria.pt\/instituna\/"},{"@type":"ListItem","position":2,"name":"Membros","item":"https:\/\/sites.ipleiria.pt\/instituna\/membros\/"},{"@type":"ListItem","position":3,"name":"InstiTunos"}]},{"@type":"WebSite","@id":"https:\/\/sites.ipleiria.pt\/instituna\/#website","url":"https:\/\/sites.ipleiria.pt\/instituna\/","name":"Instituna","description":"Tuna Mista do Polit\u00e9cnico de Leiria","publisher":{"@id":"https:\/\/sites.ipleiria.pt\/instituna\/#organization"},"alternateName":"Tuna Mista do Polit\u00e9cnico de Leiria","potentialAction":[{"@type":"SearchAction","target":{"@type":"EntryPoint","urlTemplate":"https:\/\/sites.ipleiria.pt\/instituna\/?s={search_term_string}"},"query-input":{"@type":"PropertyValueSpecification","valueRequired":true,"valueName":"search_term_string"}}],"inLanguage":"pt-PT"},{"@type":"Organization","@id":"https:\/\/sites.ipleiria.pt\/instituna\/#organization","name":"Instituna","alternateName":"Tuna Mista do Polit\u00e9cnico de Leiria","url":"https:\/\/sites.ipleiria.pt\/instituna\/","logo":{"@type":"ImageObject","inLanguage":"pt-PT","@id":"https:\/\/sites.ipleiria.pt\/instituna\/#\/schema\/logo\/image\/","url":"https:\/\/sites.ipleiria.pt\/instituna\/files\/2020\/05\/cropped-oie_transparent.png","contentUrl":"https:\/\/sites.ipleiria.pt\/instituna\/files\/2020\/05\/cropped-oie_transparent.png","width":512,"height":512,"caption":"Instituna"},"image":{"@id":"https:\/\/sites.ipleiria.pt\/instituna\/#\/schema\/logo\/image\/"},"sameAs":["https:\/\/www.facebook.com\/Instituna\/","https:\/\/www.instagram.com\/instituna","https:\/\/www.youtube.com\/user\/instituna"]}]}},"_links":{"self":[{"href":"https:\/\/sites.ipleiria.pt\/instituna\/wp-json\/wp\/v2\/pages\/53","targetHints":{"allow":["GET"]}}],"collection":[{"href":"https:\/\/sites.ipleiria.pt\/instituna\/wp-json\/wp\/v2\/pages"}],"about":[{"href":"https:\/\/sites.ipleiria.pt\/instituna\/wp-json\/wp\/v2\/types\/page"}],"author":[{"embeddable":true,"href":"https:\/\/sites.ipleiria.pt\/instituna\/wp-json\/wp\/v2\/users\/66"}],"replies":[{"embeddable":true,"href":"https:\/\/sites.ipleiria.pt\/instituna\/wp-json\/wp\/v2\/comments?post=53"}],"version-history":[{"count":30,"href":"https:\/\/sites.ipleiria.pt\/instituna\/wp-json\/wp\/v2\/pages\/53\/revisions"}],"predecessor-version":[{"id":1135,"href":"https:\/\/sites.ipleiria.pt\/instituna\/wp-json\/wp\/v2\/pages\/53\/revisions\/1135"}],"up":[{"embeddable":true,"href":"https:\/\/sites.ipleiria.pt\/instituna\/wp-json\/wp\/v2\/pages\/24"}],"wp:attachment":[{"href":"https:\/\/sites.ipleiria.pt\/instituna\/wp-json\/wp\/v2\/media?parent=53"}],"curies":[{"name":"wp","href":"https:\/\/api.w.org\/{rel}","templated":true}]}}