{"id":66,"date":"2011-03-09T11:56:42","date_gmt":"2011-03-09T11:56:42","guid":{"rendered":"http:\/\/web.esecs.ipleiria.pt\/conferenciacet2011\/"},"modified":"2012-04-17T12:29:12","modified_gmt":"2012-04-17T12:29:12","slug":"secretariado-2","status":"publish","type":"page","link":"https:\/\/sites.ipleiria.pt\/ipce\/secretariado-2\/","title":{"rendered":"Organiza\u00e7\u00e3o"},"content":{"rendered":"<p><strong>Comiss\u00e3o Organizadora<\/strong><br \/>\nRita Cadima<br \/>\nIsabel Pereira<br \/>\nH\u00e9lia Pinto<br \/>\nHugo Menino<br \/>\nIsabel Sim\u00f5es Dias<\/p>\n<p><strong>Comiss\u00e3o Cient\u00edfica<\/strong><\/p>\n<p>Alfredo Veiga-Neto, Universidade Federal do Rio Grande do Sul, Brasil<br \/>\nAlzira Maria Rasc\u00e3o Saraiva, NIDE &#8211; IPL<br \/>\nClarinda Lu\u00edsa Ferreira Barata, NIDE &#8211; IPL<br \/>\nEduardo Em\u00edlio Castelo-Branco da Fonseca, NIDE &#8211; IPL<br \/>\nFilipe Alexandre da Silva Santos, NIDE &#8211; IPL<br \/>\nFlorentino Bl\u00e1zquez Entonado, Universidad de Extremadura, Espa\u00f1a<br \/>\nGra\u00e7a Maria dos Santos Seco, NIDE &#8211; IPL<br \/>\nH\u00e9lia Gon\u00e7alves Pinto NIDE &#8211; IPL<br \/>\nHugo Alexandre Lopes Menino, NIDE &#8211; IPL<br \/>\nIsabel Sofia Godinho da Silva Rebelo, NIDE &#8211; IPL<br \/>\nJordi Ojeda Rodriguez, Universitat Polit\u00e9cnica de Catalunya, Espa\u00f1a<br \/>\nJos\u00e9 Brites Ferreira, NIDE &#8211; IPL<br \/>\nJos\u00e9 Carlos Laranjo Marques, CIID &#8211; IPL<br \/>\nJos\u00e9 Luis Ramos S\u00e1nchez, Universidad de Extremadura, Espa\u00f1a<br \/>\nLiliana Passerino, Universidade Federal do Rio Grande do Sul, Brasil<br \/>\nLuis Facundo Maldonado Granados, Universidad Pedag\u00f3gica Nacional Bogot\u00e1, Col\u00f4mbia<br \/>\nLu\u00eds Filipe Tom\u00e1s Barbeiro, NIDE &#8211; IPL<br \/>\nNatalia Casta\u00f1on, Universidad Metropolitana, Venezuela<br \/>\nMarco Vinicio Ferruzca Navarro, Universidad Aut\u00f3noma Metropolitana, M\u00e9xico<br \/>\nMaria Albertina Carvalho Fortunato, NIDE &#8211; IPL<br \/>\nMaria Ant\u00f3nia Belchior Barreto, NIDE &#8211; IPL<br \/>\nMaria de S\u00e3o Pedro dos Santos Silva Lopes NIDE &#8211; IPL<br \/>\nMaria Isabel Alves Rodrigues Pereira, NIDE &#8211; IPL<br \/>\nMaria Isabel Antunes M. de Azevedo Rocha, NIDE &#8211; IPL<br \/>\nMaria Isabel Pinto Sim\u00f5es Dias, NIDE &#8211; IPL<br \/>\nMaria Jos\u00e9 Nascimento Silva Gamboa, NIDE &#8211; IPL<br \/>\nMarina Vit\u00f3ria Valdez Faria Rodrigues, NIDE &#8211; IPL<br \/>\nMaura Corcini Lopes, Universidade do Vale do Rio dos Sinos, Brasil<br \/>\nPaulo Gileno Cysneiros, Universidade Federal de Pernambuco, Brasil<br \/>\nRicardo Manuel das Neves Vieira, CIID\u00a0 &#8211; IPL<br \/>\nRita Alexandra Cain\u00e7o Dias Cadima, NIDE e iACT &#8211; IPL<br \/>\nVictor Giraldo Vald\u00e9s Pardo, RiBiE &amp; Universidad Central Marta Abreu\u00a0Las Villas, Cuba<br \/>\nXimena Barrientos Parra, Universidad Mayor, Chile<\/p>\n<p><strong>Institui\u00e7\u00e3o Organizadora\u00a0<\/strong><\/p>\n<p><a href=\"http:\/\/sites.ipleiria.pt\/ipce\/files\/2011\/03\/logo_esecs_horizontal.jpg\"><img loading=\"lazy\" decoding=\"async\" class=\"alignnone wp-image-642\" src=\"http:\/\/sites.ipleiria.pt\/ipce\/files\/2011\/03\/logo_esecs_horizontal.jpg\" alt=\"\" width=\"316\" height=\"132\" srcset=\"https:\/\/sites.ipleiria.pt\/ipce\/files\/2011\/03\/logo_esecs_horizontal.jpg 879w, https:\/\/sites.ipleiria.pt\/ipce\/files\/2011\/03\/logo_esecs_horizontal-300x125.jpg 300w, https:\/\/sites.ipleiria.pt\/ipce\/files\/2011\/03\/logo_esecs_horizontal-500x208.jpg 500w\" sizes=\"auto, (max-width: 316px) 100vw, 316px\" \/><\/a><\/p>\n<p><strong>Parceiros<\/strong><\/p>\n<p><a href=\"http:\/\/sites.ipleiria.pt\/ipce\/files\/2011\/03\/nide.jpg\"><img loading=\"lazy\" decoding=\"async\" class=\"alignnone size-full wp-image-644\" src=\"http:\/\/sites.ipleiria.pt\/ipce\/files\/2011\/03\/nide.jpg\" alt=\"\" width=\"1024\" height=\"143\" srcset=\"https:\/\/sites.ipleiria.pt\/ipce\/files\/2011\/03\/nide.jpg 1024w, https:\/\/sites.ipleiria.pt\/ipce\/files\/2011\/03\/nide-300x41.jpg 300w, https:\/\/sites.ipleiria.pt\/ipce\/files\/2011\/03\/nide-500x69.jpg 500w\" sizes=\"auto, (max-width: 1024px) 100vw, 1024px\" \/><\/a><\/p>\n","protected":false},"excerpt":{"rendered":"<p>Comiss\u00e3o Organizadora Rita Cadima Isabel Pereira H\u00e9lia Pinto Hugo Menino Isabel Sim\u00f5es Dias Comiss\u00e3o Cient\u00edfica Alfredo Veiga-Neto, Universidade Federal do Rio Grande do Sul, Brasil Alzira Maria Rasc\u00e3o Saraiva, NIDE &#8211; IPL Clarinda Lu\u00edsa Ferreira Barata, NIDE &#8211; IPL Eduardo &hellip; <a href=\"https:\/\/sites.ipleiria.pt\/ipce\/secretariado-2\/\">Continuar a ler <span class=\"meta-nav\">&rarr;<\/span><\/a><\/p>\n","protected":false},"author":102,"featured_media":0,"parent":0,"menu_order":2,"comment_status":"closed","ping_status":"open","template":"sidebar-page.php","meta":{"footnotes":""},"class_list":["post-66","page","type-page","status-publish","hentry"],"_links":{"self":[{"href":"https:\/\/sites.ipleiria.pt\/ipce\/wp-json\/wp\/v2\/pages\/66","targetHints":{"allow":["GET"]}}],"collection":[{"href":"https:\/\/sites.ipleiria.pt\/ipce\/wp-json\/wp\/v2\/pages"}],"about":[{"href":"https:\/\/sites.ipleiria.pt\/ipce\/wp-json\/wp\/v2\/types\/page"}],"author":[{"embeddable":true,"href":"https:\/\/sites.ipleiria.pt\/ipce\/wp-json\/wp\/v2\/users\/102"}],"replies":[{"embeddable":true,"href":"https:\/\/sites.ipleiria.pt\/ipce\/wp-json\/wp\/v2\/comments?post=66"}],"version-history":[{"count":22,"href":"https:\/\/sites.ipleiria.pt\/ipce\/wp-json\/wp\/v2\/pages\/66\/revisions"}],"predecessor-version":[{"id":523,"href":"https:\/\/sites.ipleiria.pt\/ipce\/wp-json\/wp\/v2\/pages\/66\/revisions\/523"}],"wp:attachment":[{"href":"https:\/\/sites.ipleiria.pt\/ipce\/wp-json\/wp\/v2\/media?parent=66"}],"curies":[{"name":"wp","href":"https:\/\/api.w.org\/{rel}","templated":true}]}}