{"id":560,"date":"2012-03-08T14:11:40","date_gmt":"2012-03-08T14:11:40","guid":{"rendered":"http:\/\/sites.ipleiria.pt\/ipce\/?page_id=560"},"modified":"2012-12-10T17:29:36","modified_gmt":"2012-12-10T17:29:36","slug":"contatos","status":"publish","type":"page","link":"https:\/\/sites.ipleiria.pt\/ipce2013\/contatos\/","title":{"rendered":"Contatos"},"content":{"rendered":"<p><strong>Comiss\u00e3o Organizadora e Comiss\u00e3o Cient\u00edfica<br \/>\n<\/strong>Email: <a href=\"mailto:ipce@ipleiria.pt\">ipce@ipleiria.pt<\/a><\/p>\n<p><strong>Secretariado<br \/>\n<\/strong>Alexandre Soares<br \/>\nEmail: <a href=\"mailto:asoares@ipleiria.pt\">asoares@ipleiria.pt<\/a><br \/>\nTelefone: (+351) 244 829 471<\/p>\n<p><strong><span style=\"font-family: Helvetica,Arial,sans-serif;\">Escola Superior de Educa\u00e7\u00e3o e Ci\u00eancias Sociais (Leiria)<\/span><\/strong><br \/>\n<em> Campus<\/em> 1 \u2014 Instituto Polit\u00e9cnico de Leiria<br \/>\nRua Dr. Jo\u00e3o Soares<br \/>\nApartado 4045<br \/>\n2411-901 Leiria &#8211; Portugal<br \/>\nTel: (+351) 244 829400 \u00b7 Fax:(+351) 244 829499<br \/>\nE-mail: <a href=\"mailto:esecs@ipleiria.pt\">esecs@ipleiria.pt<\/a><\/p>\n<p><a href=\"http:\/\/maps.google.com.br\/maps\/ms?msa=0&amp;msid=206043349600974920687.0004a922c4adc84ebfdf9&amp;ie=UTF8&amp;t=m&amp;vpsrc=0&amp;z=17&amp;source=embed\">ESECS<\/a> num mapa maior<\/p>\n<p><strong><span style=\"font-family: Helvetica,Arial,sans-serif; font-size: 10px;\">Latitude: 39.73960036594693 | <\/span><\/strong><strong><span style=\"font-family: Helvetica,Arial,sans-serif; font-size: 10px;\">Longitude: -8.81155014038086<\/span><\/strong><\/p>\n","protected":false},"excerpt":{"rendered":"<p>Comiss\u00e3o Organizadora e Comiss\u00e3o Cient\u00edfica Email: ipce@ipleiria.pt Secretariado Alexandre Soares Email: asoares@ipleiria.pt Telefone: (+351) 244 829 471 Escola Superior de Educa\u00e7\u00e3o e Ci\u00eancias Sociais (Leiria) Campus 1 \u2014 Instituto Polit\u00e9cnico de Leiria Rua Dr. Jo\u00e3o Soares Apartado 4045 2411-901 Leiria &#8211; Portugal Tel: (+351) 244 829400 \u00b7 Fax:(+351) 244 829499 E-mail: esecs@ipleiria.pt ESECS num mapa [&hellip;]<\/p>\n","protected":false},"author":102,"featured_media":0,"parent":0,"menu_order":8,"comment_status":"open","ping_status":"open","template":"","meta":{"footnotes":""},"class_list":["post-560","page","type-page","status-publish","hentry"],"_links":{"self":[{"href":"https:\/\/sites.ipleiria.pt\/ipce2013\/wp-json\/wp\/v2\/pages\/560","targetHints":{"allow":["GET"]}}],"collection":[{"href":"https:\/\/sites.ipleiria.pt\/ipce2013\/wp-json\/wp\/v2\/pages"}],"about":[{"href":"https:\/\/sites.ipleiria.pt\/ipce2013\/wp-json\/wp\/v2\/types\/page"}],"author":[{"embeddable":true,"href":"https:\/\/sites.ipleiria.pt\/ipce2013\/wp-json\/wp\/v2\/users\/102"}],"replies":[{"embeddable":true,"href":"https:\/\/sites.ipleiria.pt\/ipce2013\/wp-json\/wp\/v2\/comments?post=560"}],"version-history":[{"count":1,"href":"https:\/\/sites.ipleiria.pt\/ipce2013\/wp-json\/wp\/v2\/pages\/560\/revisions"}],"predecessor-version":[{"id":755,"href":"https:\/\/sites.ipleiria.pt\/ipce2013\/wp-json\/wp\/v2\/pages\/560\/revisions\/755"}],"wp:attachment":[{"href":"https:\/\/sites.ipleiria.pt\/ipce2013\/wp-json\/wp\/v2\/media?parent=560"}],"curies":[{"name":"wp","href":"https:\/\/api.w.org\/{rel}","templated":true}]}}