{"id":6,"date":"2011-09-28T13:46:04","date_gmt":"2011-09-28T13:46:04","guid":{"rendered":"http:\/\/sites.ipleiria.pt\/pontes\/?page_id=6"},"modified":"2013-05-31T13:59:47","modified_gmt":"2013-05-31T13:59:47","slug":"a-conferencia","status":"publish","type":"page","link":"https:\/\/sites.ipleiria.pt\/ipce2013\/","title":{"rendered":"Apresenta\u00e7\u00e3o"},"content":{"rendered":"<p>A <strong>Confer\u00eancia Internacional de Investiga\u00e7\u00e3o, Pr\u00e1ticas e Contextos em Educa\u00e7\u00e3o (IPCE)<\/strong> \u00e9 uma confer\u00eancia internacional arbitrada que visa contribuir para o avan\u00e7o da teoria e pr\u00e1tica em educa\u00e7\u00e3o. A IPCE insere-se no conjunto de atividades que o Instituto Polit\u00e9cnico de Leiria (IPL) tem vido a desenvolver nos \u00faltimos anos, que visam promover a colabora\u00e7\u00e3o entre investigadores, professores, estudantes e decisores na sua inten\u00e7\u00e3o em identificar e discutir desafios e solu\u00e7\u00f5es para os mais diversos problemas e contextos no mundo da educa\u00e7\u00e3o. Vem ao encontro de uma das dimens\u00f5es da a\u00e7\u00e3o do IPL \u2013 a de promover a rela\u00e7\u00e3o com a regi\u00e3o em que est\u00e1 inserido.<\/p>\n<p>O objetivo da IPCE \u00e9 proporcionar uma oportunidade para que profissionais de diversas \u00e1reas ligadas \u00e0 educa\u00e7\u00e3o e com interesses multidisciplinares interajam e partilhem experi\u00eancias e conhecimentos, contribuindo e estimulando a investiga\u00e7\u00e3o e a evolu\u00e7\u00e3o de pr\u00e1ticas em educa\u00e7\u00e3o.<\/p>\n<p><strong>Participantes<\/strong><\/p>\n<p>Educadores, professores, investigadores, estudantes do ensino superior, \u00f3rg\u00e3os de dire\u00e7\u00e3o e gest\u00e3o de institui\u00e7\u00f5es e t\u00e9cnicos da \u00e1rea da educa\u00e7\u00e3o.<\/p>\n<p>&nbsp;<\/p>\n<p><strong>Temas da Confer\u00eancia<br \/>\n<\/strong>Aprendizagem baseada em atividades colaborativas<br \/>\nAvalia\u00e7\u00e3o das aprendizagens<br \/>\nAvalia\u00e7\u00e3o Institucional<br \/>\nConcep\u00e7\u00e3o, Implementa\u00e7\u00e3o e Avalia\u00e7\u00e3o de Projetos<br \/>\nDesenvolvimento Comunit\u00e1rio<br \/>\nEduca\u00e7\u00e3o e Artes<br \/>\nEduca\u00e7\u00e3o ao Longo da Vida<br \/>\nEduca\u00e7\u00e3o e Sa\u00fade<br \/>\nEduca\u00e7\u00e3o para o Desenvolvimento<br \/>\nEduca\u00e7\u00e3o na Sociedade do Conhecimento<br \/>\nEduca\u00e7\u00e3o a Dist\u00e2ncia e e-learning<br \/>\nExperi\u00eancias de aprendizagem na Educa\u00e7\u00e3o de Inf\u00e2ncia<br \/>\nExperi\u00eancias de aprendizagem no Ensino B\u00e1sico<br \/>\nExperi\u00eancias de aprendizagem no Ensino Secund\u00e1rio<br \/>\nExperi\u00eancias na forma\u00e7\u00e3o inicial de professores<br \/>\nExperi\u00eancias na forma\u00e7\u00e3o cont\u00ednua de professores<br \/>\nInvestiga\u00e7\u00e3o em Educa\u00e7\u00e3o<br \/>\nInclus\u00e3o em Educa\u00e7\u00e3o<br \/>\nInterven\u00e7\u00e3o precoce<br \/>\nLiteracias<br \/>\nSupervis\u00e3o escolar<br \/>\nMulticulturalidade e Diversidade Educativa<br \/>\nOrganiza\u00e7\u00e3o escolar e gest\u00e3o curricular<br \/>\nPlataformas de aprendizagem<br \/>\nPol\u00edticas Educativas e Forma\u00e7\u00e3o<br \/>\nTecnologias na Educa\u00e7\u00e3o<br \/>\nUtiliza\u00e7\u00e3o de Tecnologias em Contextos Educativos<\/p>\n","protected":false},"excerpt":{"rendered":"<p>A Confer\u00eancia Internacional de Investiga\u00e7\u00e3o, Pr\u00e1ticas e Contextos em Educa\u00e7\u00e3o (IPCE) \u00e9 uma confer\u00eancia internacional arbitrada que visa contribuir para o avan\u00e7o da teoria e pr\u00e1tica em educa\u00e7\u00e3o. A IPCE insere-se no conjunto de atividades que o Instituto Polit\u00e9cnico de Leiria (IPL) tem vido a desenvolver nos \u00faltimos anos, que visam promover a colabora\u00e7\u00e3o entre [&hellip;]<\/p>\n","protected":false},"author":102,"featured_media":0,"parent":0,"menu_order":1,"comment_status":"closed","ping_status":"closed","template":"","meta":{"footnotes":""},"class_list":["post-6","page","type-page","status-publish","hentry"],"_links":{"self":[{"href":"https:\/\/sites.ipleiria.pt\/ipce2013\/wp-json\/wp\/v2\/pages\/6","targetHints":{"allow":["GET"]}}],"collection":[{"href":"https:\/\/sites.ipleiria.pt\/ipce2013\/wp-json\/wp\/v2\/pages"}],"about":[{"href":"https:\/\/sites.ipleiria.pt\/ipce2013\/wp-json\/wp\/v2\/types\/page"}],"author":[{"embeddable":true,"href":"https:\/\/sites.ipleiria.pt\/ipce2013\/wp-json\/wp\/v2\/users\/102"}],"replies":[{"embeddable":true,"href":"https:\/\/sites.ipleiria.pt\/ipce2013\/wp-json\/wp\/v2\/comments?post=6"}],"version-history":[{"count":9,"href":"https:\/\/sites.ipleiria.pt\/ipce2013\/wp-json\/wp\/v2\/pages\/6\/revisions"}],"predecessor-version":[{"id":895,"href":"https:\/\/sites.ipleiria.pt\/ipce2013\/wp-json\/wp\/v2\/pages\/6\/revisions\/895"}],"wp:attachment":[{"href":"https:\/\/sites.ipleiria.pt\/ipce2013\/wp-json\/wp\/v2\/media?parent=6"}],"curies":[{"name":"wp","href":"https:\/\/api.w.org\/{rel}","templated":true}]}}