{"id":63,"date":"2011-03-09T11:55:28","date_gmt":"2011-03-09T11:55:28","guid":{"rendered":"http:\/\/web.esecs.ipleiria.pt\/conferenciacet2011\/"},"modified":"2013-02-19T12:48:42","modified_gmt":"2013-02-19T12:48:42","slug":"calendario-2","status":"publish","type":"page","link":"https:\/\/sites.ipleiria.pt\/ipce2013\/calendario-2\/","title":{"rendered":"Datas importantes"},"content":{"rendered":"<p><strong>Limite para a submiss\u00e3o de artigos:<\/strong> 11 mar\u00e7o 2013<br \/>\n<strong>Limite para a submiss\u00e3o de relatos:<\/strong>\u00a011 mar\u00e7o 2013<br \/>\n<strong>Limite para a submiss\u00e3o de posters:<\/strong>\u00a011 mar\u00e7o 2013<br \/>\n<strong>Notifica\u00e7\u00e3o dos autores:<\/strong>\u00a05 abril 2013<br \/>\n<strong>Inscri\u00e7\u00f5es na confer\u00eancia:<\/strong>\u00a019 abril 2013<br \/>\n<strong>Datas da confer\u00eancia:<\/strong>\u00a010 e 11 de maio 2013<\/p>\n<p>&nbsp;<\/p>\n<p>&nbsp;<\/p>\n","protected":false},"excerpt":{"rendered":"<p>Limite para a submiss\u00e3o de artigos: 11 mar\u00e7o 2013 Limite para a submiss\u00e3o de relatos:\u00a011 mar\u00e7o 2013 Limite para a submiss\u00e3o de posters:\u00a011 mar\u00e7o 2013 Notifica\u00e7\u00e3o dos autores:\u00a05 abril 2013 Inscri\u00e7\u00f5es na confer\u00eancia:\u00a019 abril 2013 Datas da confer\u00eancia:\u00a010 e 11 de maio 2013 &nbsp; &nbsp;<\/p>\n","protected":false},"author":102,"featured_media":0,"parent":0,"menu_order":4,"comment_status":"closed","ping_status":"closed","template":"","meta":{"footnotes":""},"class_list":["post-63","page","type-page","status-publish","hentry"],"_links":{"self":[{"href":"https:\/\/sites.ipleiria.pt\/ipce2013\/wp-json\/wp\/v2\/pages\/63","targetHints":{"allow":["GET"]}}],"collection":[{"href":"https:\/\/sites.ipleiria.pt\/ipce2013\/wp-json\/wp\/v2\/pages"}],"about":[{"href":"https:\/\/sites.ipleiria.pt\/ipce2013\/wp-json\/wp\/v2\/types\/page"}],"author":[{"embeddable":true,"href":"https:\/\/sites.ipleiria.pt\/ipce2013\/wp-json\/wp\/v2\/users\/102"}],"replies":[{"embeddable":true,"href":"https:\/\/sites.ipleiria.pt\/ipce2013\/wp-json\/wp\/v2\/comments?post=63"}],"version-history":[{"count":6,"href":"https:\/\/sites.ipleiria.pt\/ipce2013\/wp-json\/wp\/v2\/pages\/63\/revisions"}],"predecessor-version":[{"id":826,"href":"https:\/\/sites.ipleiria.pt\/ipce2013\/wp-json\/wp\/v2\/pages\/63\/revisions\/826"}],"wp:attachment":[{"href":"https:\/\/sites.ipleiria.pt\/ipce2013\/wp-json\/wp\/v2\/media?parent=63"}],"curies":[{"name":"wp","href":"https:\/\/api.w.org\/{rel}","templated":true}]}}