{"id":64,"date":"2011-03-09T11:55:44","date_gmt":"2011-03-09T11:55:44","guid":{"rendered":"http:\/\/web.esecs.ipleiria.pt\/conferenciacet2011\/"},"modified":"2013-02-19T12:49:30","modified_gmt":"2013-02-19T12:49:30","slug":"comunicacaoposters","status":"publish","type":"page","link":"https:\/\/sites.ipleiria.pt\/ipce2013\/comunicacaoposters\/","title":{"rendered":"Submiss\u00e3o de Trabalhos"},"content":{"rendered":"<p>As sess\u00f5es paralelas de comunica\u00e7\u00e3o destinam-se \u00e0 apresenta\u00e7\u00e3o de experi\u00eancias educativas, projetos, trabalhos de investiga\u00e7\u00e3o, ferramentas e materiais dentro dos temas definidos para a confer\u00eancia IPCE. As sess\u00f5es decorrer\u00e3o em paralelo, em salas previamente indicadas para o efeito.<\/p>\n<p>A Comiss\u00e3o Organizadora da IPCE convida a comunidade educativa, nomeadamente, educadores, professores, investigadores, estudantes do ensino superior, \u00f3rg\u00e3os de dire\u00e7\u00e3o e gest\u00e3o de institui\u00e7\u00f5es e t\u00e9cnicos da \u00e1rea da educa\u00e7\u00e3o, \u00e0 apresenta\u00e7\u00e3o de trabalhos num dos seguintes formatos:<\/p>\n<p>&nbsp;<\/p>\n<p><strong>Artigo<br \/>\n<\/strong>A apresenta\u00e7\u00e3o de artigos \u00e0 IPCE visa a divulga\u00e7\u00e3o de trabalhos de investiga\u00e7\u00e3o, experi\u00eancias educativas, projetos, ferramentas e materiais. A submiss\u00e3o de trabalhos \u00e9 feita atrav\u00e9s do envio de um artigo escrito (<em>template<\/em> predefinido) que n\u00e3o dever\u00e1 ultrapassar as 10 p\u00e1ginas. Os trabalhos aceites ser\u00e3o publicados nas atas da IPCE.<\/p>\n<p>Template para submiss\u00e3o de artigos:<a href=\"http:\/\/sites.ipleiria.pt\/ipce2013\/files\/2013\/01\/IPCE_template_artigo.docx\"> IPCE_template_artigo<\/a><br \/>\nApresenta\u00e7\u00e3o oral (sess\u00f5es paralelas): 15 minutos<br \/>\nEquipamento dispon\u00edvel: PC, projetor, Internet wireless<\/p>\n<p>O artigo a submeter deve ser enviado para o e-mail <a href=\"mailto:ipce@ipleiria.pt\">ipce@ipleiria.pt<\/a> , at\u00e9 <strong>11 de mar\u00e7o de 2013<\/strong>.<\/p>\n<p>&nbsp;<\/p>\n<p><strong>Relato<br \/>\n<\/strong>Visa a divulga\u00e7\u00e3o de experi\u00eancias educativas, projetos, ferramentas e materiais. Este formato \u00e9 particularmente adequado a experi\u00eancias educativas e projetos que ainda estejam a decorrer<ins cite=\"mailto:Hugo\" datetime=\"2012-03-08T12:07\">.<br \/>\n<\/ins>A submiss\u00e3o \u00e9 feita via resumo alargado (template predefinido) com tamanho m\u00e1ximo de 2 p\u00e1ginas<\/p>\n<p>Template para submiss\u00e3o de relatos: <a href=\"http:\/\/sites.ipleiria.pt\/ipce2013\/files\/2013\/01\/IPCE_template_resumo.docx\">IPCE_template_resumo<\/a><br \/>\nApresenta\u00e7\u00e3o oral (sess\u00f5es paralelas): 15 minutos<br \/>\nEquipamento dispon\u00edvel: PC, projetor, Internet wireless<\/p>\n<p>A proposta de relato a submeter deve ser enviada para o e-mail <a href=\"mailto:ipce@ipleiria.pt\">ipce@ipleiria.pt<\/a> , at\u00e9 <strong>11 de mar\u00e7o de 2013<\/strong>.<\/p>\n<p><strong>Poster<br \/>\n<\/strong>Visa a divulga\u00e7\u00e3o de trabalhos de investiga\u00e7\u00e3o, experi\u00eancias educativas, projetos, ferramentas e materiais. A apresenta\u00e7\u00e3o de posters na IPCE constitui uma excelente oportunidade para os autores divulgarem e discutirem os seus trabalhos de um modo interativo e informal. Incentiva-se, portanto, os autores de outros trabalhos na IPCE a complementarem as suas apresenta\u00e7\u00f5es com um poster. A submiss\u00e3o de posters \u00e9 feita via resumo alargado de 2 p\u00e1ginas (<em>template<\/em> predefinido).<br \/>\nOs posters aceites \u00e0 IPCE dever\u00e3o ser afixados no in\u00edcio do primeiro dia da confer\u00eancia, mantendo-se at\u00e9 ao final (tamanho A0, vertical). Os autores dever\u00e3o estar presentes durante a sess\u00e3o de apresenta\u00e7\u00e3o de posters, de modo a poderem apresentar e discutir informalmente o seu trabalho. A sess\u00e3o de apresenta\u00e7\u00e3o de posters durar\u00e1 uma hora. Os materiais a expor s\u00e3o da responsabilidade dos autores e dever\u00e3o ser preparados previamente \u00e0 confer\u00ea<ins cite=\"mailto:Hugo\" datetime=\"2012-03-08T12:12\"><\/ins><del datetime=\"2012-03-08T12:12\"><\/del>ncia.<\/p>\n<p>Template para submiss\u00e3o de posters:<a href=\"http:\/\/sites.ipleiria.pt\/ipce2013\/files\/2013\/01\/IPCE_template_resumo.docx\"> IPCE_template_resumo<\/a><br \/>\nApresenta\u00e7\u00e3o (sess\u00e3o de posters): 1 hora<br \/>\nEquipamento dispon\u00edvel: Painel lateral, Internet wireless<\/p>\n<p>O resumo do poster a submeter deve ser enviado para o e-mail <a href=\"mailto:ipce@ipleiria.pt\">ipce@ipleiria.pt<\/a> , at\u00e9 <strong>11 de mar\u00e7o de 2013<\/strong>.<\/p>\n<p>&nbsp;<\/p>\n<p>Ap\u00f3s a avalia\u00e7\u00e3o da Comiss\u00e3o Cient\u00edfica, a Comiss\u00e3o Organizadora da IPCE enviar\u00e1 aos autores, por correio electr\u00f3nico, nota sobre a aceita\u00e7\u00e3o das propostas submetidas, at\u00e9 ao dia 5 de abril de 2013. A apresenta\u00e7\u00e3o dos trabalhos aceites est\u00e1 dependente da inscri\u00e7\u00e3o na IPCE de pelo menos um dos autores.<\/p>\n","protected":false},"excerpt":{"rendered":"<p>As sess\u00f5es paralelas de comunica\u00e7\u00e3o destinam-se \u00e0 apresenta\u00e7\u00e3o de experi\u00eancias educativas, projetos, trabalhos de investiga\u00e7\u00e3o, ferramentas e materiais dentro dos temas definidos para a confer\u00eancia IPCE. As sess\u00f5es decorrer\u00e3o em paralelo, em salas previamente indicadas para o efeito. A Comiss\u00e3o Organizadora da IPCE convida a comunidade educativa, nomeadamente, educadores, professores, investigadores, estudantes do ensino superior, [&hellip;]<\/p>\n","protected":false},"author":102,"featured_media":0,"parent":0,"menu_order":3,"comment_status":"closed","ping_status":"closed","template":"","meta":{"footnotes":""},"class_list":["post-64","page","type-page","status-publish","hentry"],"_links":{"self":[{"href":"https:\/\/sites.ipleiria.pt\/ipce2013\/wp-json\/wp\/v2\/pages\/64","targetHints":{"allow":["GET"]}}],"collection":[{"href":"https:\/\/sites.ipleiria.pt\/ipce2013\/wp-json\/wp\/v2\/pages"}],"about":[{"href":"https:\/\/sites.ipleiria.pt\/ipce2013\/wp-json\/wp\/v2\/types\/page"}],"author":[{"embeddable":true,"href":"https:\/\/sites.ipleiria.pt\/ipce2013\/wp-json\/wp\/v2\/users\/102"}],"replies":[{"embeddable":true,"href":"https:\/\/sites.ipleiria.pt\/ipce2013\/wp-json\/wp\/v2\/comments?post=64"}],"version-history":[{"count":8,"href":"https:\/\/sites.ipleiria.pt\/ipce2013\/wp-json\/wp\/v2\/pages\/64\/revisions"}],"predecessor-version":[{"id":827,"href":"https:\/\/sites.ipleiria.pt\/ipce2013\/wp-json\/wp\/v2\/pages\/64\/revisions\/827"}],"wp:attachment":[{"href":"https:\/\/sites.ipleiria.pt\/ipce2013\/wp-json\/wp\/v2\/media?parent=64"}],"curies":[{"name":"wp","href":"https:\/\/api.w.org\/{rel}","templated":true}]}}