{"id":65,"date":"2011-03-09T11:56:31","date_gmt":"2011-03-09T11:56:31","guid":{"rendered":"http:\/\/web.esecs.ipleiria.pt\/conferenciacet2011\/"},"modified":"2013-03-22T00:07:31","modified_gmt":"2013-03-22T00:07:31","slug":"inscricoes-2","status":"publish","type":"page","link":"https:\/\/sites.ipleiria.pt\/ipce2013\/inscricoes-2\/","title":{"rendered":"Inscri\u00e7\u00f5es"},"content":{"rendered":"<p>Fa\u00e7a aqui o seu registo: <a title=\"Registo\" href=\"http:\/\/sites.ipleiria.pt\/ipce2013\/registo\/\" target=\"_blank\"><strong>Formul\u00e1rio de inscri\u00e7\u00e3o na IPCE<\/strong><\/a><\/p>\n<p>Inscri\u00e7\u00f5es (at\u00e9 19 de abril de 2013)*<br \/>\nParticipantes \u2013 30\u20ac<br \/>\nEstudantes do Instituto Polit\u00e9cnico de Leiria \u2013 10\u20ac<br \/>\nEstudantes de outras Institui\u00e7\u00f5es do Ensino Superior \u2013 20\u20ac<br \/>\nFuncion\u00e1rios docentes e n\u00e3o docentes do Instituto Polit\u00e9cnico de Leiria \u2013 10\u20ac<br \/>\nOrientadores Cooperantes da Escola Superior de Educa\u00e7\u00e3o do IPL &#8211; 10\u20ac<br \/>\nAntigos estudantes do IPL registados na Rede IPLeiri@lumni &#8211; 15\u20ac<\/p>\n<p><em id=\"__mceDel\"><\/em>*Inscri\u00e7\u00f5es ap\u00f3s esta data estar\u00e3o sujeitas a confirma\u00e7\u00e3o de disponibilidade e a agravamento de pre\u00e7o.<\/p>\n<p><strong>Procedimentos<\/strong><\/p>\n<p>Os interessados devem formalizar a inscri\u00e7\u00e3o, preenchendo o formul\u00e1rio indicado acima. O processo de inscri\u00e7\u00e3o apenas se torna definitivo ap\u00f3s a recep\u00e7\u00e3o do comprovativo de pagamento. O comprovativo de transfer\u00eancia banc\u00e1ria dever\u00e1 ser enviado por email para <a href=\"mailto:ipce@ipleiria.pt\">ipce@ipleiria.pt<\/a> , assunto \u201cComprovativo pagamento\u201d.<\/p>\n<p>Dever\u00e1 tamb\u00e9m ser enviado por email para <a href=\"mailto:ipce@ipleiria.pt\">ipce@ipleiria.pt<\/a> (Assunto: \u201cComprovativo estudante\u201d) o comprovativo da situa\u00e7\u00e3o de estudante, para que a inscri\u00e7\u00e3o seja considerada nas condi\u00e7\u00f5es especiais de estudante.<\/p>\n<p><strong>\u00a0<\/strong><\/p>\n<p><strong>Pagamento<\/strong><br \/>\nPor favor, identifique a sua transfer\u00eancia como \u201cIPCE\u201d<strong><br \/>\nBanco:<\/strong> Instituto de Gest\u00e3o da Tesouraria e do Cr\u00e9dito Publico, IP<br \/>\n<strong>NIB:<\/strong> 078101120000000133640<br \/>\n<strong>IBAN:<\/strong> PT50078101120000000133640<br \/>\n<strong>SWIFT CODE:<\/strong> IGCPPTPL<br \/>\nNOTA: Todas as despesas banc\u00e1rias s\u00e3o da responsabilidade dos participantes.<br \/>\n<strong> <\/strong><\/p>\n<p>&nbsp;<\/p>\n<p><strong>Para mais informa\u00e7\u00f5es<br \/>\n<\/strong>Alexandre Soares \u2013 Secretariado IPCE<br \/>\nTel: (+351) 244 829 471 \/ Fax: (+351) 244 829 499<br \/>\nEmail: <a href=\"mailto:asoares@ipleiria.pt\">asoares@ipleiria.pt<\/a><\/p>\n<p>&nbsp;<\/p>\n<p><strong>Termos e Condi\u00e7\u00f5es<\/strong><br \/>\nA inscri\u00e7\u00e3o s\u00f3 \u00e9 aceite e confirmada ap\u00f3s pagamento.<br \/>\nA taxa de inscri\u00e7\u00e3o inclui a assist\u00eancia \u00e0 confer\u00eancia, acesso ao material informativo e aos coffee breaks.<br \/>\nO cancelamento de inscri\u00e7\u00f5es \u00e9 aceite at\u00e9 19 de abril 2013, com perda de 50% do valor da taxa de inscri\u00e7\u00e3o.<br \/>\nO cancelamento de inscri\u00e7\u00f5es ap\u00f3s 19 de abril 2013 implica a perda total do valor da taxa de inscri\u00e7\u00e3o, n\u00e3o havendo lugar a reembolsos.<br \/>\nO cancelamento de inscri\u00e7\u00f5es \u00e9 feito atrav\u00e9s do endere\u00e7o <a href=\"mailto:ipce@ipleiria.pt\">ipce@ipleiria.pt<\/a>.<\/p>\n<p><a href=\"mailto:asoares@ipleiria.pt\"><br \/>\n<\/a><\/p>\n<p>&nbsp;<\/p>\n","protected":false},"excerpt":{"rendered":"<p>Fa\u00e7a aqui o seu registo: Formul\u00e1rio de inscri\u00e7\u00e3o na IPCE Inscri\u00e7\u00f5es (at\u00e9 19 de abril de 2013)* Participantes \u2013 30\u20ac Estudantes do Instituto Polit\u00e9cnico de Leiria \u2013 10\u20ac Estudantes de outras Institui\u00e7\u00f5es do Ensino Superior \u2013 20\u20ac Funcion\u00e1rios docentes e n\u00e3o docentes do Instituto Polit\u00e9cnico de Leiria \u2013 10\u20ac Orientadores Cooperantes da Escola Superior de [&hellip;]<\/p>\n","protected":false},"author":102,"featured_media":0,"parent":0,"menu_order":6,"comment_status":"closed","ping_status":"closed","template":"","meta":{"footnotes":""},"class_list":["post-65","page","type-page","status-publish","hentry"],"_links":{"self":[{"href":"https:\/\/sites.ipleiria.pt\/ipce2013\/wp-json\/wp\/v2\/pages\/65","targetHints":{"allow":["GET"]}}],"collection":[{"href":"https:\/\/sites.ipleiria.pt\/ipce2013\/wp-json\/wp\/v2\/pages"}],"about":[{"href":"https:\/\/sites.ipleiria.pt\/ipce2013\/wp-json\/wp\/v2\/types\/page"}],"author":[{"embeddable":true,"href":"https:\/\/sites.ipleiria.pt\/ipce2013\/wp-json\/wp\/v2\/users\/102"}],"replies":[{"embeddable":true,"href":"https:\/\/sites.ipleiria.pt\/ipce2013\/wp-json\/wp\/v2\/comments?post=65"}],"version-history":[{"count":11,"href":"https:\/\/sites.ipleiria.pt\/ipce2013\/wp-json\/wp\/v2\/pages\/65\/revisions"}],"predecessor-version":[{"id":847,"href":"https:\/\/sites.ipleiria.pt\/ipce2013\/wp-json\/wp\/v2\/pages\/65\/revisions\/847"}],"wp:attachment":[{"href":"https:\/\/sites.ipleiria.pt\/ipce2013\/wp-json\/wp\/v2\/media?parent=65"}],"curies":[{"name":"wp","href":"https:\/\/api.w.org\/{rel}","templated":true}]}}