{"id":66,"date":"2011-03-09T11:56:42","date_gmt":"2011-03-09T11:56:42","guid":{"rendered":"http:\/\/web.esecs.ipleiria.pt\/conferenciacet2011\/"},"modified":"2013-04-17T11:34:24","modified_gmt":"2013-04-17T11:34:24","slug":"secretariado-2","status":"publish","type":"page","link":"https:\/\/sites.ipleiria.pt\/ipce2013\/secretariado-2\/","title":{"rendered":"Organiza\u00e7\u00e3o"},"content":{"rendered":"<p><strong>Comiss\u00e3o Organizadora<\/strong><br \/>\nRita Cadima<br \/>\nH\u00e9lia Pinto<br \/>\nHugo Menino<br \/>\nIsabel Sim\u00f5es Dias<\/p>\n<p><strong>Comiss\u00e3o Cient\u00edfica<\/strong><\/p>\n<p>Alda Maria Martins Mour\u00e3o, CIID &#8211; IPL<br \/>\nAlfredo Veiga-Neto, Universidade Federal do Rio Grande do Sul, Brasil<br \/>\nAlzira Maria Rasc\u00e3o Saraiva, NIDE \u2013 IPL<br \/>\nClarinda Lu\u00edsa Ferreira Barata, NIDE \u2013 IPL<br \/>\nEduardo Em\u00edlio Castelo-Branco da Fonseca, NIDE \u2013 IPL<br \/>\nFilipe Alexandre da Silva Santos, NIDE \u2013 IPL<br \/>\nFlorentino Bl\u00e1zquez Entonado, Universidad de Extremadura, Espa\u00f1a<br \/>\nGra\u00e7a Maria dos Santos Seco, NIDE \u2013 IPL<br \/>\nH\u00e9lia Gon\u00e7alves Pinto NIDE \u2013 IPL<br \/>\nHugo Alexandre Lopes Menino, NIDE \u2013 IPL<br \/>\nIsabel Sofia Godinho da Silva Rebelo, NIDE \u2013 IPL<br \/>\nJo\u00e3o de Deus Leite, Universidade Federal de Uberl\u00e2ndia \u2013 UFU, Brasil<br \/>\nJordi Ojeda Rodriguez, Universitat Polit\u00e9cnica de Catalunya, Espa\u00f1a<br \/>\nJos\u00e9 Brites Ferreira, NIDE \u2013 IPL<br \/>\nJos\u00e9 Carlos Laranjo Marques, CIID \u2013 IPL<br \/>\nJos\u00e9 Luis Ramos S\u00e1nchez, Universidad de Extremadura, Espa\u00f1a<br \/>\nLiliana Passerino, Universidade Federal do Rio Grande do Sul, Brasil<br \/>\nL\u00facia Grave Magueta, NIDE, IPL<br \/>\nLuis Facundo Maldonado Granados, Universidad Pedag\u00f3gica Nacional Bogot\u00e1, Col\u00f4mbia<br \/>\nLu\u00eds Filipe Tom\u00e1s Barbeiro, NIDE, IPL<br \/>\nNatalia Casta\u00f1on, Universidad Metropolitana, Venezuela<br \/>\nMarco Vinicio Ferruzca Navarro, Universidad Aut\u00f3noma Metropolitana, M\u00e9xico<br \/>\nMaria Albertina Carvalho Fortunato, NIDE, IPL<br \/>\nMaria Ant\u00f3nia Belchior Barreto, NIDE, IPL<br \/>\nMaria da Gra\u00e7a Mouga Po\u00e7as Santos, CIID, IPL<br \/>\nMaria de S\u00e3o Pedro dos Santos Silva Lopes, NIDE, IPL<br \/>\nMaria Helena Coelho Ribeiro, IPL<br \/>\nMaria Isabel Alves Rodrigues Pereira, NIDE, IPL<br \/>\nMaria Isabel Antunes M. de Azevedo Rocha, NIDE, \u00a0IPL<br \/>\nMaria Isabel Pinto Sim\u00f5es Dias, NIDE, IPL<br \/>\nMaria Jos\u00e9 Nascimento Silva Gamboa, NIDE, IPL<br \/>\nMarina Vit\u00f3ria Valdez Faria Rodrigues, NIDE, IPL<br \/>\nMaura Corcini Lopes, Universidade do Vale do Rio dos Sinos, Brasil<br \/>\nPaulo Gileno Cysneiros, Universidade Federal de Pernambuco, Brasil<br \/>\nPedro Silva, CIID, IPL<br \/>\nRicardo Manuel das Neves Vieira, CIID, IPL<br \/>\nRita Alexandra Cain\u00e7o Dias Cadima, NIDE, IPL<br \/>\nRui Filipe Vargas de Sousa Santos, CEAUL, IPL<br \/>\nRui Manuel Neto e Matos, CIMH, IPL<br \/>\nSusana Margarida Costa Nunes, IPL<br \/>\nVictor Giraldo Vald\u00e9s Pardo, RiBiE, Universidad Central Marta Abreu Las Villas, Cuba<br \/>\nXimena Barrientos Parra, Universidad Mayor, Chile<\/p>\n<p><strong>Institui\u00e7\u00e3o Organizadora\u00a0<\/strong><\/p>\n<p><a href=\"http:\/\/sites.ipleiria.pt\/ipce2013\/files\/2011\/03\/logo_esecs_horizontal.jpg\"><img loading=\"lazy\" decoding=\"async\" class=\"alignnone wp-image-642\" alt=\"\" src=\"http:\/\/sites.ipleiria.pt\/ipce2013\/files\/2011\/03\/logo_esecs_horizontal.jpg\" width=\"316\" height=\"132\" srcset=\"https:\/\/sites.ipleiria.pt\/ipce2013\/files\/2011\/03\/logo_esecs_horizontal.jpg 879w, https:\/\/sites.ipleiria.pt\/ipce2013\/files\/2011\/03\/logo_esecs_horizontal-300x125.jpg 300w, https:\/\/sites.ipleiria.pt\/ipce2013\/files\/2011\/03\/logo_esecs_horizontal-500x208.jpg 500w\" sizes=\"auto, (max-width: 316px) 100vw, 316px\" \/><\/a><\/p>\n<p>&nbsp;<\/p>\n","protected":false},"excerpt":{"rendered":"<p>Comiss\u00e3o Organizadora Rita Cadima H\u00e9lia Pinto Hugo Menino Isabel Sim\u00f5es Dias Comiss\u00e3o Cient\u00edfica Alda Maria Martins Mour\u00e3o, CIID &#8211; IPL Alfredo Veiga-Neto, Universidade Federal do Rio Grande do Sul, Brasil Alzira Maria Rasc\u00e3o Saraiva, NIDE \u2013 IPL Clarinda Lu\u00edsa Ferreira Barata, NIDE \u2013 IPL Eduardo Em\u00edlio Castelo-Branco da Fonseca, NIDE \u2013 IPL Filipe Alexandre da [&hellip;]<\/p>\n","protected":false},"author":102,"featured_media":0,"parent":0,"menu_order":2,"comment_status":"closed","ping_status":"open","template":"","meta":{"footnotes":""},"class_list":["post-66","page","type-page","status-publish","hentry"],"_links":{"self":[{"href":"https:\/\/sites.ipleiria.pt\/ipce2013\/wp-json\/wp\/v2\/pages\/66","targetHints":{"allow":["GET"]}}],"collection":[{"href":"https:\/\/sites.ipleiria.pt\/ipce2013\/wp-json\/wp\/v2\/pages"}],"about":[{"href":"https:\/\/sites.ipleiria.pt\/ipce2013\/wp-json\/wp\/v2\/types\/page"}],"author":[{"embeddable":true,"href":"https:\/\/sites.ipleiria.pt\/ipce2013\/wp-json\/wp\/v2\/users\/102"}],"replies":[{"embeddable":true,"href":"https:\/\/sites.ipleiria.pt\/ipce2013\/wp-json\/wp\/v2\/comments?post=66"}],"version-history":[{"count":7,"href":"https:\/\/sites.ipleiria.pt\/ipce2013\/wp-json\/wp\/v2\/pages\/66\/revisions"}],"predecessor-version":[{"id":819,"href":"https:\/\/sites.ipleiria.pt\/ipce2013\/wp-json\/wp\/v2\/pages\/66\/revisions\/819"}],"wp:attachment":[{"href":"https:\/\/sites.ipleiria.pt\/ipce2013\/wp-json\/wp\/v2\/media?parent=66"}],"curies":[{"name":"wp","href":"https:\/\/api.w.org\/{rel}","templated":true}]}}