{"id":8,"date":"2011-09-28T13:46:12","date_gmt":"2011-09-28T13:46:12","guid":{"rendered":"http:\/\/sites.ipleiria.pt\/pontes\/?page_id=8"},"modified":"2013-04-30T08:47:18","modified_gmt":"2013-04-30T08:47:18","slug":"programa","status":"publish","type":"page","link":"https:\/\/sites.ipleiria.pt\/ipce2013\/programa\/","title":{"rendered":"Programa"},"content":{"rendered":"<p style=\"text-align: left\"><a href=\"http:\/\/sites.ipleiria.pt\/ipce2013\/files\/2011\/09\/Programa_global_IPCE2013.pdf\" target=\"_blank\">Programa_global_IPCE_2013_ em pdf<\/a><br \/>\n<a style=\"line-height: 1.714285714;font-size: 1rem\" href=\"http:\/\/sites.ipleiria.pt\/ipce2013\/files\/2011\/09\/PROGRAMA_sessoes_paralelas20131.pdf\" target=\"_blank\">Programa_sessoes_paralelas2013<\/a><\/p>\n<h2><b>Sexta, 10 maio <i>Friday, May 10th<\/i><\/b><\/h2>\n<table border=\"1\" cellspacing=\"0\" cellpadding=\"0\">\n<tbody>\n<tr>\n<td valign=\"top\" width=\"73\"><b>8h30<\/b><\/td>\n<td valign=\"top\" width=\"503\">Entrega de pastas<\/td>\n<\/tr>\n<tr>\n<td valign=\"top\" width=\"73\"><b>9h00<\/b><\/td>\n<td valign=\"top\" width=\"503\">Sess\u00e3o abertura <em>Opening<\/em><i> session<\/i><\/td>\n<\/tr>\n<tr>\n<td valign=\"top\" width=\"73\"><b>9h30<\/b><\/td>\n<td valign=\"top\" width=\"503\">Sess\u00e3o plen\u00e1ria <i>Plenary session<br \/>\n<b>Ci\u00eancia, Multim\u00e9dia, Poesia e Afectos: Ferramentas de tens\u00e3o criativa para a educa\u00e7\u00e3o nos nossos tempos<br \/>\n<\/b><\/i>Jo\u00e3o Paiva, Faculdade de Ci\u00eancias da Universidade do Porto<\/td>\n<\/tr>\n<tr>\n<td valign=\"top\" width=\"73\"><b>10h30<\/b><\/td>\n<td valign=\"top\" width=\"503\">Coffee break<\/td>\n<\/tr>\n<tr>\n<td valign=\"top\" width=\"73\"><b>11h00<\/b><\/td>\n<td valign=\"top\" width=\"503\">Sess\u00f5es paralelas <i>Presentation sessions<\/i><\/td>\n<\/tr>\n<tr>\n<td valign=\"top\" width=\"73\"><b>12h00<\/b><\/td>\n<td valign=\"top\" width=\"503\">Sess\u00f5es paralelas <i>Presentation sessions<\/i><\/td>\n<\/tr>\n<tr>\n<td valign=\"top\" width=\"73\"><b>13h00<\/b><\/td>\n<td valign=\"top\" width=\"503\">Almo\u00e7o <i>Lunch<\/i><\/td>\n<\/tr>\n<tr>\n<td valign=\"top\" width=\"73\"><b>14h30<\/b><\/td>\n<td valign=\"top\" width=\"503\">Sess\u00e3o plen\u00e1ria <i>Plenary session<\/i><br \/>\n<b><i>Centro Escolar promotor de resili\u00eancia<\/i><\/b><br \/>\nValeriana Guijo Blanco, Universidad de Burgos, Spain<\/td>\n<\/tr>\n<tr>\n<td valign=\"top\" width=\"73\"><b>15h30<\/b><\/td>\n<td valign=\"top\" width=\"503\">Sess\u00f5es paralelas <i>Presentation sessions<\/i><\/td>\n<\/tr>\n<tr>\n<td valign=\"top\" width=\"73\"><b>16h30<\/b><\/td>\n<td valign=\"top\" width=\"503\">Coffee break<\/td>\n<\/tr>\n<tr>\n<td valign=\"top\" width=\"73\"><b>17h00<\/b><\/td>\n<td valign=\"top\" width=\"503\">Apresenta\u00e7\u00e3o de posters<\/td>\n<\/tr>\n<tr>\n<td valign=\"top\" width=\"73\"><b>18h00<\/b><\/td>\n<td valign=\"top\" width=\"503\">Sess\u00f5es paralelas <i>Presentation sessions<\/i><\/td>\n<\/tr>\n<tr>\n<td valign=\"top\" width=\"73\"><b>19h00<\/b><\/td>\n<td valign=\"top\" width=\"503\">Sess\u00f5es paralelas <i>Presentation sessions<\/i><\/td>\n<\/tr>\n<tr>\n<td valign=\"top\" width=\"73\"><b>20h00<\/b><\/td>\n<td valign=\"top\" width=\"503\">Lan\u00e7amento do livro <b>Anima\u00e7\u00e3o Cultural: Descobrindo Caminhos,<\/b><br \/>\nFernando Canastra, Gra\u00e7a Po\u00e7as Santos e Maria de S\u00e3o Pedro Lopes (coord.) (2012)<br \/>\nApresenta\u00e7\u00e3o por Dr. Henrique Pinto, Presidente da Dire\u00e7\u00e3o do Orfe\u00e3o de Leiria\/ Conservat\u00f3rio de Artes<\/td>\n<\/tr>\n<\/tbody>\n<\/table>\n<h2><strong>S\u00e1bado, 11 maio <i>Saturday, May 11th<\/i><\/strong><\/h2>\n<table border=\"1\" cellspacing=\"0\" cellpadding=\"0\">\n<tbody>\n<tr>\n<td valign=\"top\" width=\"73\"><b>9h30<\/b><\/td>\n<td valign=\"top\" width=\"503\">Sess\u00e3o plen\u00e1ria <i>Plenary session<\/i><br \/>\n<b><i>Desenvolver a literacia estat\u00edstica: Estrat\u00e9gias e desafios<\/i><\/b><br \/>\nAna Paula Canavarro, Universidade de \u00c9vora<\/td>\n<\/tr>\n<tr>\n<td valign=\"top\" width=\"73\"><b>10h30<\/b><\/td>\n<td valign=\"top\" width=\"503\">Coffee break<\/td>\n<\/tr>\n<tr>\n<td valign=\"top\" width=\"73\"><b>11h00<\/b><\/td>\n<td valign=\"top\" width=\"503\">Sess\u00f5es paralelas <i>Presentation sessions<br \/>\nWorkshop<\/i> <b>Ensinar e aprender com Apps (iPad e Android) \u00a0\u00a0<\/b><a href=\"https:\/\/docs.google.com\/document\/d\/1C7tuiNaQbwZCYeC_2SYqg_xI6Ezyt3yiod5ENVjYOlI\/edit?usp=sharing\" target=\"_blank\">Inscri\u00e7\u00f5es <\/a><\/td>\n<\/tr>\n<tr>\n<td valign=\"top\" width=\"73\"><b>12h00<\/b><\/td>\n<td valign=\"top\" width=\"503\">Sess\u00f5es paralelas <i>Presentation sessions<br \/>\nWorkshop<\/i> <b>Potencialidades pedag\u00f3gicas do Prezi \u00a0\u00a0<\/b><a href=\"https:\/\/docs.google.com\/document\/d\/1CipSZTuSBlk5K2m-MvBwAy3IIAXOIJGKoEPQfXBS5fA\/edit?usp=sharing\" target=\"_blank\">Inscri\u00e7\u00f5es<\/a><\/td>\n<\/tr>\n<tr>\n<td valign=\"top\" width=\"73\"><b>13h00<\/b><\/td>\n<td valign=\"top\" width=\"503\">Almo\u00e7o <i>Lunch<\/i><\/td>\n<\/tr>\n<tr>\n<td valign=\"top\" width=\"73\"><b>14h30<\/b><\/td>\n<td valign=\"top\" width=\"503\">Sess\u00e3o plen\u00e1ria <i>Plenary session<\/i><br \/>\n<b><i>Da rela\u00e7\u00e3o do professor com discursos sobre ensino de L\u00edngua Portuguesa<\/i><\/b><br \/>\nJo\u00e3o de Deus Leite, Universidade Federal de Uberl\u00e2ndia \u2013 UFU, Brasil<\/td>\n<\/tr>\n<tr>\n<td valign=\"top\" width=\"73\"><b>15h30<\/b><\/td>\n<td valign=\"top\" width=\"503\">Sess\u00f5es paralelas <i>Presentation sessions<\/i><\/td>\n<\/tr>\n<tr>\n<td valign=\"top\" width=\"73\"><b>16h30<\/b><\/td>\n<td valign=\"top\" width=\"503\">Sess\u00e3o de encerramento <i>Closing session<\/i><br \/>\n<b><i>Investiga\u00e7\u00e3o, Pr\u00e1ticas e Contextos em Educa\u00e7\u00e3o<\/i><\/b><br \/>\nIsabel Pereira, Instituto Polit\u00e9cnico de Leiria<\/td>\n<\/tr>\n<\/tbody>\n<\/table>\n<p>&nbsp;<\/p>\n","protected":false},"excerpt":{"rendered":"<p>Programa_global_IPCE_2013_ em pdf Programa_sessoes_paralelas2013 Sexta, 10 maio Friday, May 10th 8h30 Entrega de pastas 9h00 Sess\u00e3o abertura Opening session 9h30 Sess\u00e3o plen\u00e1ria Plenary session Ci\u00eancia, Multim\u00e9dia, Poesia e Afectos: Ferramentas de tens\u00e3o criativa para a educa\u00e7\u00e3o nos nossos tempos Jo\u00e3o Paiva, Faculdade de Ci\u00eancias da Universidade do Porto 10h30 Coffee break 11h00 Sess\u00f5es paralelas Presentation [&hellip;]<\/p>\n","protected":false},"author":102,"featured_media":0,"parent":0,"menu_order":5,"comment_status":"closed","ping_status":"closed","template":"","meta":{"footnotes":""},"class_list":["post-8","page","type-page","status-publish","hentry"],"_links":{"self":[{"href":"https:\/\/sites.ipleiria.pt\/ipce2013\/wp-json\/wp\/v2\/pages\/8","targetHints":{"allow":["GET"]}}],"collection":[{"href":"https:\/\/sites.ipleiria.pt\/ipce2013\/wp-json\/wp\/v2\/pages"}],"about":[{"href":"https:\/\/sites.ipleiria.pt\/ipce2013\/wp-json\/wp\/v2\/types\/page"}],"author":[{"embeddable":true,"href":"https:\/\/sites.ipleiria.pt\/ipce2013\/wp-json\/wp\/v2\/users\/102"}],"replies":[{"embeddable":true,"href":"https:\/\/sites.ipleiria.pt\/ipce2013\/wp-json\/wp\/v2\/comments?post=8"}],"version-history":[{"count":27,"href":"https:\/\/sites.ipleiria.pt\/ipce2013\/wp-json\/wp\/v2\/pages\/8\/revisions"}],"predecessor-version":[{"id":885,"href":"https:\/\/sites.ipleiria.pt\/ipce2013\/wp-json\/wp\/v2\/pages\/8\/revisions\/885"}],"wp:attachment":[{"href":"https:\/\/sites.ipleiria.pt\/ipce2013\/wp-json\/wp\/v2\/media?parent=8"}],"curies":[{"name":"wp","href":"https:\/\/api.w.org\/{rel}","templated":true}]}}