{"id":159,"date":"2013-12-02T15:20:06","date_gmt":"2013-12-02T15:20:06","guid":{"rendered":"http:\/\/ipce2014.ipleiria.pt\/?page_id=159"},"modified":"2015-03-21T10:44:46","modified_gmt":"2015-03-21T10:44:46","slug":"datas-importantes","status":"publish","type":"page","link":"https:\/\/sites.ipleiria.pt\/ipce2015\/datas-importantes\/","title":{"rendered":"Datas importantes"},"content":{"rendered":"<p><strong>Limite para a submiss\u00e3o de artigos: <\/strong>21 de\u00a0fevereiro de 2015<\/p>\n<p><strong>Limite para a submiss\u00e3o de relatos:<\/strong>\u00a021 de\u00a0fevereiro de 2015<\/p>\n<p><strong>Limite para a submiss\u00e3o de posters:<\/strong>\u00a021 de\u00a0fevereiro de 2015<\/p>\n<p><strong>Notifica\u00e7\u00e3o aos autores:<\/strong>\u00a0<span style=\"text-decoration: line-through\">21 de mar\u00e7o de 2015<\/span> 13 de abril de 2015<\/p>\n<p><strong>Inscri\u00e7\u00f5es na confer\u00eancia:<\/strong>\u00a0at\u00e9\u00a08 de maio de 2015<\/p>\n<p><strong>Datas da confer\u00eancia:<\/strong>\u00a008 e\u00a009 de maio de 2015<\/p>\n","protected":false},"excerpt":{"rendered":"<p>Limite para a submiss\u00e3o de artigos: 21 de\u00a0fevereiro de 2015 Limite para a submiss\u00e3o de relatos:\u00a021 de\u00a0fevereiro de 2015 Limite para a submiss\u00e3o de posters:\u00a021 de\u00a0fevereiro de 2015 Notifica\u00e7\u00e3o aos autores:\u00a021 de mar\u00e7o de 2015 13 de abril de 2015 Inscri\u00e7\u00f5es na confer\u00eancia:\u00a0at\u00e9\u00a08 de maio de 2015 Datas da confer\u00eancia:\u00a008 e\u00a009 de maio de 2015<\/p>\n","protected":false},"author":102,"featured_media":0,"parent":0,"menu_order":0,"comment_status":"closed","ping_status":"closed","template":"","meta":{"footnotes":""},"class_list":["post-159","page","type-page","status-publish","hentry"],"_links":{"self":[{"href":"https:\/\/sites.ipleiria.pt\/ipce2015\/wp-json\/wp\/v2\/pages\/159","targetHints":{"allow":["GET"]}}],"collection":[{"href":"https:\/\/sites.ipleiria.pt\/ipce2015\/wp-json\/wp\/v2\/pages"}],"about":[{"href":"https:\/\/sites.ipleiria.pt\/ipce2015\/wp-json\/wp\/v2\/types\/page"}],"author":[{"embeddable":true,"href":"https:\/\/sites.ipleiria.pt\/ipce2015\/wp-json\/wp\/v2\/users\/102"}],"replies":[{"embeddable":true,"href":"https:\/\/sites.ipleiria.pt\/ipce2015\/wp-json\/wp\/v2\/comments?post=159"}],"version-history":[{"count":4,"href":"https:\/\/sites.ipleiria.pt\/ipce2015\/wp-json\/wp\/v2\/pages\/159\/revisions"}],"predecessor-version":[{"id":797,"href":"https:\/\/sites.ipleiria.pt\/ipce2015\/wp-json\/wp\/v2\/pages\/159\/revisions\/797"}],"wp:attachment":[{"href":"https:\/\/sites.ipleiria.pt\/ipce2015\/wp-json\/wp\/v2\/media?parent=159"}],"curies":[{"name":"wp","href":"https:\/\/api.w.org\/{rel}","templated":true}]}}