{"id":22,"date":"2013-12-02T11:14:53","date_gmt":"2013-12-02T11:14:53","guid":{"rendered":"http:\/\/ipce2014.ipleiria.pt\/?page_id=22"},"modified":"2015-01-09T13:48:31","modified_gmt":"2015-01-09T13:48:31","slug":"contatos","status":"publish","type":"page","link":"https:\/\/sites.ipleiria.pt\/ipce2015\/contatos\/","title":{"rendered":"Contatos"},"content":{"rendered":"<p><strong>Comiss\u00e3o Organizadora e Comiss\u00e3o Cient\u00edfica<\/strong><br \/>\nEmail: <a href=\"mailto:ipce@ipleiria.pt?subject=IPCE 2014\">ipce@ipleiria.pt<\/a><\/p>\n<hr \/>\n<p><strong>Secretariado<\/strong><br \/>\nAlexandre Soares<br \/>\nEmail: <a href=\"mailto:asoares@ipleiria.pt?subject=IPCE 2014\">asoares@ipleiria.pt<\/a><br \/>\nTelefone: (+351) 244 829 471<\/p>\n<hr \/>\n<p><strong>Escola Superior de Educa\u00e7\u00e3o e Ci\u00eancias Sociais (Leiria)<\/strong><br \/>\nCampus 1 \u2014 Instituto Polit\u00e9cnico de Leiria<br \/>\nRua Dr. Jo\u00e3o Soares<br \/>\nApartado 4045<br \/>\n2411-901 Leiria \u2013 Portugal<br \/>\nTel: (+351) 244 829400 \u2022 Fax:(+351) 244 829499<br \/>\nE-mail: <a href=\"mailto:esecs@ipleiria.pt?subject=IPCE 2014\">esecs@ipleiria.pt<\/a><\/p>\n<p>Ver <a href=\"https:\/\/maps.google.com.br\/maps\/ms?msa=0&amp;msid=206043349600974920687.0004a922c4adc84ebfdf9&amp;ie=UTF8&amp;t=m&amp;vpsrc=0&amp;z=17&amp;source=embed\" target=\"_blank\">ESECS<\/a> no mapa<\/p>\n","protected":false},"excerpt":{"rendered":"<p>Comiss\u00e3o Organizadora e Comiss\u00e3o Cient\u00edfica Email: ipce@ipleiria.pt Secretariado Alexandre Soares Email: asoares@ipleiria.pt Telefone: (+351) 244 829 471 Escola Superior de Educa\u00e7\u00e3o e Ci\u00eancias Sociais (Leiria) Campus 1 \u2014 Instituto Polit\u00e9cnico de Leiria Rua Dr. Jo\u00e3o Soares Apartado 4045 2411-901 Leiria \u2013 Portugal Tel: (+351) 244 829400 \u2022 Fax:(+351) 244 829499 E-mail: esecs@ipleiria.pt Ver ESECS no [&hellip;]<\/p>\n","protected":false},"author":102,"featured_media":0,"parent":0,"menu_order":0,"comment_status":"closed","ping_status":"closed","template":"","meta":{"footnotes":""},"class_list":["post-22","page","type-page","status-publish","hentry"],"_links":{"self":[{"href":"https:\/\/sites.ipleiria.pt\/ipce2015\/wp-json\/wp\/v2\/pages\/22","targetHints":{"allow":["GET"]}}],"collection":[{"href":"https:\/\/sites.ipleiria.pt\/ipce2015\/wp-json\/wp\/v2\/pages"}],"about":[{"href":"https:\/\/sites.ipleiria.pt\/ipce2015\/wp-json\/wp\/v2\/types\/page"}],"author":[{"embeddable":true,"href":"https:\/\/sites.ipleiria.pt\/ipce2015\/wp-json\/wp\/v2\/users\/102"}],"replies":[{"embeddable":true,"href":"https:\/\/sites.ipleiria.pt\/ipce2015\/wp-json\/wp\/v2\/comments?post=22"}],"version-history":[{"count":3,"href":"https:\/\/sites.ipleiria.pt\/ipce2015\/wp-json\/wp\/v2\/pages\/22\/revisions"}],"predecessor-version":[{"id":724,"href":"https:\/\/sites.ipleiria.pt\/ipce2015\/wp-json\/wp\/v2\/pages\/22\/revisions\/724"}],"wp:attachment":[{"href":"https:\/\/sites.ipleiria.pt\/ipce2015\/wp-json\/wp\/v2\/media?parent=22"}],"curies":[{"name":"wp","href":"https:\/\/api.w.org\/{rel}","templated":true}]}}