{"id":5,"date":"2013-11-29T18:30:27","date_gmt":"2013-11-29T18:30:27","guid":{"rendered":"http:\/\/ipce2014.ipleiria.pt\/?page_id=5"},"modified":"2014-12-18T15:43:10","modified_gmt":"2014-12-18T15:43:10","slug":"organizacao","status":"publish","type":"page","link":"https:\/\/sites.ipleiria.pt\/ipce2015\/organizacao\/","title":{"rendered":"Organiza\u00e7\u00e3o"},"content":{"rendered":"<p><b><strong>Comiss\u00e3o Organizadora<\/strong><\/b><\/p>\n<p>H\u00e9lia Gon\u00e7alves Pinto<\/p>\n<p>Maria Isabel Pinto Sim\u00f5es Dias<\/p>\n<p>Romain Gillain Mu\u00f1oz<\/p>\n<div align=\"center\">\n<hr align=\"center\" noshade=\"noshade\" size=\"2\" width=\"100%\" \/>\n<\/div>\n<p><strong>Comiss\u00e3o Cient\u00edfica<\/strong><\/p>\n<p><b>\u00a0<\/b>Airina Volungevi\u010dien\u0117 &#8211; Vytautas Magnus Universityis (Lituania)<\/p>\n<p>Alzira Maria Rasc\u00e3o Saraiva \u2013 Instituto Polit\u00e9cnico de Leiria (Portugal)<\/p>\n<p>Beverley Fluckiger &#8211;\u00a0 Griffith University (Queensland &#8211; Australia)<\/p>\n<p>Filipe Alexandre da Silva Santos \u2013 Instituto Polit\u00e9cnico de Leiria (Portugal)<\/p>\n<p>H\u00e9lia Gon\u00e7alves Pinto \u2013 Instituto Polit\u00e9cnico de Leiria (Portugal)<\/p>\n<p>Isabel Cuadrado Gordillo\u00a0 \u2013 Universidad de Extremadura (Espanha)<\/p>\n<p>Isabel Sofia Godinho Silva Rebelo\u00a0 \u2013 Instituto Polit\u00e9cnico de Leiria (Portugal)<\/p>\n<p>Jos\u00e9 Brites Ferreira &#8211; Instituto Polit\u00e9cnico de Leiria (Portugal)<\/p>\n<p>L\u00facia Grave Magueta \u2013 Instituto Polit\u00e9cnico de Leiria (Portugal)<\/p>\n<p>Lu\u00eds Filipe Tom\u00e1s Barbeiro\u00a0 \u2013 Instituto Polit\u00e9cnico de Leiria (Portugal)<\/p>\n<p>Maria Ant\u00f3nia Belchior Barreto\u00a0 \u2013 Instituto Polit\u00e9cnico de Leiria (Portugal)<\/p>\n<p>Maria Assun\u00e7\u00e3o Folque \u2013 Universidade de \u00c9vora (Portugal)<\/p>\n<p>Maria Cinta Mu\u00f1oz Catal\u00e1n &#8211; Universidad de Sevilla (Espanha)<\/p>\n<p>Maria Isabel Alves Rodrigues Pereira \u2013 Instituto Polit\u00e9cnico de Leiria (Portugal)<\/p>\n<p>Maria Isabel Pinto Sim\u00f5es Dias \u2013 Instituto Polit\u00e9cnico de Leiria (Portugal)<\/p>\n<p>Maria Isabel Varregoso Rebetim Pereira- Instituto Polit\u00e9cnico de Leiria (Portugal)<\/p>\n<p>Maria Jos\u00e9 Gamboa &#8211; Instituto Polit\u00e9cnico de Leiria (Portugal)<\/p>\n<p>Maria de S\u00e3o Pedro dos Santos Silva Lopes &#8211; Instituto Polit\u00e9cnico de Leiria (Portugal)<\/p>\n<p>Marina Vict\u00f3ria Valvez Faria Rodrigues \u2013 Instituto Polit\u00e9cnico de Leiria (Portugal)<\/p>\n<p>Olga Solovova \u2013 CES, Universidade de Coimbra (Portugal)<\/p>\n<p>Pedro de Carvalho Silva \u2013 Instituto Polit\u00e9cnico de Leiria (Portugal)<\/p>\n<p>R\u00fabia Amaral \u2013 UNESP, Rio Claro (Brasil)<\/p>\n<p>Rui Gomes \u2013 Universidade do Minho (Portugal)<\/p>\n<p>Rui Resende &#8211; Instituto Superior da Maia (Portugal)<\/p>\n<p>Romain Gillain Mu\u00f1oz \u2013 Instituto Polit\u00e9cnico de Leiria (Portugal)<\/p>\n<p>Stela Maria Fernandes Marques \u00a0\u2013\u00a0PUC Minas Gerais (Brasil)<\/p>\n<p>Valeriana Guijo \u2013 Universidad de Burgos (Espanha)<\/p>\n<p>Victor Arufe Gir\u00e1ldez &#8211; Universidad de A Coru\u00f1a (Espanha)<\/p>\n<div align=\"center\">\n<hr align=\"center\" noshade=\"noshade\" size=\"2\" width=\"100%\" \/>\n<\/div>\n<p><strong>Institui\u00e7\u00e3o Organizadora<\/strong><\/p>\n<p>Escola Superior de Educa\u00e7\u00e3o e Ci\u00eancias Sociais &#8211; Instituto Polit\u00e9cnico de Leiria\u00a0(PORTUGAL)<\/p>\n","protected":false},"excerpt":{"rendered":"<p>Comiss\u00e3o Organizadora H\u00e9lia Gon\u00e7alves Pinto Maria Isabel Pinto Sim\u00f5es Dias Romain Gillain Mu\u00f1oz Comiss\u00e3o Cient\u00edfica \u00a0Airina Volungevi\u010dien\u0117 &#8211; Vytautas Magnus Universityis (Lituania) Alzira Maria Rasc\u00e3o Saraiva \u2013 Instituto Polit\u00e9cnico de Leiria (Portugal) Beverley Fluckiger &#8211;\u00a0 Griffith University (Queensland &#8211; Australia) Filipe Alexandre da Silva Santos \u2013 Instituto Polit\u00e9cnico de Leiria (Portugal) H\u00e9lia Gon\u00e7alves Pinto \u2013 [&hellip;]<\/p>\n","protected":false},"author":102,"featured_media":0,"parent":0,"menu_order":0,"comment_status":"closed","ping_status":"closed","template":"","meta":{"footnotes":""},"class_list":["post-5","page","type-page","status-publish","hentry"],"_links":{"self":[{"href":"https:\/\/sites.ipleiria.pt\/ipce2015\/wp-json\/wp\/v2\/pages\/5","targetHints":{"allow":["GET"]}}],"collection":[{"href":"https:\/\/sites.ipleiria.pt\/ipce2015\/wp-json\/wp\/v2\/pages"}],"about":[{"href":"https:\/\/sites.ipleiria.pt\/ipce2015\/wp-json\/wp\/v2\/types\/page"}],"author":[{"embeddable":true,"href":"https:\/\/sites.ipleiria.pt\/ipce2015\/wp-json\/wp\/v2\/users\/102"}],"replies":[{"embeddable":true,"href":"https:\/\/sites.ipleiria.pt\/ipce2015\/wp-json\/wp\/v2\/comments?post=5"}],"version-history":[{"count":10,"href":"https:\/\/sites.ipleiria.pt\/ipce2015\/wp-json\/wp\/v2\/pages\/5\/revisions"}],"predecessor-version":[{"id":617,"href":"https:\/\/sites.ipleiria.pt\/ipce2015\/wp-json\/wp\/v2\/pages\/5\/revisions\/617"}],"wp:attachment":[{"href":"https:\/\/sites.ipleiria.pt\/ipce2015\/wp-json\/wp\/v2\/media?parent=5"}],"curies":[{"name":"wp","href":"https:\/\/api.w.org\/{rel}","templated":true}]}}