{"id":548,"date":"2014-12-10T16:15:09","date_gmt":"2014-12-10T16:15:09","guid":{"rendered":"http:\/\/sites.ipleiria.pt\/ipce2015\/?page_id=548"},"modified":"2015-03-21T10:40:43","modified_gmt":"2015-03-21T10:40:43","slug":"inscription","status":"publish","type":"page","link":"https:\/\/sites.ipleiria.pt\/ipce2015\/inscription\/","title":{"rendered":"Inscripci\u00f3n"},"content":{"rendered":"<p>Cuota Participantes \u2013 40\u20ac<br \/>\nCuota Estudiantes de otras Instituciones de Ense\u00f1anza Superior \u2013 30\u20ac<br \/>\nCuota Estudiantes del Instituto Polit\u00e9cnico de Leiria \u2013 20\u20ac<br \/>\nCuota docentes y no docentes del Instituto Polit\u00e9cnico de Leiria \u2013 20\u20ac<\/p>\n<p>La cuota de inscripci\u00f3n al coloquio incluye la asistencia a la conferencia, la documentaci\u00f3n de la misma y las pausas-caf\u00e9.<\/p>\n<p>La cancelaci\u00f3n de la inscripci\u00f3n implica la p\u00e9rdida del valor total de la cuota.<\/p>\n<p><b>Procedimiento<\/b><br \/>\nPinche <a href=\"http:\/\/eventos.ipleiria.pt\/portal\/eventos?p_id=22957&amp;lang=pt-PT\">aqu\u00ed <\/a>para proceder a su inscripci\u00f3n y al pago en l\u00ednea.<\/p>\n<hr \/>\n<p><b>Para m\u00e1s informaciones:<\/b><br \/>\nAlexandre Soares \u2013 Secretariado IPCE<br \/>\nTel: (+351) 244 829 471 \/ Fax: (+351) 244 829 499<br \/>\nEmail:\u00a0<a href=\"mailto:asoares@ipleiria.pt\">asoares@ipleiria.pt<\/a><\/p>\n","protected":false},"excerpt":{"rendered":"<p>Cuota Participantes \u2013 40\u20ac Cuota Estudiantes de otras Instituciones de Ense\u00f1anza Superior \u2013 30\u20ac Cuota Estudiantes del Instituto Polit\u00e9cnico de Leiria \u2013 20\u20ac Cuota docentes y no docentes del Instituto Polit\u00e9cnico de Leiria \u2013 20\u20ac La cuota de inscripci\u00f3n al coloquio incluye la asistencia a la conferencia, la documentaci\u00f3n de la misma y las pausas-caf\u00e9. [&hellip;]<\/p>\n","protected":false},"author":102,"featured_media":0,"parent":0,"menu_order":0,"comment_status":"closed","ping_status":"closed","template":"","meta":{"footnotes":""},"class_list":["post-548","page","type-page","status-publish","hentry"],"_links":{"self":[{"href":"https:\/\/sites.ipleiria.pt\/ipce2015\/wp-json\/wp\/v2\/pages\/548","targetHints":{"allow":["GET"]}}],"collection":[{"href":"https:\/\/sites.ipleiria.pt\/ipce2015\/wp-json\/wp\/v2\/pages"}],"about":[{"href":"https:\/\/sites.ipleiria.pt\/ipce2015\/wp-json\/wp\/v2\/types\/page"}],"author":[{"embeddable":true,"href":"https:\/\/sites.ipleiria.pt\/ipce2015\/wp-json\/wp\/v2\/users\/102"}],"replies":[{"embeddable":true,"href":"https:\/\/sites.ipleiria.pt\/ipce2015\/wp-json\/wp\/v2\/comments?post=548"}],"version-history":[{"count":5,"href":"https:\/\/sites.ipleiria.pt\/ipce2015\/wp-json\/wp\/v2\/pages\/548\/revisions"}],"predecessor-version":[{"id":793,"href":"https:\/\/sites.ipleiria.pt\/ipce2015\/wp-json\/wp\/v2\/pages\/548\/revisions\/793"}],"wp:attachment":[{"href":"https:\/\/sites.ipleiria.pt\/ipce2015\/wp-json\/wp\/v2\/media?parent=548"}],"curies":[{"name":"wp","href":"https:\/\/api.w.org\/{rel}","templated":true}]}}