{"id":646,"date":"2014-12-18T16:41:47","date_gmt":"2014-12-18T16:41:47","guid":{"rendered":"http:\/\/sites.ipleiria.pt\/ipce2015\/?page_id=646"},"modified":"2015-03-16T12:47:28","modified_gmt":"2015-03-16T12:47:28","slug":"inscription-2","status":"publish","type":"page","link":"https:\/\/sites.ipleiria.pt\/ipce2015\/inscription-2\/","title":{"rendered":"Inscription"},"content":{"rendered":"<p>Participants \u2013 40\u20ac<\/p>\n<p>\u00c9tudiants de l\u2019Instituto Polit\u00e9cnico de Leiria \u2013 20\u20ac<\/p>\n<p>\u00c9tudiants d\u2019autres institutions d\u2019enseignement sup\u00e9rieur \u2013 30\u20ac<\/p>\n<p><strong>S\u2019inscrire <\/strong><br \/>\nDever\u00e1 efetuar a sua inscri\u00e7\u00e3o\/pagamento online <a href=\"http:\/\/eventos.ipleiria.pt\/portal\/eventos?p_id=22957&#038;lang=pt-PT\" target=\"_blank\">neste formul\u00e1rio<\/a>.<\/p>\n<p><strong>Pour de plus amples informations<\/strong><\/p>\n<p>Alexandre Soares \u2013 Secr\u00e9tariat IPCE<\/p>\n<p>T\u00e9l: (+351) 244 829 471 \/ Fax: (+351) 244 829 499<\/p>\n<p>Courriel: <a href=\"mailto:asoares@ipleiria.pt?subject=Pedido%20de%20Informa\u00e7\u00e3o%20-%20IPCE2014\">asoares@ipleiria.pt<\/a><\/p>\n<p><strong>Conditions g\u00e9n\u00e9rales<\/strong> La taxe d\u2019inscription inclut l\u2019assistance \u00e0 la conf\u00e9rence, l\u2019acc\u00e8s au mat\u00e9riel informatique et aux pauses caf\u00e9. L\u2019annulation de l\u2019inscription implique la perte total du montante pay\u00e9, n\u2019\u00e9tant pr\u00e9vu aucun remboursement.<\/p>\n","protected":false},"excerpt":{"rendered":"<p>Participants \u2013 40\u20ac \u00c9tudiants de l\u2019Instituto Polit\u00e9cnico de Leiria \u2013 20\u20ac \u00c9tudiants d\u2019autres institutions d\u2019enseignement sup\u00e9rieur \u2013 30\u20ac S\u2019inscrire Dever\u00e1 efetuar a sua inscri\u00e7\u00e3o\/pagamento online neste formul\u00e1rio. Pour de plus amples informations Alexandre Soares \u2013 Secr\u00e9tariat IPCE T\u00e9l: (+351) 244 829 471 \/ Fax: (+351) 244 829 499 Courriel: asoares@ipleiria.pt Conditions g\u00e9n\u00e9rales La taxe d\u2019inscription [&hellip;]<\/p>\n","protected":false},"author":1947,"featured_media":0,"parent":0,"menu_order":0,"comment_status":"closed","ping_status":"closed","template":"","meta":{"footnotes":""},"class_list":["post-646","page","type-page","status-publish","hentry"],"_links":{"self":[{"href":"https:\/\/sites.ipleiria.pt\/ipce2015\/wp-json\/wp\/v2\/pages\/646","targetHints":{"allow":["GET"]}}],"collection":[{"href":"https:\/\/sites.ipleiria.pt\/ipce2015\/wp-json\/wp\/v2\/pages"}],"about":[{"href":"https:\/\/sites.ipleiria.pt\/ipce2015\/wp-json\/wp\/v2\/types\/page"}],"author":[{"embeddable":true,"href":"https:\/\/sites.ipleiria.pt\/ipce2015\/wp-json\/wp\/v2\/users\/1947"}],"replies":[{"embeddable":true,"href":"https:\/\/sites.ipleiria.pt\/ipce2015\/wp-json\/wp\/v2\/comments?post=646"}],"version-history":[{"count":6,"href":"https:\/\/sites.ipleiria.pt\/ipce2015\/wp-json\/wp\/v2\/pages\/646\/revisions"}],"predecessor-version":[{"id":788,"href":"https:\/\/sites.ipleiria.pt\/ipce2015\/wp-json\/wp\/v2\/pages\/646\/revisions\/788"}],"wp:attachment":[{"href":"https:\/\/sites.ipleiria.pt\/ipce2015\/wp-json\/wp\/v2\/media?parent=646"}],"curies":[{"name":"wp","href":"https:\/\/api.w.org\/{rel}","templated":true}]}}