{"id":677,"date":"2014-12-19T13:54:30","date_gmt":"2014-12-19T13:54:30","guid":{"rendered":"http:\/\/sites.ipleiria.pt\/ipce2015\/?page_id=677"},"modified":"2015-01-09T13:48:51","modified_gmt":"2015-01-09T13:48:51","slug":"contacts","status":"publish","type":"page","link":"https:\/\/sites.ipleiria.pt\/ipce2015\/contacts\/","title":{"rendered":"Contacts"},"content":{"rendered":"<p><strong>Comit\u00e9 d&#8217;organisation\u00a0et Comission\u00a0Scientifique<\/strong><\/p>\n<p>Courriel: <a href=\"mailto:ipce@ipleiria.pt?subject=IPCE 2014\">ipce@ipleiria.pt<\/a><\/p>\n<p><strong>Secr\u00e9tariat<\/strong><\/p>\n<p>Alexandre Soares<\/p>\n<p>Courriel: <a href=\"mailto:asoares@ipleiria.pt?subject=IPCE 2014\">asoares@ipleiria.pt<\/a><\/p>\n<p>T\u00e9l\u00e9phone: (+351) 244 829 471<\/p>\n<p><strong>Escola Superior de Educa\u00e7\u00e3o e Ci\u00eancias Sociais (Leiria)<\/strong> Campus 1 \u2014 Instituto Polit\u00e9cnico de Leiria Rua Dr. Jo\u00e3o Soares Apartado 4045 2411-901 Leiria \u2013 Portugal T\u00e9l: (+351) 244 829400\u00a0 Fax:(+351) 244 829499 Courriel: <a href=\"mailto:esecs@ipleiria.pt?subject=IPCE 2014\">esecs@ipleiria.pt<\/a><\/p>\n<p>Voir <a href=\"https:\/\/maps.google.com.br\/maps\/ms?msa=0&amp;msid=206043349600974920687.0004a922c4adc84ebfdf9&amp;ie=UTF8&amp;t=m&amp;vpsrc=0&amp;z=17&amp;source=embed\">ESECS<\/a> sur la carte<\/p>\n","protected":false},"excerpt":{"rendered":"<p>Comit\u00e9 d&#8217;organisation\u00a0et Comission\u00a0Scientifique Courriel: ipce@ipleiria.pt Secr\u00e9tariat Alexandre Soares Courriel: asoares@ipleiria.pt T\u00e9l\u00e9phone: (+351) 244 829 471 Escola Superior de Educa\u00e7\u00e3o e Ci\u00eancias Sociais (Leiria) Campus 1 \u2014 Instituto Polit\u00e9cnico de Leiria Rua Dr. Jo\u00e3o Soares Apartado 4045 2411-901 Leiria \u2013 Portugal T\u00e9l: (+351) 244 829400\u00a0 Fax:(+351) 244 829499 Courriel: esecs@ipleiria.pt Voir ESECS sur la carte<\/p>\n","protected":false},"author":1947,"featured_media":0,"parent":0,"menu_order":0,"comment_status":"closed","ping_status":"closed","template":"","meta":{"footnotes":""},"class_list":["post-677","page","type-page","status-publish","hentry"],"_links":{"self":[{"href":"https:\/\/sites.ipleiria.pt\/ipce2015\/wp-json\/wp\/v2\/pages\/677","targetHints":{"allow":["GET"]}}],"collection":[{"href":"https:\/\/sites.ipleiria.pt\/ipce2015\/wp-json\/wp\/v2\/pages"}],"about":[{"href":"https:\/\/sites.ipleiria.pt\/ipce2015\/wp-json\/wp\/v2\/types\/page"}],"author":[{"embeddable":true,"href":"https:\/\/sites.ipleiria.pt\/ipce2015\/wp-json\/wp\/v2\/users\/1947"}],"replies":[{"embeddable":true,"href":"https:\/\/sites.ipleiria.pt\/ipce2015\/wp-json\/wp\/v2\/comments?post=677"}],"version-history":[{"count":5,"href":"https:\/\/sites.ipleiria.pt\/ipce2015\/wp-json\/wp\/v2\/pages\/677\/revisions"}],"predecessor-version":[{"id":726,"href":"https:\/\/sites.ipleiria.pt\/ipce2015\/wp-json\/wp\/v2\/pages\/677\/revisions\/726"}],"wp:attachment":[{"href":"https:\/\/sites.ipleiria.pt\/ipce2015\/wp-json\/wp\/v2\/media?parent=677"}],"curies":[{"name":"wp","href":"https:\/\/api.w.org\/{rel}","templated":true}]}}