{"id":700,"date":"2015-01-07T10:09:42","date_gmt":"2015-01-07T10:09:42","guid":{"rendered":"http:\/\/sites.ipleiria.pt\/ipce2015\/?page_id=700"},"modified":"2015-01-07T10:09:42","modified_gmt":"2015-01-07T10:09:42","slug":"committees-3","status":"publish","type":"page","link":"https:\/\/sites.ipleiria.pt\/ipce2015\/committees-3\/","title":{"rendered":"Committees"},"content":{"rendered":"<p><strong>Organization Committee<\/strong><\/p>\n<p>H\u00e9lia Gon\u00e7alves Pinto<\/p>\n<p>Maria Isabel Pinto Sim\u00f5es Dias<\/p>\n<p>Romain Gillain Mu\u00f1oz<\/p>\n<hr \/>\n<p><strong>Scientific Committee<\/strong><\/p>\n<p>Airina Volungevi\u010dien\u0117 &#8211; Vytautas Magnus Universityis (Lituania)<\/p>\n<p>Alzira Maria Rasc\u00e3o Saraiva \u2013 Instituto Polit\u00e9cnico de Leiria (Portugal)<\/p>\n<p>Beverley Fluckiger &#8211;\u00a0 Griffith University (Queensland &#8211; Australia)<\/p>\n<p>Filipe Alexandre da Silva Santos \u2013 Instituto Polit\u00e9cnico de Leiria (Portugal)<\/p>\n<p>H\u00e9lia Gon\u00e7alves Pinto \u2013 Instituto Polit\u00e9cnico de Leiria (Portugal)<\/p>\n<p>Isabel Cuadrado Gordillo &#8211; Universidad de Extremadura (Spain)<\/p>\n<p>Isabel Sofia Godinho Silva Rebelo &#8211; Instituto Polit\u00e9cnico de Leiria (Portugal)<\/p>\n<p>Jos\u00e9 Brites Ferreira &#8211; Instituto Polit\u00e9cnico de Leiria (Portugal)<\/p>\n<p>L\u00facia Grave Magueta \u2013 Instituto Polit\u00e9cnico de Leiria (Portugal)<\/p>\n<p>Lu\u00eds Filipe Tom\u00e1s Barbeiro &#8211; Instituto Polit\u00e9cnico de Leiria (Portugal)<\/p>\n<p>Maria Ant\u00f3nia Belchior Barreto &#8211; Instituto Polit\u00e9cnico de Leiria (Portugal)<\/p>\n<p>Maria Assun\u00e7\u00e3o Folque \u2013 Universidade de \u00c9vora (Portugal)<\/p>\n<p>Maria Cinta Mu\u00f1oz Catal\u00e1n &#8211; Universidad de Sevilla (Spain)<\/p>\n<p>Maria Isabel Alves Rodrigues Pereira \u2013 Instituto Polit\u00e9cnico de Leiria (Portugal)<\/p>\n<p>Maria Isabel Pinto Sim\u00f5es Dias \u2013 Instituto Polit\u00e9cnico de Leiria (Portugal)<\/p>\n<p>Maria Isabel Varregoso Rebetim Pereira- Instituto Polit\u00e9cnico de Leiria (Portugal)<\/p>\n<p>Maria Jos\u00e9 Gamboa &#8211; Instituto Polit\u00e9cnico de Leiria (Portugal)<\/p>\n<p>Maria de S\u00e3o Pedro dos Santos Silva Lopes &#8211; Instituto Polit\u00e9cnico de Leiria (Portugal)<\/p>\n<p>Marina Vict\u00f3ria Valvez Faria Rodrigues \u2013 Instituto Polit\u00e9cnico de Leiria (Portugal)<\/p>\n<p>Olga Solovova \u2013 CES, Universidade de Coimbra (Portugal)<\/p>\n<p>Pedro de Carvalho Silva \u2013 Instituto Polit\u00e9cnico de Leiria (Portugal)<\/p>\n<p>R\u00fabia Amaral \u2013 UNESP, Rio Claro (Brazil)<\/p>\n<p>Rui Gomes \u2013 Universidade do Minho (Portugal)<\/p>\n<p>Rui Resende &#8211; Instituto Superior da Maia (Portugal)<\/p>\n<p>Romain Gillain Mu\u00f1oz \u2013 Instituto Polit\u00e9cnico de Leiria (Portugal)<\/p>\n<p>Stela Maria Fernandes Marques \u00a0\u2013\u00a0PUC Minas Gerais (Brazil)<\/p>\n<p>Valeriana Guijo \u2013 Universidad de Burgos (Spain)<\/p>\n<p>Victor Arufe Gir\u00e1ldez &#8211; Universidad de A Coru\u00f1a (Spain)<\/p>\n<hr \/>\n<p><strong>Organizing Institution<\/strong><br \/>\nSchool of Education and Social Sciences &#8211; Polytechnic Institute of Leiria (IPL)\u00a0(PORTUGAL)<\/p>\n","protected":false},"excerpt":{"rendered":"<p>Organization Committee H\u00e9lia Gon\u00e7alves Pinto Maria Isabel Pinto Sim\u00f5es Dias Romain Gillain Mu\u00f1oz Scientific Committee Airina Volungevi\u010dien\u0117 &#8211; Vytautas Magnus Universityis (Lituania) Alzira Maria Rasc\u00e3o Saraiva \u2013 Instituto Polit\u00e9cnico de Leiria (Portugal) Beverley Fluckiger &#8211;\u00a0 Griffith University (Queensland &#8211; Australia) Filipe Alexandre da Silva Santos \u2013 Instituto Polit\u00e9cnico de Leiria (Portugal) H\u00e9lia Gon\u00e7alves Pinto \u2013 [&hellip;]<\/p>\n","protected":false},"author":102,"featured_media":0,"parent":0,"menu_order":0,"comment_status":"closed","ping_status":"closed","template":"","meta":{"footnotes":""},"class_list":["post-700","page","type-page","status-publish","hentry"],"_links":{"self":[{"href":"https:\/\/sites.ipleiria.pt\/ipce2015\/wp-json\/wp\/v2\/pages\/700","targetHints":{"allow":["GET"]}}],"collection":[{"href":"https:\/\/sites.ipleiria.pt\/ipce2015\/wp-json\/wp\/v2\/pages"}],"about":[{"href":"https:\/\/sites.ipleiria.pt\/ipce2015\/wp-json\/wp\/v2\/types\/page"}],"author":[{"embeddable":true,"href":"https:\/\/sites.ipleiria.pt\/ipce2015\/wp-json\/wp\/v2\/users\/102"}],"replies":[{"embeddable":true,"href":"https:\/\/sites.ipleiria.pt\/ipce2015\/wp-json\/wp\/v2\/comments?post=700"}],"version-history":[{"count":1,"href":"https:\/\/sites.ipleiria.pt\/ipce2015\/wp-json\/wp\/v2\/pages\/700\/revisions"}],"predecessor-version":[{"id":701,"href":"https:\/\/sites.ipleiria.pt\/ipce2015\/wp-json\/wp\/v2\/pages\/700\/revisions\/701"}],"wp:attachment":[{"href":"https:\/\/sites.ipleiria.pt\/ipce2015\/wp-json\/wp\/v2\/media?parent=700"}],"curies":[{"name":"wp","href":"https:\/\/api.w.org\/{rel}","templated":true}]}}