{"id":15,"date":"2013-12-02T11:10:31","date_gmt":"2013-12-02T11:10:31","guid":{"rendered":"http:\/\/ipce2014.ipleiria.pt\/?page_id=15"},"modified":"2016-03-10T09:41:29","modified_gmt":"2016-03-10T09:41:29","slug":"submissao-de-trabalhos","status":"publish","type":"page","link":"https:\/\/sites.ipleiria.pt\/ipce2016\/pt\/submissao-de-trabalhos\/","title":{"rendered":"Submiss\u00e3o de trabalhos"},"content":{"rendered":"<p>As sess\u00f5es paralelas de comunica\u00e7\u00e3o destinam-se \u00e0 apresenta\u00e7\u00e3o de experi\u00eancias educativas, projetos, trabalhos de investiga\u00e7\u00e3o, ferramentas e materiais dentro dos temas definidos para a confer\u00eancia IPCE. As sess\u00f5es decorrer\u00e3o em paralelo, em salas previamente indicadas para o efeito.<\/p>\n<p>A Comiss\u00e3o Organizadora da IPCE convida a comunidade educativa, nomeadamente, educadores, professores, investigadores, estudantes do ensino superior, \u00f3rg\u00e3os de dire\u00e7\u00e3o e gest\u00e3o de institui\u00e7\u00f5es e t\u00e9cnicos da \u00e1rea da educa\u00e7\u00e3o, \u00e0 apresenta\u00e7\u00e3o de trabalhos num dos seguintes formatos:<\/p>\n<hr \/>\n<p><strong>Artigo<\/strong><br \/>\nA apresenta\u00e7\u00e3o de artigos \u00e0 IPCE visa a divulga\u00e7\u00e3o de trabalhos de investiga\u00e7\u00e3o, experi\u00eancias educativas, projetos, ferramentas e materiais. A submiss\u00e3o de trabalhos \u00e9 feita atrav\u00e9s do envio de um artigo escrito (template predefinido) que n\u00e3o dever\u00e1 ultrapassar as 10 p\u00e1ginas. Os trabalhos aceites ser\u00e3o publicados nas atas da IPCE. Para al\u00e9m da publica\u00e7\u00e3o nas Atas da Confer\u00eancia, h\u00e1, ainda, a possibilidade de os artigos mais relevantes serem propostos para publica\u00e7\u00e3o na Revista de Investiga\u00e7\u00e3o em Educa\u00e7\u00e3o e Ci\u00eancias Sociais (RIECS).<\/p>\n<p>Template para submiss\u00e3o de artigos: <a href=\"http:\/\/1drv.ms\/1N5LSi9\" target=\"_blank\">Modelo para Artigos<\/a>\u00a0(.doc)<br \/>\nApresenta\u00e7\u00e3o oral (sess\u00f5es paralelas): 15 minutos<br \/>\nEquipamento dispon\u00edvel: PC, projetor, Internet wireless<\/p>\n<p>O artigo a submeter at\u00e9 o <strong><span style=\"text-decoration: line-through;\">15 de fevereiro de 2016<\/span><\/strong><strong>\u00a0 07 de mar\u00e7o de 2016<\/strong><\/p>\n<p><strong>[encerrado]<\/strong><\/p>\n<hr \/>\n<p><strong>Relato<\/strong><br \/>\nVisa a divulga\u00e7\u00e3o de experi\u00eancias educativas, projetos, ferramentas e materiais. Este formato \u00e9 particularmente adequado a experi\u00eancias educativas e projetos que ainda estejam a decorrer.<br \/>\nA submiss\u00e3o \u00e9 feita via resumo alargado (template predefinido) com tamanho m\u00e1ximo de 2 p\u00e1ginas<\/p>\n<p>Template para submiss\u00e3o de relatos: <a href=\"http:\/\/1drv.ms\/1N5M15k\">Modelo para Relatos<\/a>\u00a0(.doc)<br \/>\nApresenta\u00e7\u00e3o oral (sess\u00f5es paralelas): 15 minutos<br \/>\nEquipamento dispon\u00edvel: PC, projetor, Internet wireless<br \/>\nA proposta de relato a submeter at\u00e9 <strong><span style=\"text-decoration: line-through;\">15 de fevereiro de 2016<\/span><\/strong><strong>\u00a0 07 de mar\u00e7o de 2016<\/strong><\/p>\n<p><strong>[encerrado]<\/strong><\/p>\n<hr \/>\n<p><strong>Poster<\/strong><br \/>\nVisa a divulga\u00e7\u00e3o de trabalhos de investiga\u00e7\u00e3o, experi\u00eancias educativas, projetos, ferramentas e materiais. A apresenta\u00e7\u00e3o de posters na IPCE constitui uma excelente oportunidade para os autores divulgarem e discutirem os seus trabalhos de um modo interativo e informal.<\/p>\n<p>A submiss\u00e3o de posters \u00e9 feita via modelo para poster (template predefinido).<br \/>\nOs posters aceites \u00e0 IPCE dever\u00e3o ser afixados no in\u00edcio do primeiro dia da confer\u00eancia, mantendo-se at\u00e9 ao final (tamanho A0, vertical). Os autores dever\u00e3o estar presentes durante a sess\u00e3o de apresenta\u00e7\u00e3o de posters, de modo a poderem apresentar e discutir informalmente o seu trabalho. A sess\u00e3o de apresenta\u00e7\u00e3o de posters durar\u00e1 uma hora. Os materiais a expor s\u00e3o da responsabilidade dos autores e dever\u00e3o ser preparados previamente \u00e0 confer\u00eancia.<\/p>\n<p>Template para submiss\u00e3o de posters: <a href=\"http:\/\/1drv.ms\/1N5M3de\">Modelo para Poster<\/a>\u00a0(.ppt)<br \/>\nApresenta\u00e7\u00e3o (sess\u00e3o de posters): 1 hora<br \/>\nEquipamento dispon\u00edvel: Painel lateral, Internet wireless<\/p>\n<p>O resumo do poster a submeter at\u00e9 o <strong><span style=\"text-decoration: line-through;\">15 de fevereiro de 2016<\/span><\/strong><strong>\u00a0 07 de mar\u00e7o de 2016<\/strong><\/p>\n<p><strong>[encerrado]<\/strong><\/p>\n<hr \/>\n<p>Deve identificar o ficheiro com o formato do trabalho (artigo -p\u00f3ster-relato), apelido do autor principal e institui\u00e7\u00e3o de origem (exemplo: ArtigoPintoIPL ou PosterPintoIPL ou RelatoPintoIPL).<\/p>\n<p>Os trabalhos enviados ser\u00e3o sujeitos a uma avalia\u00e7\u00e3o cega por especialistas da Comiss\u00e3o Cient\u00edfica do IPCE 2016. Nesta avalia\u00e7\u00e3o ter-se-\u00e1 em considera\u00e7\u00e3o a:<\/p>\n<p>i) Pertin\u00eancia da proposta em rela\u00e7\u00e3o \u00e0 tem\u00e1tica da confer\u00eancia<\/p>\n<p>ii) Qualidade cient\u00edfica e contributos do trabalho<\/p>\n<p>iii) Respeito das normas de reda\u00e7\u00e3o<\/p>\n<p>Ap\u00f3s a avalia\u00e7\u00e3o, a Comiss\u00e3o Organizadora da IPCE enviar\u00e1 aos autores, por correio eletr\u00f3nico, nota sobre a aceita\u00e7\u00e3o das propostas submetidas, at\u00e9 ao dia at\u00e9 o <strong><span style=\"text-decoration: line-through;\">15 de mar\u00e7o de 2016<\/span><\/strong><strong>\u00a031 de mar\u00e7o de 2016<\/strong><\/p>\n<p>A apresenta\u00e7\u00e3o dos trabalhos aceites est\u00e1 dependente da inscri\u00e7\u00e3o na IPCE de pelo menos um dos autores.\u00a0S\u00f3 ser\u00e3o publicas nas atas os trabalhos efetivamente apresentados na Confer\u00eancia<\/p>\n","protected":false},"excerpt":{"rendered":"<p>As sess\u00f5es paralelas de comunica\u00e7\u00e3o destinam-se \u00e0 apresenta\u00e7\u00e3o de experi\u00eancias educativas, projetos, trabalhos de investiga\u00e7\u00e3o, ferramentas e materiais dentro dos temas definidos para a confer\u00eancia IPCE. As sess\u00f5es decorrer\u00e3o em paralelo, em salas previamente indicadas para o efeito. A Comiss\u00e3o Organizadora da IPCE convida a comunidade educativa, nomeadamente, educadores, professores, investigadores, estudantes do ensino superior, [&hellip;]<\/p>\n","protected":false},"author":102,"featured_media":0,"parent":0,"menu_order":0,"comment_status":"closed","ping_status":"closed","template":"","meta":{"footnotes":""},"class_list":["post-15","page","type-page","status-publish","hentry"],"_links":{"self":[{"href":"https:\/\/sites.ipleiria.pt\/ipce2016\/wp-json\/wp\/v2\/pages\/15","targetHints":{"allow":["GET"]}}],"collection":[{"href":"https:\/\/sites.ipleiria.pt\/ipce2016\/wp-json\/wp\/v2\/pages"}],"about":[{"href":"https:\/\/sites.ipleiria.pt\/ipce2016\/wp-json\/wp\/v2\/types\/page"}],"author":[{"embeddable":true,"href":"https:\/\/sites.ipleiria.pt\/ipce2016\/wp-json\/wp\/v2\/users\/102"}],"replies":[{"embeddable":true,"href":"https:\/\/sites.ipleiria.pt\/ipce2016\/wp-json\/wp\/v2\/comments?post=15"}],"version-history":[{"count":22,"href":"https:\/\/sites.ipleiria.pt\/ipce2016\/wp-json\/wp\/v2\/pages\/15\/revisions"}],"predecessor-version":[{"id":1082,"href":"https:\/\/sites.ipleiria.pt\/ipce2016\/wp-json\/wp\/v2\/pages\/15\/revisions\/1082"}],"wp:attachment":[{"href":"https:\/\/sites.ipleiria.pt\/ipce2016\/wp-json\/wp\/v2\/media?parent=15"}],"curies":[{"name":"wp","href":"https:\/\/api.w.org\/{rel}","templated":true}]}}