{"id":159,"date":"2013-12-02T15:20:06","date_gmt":"2013-12-02T15:20:06","guid":{"rendered":"http:\/\/ipce2014.ipleiria.pt\/?page_id=159"},"modified":"2016-02-18T15:26:05","modified_gmt":"2016-02-18T15:26:05","slug":"datas-importantes","status":"publish","type":"page","link":"https:\/\/sites.ipleiria.pt\/ipce2016\/pt\/datas-importantes\/","title":{"rendered":"Datas importantes"},"content":{"rendered":"<p><strong>Limite para a submiss\u00e3o de artigos: <\/strong><span style=\"text-decoration: line-through\">15 de\u00a0fevereiro de 2016<\/span> 07 de mar\u00e7o de 2016<\/p>\n<p><strong>Limite para a submiss\u00e3o de relatos: <\/strong><span style=\"text-decoration: line-through\">15 de\u00a0fevereiro de 2016<\/span> 07 de mar\u00e7o de 2016<\/p>\n<p><strong>Limite para a submiss\u00e3o de posters: <\/strong><span style=\"text-decoration: line-through\">15 de\u00a0fevereiro de 2016<\/span> 07 de mar\u00e7o de 2016<\/p>\n<p><strong>Notifica\u00e7\u00e3o aos autores:\u00a0<\/strong><span style=\"text-decoration: line-through\">01 de marzo\u00a0de 2016<\/span>\u00a031 de mar\u00e7o\u00a0de 2016<\/p>\n<p><strong>Inscri\u00e7\u00f5es na confer\u00eancia:<\/strong>\u00a0at\u00e9\u00a030 de abril de 2016<\/p>\n<p><strong>Datas da confer\u00eancia:<\/strong>\u00a005, 06\u00a0e\u00a007 de maio de 2016<\/p>\n","protected":false},"excerpt":{"rendered":"<p>Limite para a submiss\u00e3o de artigos: 15 de\u00a0fevereiro de 2016 07 de mar\u00e7o de 2016 Limite para a submiss\u00e3o de relatos: 15 de\u00a0fevereiro de 2016 07 de mar\u00e7o de 2016 Limite para a submiss\u00e3o de posters: 15 de\u00a0fevereiro de 2016 07 de mar\u00e7o de 2016 Notifica\u00e7\u00e3o aos autores:\u00a001 de marzo\u00a0de 2016\u00a031 de mar\u00e7o\u00a0de 2016 Inscri\u00e7\u00f5es [&hellip;]<\/p>\n","protected":false},"author":102,"featured_media":0,"parent":0,"menu_order":0,"comment_status":"closed","ping_status":"closed","template":"","meta":{"footnotes":""},"class_list":["post-159","page","type-page","status-publish","hentry"],"_links":{"self":[{"href":"https:\/\/sites.ipleiria.pt\/ipce2016\/wp-json\/wp\/v2\/pages\/159","targetHints":{"allow":["GET"]}}],"collection":[{"href":"https:\/\/sites.ipleiria.pt\/ipce2016\/wp-json\/wp\/v2\/pages"}],"about":[{"href":"https:\/\/sites.ipleiria.pt\/ipce2016\/wp-json\/wp\/v2\/types\/page"}],"author":[{"embeddable":true,"href":"https:\/\/sites.ipleiria.pt\/ipce2016\/wp-json\/wp\/v2\/users\/102"}],"replies":[{"embeddable":true,"href":"https:\/\/sites.ipleiria.pt\/ipce2016\/wp-json\/wp\/v2\/comments?post=159"}],"version-history":[{"count":7,"href":"https:\/\/sites.ipleiria.pt\/ipce2016\/wp-json\/wp\/v2\/pages\/159\/revisions"}],"predecessor-version":[{"id":1069,"href":"https:\/\/sites.ipleiria.pt\/ipce2016\/wp-json\/wp\/v2\/pages\/159\/revisions\/1069"}],"wp:attachment":[{"href":"https:\/\/sites.ipleiria.pt\/ipce2016\/wp-json\/wp\/v2\/media?parent=159"}],"curies":[{"name":"wp","href":"https:\/\/api.w.org\/{rel}","templated":true}]}}