{"id":18,"date":"2013-12-02T11:12:02","date_gmt":"2013-12-02T11:12:02","guid":{"rendered":"http:\/\/ipce2014.ipleiria.pt\/?page_id=18"},"modified":"2016-05-03T18:34:39","modified_gmt":"2016-05-03T18:34:39","slug":"programa","status":"publish","type":"page","link":"https:\/\/sites.ipleiria.pt\/ipce2016\/pt\/programa\/","title":{"rendered":"Programa"},"content":{"rendered":"<p>Programa global \u00a0J\u00e1 dispon\u00edvel (clique <a href=\"https:\/\/onedrive.live.com\/redir?resid=E1FB5D825E044507!1084&amp;authkey=!ACP_Wxr-2DkEsyU&amp;ithint=file%2cpdf\">aqui<\/a>)<\/p>\n<p>Programa sess\u00f5es paralelas (vers\u00e3o final)\u00a0J\u00e1 dispon\u00edvel\u00a0(clique <a href=\"https:\/\/onedrive.live.com\/redir?resid=E1FB5D825E044507!1088&amp;authkey=!AF9AMc4kmRnLR0Q&amp;ithint=file%2cpdf\">aqui<\/a>)<\/p>\n<p>Workshops (clique <a href=\"http:\/\/1drv.ms\/1KeqxnE\">aqui<\/a>) J\u00e1 dispon\u00edvel<\/p>\n","protected":false},"excerpt":{"rendered":"<p>Programa global \u00a0J\u00e1 dispon\u00edvel (clique aqui) Programa sess\u00f5es paralelas (vers\u00e3o final)\u00a0J\u00e1 dispon\u00edvel\u00a0(clique aqui) Workshops (clique aqui) J\u00e1 dispon\u00edvel<\/p>\n","protected":false},"author":102,"featured_media":0,"parent":0,"menu_order":0,"comment_status":"closed","ping_status":"closed","template":"","meta":{"footnotes":""},"class_list":["post-18","page","type-page","status-publish","hentry"],"_links":{"self":[{"href":"https:\/\/sites.ipleiria.pt\/ipce2016\/wp-json\/wp\/v2\/pages\/18","targetHints":{"allow":["GET"]}}],"collection":[{"href":"https:\/\/sites.ipleiria.pt\/ipce2016\/wp-json\/wp\/v2\/pages"}],"about":[{"href":"https:\/\/sites.ipleiria.pt\/ipce2016\/wp-json\/wp\/v2\/types\/page"}],"author":[{"embeddable":true,"href":"https:\/\/sites.ipleiria.pt\/ipce2016\/wp-json\/wp\/v2\/users\/102"}],"replies":[{"embeddable":true,"href":"https:\/\/sites.ipleiria.pt\/ipce2016\/wp-json\/wp\/v2\/comments?post=18"}],"version-history":[{"count":10,"href":"https:\/\/sites.ipleiria.pt\/ipce2016\/wp-json\/wp\/v2\/pages\/18\/revisions"}],"predecessor-version":[{"id":1148,"href":"https:\/\/sites.ipleiria.pt\/ipce2016\/wp-json\/wp\/v2\/pages\/18\/revisions\/1148"}],"wp:attachment":[{"href":"https:\/\/sites.ipleiria.pt\/ipce2016\/wp-json\/wp\/v2\/media?parent=18"}],"curies":[{"name":"wp","href":"https:\/\/api.w.org\/{rel}","templated":true}]}}