{"id":20,"date":"2013-12-02T11:13:26","date_gmt":"2013-12-02T11:13:26","guid":{"rendered":"http:\/\/ipce2014.ipleiria.pt\/?page_id=20"},"modified":"2016-04-05T08:44:29","modified_gmt":"2016-04-05T08:44:29","slug":"inscricao","status":"publish","type":"page","link":"https:\/\/sites.ipleiria.pt\/ipce2016\/pt\/inscricao\/","title":{"rendered":"Inscri\u00e7\u00e3o"},"content":{"rendered":"<table style=\"height: 258px;\" border=\"1\" width=\"531\">\n<tbody>\n<tr>\n<td width=\"293\"><strong>\u00a0<\/strong><\/td>\n<td width=\"113\"><strong>Confer\u00eancia + <em>Workshop<\/em><\/strong><\/td>\n<td width=\"123\"><strong><em>Workshop<\/em><\/strong><\/td>\n<td width=\"132\"><strong>Confer\u00eancia <\/strong><\/td>\n<\/tr>\n<tr>\n<td width=\"293\">a) Participantes<\/td>\n<td width=\"113\">60 euros<\/td>\n<td width=\"123\">15 euros<\/td>\n<td width=\"132\">55 euros<\/td>\n<\/tr>\n<tr>\n<td width=\"293\">b) Estudantes do Instituto Polit\u00e9cnico de Leiria; Orientadores Cooperantes; Outros colaboradores da ESECS\/ IPL<\/td>\n<td width=\"113\">20 euros<\/td>\n<td width=\"123\">10 euros<\/td>\n<td width=\"132\">15 euros<\/td>\n<\/tr>\n<tr>\n<td width=\"293\">c) Estudantes de outras Institui\u00e7\u00f5es do Ensino Superior<\/td>\n<td width=\"113\">45 euros<\/td>\n<td width=\"123\">10 euros<\/td>\n<td width=\"132\">40 euros<\/td>\n<\/tr>\n<tr>\n<td width=\"293\">d) Funcion\u00e1rios docentes e n\u00e3o docentes do Instituto Polit\u00e9cnico de Leiria e Antigos estudantes do IPL registados na Rede IPLeiri@lumni<\/td>\n<td width=\"113\">30 euros<\/td>\n<td width=\"123\">15 euros<\/td>\n<td width=\"132\">25 euros<\/td>\n<\/tr>\n<\/tbody>\n<\/table>\n<p><strong>Inscri\u00e7\u00f5es abertas<\/strong> clique <a href=\"http:\/\/eventos.ipleiria.pt\/portal\/eventos?p_id=22957&#038;lang=pt-PT\" target=\"_blank\">aqui<\/a>.<\/p>\n<hr \/>\n<p><strong>Para mais informa\u00e7\u00f5es<\/strong><br \/>\nAlexandre Soares \u2013 Secretariado IPCE<br \/>\nTel: (+351) 244 829 471 \/ Fax: (+351) 244 829 499<br \/>\nEmail: <a href=\"mailto:grpci.esecs@ipleiria.pt?subject=Pedido de Informa\u00e7\u00e3o - IPCE2014\">grpci.esecs@ipleiria.pt<\/a><\/p>\n<hr \/>\n<p><strong>Termos e Condi\u00e7\u00f5es<\/strong><br \/>\nA taxa de inscri\u00e7\u00e3o inclui a assist\u00eancia \u00e0 confer\u00eancia, acesso ao material informativo e aos coffee breaks.<br \/>\nO cancelamento de inscri\u00e7\u00f5es implica a perda total do valor da taxa de inscri\u00e7\u00e3o, n\u00e3o havendo lugar a reembolsos.<\/p>\n","protected":false},"excerpt":{"rendered":"<p>\u00a0 Confer\u00eancia + Workshop Workshop Confer\u00eancia a) Participantes 60 euros 15 euros 55 euros b) Estudantes do Instituto Polit\u00e9cnico de Leiria; Orientadores Cooperantes; Outros colaboradores da ESECS\/ IPL 20 euros 10 euros 15 euros c) Estudantes de outras Institui\u00e7\u00f5es do Ensino Superior 45 euros 10 euros 40 euros d) Funcion\u00e1rios docentes e n\u00e3o docentes do [&hellip;]<\/p>\n","protected":false},"author":102,"featured_media":0,"parent":0,"menu_order":0,"comment_status":"closed","ping_status":"closed","template":"","meta":{"footnotes":""},"class_list":["post-20","page","type-page","status-publish","hentry"],"_links":{"self":[{"href":"https:\/\/sites.ipleiria.pt\/ipce2016\/wp-json\/wp\/v2\/pages\/20","targetHints":{"allow":["GET"]}}],"collection":[{"href":"https:\/\/sites.ipleiria.pt\/ipce2016\/wp-json\/wp\/v2\/pages"}],"about":[{"href":"https:\/\/sites.ipleiria.pt\/ipce2016\/wp-json\/wp\/v2\/types\/page"}],"author":[{"embeddable":true,"href":"https:\/\/sites.ipleiria.pt\/ipce2016\/wp-json\/wp\/v2\/users\/102"}],"replies":[{"embeddable":true,"href":"https:\/\/sites.ipleiria.pt\/ipce2016\/wp-json\/wp\/v2\/comments?post=20"}],"version-history":[{"count":9,"href":"https:\/\/sites.ipleiria.pt\/ipce2016\/wp-json\/wp\/v2\/pages\/20\/revisions"}],"predecessor-version":[{"id":1086,"href":"https:\/\/sites.ipleiria.pt\/ipce2016\/wp-json\/wp\/v2\/pages\/20\/revisions\/1086"}],"wp:attachment":[{"href":"https:\/\/sites.ipleiria.pt\/ipce2016\/wp-json\/wp\/v2\/media?parent=20"}],"curies":[{"name":"wp","href":"https:\/\/api.w.org\/{rel}","templated":true}]}}