{"id":465,"date":"2014-11-26T17:47:20","date_gmt":"2014-11-26T17:47:20","guid":{"rendered":"http:\/\/sites.ipleiria.pt\/ipce2015\/?page_id=465"},"modified":"2016-03-10T09:40:57","modified_gmt":"2016-03-10T09:40:57","slug":"envio-de-trabajos-2","status":"publish","type":"page","link":"https:\/\/sites.ipleiria.pt\/ipce2016\/es\/envio-de-trabajos-2\/","title":{"rendered":"Env\u00edo de Trabajos"},"content":{"rendered":"<p>Las sesiones paralelas sirven para presentar experiencias educativas, proyectos, trabajos de investigaci\u00f3n, herramientas y materiales enmarcados en las \u00e1reas tem\u00e1ticas de la conferencia IPCE. Las distintas sesiones tendr\u00e1n lugar en paralelo, en salas anunciadas con antelaci\u00f3n.<\/p>\n<p>El comit\u00e9 Organizador da IPCE anima a la comunidad educativa, en particular, a los educadores, profesores, investigadores, estudiantes de la ense\u00f1anza superior, gestores de instituciones y t\u00e9cnicos en el campo de la educaci\u00f3n a presentar trabajos en los siguientes formatos:<\/p>\n<hr \/>\n<p><b>Art\u00edculos<br \/>\n<\/b>La presentaci\u00f3n de art\u00edculos en la IPCE favorece la divulgaci\u00f3n trabajos de investigaci\u00f3n, experiencias educativas, proyectos, herramientas y materiales. La presentaci\u00f3n de los trabajos se realiza mediante el env\u00edo de un art\u00edculo escrito que no deber\u00e1 exceder las 10 p\u00e1ginas.<\/p>\n<p>Los trabajos aceptados ser\u00e1n publicados en el Libro de Actas del IPCE. Adem\u00e1s de la publicaci\u00f3n en las Actas de la Conferencia, cabe la posibilidad de que los art\u00edculos m\u00e1s interesantes sean presentados para ser incluidos en la <em>Revista de Investiga\u00e7\u00e3o em Educa\u00e7\u00e3o e Ci\u00eancias Sociais<\/em> (RIECS).<\/p>\n<p>Plantilla de los art\u00edculos: <a href=\"http:\/\/1drv.ms\/1N5Ma8S\">descargar<\/a>\u00a0(.doc)<br \/>\nPresentaci\u00f3n (sesiones paralelas): 15 minutos<br \/>\nEquipo disponible: PC, proyector, conexi\u00f3n WIFI<\/p>\n<p>Plazo de entrega:<strong><span style=\"text-decoration: line-through;\">15 de febrero de 2016<\/span><\/strong><strong>\u00a0 07 de marzo de 2016<\/strong><\/p>\n<p><strong>[cerrado]<\/strong><\/p>\n<hr \/>\n<p><b>Relato de experiencias<br \/>\n<\/b>Tiene como objetivo la difusi\u00f3n de experiencias educativas, proyectos, herramientas y materiales. Este formato resulta especialmente adecuado para experiencias educativas y proyectos que todav\u00eda est\u00e9n funcionando.<ins cite=\"mailto:Hugo\" datetime=\"2012-03-08T12:07\"><br \/>\n<\/ins>La presentaci\u00f3n se realiza mediante un resumen que no podr\u00e1 exceder las 2 p\u00e1ginas.<br \/>\nPlantilla de los relatos: <a href=\"http:\/\/1drv.ms\/1N5Mh48\">descargar<\/a>\u00a0(.doc)<\/p>\n<p>Presentaci\u00f3n oral (sesiones paralelas): 15 minutos<br \/>\nEquipo disponible: PC, proyector, conexi\u00f3n WIFI<\/p>\n<p>Plazo de entrega: <strong><span style=\"text-decoration: line-through;\">15 de febrero de 2016<\/span><\/strong><strong>\u00a0 07 de marzo de 2016<\/strong><\/p>\n<p><strong>[cerrado]<\/strong><\/p>\n<hr \/>\n<p><b>P\u00f3ster<br \/>\n<\/b>Pretende divulgar trabajos de investigaci\u00f3n, experiencias educativas, proyectos, herramientas y materiales. La presentaci\u00f3n de p\u00f3steres surge como una excelente oportunidad para presentar y debatir trabajos de investigaci\u00f3n de modo interactivo e informal.<\/p>\n<p>Los p\u00f3steres se proponen usando el modelo propuesto. Si fuere aceptado, cada p\u00f3ster (tama\u00f1o DIN A0, vertical) ser\u00e1 expuesto a partir del primer d\u00eda de la conferencia, permaneciendo hasta el final del evento. Los autores deber\u00e1n estar presentes durante la sesi\u00f3n de presentaci\u00f3n de los p\u00f3steres, de manera a poder mostrar informalmente su trabajo. Dicha sesi\u00f3n tendr\u00e1 una duraci\u00f3n de <strong>1 hora<\/strong>. Los materiales expuestos son responsabilidad exclusiva de sus autores y deber\u00e1n estar listos antes del inicio de la Conferencia.<\/p>\n<p>Plantilla de los p\u00f3steres: <a href=\"http:\/\/1drv.ms\/1N5MioQ\" target=\"_blank\">descargar Presentaci\u00f3n<\/a> (sesi\u00f3n de p\u00f3steres): 1 hora\u00a0 Equipo disponible: PC, proyector, conexi\u00f3n WIFI<\/p>\n<p><strong>Antes del 07 de marzo de 2016, <\/strong>los autores interesados en realizar un p\u00f3ster han de remitir un resumen a la direcci\u00f3n de correo <a href=\"mailto:ipce@ipleiria.pt\"><u>ipce@ipleiria.pt<\/u><\/a><\/p>\n<p>Las propuestas ser\u00e1n sometidas a revisi\u00f3n por pares por dos miembros del Comit\u00e9 Cient\u00edfico que proceder\u00e1n a su evaluaci\u00f3n. Posteriormente, el Comit\u00e9 organizador notificar\u00e1 a los autores, por e-mail, la selecci\u00f3n de sus trabajos <strong>antes del 31 de marzo de 2016.<\/strong><\/p>\n<p>La inscripci\u00f3n en el Congreso de al menos uno de los autores es requisito indispensable para la presentaci\u00f3n de los trabajos.<\/p>\n<p><strong>[cerrado]<\/strong><\/p>\n","protected":false},"excerpt":{"rendered":"<p>Las sesiones paralelas sirven para presentar experiencias educativas, proyectos, trabajos de investigaci\u00f3n, herramientas y materiales enmarcados en las \u00e1reas tem\u00e1ticas de la conferencia IPCE. Las distintas sesiones tendr\u00e1n lugar en paralelo, en salas anunciadas con antelaci\u00f3n. El comit\u00e9 Organizador da IPCE anima a la comunidad educativa, en particular, a los educadores, profesores, investigadores, estudiantes de [&hellip;]<\/p>\n","protected":false},"author":102,"featured_media":0,"parent":0,"menu_order":0,"comment_status":"closed","ping_status":"closed","template":"","meta":{"footnotes":""},"class_list":["post-465","page","type-page","status-publish","hentry"],"_links":{"self":[{"href":"https:\/\/sites.ipleiria.pt\/ipce2016\/wp-json\/wp\/v2\/pages\/465","targetHints":{"allow":["GET"]}}],"collection":[{"href":"https:\/\/sites.ipleiria.pt\/ipce2016\/wp-json\/wp\/v2\/pages"}],"about":[{"href":"https:\/\/sites.ipleiria.pt\/ipce2016\/wp-json\/wp\/v2\/types\/page"}],"author":[{"embeddable":true,"href":"https:\/\/sites.ipleiria.pt\/ipce2016\/wp-json\/wp\/v2\/users\/102"}],"replies":[{"embeddable":true,"href":"https:\/\/sites.ipleiria.pt\/ipce2016\/wp-json\/wp\/v2\/comments?post=465"}],"version-history":[{"count":28,"href":"https:\/\/sites.ipleiria.pt\/ipce2016\/wp-json\/wp\/v2\/pages\/465\/revisions"}],"predecessor-version":[{"id":1080,"href":"https:\/\/sites.ipleiria.pt\/ipce2016\/wp-json\/wp\/v2\/pages\/465\/revisions\/1080"}],"wp:attachment":[{"href":"https:\/\/sites.ipleiria.pt\/ipce2016\/wp-json\/wp\/v2\/media?parent=465"}],"curies":[{"name":"wp","href":"https:\/\/api.w.org\/{rel}","templated":true}]}}